{"id":1575,"date":"2026-03-09T17:13:37","date_gmt":"2026-03-09T16:13:37","guid":{"rendered":"https:\/\/meung-sur-loire.agenceparadoxe.com\/?page_id=1575"},"modified":"2026-04-09T10:50:16","modified_gmt":"2026-04-09T08:50:16","slug":"snack","status":"publish","type":"page","link":"https:\/\/chateau-de-meung.com\/de\/preparer-votre-visite\/snack\/","title":{"rendered":"Der Snack der Burg"},"content":{"rendered":"<div data-elementor-type=\"wp-page\" data-elementor-id=\"1575\" class=\"elementor elementor-1575\" data-elementor-post-type=\"page\">\n\t\t\t\t<div class=\"elementor-element elementor-element-100943e8 e-flex e-con-boxed e-con e-parent\" data-id=\"100943e8\" data-element_type=\"container\" data-settings=\"{&quot;background_background&quot;:&quot;classic&quot;}\">\n\t\t\t\t\t<div class=\"e-con-inner\">\n\t\t<div class=\"elementor-element elementor-element-55965857 e-con-full e-flex e-con e-child\" data-id=\"55965857\" data-element_type=\"container\">\n\t\t\t\t<div class=\"elementor-element elementor-element-7da6b8e8 elementor-widget elementor-widget-heading\" data-id=\"7da6b8e8\" data-element_type=\"widget\" data-widget_type=\"heading.default\">\n\t\t\t\t\t<h1 class=\"elementor-heading-title elementor-size-default\">Der Snack des Schlosses<\/h1>\t\t\t\t<\/div>\n\t\t\t\t<div class=\"elementor-element elementor-element-396c213b elementor-widget elementor-widget-heading\" data-id=\"396c213b\" data-element_type=\"widget\" data-widget_type=\"heading.default\">\n\t\t\t\t\t<h2 class=\"elementor-heading-title elementor-size-default\">Eine genussvolle Pause w\u00e4hrend Ihres Besuchs\n<\/h2>\t\t\t\t<\/div>\n\t\t<div class=\"elementor-element elementor-element-2bc7c27f e-con-full e-flex e-con e-child\" data-id=\"2bc7c27f\" data-element_type=\"container\">\n\t\t\t\t<div class=\"elementor-element elementor-element-53f925ca meung-btn meung-btn--red elementor-widget elementor-widget-button\" data-id=\"53f925ca\" data-element_type=\"widget\" data-widget_type=\"button.default\">\n\t\t\t\t\t\t\t\t\t\t<a class=\"elementor-button elementor-button-link elementor-size-sm\" href=\"\/de\/kartenschalter\/\">\n\t\t\t\t\t\t<span class=\"elementor-button-content-wrapper\">\n\t\t\t\t\t\t<span class=\"elementor-button-icon\">\n\t\t\t\t<svg aria-hidden=\"true\" class=\"e-font-icon-svg e-fas-arrow-right\" viewbox=\"0 0 448 512\" xmlns=\"http:\/\/www.w3.org\/2000\/svg\"><path d=\"M190.5 66.9l22.2-22.2c9.4-9.4 24.6-9.4 33.9 0L441 239c9.4 9.4 9.4 24.6 0 33.9L246.6 467.3c-9.4 9.4-24.6 9.4-33.9 0l-22.2-22.2c-9.5-9.5-9.3-25 .4-34.3L311.4 296H24c-13.3 0-24-10.7-24-24v-32c0-13.3 10.7-24 24-24h287.4L190.9 101.2c-9.8-9.3-10-24.8-.4-34.3z\"><\/path><\/svg>\t\t\t<\/span>\n\t\t\t\t\t\t\t\t\t<span class=\"elementor-button-text\">KARTENVERKAUF<\/span>\n\t\t\t\t\t<\/span>\n\t\t\t\t\t<\/a>\n\t\t\t\t\t\t\t\t<\/div>\n\t\t\t\t<div class=\"elementor-element elementor-element-7fd1c399 meung-btn meung-btn--white elementor-widget elementor-widget-button\" data-id=\"7fd1c399\" data-element_type=\"widget\" data-widget_type=\"button.default\">\n\t\t\t\t\t\t\t\t\t\t<a class=\"elementor-button elementor-button-link elementor-size-sm\" href=\"\/de\/abenteuerpark\/familienbesuch\/\">\n\t\t\t\t\t\t<span class=\"elementor-button-content-wrapper\">\n\t\t\t\t\t\t<span class=\"elementor-button-icon\">\n\t\t\t\t<svg aria-hidden=\"true\" class=\"e-font-icon-svg e-fas-arrow-right\" viewbox=\"0 0 448 512\" xmlns=\"http:\/\/www.w3.org\/2000\/svg\"><path d=\"M190.5 66.9l22.2-22.2c9.4-9.4 24.6-9.4 33.9 0L441 239c9.4 9.4 9.4 24.6 0 33.9L246.6 467.3c-9.4 9.4-24.6 9.4-33.9 0l-22.2-22.2c-9.5-9.5-9.3-25 .4-34.3L311.4 296H24c-13.3 0-24-10.7-24-24v-32c0-13.3 10.7-24 24-24h287.4L190.9 101.2c-9.8-9.3-10-24.8-.4-34.3z\"><\/path><\/svg>\t\t\t<\/span>\n\t\t\t\t\t\t\t\t\t<span class=\"elementor-button-text\">Familienbesuch<\/span>\n\t\t\t\t\t<\/span>\n\t\t\t\t\t<\/a>\n\t\t\t\t\t\t\t\t<\/div>\n\t\t\t\t<\/div>\n\t\t\t\t<\/div>\n\t\t\t\t\t<\/div>\n\t\t\t\t<\/div>\n\t\t<div class=\"elementor-element elementor-element-36d8f958 meung-below e-flex e-con-boxed e-con e-parent\" data-id=\"36d8f958\" data-element_type=\"container\" data-settings=\"{&quot;background_background&quot;:&quot;classic&quot;}\">\n\t\t\t\t\t<div class=\"e-con-inner\">\n\t\t\t\t<div class=\"elementor-element elementor-element-5b1f4462 elementor-widget elementor-widget-text-editor\" data-id=\"5b1f4462\" data-element_type=\"widget\" data-widget_type=\"text-editor.default\">\n\t\t\t\t\t\t\t\t\t<p class=\"p1\"><span class=\"s1\">Im Herzen des Parks empf\u00e4ngt Sie die Snackbar des Schlosses von Meung-sur-Loire zu einer einfachen und geselligen Pause, ideal zwischen zwei Aktivit\u00e4ten oder nach dem Besuch des Schlosses. Die, nur f\u00fcr Besucher mit Eintrittskarte zug\u00e4ngliche Snackbar, erm\u00f6glicht es Ihnen, sich vor Ort zu verpflegen, ohne das Gel\u00e4nde verlassen zu m\u00fcssen.<\/span><\/p>\t\t\t\t\t\t\t\t<\/div>\n\t\t\t\t\t<\/div>\n\t\t\t\t<\/div>\n\t\t<div class=\"elementor-element elementor-element-6653644c meung-sticky-split e-flex e-con-boxed e-con e-parent\" data-id=\"6653644c\" data-element_type=\"container\" data-settings=\"{&quot;background_background&quot;:&quot;classic&quot;}\">\n\t\t\t\t\t<div class=\"e-con-inner\">\n\t\t<div class=\"elementor-element elementor-element-2e4733fe e-con-full meung-sticky-split__left e-flex e-con e-child\" data-id=\"2e4733fe\" data-element_type=\"container\" data-settings=\"{&quot;background_background&quot;:&quot;classic&quot;}\">\n\t\t\t\t<div class=\"elementor-element elementor-element-1bf6189 elementor-widget elementor-widget-image\" data-id=\"1bf6189\" data-element_type=\"widget\" data-widget_type=\"image.default\">\n\t\t\t\t\t\t\t\t\t\t\t\t\t\t\t<img fetchpriority=\"high\" decoding=\"async\" width=\"800\" height=\"889\" src=\"https:\/\/chateau-de-meung.com\/wp-content\/uploads\/2026\/03\/20-Image-1-V2.jpg\" class=\"attachment-large size-large wp-image-1579\" alt=\"\" srcset=\"https:\/\/chateau-de-meung.com\/wp-content\/uploads\/2026\/03\/20-Image-1-V2.jpg 800w, https:\/\/chateau-de-meung.com\/wp-content\/uploads\/2026\/03\/20-Image-1-V2-270x300.jpg 270w, https:\/\/chateau-de-meung.com\/wp-content\/uploads\/2026\/03\/20-Image-1-V2-768x853.jpg 768w, https:\/\/chateau-de-meung.com\/wp-content\/uploads\/2026\/03\/20-Image-1-V2-11x12.jpg 11w\" sizes=\"(max-width: 800px) 100vw, 800px\" \/>\t\t\t\t\t\t\t\t\t\t\t\t\t\t\t<\/div>\n\t\t\t\t<\/div>\n\t\t<div class=\"elementor-element elementor-element-6dbf5fe1 e-con-full meung-sticky-split__right e-flex e-con e-child\" data-id=\"6dbf5fe1\" data-element_type=\"container\">\n\t\t\t\t<div class=\"elementor-element elementor-element-4122bc84 elementor-widget elementor-widget-heading\" data-id=\"4122bc84\" data-element_type=\"widget\" data-widget_type=\"heading.default\">\n\t\t\t\t\t<h2 class=\"elementor-heading-title elementor-size-default\">Ein einfaches Angebot, das von allen gesch\u00e4tzt wird<\/h2>\t\t\t\t<\/div>\n\t\t\t\t<div class=\"elementor-element elementor-element-7bb49355 elementor-widget-divider--view-line elementor-widget elementor-widget-divider\" data-id=\"7bb49355\" data-element_type=\"widget\" data-widget_type=\"divider.default\">\n\t\t\t\t\t\t\t<div class=\"elementor-divider\">\n\t\t\t<span class=\"elementor-divider-separator\">\n\t\t\t\t\t\t<\/span>\n\t\t<\/div>\n\t\t\t\t\t\t<\/div>\n\t\t\t\t<div class=\"elementor-element elementor-element-4d030bf7 elementor-widget elementor-widget-text-editor\" data-id=\"4d030bf7\" data-element_type=\"widget\" data-widget_type=\"text-editor.default\">\n\t\t\t\t\t\t\t\t\t<p class=\"p1\"><span class=\"s1\">F\u00fcr den kleinen Hunger und den gro\u00dfen Appetit bietet die Snackbar eine schnelle Verpflegung, die f\u00fcr Familien wie f\u00fcr Gruppen geeignet ist:<\/span><\/p>\t\t\t\t\t\t\t\t<\/div>\n\t\t\t\t<div class=\"elementor-element elementor-element-1c9806d elementor-widget elementor-widget-html\" data-id=\"1c9806d\" data-element_type=\"widget\" data-widget_type=\"html.default\">\n\t\t\t\t\t<!-- Info pratique (liste ic\u00f4nes + textes) -->\n<ul class=\"info-pratique-list\" role=\"list\">\n  <li class=\"info-pratique-item\">\n    <img decoding=\"async\"\n      class=\"info-pratique-icon\"\n      src=\"http:\/\/www.chateau-de-meung.com\/wp-content\/uploads\/2026\/03\/pizzafill.png\"\n      alt=\"\"\n      aria-hidden=\"true\"\n      loading=\"lazy\"\n    \/>\n    <div class=\"info-pratique-text\">\n      \n      <span>Pizzen, Croque-Monsieur, Paninis<\/span>\n    <\/div>\n  <\/li>\n\n  <li class=\"info-pratique-item\">\n    <img decoding=\"async\"\n      class=\"info-pratique-icon\"\n      src=\"http:\/\/www.chateau-de-meung.com\/wp-content\/uploads\/2026\/03\/icecreamfill.png\"\n      alt=\"\"\n      aria-hidden=\"true\"\n      loading=\"lazy\"\n    \/>\n    <div class=\"info-pratique-text\">\n      \n      <span>Eis, Waffeln und Cr\u00eapes<\/span>\n    <\/div>\n  <\/li>\n\n  <li class=\"info-pratique-item\">\n    <img decoding=\"async\"\n      class=\"info-pratique-icon\"\n      src=\"http:\/\/www.chateau-de-meung.com\/wp-content\/uploads\/2026\/03\/coffeefill-copie.png\"\n      alt=\"\"\n      aria-hidden=\"true\"\n      loading=\"lazy\"\n    \/>\n    <div class=\"info-pratique-text\">\n      \n      <span>kalte und warme Getr\u00e4nke<\/span>\n    <\/div>\n  <\/li>\n\n  \n<\/ul>\t\t\t\t<\/div>\n\t\t\t\t<div class=\"elementor-element elementor-element-98f6f4f elementor-widget elementor-widget-text-editor\" data-id=\"98f6f4f\" data-element_type=\"widget\" data-widget_type=\"text-editor.default\">\n\t\t\t\t\t\t\t\t\t<p class=\"p1\"><span class=\"s1\">Die Men\u00fcs k\u00f6nnen je nach Saison und Verf\u00fcgbarkeit variieren.<\/span><\/p>\t\t\t\t\t\t\t\t<\/div>\n\t\t<div class=\"elementor-element elementor-element-4a161aa0 e-con-full e-flex e-con e-child\" data-id=\"4a161aa0\" data-element_type=\"container\">\n\t\t\t\t<div class=\"elementor-element elementor-element-31625f29 meung-btn meung-btn--navy elementor-align-center elementor-widget elementor-widget-button\" data-id=\"31625f29\" data-element_type=\"widget\" data-widget_type=\"button.default\">\n\t\t\t\t\t\t\t\t\t\t<a class=\"elementor-button elementor-button-link elementor-size-sm\" href=\"https:\/\/chateau-de-meung.com\/wp-content\/uploads\/2026\/04\/Menu-snack-Paques.pdf\">\n\t\t\t\t\t\t<span class=\"elementor-button-content-wrapper\">\n\t\t\t\t\t\t<span class=\"elementor-button-icon\">\n\t\t\t\t<svg aria-hidden=\"true\" class=\"e-font-icon-svg e-fas-arrow-right\" viewbox=\"0 0 448 512\" xmlns=\"http:\/\/www.w3.org\/2000\/svg\"><path d=\"M190.5 66.9l22.2-22.2c9.4-9.4 24.6-9.4 33.9 0L441 239c9.4 9.4 9.4 24.6 0 33.9L246.6 467.3c-9.4 9.4-24.6 9.4-33.9 0l-22.2-22.2c-9.5-9.5-9.3-25 .4-34.3L311.4 296H24c-13.3 0-24-10.7-24-24v-32c0-13.3 10.7-24 24-24h287.4L190.9 101.2c-9.8-9.3-10-24.8-.4-34.3z\"><\/path><\/svg>\t\t\t<\/span>\n\t\t\t\t\t\t\t\t\t<span class=\"elementor-button-text\">SPEISEKARTE<\/span>\n\t\t\t\t\t<\/span>\n\t\t\t\t\t<\/a>\n\t\t\t\t\t\t\t\t<\/div>\n\t\t\t\t<div class=\"elementor-element elementor-element-39544b9 meung-btn meung-btn--sky elementor-align-center elementor-widget elementor-widget-button\" data-id=\"39544b9\" data-element_type=\"widget\" data-widget_type=\"button.default\">\n\t\t\t\t\t\t\t\t\t\t<a class=\"elementor-button elementor-button-link elementor-size-sm\" href=\"https:\/\/chateau-de-meung.com\/wp-content\/uploads\/2026\/04\/Menu-boissons.pdf\">\n\t\t\t\t\t\t<span class=\"elementor-button-content-wrapper\">\n\t\t\t\t\t\t<span class=\"elementor-button-icon\">\n\t\t\t\t<svg aria-hidden=\"true\" class=\"e-font-icon-svg e-fas-arrow-right\" viewbox=\"0 0 448 512\" xmlns=\"http:\/\/www.w3.org\/2000\/svg\"><path d=\"M190.5 66.9l22.2-22.2c9.4-9.4 24.6-9.4 33.9 0L441 239c9.4 9.4 9.4 24.6 0 33.9L246.6 467.3c-9.4 9.4-24.6 9.4-33.9 0l-22.2-22.2c-9.5-9.5-9.3-25 .4-34.3L311.4 296H24c-13.3 0-24-10.7-24-24v-32c0-13.3 10.7-24 24-24h287.4L190.9 101.2c-9.8-9.3-10-24.8-.4-34.3z\"><\/path><\/svg>\t\t\t<\/span>\n\t\t\t\t\t\t\t\t\t<span class=\"elementor-button-text\">GETR\u00c4NKE<\/span>\n\t\t\t\t\t<\/span>\n\t\t\t\t\t<\/a>\n\t\t\t\t\t\t\t\t<\/div>\n\t\t\t\t<\/div>\n\t\t\t\t<div class=\"elementor-element elementor-element-57c559dc elementor-widget elementor-widget-heading\" data-id=\"57c559dc\" data-element_type=\"widget\" data-widget_type=\"heading.default\">\n\t\t\t\t\t<p class=\"elementor-heading-title elementor-size-default\">\u00d6ffnungszeiten<\/p>\t\t\t\t<\/div>\n\t\t\t\t<div class=\"elementor-element elementor-element-583bede7 elementor-widget-divider--view-line elementor-widget elementor-widget-divider\" data-id=\"583bede7\" data-element_type=\"widget\" data-widget_type=\"divider.default\">\n\t\t\t\t\t\t\t<div class=\"elementor-divider\">\n\t\t\t<span class=\"elementor-divider-separator\">\n\t\t\t\t\t\t<\/span>\n\t\t<\/div>\n\t\t\t\t\t\t<\/div>\n\t\t\t\t<div class=\"elementor-element elementor-element-7d8a35b elementor-widget elementor-widget-text-editor\" data-id=\"7d8a35b\" data-element_type=\"widget\" data-widget_type=\"text-editor.default\">\n\t\t\t\t\t\t\t\t\t<p class=\"p1\"><span class=\"s1\">Der Snack wird am Osterwochenende ge\u00f6ffnet sein, danach<span style=\"font-weight: 400;\">\u00a0die Wochenenden und Feiertage im Mai und Juni<\/span> <span style=\"font-weight: 400;\">von 11:00 bis 17:30 Uhr durchgehend<\/span><b>.<\/b><b><\/b><\/span><\/p>\t\t\t\t\t\t\t\t<\/div>\n\t\t<div class=\"elementor-element elementor-element-0b641db e-con-full e-flex e-con e-child\" data-id=\"0b641db\" data-element_type=\"container\">\n\t\t\t\t<div class=\"elementor-element elementor-element-0ad200b meung-btn meung-btn--navy elementor-align-center elementor-widget elementor-widget-button\" data-id=\"0ad200b\" data-element_type=\"widget\" data-widget_type=\"button.default\">\n\t\t\t\t\t\t\t\t\t\t<a class=\"elementor-button elementor-button-link elementor-size-sm\" href=\"\/de\/bereiten-sie-ihren-besuch-vor\/zeitplan-kalender\/\">\n\t\t\t\t\t\t<span class=\"elementor-button-content-wrapper\">\n\t\t\t\t\t\t<span class=\"elementor-button-icon\">\n\t\t\t\t<svg aria-hidden=\"true\" class=\"e-font-icon-svg e-fas-arrow-right\" viewbox=\"0 0 448 512\" xmlns=\"http:\/\/www.w3.org\/2000\/svg\"><path d=\"M190.5 66.9l22.2-22.2c9.4-9.4 24.6-9.4 33.9 0L441 239c9.4 9.4 9.4 24.6 0 33.9L246.6 467.3c-9.4 9.4-24.6 9.4-33.9 0l-22.2-22.2c-9.5-9.5-9.3-25 .4-34.3L311.4 296H24c-13.3 0-24-10.7-24-24v-32c0-13.3 10.7-24 24-24h287.4L190.9 101.2c-9.8-9.3-10-24.8-.4-34.3z\"><\/path><\/svg>\t\t\t<\/span>\n\t\t\t\t\t\t\t\t\t<span class=\"elementor-button-text\">\u00d6ffnungszeiten<\/span>\n\t\t\t\t\t<\/span>\n\t\t\t\t\t<\/a>\n\t\t\t\t\t\t\t\t<\/div>\n\t\t\t\t<\/div>\n\t\t\t\t<div class=\"elementor-element elementor-element-100722b4 elementor-widget elementor-widget-heading\" data-id=\"100722b4\" data-element_type=\"widget\" data-widget_type=\"heading.default\">\n\t\t\t\t\t<p class=\"elementor-heading-title elementor-size-default\">Je nach Wunsch<\/p>\t\t\t\t<\/div>\n\t\t\t\t<div class=\"elementor-element elementor-element-5e60144d elementor-widget-divider--view-line elementor-widget elementor-widget-divider\" data-id=\"5e60144d\" data-element_type=\"widget\" data-widget_type=\"divider.default\">\n\t\t\t\t\t\t\t<div class=\"elementor-divider\">\n\t\t\t<span class=\"elementor-divider-separator\">\n\t\t\t\t\t\t<\/span>\n\t\t<\/div>\n\t\t\t\t\t\t<\/div>\n\t\t\t\t<div class=\"elementor-element elementor-element-324698c elementor-widget elementor-widget-text-editor\" data-id=\"324698c\" data-element_type=\"widget\" data-widget_type=\"text-editor.default\">\n\t\t\t\t\t\t\t\t\t<p class=\"p1\"><span class=\"s1\">Bei Ihrem Besuch k\u00f6nnen Sie auch:<\/span><\/p>\n<p class=\"p1\"><span class=\"s1\">im Park picknicken,<\/span><\/p>\n<p class=\"p3\"><span class=\"s2\">\u2013 Ihnen eine genussvolle Pause in unserem Gesch\u00e4ft mit einer Auswahl an s\u00fc\u00dfen Leckereien und lokalen Produkten anbieten.<\/span><\/p>\t\t\t\t\t\t\t\t<\/div>\n\t\t<div class=\"elementor-element elementor-element-50c6f628 e-con-full e-flex e-con e-child\" data-id=\"50c6f628\" data-element_type=\"container\">\n\t\t\t\t<div class=\"elementor-element elementor-element-226f5a0c meung-btn meung-btn--navy elementor-align-center elementor-widget elementor-widget-button\" data-id=\"226f5a0c\" data-element_type=\"widget\" data-widget_type=\"button.default\">\n\t\t\t\t\t\t\t\t\t\t<a class=\"elementor-button elementor-button-link elementor-size-sm\" href=\"\/de\/bereiten-sie-ihren-besuch-vor\/boutique\/\">\n\t\t\t\t\t\t<span class=\"elementor-button-content-wrapper\">\n\t\t\t\t\t\t<span class=\"elementor-button-icon\">\n\t\t\t\t<svg aria-hidden=\"true\" class=\"e-font-icon-svg e-fas-arrow-right\" viewbox=\"0 0 448 512\" xmlns=\"http:\/\/www.w3.org\/2000\/svg\"><path d=\"M190.5 66.9l22.2-22.2c9.4-9.4 24.6-9.4 33.9 0L441 239c9.4 9.4 9.4 24.6 0 33.9L246.6 467.3c-9.4 9.4-24.6 9.4-33.9 0l-22.2-22.2c-9.5-9.5-9.3-25 .4-34.3L311.4 296H24c-13.3 0-24-10.7-24-24v-32c0-13.3 10.7-24 24-24h287.4L190.9 101.2c-9.8-9.3-10-24.8-.4-34.3z\"><\/path><\/svg>\t\t\t<\/span>\n\t\t\t\t\t\t\t\t\t<span class=\"elementor-button-text\">DAS BOUTIQUE<\/span>\n\t\t\t\t\t<\/span>\n\t\t\t\t\t<\/a>\n\t\t\t\t\t\t\t\t<\/div>\n\t\t\t\t<\/div>\n\t\t\t\t<\/div>\n\t\t\t\t\t<\/div>\n\t\t\t\t<\/div>\n\t\t<div class=\"elementor-element elementor-element-52065287 e-flex e-con-boxed e-con e-parent\" data-id=\"52065287\" data-element_type=\"container\" data-settings=\"{&quot;background_background&quot;:&quot;classic&quot;}\">\n\t\t\t\t\t<div class=\"e-con-inner\">\n\t\t<div class=\"elementor-element elementor-element-511fd368 e-con-full e-flex e-con e-child\" data-id=\"511fd368\" data-element_type=\"container\">\n\t\t<div class=\"elementor-element elementor-element-13809d42 e-con-full e-flex e-con e-child\" data-id=\"13809d42\" data-element_type=\"container\" data-settings=\"{&quot;background_background&quot;:&quot;classic&quot;}\">\n\t\t<div class=\"elementor-element elementor-element-3ad4e992 e-con-full e-flex e-con e-child\" data-id=\"3ad4e992\" data-element_type=\"container\">\n\t\t\t\t<div class=\"elementor-element elementor-element-169f816f elementor-widget elementor-widget-heading\" data-id=\"169f816f\" data-element_type=\"widget\" data-widget_type=\"heading.default\">\n\t\t\t\t\t<h2 class=\"elementor-heading-title elementor-size-default\"><a href=\"\/de\/bereiten-sie-ihren-besuch-vor\/zeitplan-kalender\/\">\u00d6ffnungszeiten &amp; Kalender<\/a><\/h2>\t\t\t\t<\/div>\n\t\t\t\t<div class=\"elementor-element elementor-element-7e3b3ca8 meung-btn meung-btn--red meung-btn--round elementor-widget elementor-widget-button\" data-id=\"7e3b3ca8\" data-element_type=\"widget\" data-widget_type=\"button.default\">\n\t\t\t\t\t\t\t\t\t\t<a class=\"elementor-button elementor-button-link elementor-size-sm\" href=\"\/de\/bereiten-sie-ihren-besuch-vor\/zeitplan-kalender\/\">\n\t\t\t\t\t\t<span class=\"elementor-button-content-wrapper\">\n\t\t\t\t\t\t<span class=\"elementor-button-icon\">\n\t\t\t\t<svg aria-hidden=\"true\" class=\"e-font-icon-svg e-fas-arrow-right\" viewbox=\"0 0 448 512\" xmlns=\"http:\/\/www.w3.org\/2000\/svg\"><path d=\"M190.5 66.9l22.2-22.2c9.4-9.4 24.6-9.4 33.9 0L441 239c9.4 9.4 9.4 24.6 0 33.9L246.6 467.3c-9.4 9.4-24.6 9.4-33.9 0l-22.2-22.2c-9.5-9.5-9.3-25 .4-34.3L311.4 296H24c-13.3 0-24-10.7-24-24v-32c0-13.3 10.7-24 24-24h287.4L190.9 101.2c-9.8-9.3-10-24.8-.4-34.3z\"><\/path><\/svg>\t\t\t<\/span>\n\t\t\t\t\t\t\t\t\t<span class=\"elementor-button-text\">KARTENVERKAUF<\/span>\n\t\t\t\t\t<\/span>\n\t\t\t\t\t<\/a>\n\t\t\t\t\t\t\t\t<\/div>\n\t\t\t\t<\/div>\n\t\t\t\t<\/div>\n\t\t<div class=\"elementor-element elementor-element-555cc420 e-con-full e-flex e-con e-child\" data-id=\"555cc420\" data-element_type=\"container\" data-settings=\"{&quot;background_background&quot;:&quot;classic&quot;}\">\n\t\t<div class=\"elementor-element elementor-element-7af0c222 e-con-full e-flex e-con e-child\" data-id=\"7af0c222\" data-element_type=\"container\">\n\t\t\t\t<div class=\"elementor-element elementor-element-70a0b2d4 elementor-widget elementor-widget-heading\" data-id=\"70a0b2d4\" data-element_type=\"widget\" data-widget_type=\"heading.default\">\n\t\t\t\t\t<h2 class=\"elementor-heading-title elementor-size-default\"><a href=\"\/de\/abenteuerpark\/familienbesuch\/\">Besuch bei der Familie<\/a><\/h2>\t\t\t\t<\/div>\n\t\t\t\t<div class=\"elementor-element elementor-element-342fa0fa meung-btn meung-btn--red meung-btn--round elementor-widget elementor-widget-button\" data-id=\"342fa0fa\" data-element_type=\"widget\" data-widget_type=\"button.default\">\n\t\t\t\t\t\t\t\t\t\t<a class=\"elementor-button elementor-button-link elementor-size-sm\" href=\"\/de\/abenteuerpark\/familienbesuch\/\">\n\t\t\t\t\t\t<span class=\"elementor-button-content-wrapper\">\n\t\t\t\t\t\t<span class=\"elementor-button-icon\">\n\t\t\t\t<svg aria-hidden=\"true\" class=\"e-font-icon-svg e-fas-arrow-right\" viewbox=\"0 0 448 512\" xmlns=\"http:\/\/www.w3.org\/2000\/svg\"><path d=\"M190.5 66.9l22.2-22.2c9.4-9.4 24.6-9.4 33.9 0L441 239c9.4 9.4 9.4 24.6 0 33.9L246.6 467.3c-9.4 9.4-24.6 9.4-33.9 0l-22.2-22.2c-9.5-9.5-9.3-25 .4-34.3L311.4 296H24c-13.3 0-24-10.7-24-24v-32c0-13.3 10.7-24 24-24h287.4L190.9 101.2c-9.8-9.3-10-24.8-.4-34.3z\"><\/path><\/svg>\t\t\t<\/span>\n\t\t\t\t\t\t\t\t\t<span class=\"elementor-button-text\">KARTENVERKAUF<\/span>\n\t\t\t\t\t<\/span>\n\t\t\t\t\t<\/a>\n\t\t\t\t\t\t\t\t<\/div>\n\t\t\t\t<\/div>\n\t\t\t\t<\/div>\n\t\t<div class=\"elementor-element elementor-element-3a58214d e-con-full e-flex e-con e-child\" data-id=\"3a58214d\" data-element_type=\"container\" data-settings=\"{&quot;background_background&quot;:&quot;classic&quot;}\">\n\t\t<div class=\"elementor-element elementor-element-16b3fed5 e-con-full e-flex e-con e-child\" data-id=\"16b3fed5\" data-element_type=\"container\">\n\t\t\t\t<div class=\"elementor-element elementor-element-3ea00cb7 elementor-widget elementor-widget-heading\" data-id=\"3ea00cb7\" data-element_type=\"widget\" data-widget_type=\"heading.default\">\n\t\t\t\t\t<h2 class=\"elementor-heading-title elementor-size-default\"><a href=\"\/de\/bereiten-sie-ihren-besuch-vor\/ticketpreise\/\">Tarife &amp; Tickets<\/a><\/h2>\t\t\t\t<\/div>\n\t\t\t\t<div class=\"elementor-element elementor-element-5b3b02c8 meung-btn meung-btn--red meung-btn--round elementor-widget elementor-widget-button\" data-id=\"5b3b02c8\" data-element_type=\"widget\" data-widget_type=\"button.default\">\n\t\t\t\t\t\t\t\t\t\t<a class=\"elementor-button elementor-button-link elementor-size-sm\" href=\"\/de\/bereiten-sie-ihren-besuch-vor\/ticketpreise\/\">\n\t\t\t\t\t\t<span class=\"elementor-button-content-wrapper\">\n\t\t\t\t\t\t<span class=\"elementor-button-icon\">\n\t\t\t\t<svg aria-hidden=\"true\" class=\"e-font-icon-svg e-fas-arrow-right\" viewbox=\"0 0 448 512\" xmlns=\"http:\/\/www.w3.org\/2000\/svg\"><path d=\"M190.5 66.9l22.2-22.2c9.4-9.4 24.6-9.4 33.9 0L441 239c9.4 9.4 9.4 24.6 0 33.9L246.6 467.3c-9.4 9.4-24.6 9.4-33.9 0l-22.2-22.2c-9.5-9.5-9.3-25 .4-34.3L311.4 296H24c-13.3 0-24-10.7-24-24v-32c0-13.3 10.7-24 24-24h287.4L190.9 101.2c-9.8-9.3-10-24.8-.4-34.3z\"><\/path><\/svg>\t\t\t<\/span>\n\t\t\t\t\t\t\t\t\t<span class=\"elementor-button-text\">KARTENVERKAUF<\/span>\n\t\t\t\t\t<\/span>\n\t\t\t\t\t<\/a>\n\t\t\t\t\t\t\t\t<\/div>\n\t\t\t\t<\/div>\n\t\t\t\t<\/div>\n\t\t\t\t<\/div>\n\t\t\t\t\t<\/div>\n\t\t\t\t<\/div>\n\t\t<div class=\"elementor-element elementor-element-340097c e-flex e-con-boxed e-con e-parent\" data-id=\"340097c\" data-element_type=\"container\" data-settings=\"{&quot;background_background&quot;:&quot;classic&quot;}\">\n\t\t\t\t\t<div class=\"e-con-inner\">\n\t\t<div class=\"elementor-element elementor-element-3a5460b3 e-con-full e-flex e-con e-child\" data-id=\"3a5460b3\" data-element_type=\"container\" data-settings=\"{&quot;background_background&quot;:&quot;classic&quot;}\">\n\t\t\t\t<div class=\"elementor-element elementor-element-7c59f320 elementor-widget elementor-widget-heading\" data-id=\"7c59f320\" data-element_type=\"widget\" data-widget_type=\"heading.default\">\n\t\t\t\t\t<h2 class=\"elementor-heading-title elementor-size-default\">Buchen Sie Ihren Besuch<\/h2>\t\t\t\t<\/div>\n\t\t\t\t<div class=\"elementor-element elementor-element-22fad9f0 elementor-widget elementor-widget-text-editor\" data-id=\"22fad9f0\" data-element_type=\"widget\" data-widget_type=\"text-editor.default\">\n\t\t\t\t\t\t\t\t\t<p class=\"p1\"><span class=\"s1\">Einzelticket f\u00fcr den Schlossbesuch und die Au\u00dfenaktivit\u00e4ten.<\/span><\/p>\t\t\t\t\t\t\t\t<\/div>\n\t\t\t\t<div class=\"elementor-element elementor-element-2d8510f4 meung-btn meung-btn--red elementor-align-center elementor-widget elementor-widget-button\" data-id=\"2d8510f4\" data-element_type=\"widget\" data-widget_type=\"button.default\">\n\t\t\t\t\t\t\t\t\t\t<a class=\"elementor-button elementor-button-link elementor-size-sm\" href=\"\/de\/kartenschalter\/\">\n\t\t\t\t\t\t<span class=\"elementor-button-content-wrapper\">\n\t\t\t\t\t\t<span class=\"elementor-button-icon\">\n\t\t\t\t<svg aria-hidden=\"true\" class=\"e-font-icon-svg e-fas-arrow-right\" viewbox=\"0 0 448 512\" xmlns=\"http:\/\/www.w3.org\/2000\/svg\"><path d=\"M190.5 66.9l22.2-22.2c9.4-9.4 24.6-9.4 33.9 0L441 239c9.4 9.4 9.4 24.6 0 33.9L246.6 467.3c-9.4 9.4-24.6 9.4-33.9 0l-22.2-22.2c-9.5-9.5-9.3-25 .4-34.3L311.4 296H24c-13.3 0-24-10.7-24-24v-32c0-13.3 10.7-24 24-24h287.4L190.9 101.2c-9.8-9.3-10-24.8-.4-34.3z\"><\/path><\/svg>\t\t\t<\/span>\n\t\t\t\t\t\t\t\t\t<span class=\"elementor-button-text\">KARTENVERKAUF<\/span>\n\t\t\t\t\t<\/span>\n\t\t\t\t\t<\/a>\n\t\t\t\t\t\t\t\t<\/div>\n\t\t\t\t<\/div>\n\t\t\t\t\t<\/div>\n\t\t\t\t<\/div>\n\t\t\t\t<\/div>","protected":false},"excerpt":{"rendered":"<p>Le snack du ch\u00e2teau Une pause gourmande pendant votre visite BILLETTERIE VISITE EN FAMILLE Au c\u0153ur du parc, le snack du ch\u00e2teau de Meung-sur-Loire vous accueille pour une pause simple et conviviale, id\u00e9ale entre deux activit\u00e9s ou apr\u00e8s la visite du ch\u00e2teau. Accessible uniquement aux visiteurs munis d\u2019un billet, le snack permet de se restaurer [&hellip;]<\/p>\n","protected":false},"author":1,"featured_media":0,"parent":1225,"menu_order":0,"comment_status":"closed","ping_status":"closed","template":"elementor_header_footer","meta":{"_acf_changed":false,"footnotes":""},"class_list":["post-1575","page","type-page","status-publish","hentry"],"acf":[],"_links":{"self":[{"href":"https:\/\/chateau-de-meung.com\/de\/wp-json\/wp\/v2\/pages\/1575","targetHints":{"allow":["GET"]}}],"collection":[{"href":"https:\/\/chateau-de-meung.com\/de\/wp-json\/wp\/v2\/pages"}],"about":[{"href":"https:\/\/chateau-de-meung.com\/de\/wp-json\/wp\/v2\/types\/page"}],"author":[{"embeddable":true,"href":"https:\/\/chateau-de-meung.com\/de\/wp-json\/wp\/v2\/users\/1"}],"replies":[{"embeddable":true,"href":"https:\/\/chateau-de-meung.com\/de\/wp-json\/wp\/v2\/comments?post=1575"}],"version-history":[{"count":34,"href":"https:\/\/chateau-de-meung.com\/de\/wp-json\/wp\/v2\/pages\/1575\/revisions"}],"predecessor-version":[{"id":3206,"href":"https:\/\/chateau-de-meung.com\/de\/wp-json\/wp\/v2\/pages\/1575\/revisions\/3206"}],"up":[{"embeddable":true,"href":"https:\/\/chateau-de-meung.com\/de\/wp-json\/wp\/v2\/pages\/1225"}],"wp:attachment":[{"href":"https:\/\/chateau-de-meung.com\/de\/wp-json\/wp\/v2\/media?parent=1575"}],"curies":[{"name":"wp","href":"https:\/\/api.w.org\/{rel}","templated":true}]}}