{"id":1599,"date":"2026-03-09T17:36:32","date_gmt":"2026-03-09T16:36:32","guid":{"rendered":"https:\/\/meung-sur-loire.agenceparadoxe.com\/?page_id=1599"},"modified":"2026-04-02T18:13:31","modified_gmt":"2026-04-02T16:13:31","slug":"boutique","status":"publish","type":"page","link":"https:\/\/chateau-de-meung.com\/de\/preparer-votre-visite\/boutique\/","title":{"rendered":"Das Schlossgesch\u00e4ft"},"content":{"rendered":"<div data-elementor-type=\"wp-page\" data-elementor-id=\"1599\" class=\"elementor elementor-1599\" data-elementor-post-type=\"page\">\n\t\t\t\t<div class=\"elementor-element elementor-element-29f068cc e-flex e-con-boxed e-con e-parent\" data-id=\"29f068cc\" data-element_type=\"container\" data-settings=\"{&quot;background_background&quot;:&quot;classic&quot;}\">\n\t\t\t\t\t<div class=\"e-con-inner\">\n\t\t<div class=\"elementor-element elementor-element-7aac7c1d e-con-full e-flex e-con e-child\" data-id=\"7aac7c1d\" data-element_type=\"container\">\n\t\t\t\t<div class=\"elementor-element elementor-element-4fc7eed2 elementor-widget elementor-widget-heading\" data-id=\"4fc7eed2\" data-element_type=\"widget\" data-widget_type=\"heading.default\">\n\t\t\t\t\t<h1 class=\"elementor-heading-title elementor-size-default\">Das Schlossgesch\u00e4ft<\/h1>\t\t\t\t<\/div>\n\t\t\t\t<div class=\"elementor-element elementor-element-1d53ce56 elementor-widget elementor-widget-heading\" data-id=\"1d53ce56\" data-element_type=\"widget\" data-widget_type=\"heading.default\">\n\t\t\t\t\t<h2 class=\"elementor-heading-title elementor-size-default\">Souvenirs, Werke, lokale Produkte...<\/h2>\t\t\t\t<\/div>\n\t\t<div class=\"elementor-element elementor-element-5c21a52c e-con-full e-flex e-con e-child\" data-id=\"5c21a52c\" data-element_type=\"container\">\n\t\t\t\t<div class=\"elementor-element elementor-element-1d5971f5 meung-btn meung-btn--red elementor-widget elementor-widget-button\" data-id=\"1d5971f5\" data-element_type=\"widget\" data-widget_type=\"button.default\">\n\t\t\t\t\t\t\t\t\t\t<a class=\"elementor-button elementor-button-link elementor-size-sm\" href=\"\/de\/kartenschalter\/\">\n\t\t\t\t\t\t<span class=\"elementor-button-content-wrapper\">\n\t\t\t\t\t\t<span class=\"elementor-button-icon\">\n\t\t\t\t<svg aria-hidden=\"true\" class=\"e-font-icon-svg e-fas-arrow-right\" viewbox=\"0 0 448 512\" xmlns=\"http:\/\/www.w3.org\/2000\/svg\"><path d=\"M190.5 66.9l22.2-22.2c9.4-9.4 24.6-9.4 33.9 0L441 239c9.4 9.4 9.4 24.6 0 33.9L246.6 467.3c-9.4 9.4-24.6 9.4-33.9 0l-22.2-22.2c-9.5-9.5-9.3-25 .4-34.3L311.4 296H24c-13.3 0-24-10.7-24-24v-32c0-13.3 10.7-24 24-24h287.4L190.9 101.2c-9.8-9.3-10-24.8-.4-34.3z\"><\/path><\/svg>\t\t\t<\/span>\n\t\t\t\t\t\t\t\t\t<span class=\"elementor-button-text\">KARTENVERKAUF<\/span>\n\t\t\t\t\t<\/span>\n\t\t\t\t\t<\/a>\n\t\t\t\t\t\t\t\t<\/div>\n\t\t\t\t<div class=\"elementor-element elementor-element-b8b87db meung-btn meung-btn--white elementor-widget elementor-widget-button\" data-id=\"b8b87db\" data-element_type=\"widget\" data-widget_type=\"button.default\">\n\t\t\t\t\t\t\t\t\t\t<a class=\"elementor-button elementor-button-link elementor-size-sm\" href=\"\/de\/abenteuerpark\/familienbesuch\/\">\n\t\t\t\t\t\t<span class=\"elementor-button-content-wrapper\">\n\t\t\t\t\t\t<span class=\"elementor-button-icon\">\n\t\t\t\t<svg aria-hidden=\"true\" class=\"e-font-icon-svg e-fas-arrow-right\" viewbox=\"0 0 448 512\" xmlns=\"http:\/\/www.w3.org\/2000\/svg\"><path d=\"M190.5 66.9l22.2-22.2c9.4-9.4 24.6-9.4 33.9 0L441 239c9.4 9.4 9.4 24.6 0 33.9L246.6 467.3c-9.4 9.4-24.6 9.4-33.9 0l-22.2-22.2c-9.5-9.5-9.3-25 .4-34.3L311.4 296H24c-13.3 0-24-10.7-24-24v-32c0-13.3 10.7-24 24-24h287.4L190.9 101.2c-9.8-9.3-10-24.8-.4-34.3z\"><\/path><\/svg>\t\t\t<\/span>\n\t\t\t\t\t\t\t\t\t<span class=\"elementor-button-text\">Familienbesuch<\/span>\n\t\t\t\t\t<\/span>\n\t\t\t\t\t<\/a>\n\t\t\t\t\t\t\t\t<\/div>\n\t\t\t\t<\/div>\n\t\t\t\t<\/div>\n\t\t\t\t\t<\/div>\n\t\t\t\t<\/div>\n\t\t<div class=\"elementor-element elementor-element-6ea737f3 meung-below e-flex e-con-boxed e-con e-parent\" data-id=\"6ea737f3\" data-element_type=\"container\" data-settings=\"{&quot;background_background&quot;:&quot;classic&quot;}\">\n\t\t\t\t\t<div class=\"e-con-inner\">\n\t\t\t\t<div class=\"elementor-element elementor-element-635d02c elementor-widget elementor-widget-text-editor\" data-id=\"635d02c\" data-element_type=\"widget\" data-widget_type=\"text-editor.default\">\n\t\t\t\t\t\t\t\t\t<p class=\"p1\"><span class=\"s1\">Am Ende Ihres Besuchs l\u00e4dt Sie der Schlossladen ein, das Erlebnis mit einer Auswahl lokaler Produkte, Souvenirs und Werke \u00fcber das Erbe und die Geschichte zu verl\u00e4ngern. Der Laden ist w\u00e4hrend der \u00d6ffnungszeiten des Schlosses f\u00fcr Besucher zug\u00e4nglich. Die angebotenen Produkte k\u00f6nnen je nach Saison und Verf\u00fcgbarkeit variieren.<\/span><\/p>\t\t\t\t\t\t\t\t<\/div>\n\t\t\t\t\t<\/div>\n\t\t\t\t<\/div>\n\t\t<div class=\"elementor-element elementor-element-587f86f e-flex e-con-boxed e-con e-parent\" data-id=\"587f86f\" data-element_type=\"container\" data-settings=\"{&quot;background_background&quot;:&quot;classic&quot;}\">\n\t\t\t\t\t<div class=\"e-con-inner\">\n\t\t<div class=\"elementor-element elementor-element-91e84fc e-con-full elementor-hidden-mobile e-flex e-con e-child\" data-id=\"91e84fc\" data-element_type=\"container\" data-settings=\"{&quot;background_background&quot;:&quot;classic&quot;}\">\n\t\t\t\t<\/div>\n\t\t<div class=\"elementor-element elementor-element-8fb0ea0 e-con-full e-flex e-con e-child\" data-id=\"8fb0ea0\" data-element_type=\"container\" data-settings=\"{&quot;background_background&quot;:&quot;classic&quot;}\">\n\t\t\t\t<div class=\"elementor-element elementor-element-55c236f5 elementor-widget elementor-widget-heading\" data-id=\"55c236f5\" data-element_type=\"widget\" data-widget_type=\"heading.default\">\n\t\t\t\t\t<h2 class=\"elementor-heading-title elementor-size-default\">Die Leckereien des Schlosses<\/h2>\t\t\t\t<\/div>\n\t\t\t\t<div class=\"elementor-element elementor-element-687c5255 elementor-widget elementor-widget-image\" data-id=\"687c5255\" data-element_type=\"widget\" data-widget_type=\"image.default\">\n\t\t\t\t\t\t\t\t\t\t\t\t\t\t\t<img decoding=\"async\" src=\"https:\/\/chateau-de-meung.com\/wp-content\/uploads\/elementor\/thumbs\/teabagfill-rk9jwv6q9ryj98qyb71z8myunthj0l0ih8tww2ct30.png\" title=\"Teebeutel f\u00fcllen\" alt=\"Teebeutel f\u00fcllen\" loading=\"lazy\" \/>\t\t\t\t\t\t\t\t\t\t\t\t\t\t\t<\/div>\n\t\t\t\t<div class=\"elementor-element elementor-element-207f4eac elementor-widget elementor-widget-text-editor\" data-id=\"207f4eac\" data-element_type=\"widget\" data-widget_type=\"text-editor.default\">\n\t\t\t\t\t\t\t\t\t<p class=\"p1\"><span class=\"s1\">Das Gesch\u00e4ft bietet Produkte an, die speziell f\u00fcr das Schloss kreiert oder ausgew\u00e4hlt wurden:<\/span><\/p><p class=\"p1\"><span class=\"s1\">\u2714\ufe0f Le <b>Schlosshonig <\/b>: Linden- oder alle Bl\u00fcten, geerntet aus den im Park aufgestellten Bienenst\u00f6cken<\/span><\/p><p class=\"p3\"><span class=\"s2\">\u2714\ufe0f Lesen <b>Schlosstees<\/b>, kreiert von den Caf\u00e9s Jeanne d\u2019Arc d\u2019Orl\u00e9ans<\/span><\/p>\t\t\t\t\t\t\t\t<\/div>\n\t\t\t\t<\/div>\n\t\t\t\t\t<\/div>\n\t\t\t\t<\/div>\n\t\t<div class=\"elementor-element elementor-element-619a4f4 e-flex e-con-boxed e-con e-parent\" data-id=\"619a4f4\" data-element_type=\"container\" data-settings=\"{&quot;background_background&quot;:&quot;classic&quot;}\">\n\t\t\t\t\t<div class=\"e-con-inner\">\n\t\t<div class=\"elementor-element elementor-element-4fda901b e-con-full e-flex e-con e-child\" data-id=\"4fda901b\" data-element_type=\"container\" data-settings=\"{&quot;background_background&quot;:&quot;classic&quot;}\">\n\t\t\t\t<div class=\"elementor-element elementor-element-676d23b0 elementor-widget elementor-widget-heading\" data-id=\"676d23b0\" data-element_type=\"widget\" data-widget_type=\"heading.default\">\n\t\t\t\t\t<h2 class=\"elementor-heading-title elementor-size-default\">Die B\u00fccher des Schlosses<\/h2>\t\t\t\t<\/div>\n\t\t\t\t<div class=\"elementor-element elementor-element-4c195f82 elementor-widget elementor-widget-image\" data-id=\"4c195f82\" data-element_type=\"widget\" data-widget_type=\"image.default\">\n\t\t\t\t\t\t\t\t\t\t\t\t\t\t\t<img decoding=\"async\" src=\"https:\/\/chateau-de-meung.com\/wp-content\/uploads\/elementor\/thumbs\/booksfill-rk9k03qpt8e38w1nelfpttk0blj1j1v899q4edjzng.png\" title=\"B\u00fccherf\u00fcllung\" alt=\"B\u00fccherf\u00fcllung\" loading=\"lazy\" \/>\t\t\t\t\t\t\t\t\t\t\t\t\t\t\t<\/div>\n\t\t\t\t<div class=\"elementor-element elementor-element-6bc21514 elementor-widget elementor-widget-text-editor\" data-id=\"6bc21514\" data-element_type=\"widget\" data-widget_type=\"text-editor.default\">\n\t\t\t\t\t\t\t\t\t<p class=\"p1\"><span class=\"s1\">Die Boutique bietet eine Auswahl an Werken rund um das Schloss und seine Geschichte:<\/span><\/p><p class=\"p1\"><span class=\"s1\">\u2714\ufe0f <b>Das Schloss der Bisch\u00f6fe von Orl\u00e9ans<\/b>, vom Historiker Jean Mesqui<\/span><\/p><p class=\"p1\"><span class=\"s1\">\u2714\ufe0f <b>Das Schloss von Meung-sur-Loire<\/b>, illustriertes Werk im praktischen Format<\/span><\/p><p class=\"p3\"><span class=\"s2\">\u2714\ufe0f <b>Schloss Meung auf einem Foto,<\/b> ein sch\u00f6nes Buch zum Verschenken<\/span><\/p>\t\t\t\t\t\t\t\t<\/div>\n\t\t\t\t<\/div>\n\t\t<div class=\"elementor-element elementor-element-48b65f82 e-con-full e-flex e-con e-child\" data-id=\"48b65f82\" data-element_type=\"container\" data-settings=\"{&quot;background_background&quot;:&quot;classic&quot;}\">\n\t\t\t\t<div class=\"elementor-element elementor-element-49b881ab elementor-widget elementor-widget-heading\" data-id=\"49b881ab\" data-element_type=\"widget\" data-widget_type=\"heading.default\">\n\t\t\t\t\t<h2 class=\"elementor-heading-title elementor-size-default\">Die lokalen Produkte<\/h2>\t\t\t\t<\/div>\n\t\t\t\t<div class=\"elementor-element elementor-element-2c758542 elementor-widget elementor-widget-text-editor\" data-id=\"2c758542\" data-element_type=\"widget\" data-widget_type=\"text-editor.default\">\n\t\t\t\t\t\t\t\t\t<p class=\"p1\"><span class=\"s1\">Die Boutique pr\u00e4sentiert regionale Produzenten und Handwerkskunst in\"\"\" <b>Auswahl an Feinkostprodukten<\/b> aus dem Loiretal:<\/span><\/p><p class=\"p1\"><span class=\"s1\">\u2013 <b>Maison Martin Pouret:<\/b> Essige, Senfe und Gew\u00fcrze aus Orl\u00e9ans<\/span><\/p><p class=\"p1\"><span class=\"s1\">\u2013 <b>Pralinen Mazet<\/b> Spezialit\u00e4t aus Montargis, nach einem Rezept von 1636 hergestellt<\/span><\/p><p class=\"p1\"><span class=\"s1\">\u2013 <b>Bi\u00e8re Mouss\u2019Bat <\/b>: hergestellt in Chaingy, 11 km von Meung entfernt<\/span><\/p><p class=\"p3\"><span class=\"s2\">\u2013 <b>S\u00fc\u00dfe und wilde Kr\u00e4utertees <\/b>: aus Beaugency, 7 km von Meung entfernt<\/span><\/p>\t\t\t\t\t\t\t\t<\/div>\n\t\t\t\t<\/div>\n\t\t\t\t\t<\/div>\n\t\t\t\t<\/div>\n\t\t<div class=\"elementor-element elementor-element-1febf3df e-flex e-con-boxed e-con e-parent\" data-id=\"1febf3df\" data-element_type=\"container\" data-settings=\"{&quot;background_background&quot;:&quot;classic&quot;}\">\n\t\t\t\t\t<div class=\"e-con-inner\">\n\t\t<div class=\"elementor-element elementor-element-4b972bb5 e-con-full e-flex e-con e-child\" data-id=\"4b972bb5\" data-element_type=\"container\">\n\t\t<div class=\"elementor-element elementor-element-486b5802 e-con-full e-flex e-con e-child\" data-id=\"486b5802\" data-element_type=\"container\" data-settings=\"{&quot;background_background&quot;:&quot;classic&quot;}\">\n\t\t<div class=\"elementor-element elementor-element-4a5f0322 e-con-full e-flex e-con e-child\" data-id=\"4a5f0322\" data-element_type=\"container\">\n\t\t\t\t<div class=\"elementor-element elementor-element-7c4a0176 elementor-widget elementor-widget-heading\" data-id=\"7c4a0176\" data-element_type=\"widget\" data-widget_type=\"heading.default\">\n\t\t\t\t\t<h2 class=\"elementor-heading-title elementor-size-default\"><a href=\"\/de\/bereiten-sie-ihren-besuch-vor\/zeitplan-kalender\/\">\u00d6ffnungszeiten &amp;\nKalender<\/a><\/h2>\t\t\t\t<\/div>\n\t\t\t\t<div class=\"elementor-element elementor-element-6b767bf7 meung-btn meung-btn--red meung-btn--round elementor-widget elementor-widget-button\" data-id=\"6b767bf7\" data-element_type=\"widget\" data-widget_type=\"button.default\">\n\t\t\t\t\t\t\t\t\t\t<a class=\"elementor-button elementor-button-link elementor-size-sm\" href=\"\/de\/bereiten-sie-ihren-besuch-vor\/zeitplan-kalender\/\">\n\t\t\t\t\t\t<span class=\"elementor-button-content-wrapper\">\n\t\t\t\t\t\t<span class=\"elementor-button-icon\">\n\t\t\t\t<svg aria-hidden=\"true\" class=\"e-font-icon-svg e-fas-arrow-right\" viewbox=\"0 0 448 512\" xmlns=\"http:\/\/www.w3.org\/2000\/svg\"><path d=\"M190.5 66.9l22.2-22.2c9.4-9.4 24.6-9.4 33.9 0L441 239c9.4 9.4 9.4 24.6 0 33.9L246.6 467.3c-9.4 9.4-24.6 9.4-33.9 0l-22.2-22.2c-9.5-9.5-9.3-25 .4-34.3L311.4 296H24c-13.3 0-24-10.7-24-24v-32c0-13.3 10.7-24 24-24h287.4L190.9 101.2c-9.8-9.3-10-24.8-.4-34.3z\"><\/path><\/svg>\t\t\t<\/span>\n\t\t\t\t\t\t\t\t\t<span class=\"elementor-button-text\">KARTENVERKAUF<\/span>\n\t\t\t\t\t<\/span>\n\t\t\t\t\t<\/a>\n\t\t\t\t\t\t\t\t<\/div>\n\t\t\t\t<\/div>\n\t\t\t\t<\/div>\n\t\t<div class=\"elementor-element elementor-element-4e6b5cd5 e-con-full e-flex e-con e-child\" data-id=\"4e6b5cd5\" data-element_type=\"container\" data-settings=\"{&quot;background_background&quot;:&quot;classic&quot;}\">\n\t\t<div class=\"elementor-element elementor-element-7b6047b9 e-con-full e-flex e-con e-child\" data-id=\"7b6047b9\" data-element_type=\"container\">\n\t\t\t\t<div class=\"elementor-element elementor-element-6cb668c5 elementor-widget elementor-widget-heading\" data-id=\"6cb668c5\" data-element_type=\"widget\" data-widget_type=\"heading.default\">\n\t\t\t\t\t<h2 class=\"elementor-heading-title elementor-size-default\"><a href=\"\/de\/abenteuerpark\/familienbesuch\/\">Besuch bei der Familie<\/a><\/h2>\t\t\t\t<\/div>\n\t\t\t\t<div class=\"elementor-element elementor-element-58c226a9 meung-btn meung-btn--red meung-btn--round elementor-widget elementor-widget-button\" data-id=\"58c226a9\" data-element_type=\"widget\" data-widget_type=\"button.default\">\n\t\t\t\t\t\t\t\t\t\t<a class=\"elementor-button elementor-button-link elementor-size-sm\" href=\"\/de\/abenteuerpark\/familienbesuch\/\">\n\t\t\t\t\t\t<span class=\"elementor-button-content-wrapper\">\n\t\t\t\t\t\t<span class=\"elementor-button-icon\">\n\t\t\t\t<svg aria-hidden=\"true\" class=\"e-font-icon-svg e-fas-arrow-right\" viewbox=\"0 0 448 512\" xmlns=\"http:\/\/www.w3.org\/2000\/svg\"><path d=\"M190.5 66.9l22.2-22.2c9.4-9.4 24.6-9.4 33.9 0L441 239c9.4 9.4 9.4 24.6 0 33.9L246.6 467.3c-9.4 9.4-24.6 9.4-33.9 0l-22.2-22.2c-9.5-9.5-9.3-25 .4-34.3L311.4 296H24c-13.3 0-24-10.7-24-24v-32c0-13.3 10.7-24 24-24h287.4L190.9 101.2c-9.8-9.3-10-24.8-.4-34.3z\"><\/path><\/svg>\t\t\t<\/span>\n\t\t\t\t\t\t\t\t\t<span class=\"elementor-button-text\">KARTENVERKAUF<\/span>\n\t\t\t\t\t<\/span>\n\t\t\t\t\t<\/a>\n\t\t\t\t\t\t\t\t<\/div>\n\t\t\t\t<\/div>\n\t\t\t\t<\/div>\n\t\t<div class=\"elementor-element elementor-element-35ef3090 e-con-full e-flex e-con e-child\" data-id=\"35ef3090\" data-element_type=\"container\" data-settings=\"{&quot;background_background&quot;:&quot;classic&quot;}\">\n\t\t<div class=\"elementor-element elementor-element-5ac78c3e e-con-full e-flex e-con e-child\" data-id=\"5ac78c3e\" data-element_type=\"container\">\n\t\t\t\t<div class=\"elementor-element elementor-element-17724eb4 elementor-widget elementor-widget-heading\" data-id=\"17724eb4\" data-element_type=\"widget\" data-widget_type=\"heading.default\">\n\t\t\t\t\t<h2 class=\"elementor-heading-title elementor-size-default\"><a href=\"\/de\/bereiten-sie-ihren-besuch-vor\/ticketpreise\/\">Tarife &amp; Tickets<\/a><\/h2>\t\t\t\t<\/div>\n\t\t\t\t<div class=\"elementor-element elementor-element-4544fe50 meung-btn meung-btn--red meung-btn--round elementor-widget elementor-widget-button\" data-id=\"4544fe50\" data-element_type=\"widget\" data-widget_type=\"button.default\">\n\t\t\t\t\t\t\t\t\t\t<a class=\"elementor-button elementor-button-link elementor-size-sm\" href=\"\/de\/bereiten-sie-ihren-besuch-vor\/ticketpreise\/\">\n\t\t\t\t\t\t<span class=\"elementor-button-content-wrapper\">\n\t\t\t\t\t\t<span class=\"elementor-button-icon\">\n\t\t\t\t<svg aria-hidden=\"true\" class=\"e-font-icon-svg e-fas-arrow-right\" viewbox=\"0 0 448 512\" xmlns=\"http:\/\/www.w3.org\/2000\/svg\"><path d=\"M190.5 66.9l22.2-22.2c9.4-9.4 24.6-9.4 33.9 0L441 239c9.4 9.4 9.4 24.6 0 33.9L246.6 467.3c-9.4 9.4-24.6 9.4-33.9 0l-22.2-22.2c-9.5-9.5-9.3-25 .4-34.3L311.4 296H24c-13.3 0-24-10.7-24-24v-32c0-13.3 10.7-24 24-24h287.4L190.9 101.2c-9.8-9.3-10-24.8-.4-34.3z\"><\/path><\/svg>\t\t\t<\/span>\n\t\t\t\t\t\t\t\t\t<span class=\"elementor-button-text\">KARTENVERKAUF<\/span>\n\t\t\t\t\t<\/span>\n\t\t\t\t\t<\/a>\n\t\t\t\t\t\t\t\t<\/div>\n\t\t\t\t<\/div>\n\t\t\t\t<\/div>\n\t\t\t\t<\/div>\n\t\t\t\t\t<\/div>\n\t\t\t\t<\/div>\n\t\t<div class=\"elementor-element elementor-element-6f5850e8 e-flex e-con-boxed e-con e-parent\" data-id=\"6f5850e8\" data-element_type=\"container\" data-settings=\"{&quot;background_background&quot;:&quot;classic&quot;}\">\n\t\t\t\t\t<div class=\"e-con-inner\">\n\t\t<div class=\"elementor-element elementor-element-45a76a8b e-con-full e-flex e-con e-child\" data-id=\"45a76a8b\" data-element_type=\"container\" data-settings=\"{&quot;background_background&quot;:&quot;classic&quot;}\">\n\t\t\t\t<div class=\"elementor-element elementor-element-680edcbf elementor-widget elementor-widget-heading\" data-id=\"680edcbf\" data-element_type=\"widget\" data-widget_type=\"heading.default\">\n\t\t\t\t\t<h2 class=\"elementor-heading-title elementor-size-default\">Buchen Sie Ihren Besuch<\/h2>\t\t\t\t<\/div>\n\t\t\t\t<div class=\"elementor-element elementor-element-6897395 elementor-widget elementor-widget-text-editor\" data-id=\"6897395\" data-element_type=\"widget\" data-widget_type=\"text-editor.default\">\n\t\t\t\t\t\t\t\t\t<p class=\"p1\"><span class=\"s1\">Einzelticket f\u00fcr den Schlossbesuch und die Au\u00dfenaktivit\u00e4ten.<\/span><\/p>\t\t\t\t\t\t\t\t<\/div>\n\t\t\t\t<div class=\"elementor-element elementor-element-29c5f179 meung-btn meung-btn--red elementor-align-center elementor-widget elementor-widget-button\" data-id=\"29c5f179\" data-element_type=\"widget\" data-widget_type=\"button.default\">\n\t\t\t\t\t\t\t\t\t\t<a class=\"elementor-button elementor-button-link elementor-size-sm\" href=\"\/de\/kartenschalter\/\">\n\t\t\t\t\t\t<span class=\"elementor-button-content-wrapper\">\n\t\t\t\t\t\t<span class=\"elementor-button-icon\">\n\t\t\t\t<svg aria-hidden=\"true\" class=\"e-font-icon-svg e-fas-arrow-right\" viewbox=\"0 0 448 512\" xmlns=\"http:\/\/www.w3.org\/2000\/svg\"><path d=\"M190.5 66.9l22.2-22.2c9.4-9.4 24.6-9.4 33.9 0L441 239c9.4 9.4 9.4 24.6 0 33.9L246.6 467.3c-9.4 9.4-24.6 9.4-33.9 0l-22.2-22.2c-9.5-9.5-9.3-25 .4-34.3L311.4 296H24c-13.3 0-24-10.7-24-24v-32c0-13.3 10.7-24 24-24h287.4L190.9 101.2c-9.8-9.3-10-24.8-.4-34.3z\"><\/path><\/svg>\t\t\t<\/span>\n\t\t\t\t\t\t\t\t\t<span class=\"elementor-button-text\">KARTENVERKAUF<\/span>\n\t\t\t\t\t<\/span>\n\t\t\t\t\t<\/a>\n\t\t\t\t\t\t\t\t<\/div>\n\t\t\t\t<\/div>\n\t\t\t\t\t<\/div>\n\t\t\t\t<\/div>\n\t\t\t\t<\/div>","protected":false},"excerpt":{"rendered":"<p>La boutique du ch\u00e2teau Souvenirs, ouvrages, produits locaux&#8230; BILLETTERIE VISITE EN FAMILLE \u00c0 la fin de votre visite, la boutique du ch\u00e2teau vous invite \u00e0 prolonger l\u2019exp\u00e9rience \u00e0 travers une s\u00e9lection de produits locaux, de souvenirs et d\u2019ouvrages autour du patrimoine et de l\u2019Histoire. La boutique est accessible aux visiteur pendant les heures d\u2019ouverture du [&hellip;]<\/p>\n","protected":false},"author":1,"featured_media":0,"parent":1225,"menu_order":0,"comment_status":"closed","ping_status":"closed","template":"elementor_header_footer","meta":{"_acf_changed":false,"footnotes":""},"class_list":["post-1599","page","type-page","status-publish","hentry"],"acf":[],"_links":{"self":[{"href":"https:\/\/chateau-de-meung.com\/de\/wp-json\/wp\/v2\/pages\/1599","targetHints":{"allow":["GET"]}}],"collection":[{"href":"https:\/\/chateau-de-meung.com\/de\/wp-json\/wp\/v2\/pages"}],"about":[{"href":"https:\/\/chateau-de-meung.com\/de\/wp-json\/wp\/v2\/types\/page"}],"author":[{"embeddable":true,"href":"https:\/\/chateau-de-meung.com\/de\/wp-json\/wp\/v2\/users\/1"}],"replies":[{"embeddable":true,"href":"https:\/\/chateau-de-meung.com\/de\/wp-json\/wp\/v2\/comments?post=1599"}],"version-history":[{"count":22,"href":"https:\/\/chateau-de-meung.com\/de\/wp-json\/wp\/v2\/pages\/1599\/revisions"}],"predecessor-version":[{"id":2644,"href":"https:\/\/chateau-de-meung.com\/de\/wp-json\/wp\/v2\/pages\/1599\/revisions\/2644"}],"up":[{"embeddable":true,"href":"https:\/\/chateau-de-meung.com\/de\/wp-json\/wp\/v2\/pages\/1225"}],"wp:attachment":[{"href":"https:\/\/chateau-de-meung.com\/de\/wp-json\/wp\/v2\/media?parent=1599"}],"curies":[{"name":"wp","href":"https:\/\/api.w.org\/{rel}","templated":true}]}}