{"id":1622,"date":"2026-03-09T17:49:02","date_gmt":"2026-03-09T16:49:02","guid":{"rendered":"https:\/\/meung-sur-loire.agenceparadoxe.com\/?page_id=1622"},"modified":"2026-04-02T18:14:59","modified_gmt":"2026-04-02T16:14:59","slug":"sich-niederlassensich-verpflegen","status":"publish","type":"page","link":"https:\/\/chateau-de-meung.com\/de\/preparer-votre-visite\/se-loger-se-restaurer\/","title":{"rendered":"Unterk\u00fcnfte &amp; Restaurants in der N\u00e4he"},"content":{"rendered":"<div data-elementor-type=\"wp-page\" data-elementor-id=\"1622\" class=\"elementor elementor-1622\" data-elementor-post-type=\"page\">\n\t\t\t\t<div class=\"elementor-element elementor-element-74b756b6 e-flex e-con-boxed e-con e-parent\" data-id=\"74b756b6\" data-element_type=\"container\" data-settings=\"{&quot;background_background&quot;:&quot;classic&quot;}\">\n\t\t\t\t\t<div class=\"e-con-inner\">\n\t\t<div class=\"elementor-element elementor-element-7e3c59a1 e-con-full e-flex e-con e-child\" data-id=\"7e3c59a1\" data-element_type=\"container\">\n\t\t\t\t<div class=\"elementor-element elementor-element-18eac33c elementor-widget elementor-widget-heading\" data-id=\"18eac33c\" data-element_type=\"widget\" data-widget_type=\"heading.default\">\n\t\t\t\t\t<h1 class=\"elementor-heading-title elementor-size-default\">Unterk\u00fcnfte &amp; Restaurants in der N\u00e4he<\/h1>\t\t\t\t<\/div>\n\t\t\t\t<div class=\"elementor-element elementor-element-9d8864 elementor-widget elementor-widget-heading\" data-id=\"9d8864\" data-element_type=\"widget\" data-widget_type=\"heading.default\">\n\t\t\t\t\t<h2 class=\"elementor-heading-title elementor-size-default\">Verl\u00e4ngern Sie Ihren Aufenthalt und entdecken Sie die Region\n<\/h2>\t\t\t\t<\/div>\n\t\t<div class=\"elementor-element elementor-element-2c1eaadf e-con-full e-flex e-con e-child\" data-id=\"2c1eaadf\" data-element_type=\"container\">\n\t\t\t\t<div class=\"elementor-element elementor-element-3348ee37 meung-btn meung-btn--red elementor-widget elementor-widget-button\" data-id=\"3348ee37\" data-element_type=\"widget\" data-widget_type=\"button.default\">\n\t\t\t\t\t\t\t\t\t\t<a class=\"elementor-button elementor-button-link elementor-size-sm\" href=\"\/de\/kartenschalter\/\">\n\t\t\t\t\t\t<span class=\"elementor-button-content-wrapper\">\n\t\t\t\t\t\t<span class=\"elementor-button-icon\">\n\t\t\t\t<svg aria-hidden=\"true\" class=\"e-font-icon-svg e-fas-arrow-right\" viewbox=\"0 0 448 512\" xmlns=\"http:\/\/www.w3.org\/2000\/svg\"><path d=\"M190.5 66.9l22.2-22.2c9.4-9.4 24.6-9.4 33.9 0L441 239c9.4 9.4 9.4 24.6 0 33.9L246.6 467.3c-9.4 9.4-24.6 9.4-33.9 0l-22.2-22.2c-9.5-9.5-9.3-25 .4-34.3L311.4 296H24c-13.3 0-24-10.7-24-24v-32c0-13.3 10.7-24 24-24h287.4L190.9 101.2c-9.8-9.3-10-24.8-.4-34.3z\"><\/path><\/svg>\t\t\t<\/span>\n\t\t\t\t\t\t\t\t\t<span class=\"elementor-button-text\">KARTENVERKAUF<\/span>\n\t\t\t\t\t<\/span>\n\t\t\t\t\t<\/a>\n\t\t\t\t\t\t\t\t<\/div>\n\t\t\t\t<div class=\"elementor-element elementor-element-6506d4d9 meung-btn meung-btn--white elementor-widget elementor-widget-button\" data-id=\"6506d4d9\" data-element_type=\"widget\" data-widget_type=\"button.default\">\n\t\t\t\t\t\t\t\t\t\t<a class=\"elementor-button elementor-button-link elementor-size-sm\" href=\"\/de\/abenteuerpark\/familienbesuch\/\">\n\t\t\t\t\t\t<span class=\"elementor-button-content-wrapper\">\n\t\t\t\t\t\t<span class=\"elementor-button-icon\">\n\t\t\t\t<svg aria-hidden=\"true\" class=\"e-font-icon-svg e-fas-arrow-right\" viewbox=\"0 0 448 512\" xmlns=\"http:\/\/www.w3.org\/2000\/svg\"><path d=\"M190.5 66.9l22.2-22.2c9.4-9.4 24.6-9.4 33.9 0L441 239c9.4 9.4 9.4 24.6 0 33.9L246.6 467.3c-9.4 9.4-24.6 9.4-33.9 0l-22.2-22.2c-9.5-9.5-9.3-25 .4-34.3L311.4 296H24c-13.3 0-24-10.7-24-24v-32c0-13.3 10.7-24 24-24h287.4L190.9 101.2c-9.8-9.3-10-24.8-.4-34.3z\"><\/path><\/svg>\t\t\t<\/span>\n\t\t\t\t\t\t\t\t\t<span class=\"elementor-button-text\">Familienbesuch<\/span>\n\t\t\t\t\t<\/span>\n\t\t\t\t\t<\/a>\n\t\t\t\t\t\t\t\t<\/div>\n\t\t\t\t<\/div>\n\t\t\t\t<\/div>\n\t\t\t\t\t<\/div>\n\t\t\t\t<\/div>\n\t\t<div class=\"elementor-element elementor-element-3877bb08 meung-below e-flex e-con-boxed e-con e-parent\" data-id=\"3877bb08\" data-element_type=\"container\" data-settings=\"{&quot;background_background&quot;:&quot;classic&quot;}\">\n\t\t\t\t\t<div class=\"e-con-inner\">\n\t\t\t\t<div class=\"elementor-element elementor-element-552585af elementor-widget elementor-widget-text-editor\" data-id=\"552585af\" data-element_type=\"widget\" data-widget_type=\"text-editor.default\">\n\t\t\t\t\t\t\t\t\t<p class=\"p1\">M\u00f6chten Sie Ihren Besuch verl\u00e4ngern oder eine Reise rund um das Schloss von Meung-sur-Loire organisieren?<b><\/b>Unten finden Sie eine Auswahl an Unterk\u00fcnften und Restaurants in der N\u00e4he des Standorts. Diese Liste dient zur Orientierung und kann sich \u00e4ndern. Wir bitten Sie, sich direkt an die Einrichtungen zu wenden, um deren \u00d6ffnungszeiten und Verf\u00fcgbarkeiten zu erfahren.<\/p>\t\t\t\t\t\t\t\t<\/div>\n\t\t\t\t\t<\/div>\n\t\t\t\t<\/div>\n\t\t<div class=\"elementor-element elementor-element-45d1dfc e-flex e-con-boxed e-con e-parent\" data-id=\"45d1dfc\" data-element_type=\"container\" data-settings=\"{&quot;background_background&quot;:&quot;classic&quot;}\">\n\t\t\t\t\t<div class=\"e-con-inner\">\n\t\t<div class=\"elementor-element elementor-element-2d9c747 e-con-full e-flex e-con e-child\" data-id=\"2d9c747\" data-element_type=\"container\" data-settings=\"{&quot;background_background&quot;:&quot;classic&quot;}\">\n\t\t\t\t<div class=\"elementor-element elementor-element-87dc193 elementor-widget elementor-widget-heading\" data-id=\"87dc193\" data-element_type=\"widget\" data-widget_type=\"heading.default\">\n\t\t\t\t\t<h2 class=\"elementor-heading-title elementor-size-default\">Essen gehen rund um das Schloss<\/h2>\t\t\t\t<\/div>\n\t\t\t\t<div class=\"elementor-element elementor-element-148e846 elementor-widget elementor-widget-image\" data-id=\"148e846\" data-element_type=\"widget\" data-widget_type=\"image.default\">\n\t\t\t\t\t\t\t\t\t\t\t\t\t\t\t<img decoding=\"async\" src=\"https:\/\/chateau-de-meung.com\/wp-content\/uploads\/elementor\/thumbs\/forkknifefill-1-rlpn308twqrydgb9v3h71p5d5cb9evpnpm9z3qbtj0.png\" title=\"Gabelmesserf\u00fcllung (1)\" alt=\"Gabelmesserf\u00fcllung (1)\" loading=\"lazy\" \/>\t\t\t\t\t\t\t\t\t\t\t\t\t\t\t<\/div>\n\t\t\t\t<div class=\"elementor-element elementor-element-061284e elementor-widget elementor-widget-text-editor\" data-id=\"061284e\" data-element_type=\"widget\" data-widget_type=\"text-editor.default\">\n\t\t\t\t\t\t\t\t\t<p class=\"p1\"><span class=\"s1\">Meung-sur-Loire und die umliegenden Gemeinden bieten zahlreiche Adressen zum Mittagessen, Abendessen oder f\u00fcr eine einfach genussvolle Pause nach Ihrem Besuch.<\/span><\/p><p class=\"p3\"><span class=\"s2\">Finden Sie die vollst\u00e4ndige Liste der Restaurants in der N\u00e4he des Schlosses:<\/span><\/p>\t\t\t\t\t\t\t\t<\/div>\n\t\t\t\t<div class=\"elementor-element elementor-element-cd09c4b meung-btn meung-btn--navy elementor-align-center elementor-widget elementor-widget-button\" data-id=\"cd09c4b\" data-element_type=\"widget\" data-widget_type=\"button.default\">\n\t\t\t\t\t\t\t\t\t\t<a class=\"elementor-button elementor-button-link elementor-size-sm\" href=\"https:\/\/www.tourisme-terresduvaldeloire.fr\/restaurants\/\" target=\"_blank\" rel=\"noopener\">\n\t\t\t\t\t\t<span class=\"elementor-button-content-wrapper\">\n\t\t\t\t\t\t<span class=\"elementor-button-icon\">\n\t\t\t\t<svg aria-hidden=\"true\" class=\"e-font-icon-svg e-fas-arrow-right\" viewbox=\"0 0 448 512\" xmlns=\"http:\/\/www.w3.org\/2000\/svg\"><path d=\"M190.5 66.9l22.2-22.2c9.4-9.4 24.6-9.4 33.9 0L441 239c9.4 9.4 9.4 24.6 0 33.9L246.6 467.3c-9.4 9.4-24.6 9.4-33.9 0l-22.2-22.2c-9.5-9.5-9.3-25 .4-34.3L311.4 296H24c-13.3 0-24-10.7-24-24v-32c0-13.3 10.7-24 24-24h287.4L190.9 101.2c-9.8-9.3-10-24.8-.4-34.3z\"><\/path><\/svg>\t\t\t<\/span>\n\t\t\t\t\t\t\t\t\t<span class=\"elementor-button-text\">RESTAURANTS<\/span>\n\t\t\t\t\t<\/span>\n\t\t\t\t\t<\/a>\n\t\t\t\t\t\t\t\t<\/div>\n\t\t\t\t<\/div>\n\t\t<div class=\"elementor-element elementor-element-457686f e-con-full e-flex e-con e-child\" data-id=\"457686f\" data-element_type=\"container\" data-settings=\"{&quot;background_background&quot;:&quot;classic&quot;}\">\n\t\t\t\t<div class=\"elementor-element elementor-element-5ad44d4 elementor-widget elementor-widget-heading\" data-id=\"5ad44d4\" data-element_type=\"widget\" data-widget_type=\"heading.default\">\n\t\t\t\t\t<h2 class=\"elementor-heading-title elementor-size-default\">Unterk\u00fcnfte\nin der N\u00e4he<\/h2>\t\t\t\t<\/div>\n\t\t\t\t<div class=\"elementor-element elementor-element-27ed3bb elementor-widget elementor-widget-image\" data-id=\"27ed3bb\" data-element_type=\"widget\" data-widget_type=\"image.default\">\n\t\t\t\t\t\t\t\t\t\t\t\t\t\t\t<img decoding=\"async\" src=\"https:\/\/chateau-de-meung.com\/wp-content\/uploads\/elementor\/thumbs\/farmfill-rlpn308twqrydgb9v3h71p5d5cb9evpnpm9z3qbtj0.png\" title=\"Bauernhofbef\u00fcllung\" alt=\"Bauernhofbef\u00fcllung\" loading=\"lazy\" \/>\t\t\t\t\t\t\t\t\t\t\t\t\t\t\t<\/div>\n\t\t\t\t<div class=\"elementor-element elementor-element-febc8f1 elementor-widget elementor-widget-text-editor\" data-id=\"febc8f1\" data-element_type=\"widget\" data-widget_type=\"text-editor.default\">\n\t\t\t\t\t\t\t\t\t<p class=\"p1\"><span class=\"s1\">Verl\u00e4ngern Sie Ihren Aufenthalt in Val de Loire: Hotels, Bed &amp; Breakfasts, Ferienh\u00e4user oder ungew\u00f6hnliche Unterk\u00fcnfte: Zahlreiche Unterkunftsm\u00f6glichkeiten stehen in unmittelbarer N\u00e4he des Schlosses zur Verf\u00fcgung.<\/span><\/p><p class=\"p3\"><span class=\"s2\">Um Ihren Aufenthalt zu organisieren, informieren Sie sich auf der Website des Tourismusb\u00fcros:<\/span><\/p>\t\t\t\t\t\t\t\t<\/div>\n\t\t\t\t<div class=\"elementor-element elementor-element-fc6f862 meung-btn meung-btn--navy elementor-align-center elementor-widget elementor-widget-button\" data-id=\"fc6f862\" data-element_type=\"widget\" data-widget_type=\"button.default\">\n\t\t\t\t\t\t\t\t\t\t<a class=\"elementor-button elementor-button-link elementor-size-sm\" href=\"https:\/\/www.tourisme-terresduvaldeloire.fr\/les-hebergements\/\" target=\"_blank\" rel=\"noopener\">\n\t\t\t\t\t\t<span class=\"elementor-button-content-wrapper\">\n\t\t\t\t\t\t<span class=\"elementor-button-icon\">\n\t\t\t\t<svg aria-hidden=\"true\" class=\"e-font-icon-svg e-fas-arrow-right\" viewbox=\"0 0 448 512\" xmlns=\"http:\/\/www.w3.org\/2000\/svg\"><path d=\"M190.5 66.9l22.2-22.2c9.4-9.4 24.6-9.4 33.9 0L441 239c9.4 9.4 9.4 24.6 0 33.9L246.6 467.3c-9.4 9.4-24.6 9.4-33.9 0l-22.2-22.2c-9.5-9.5-9.3-25 .4-34.3L311.4 296H24c-13.3 0-24-10.7-24-24v-32c0-13.3 10.7-24 24-24h287.4L190.9 101.2c-9.8-9.3-10-24.8-.4-34.3z\"><\/path><\/svg>\t\t\t<\/span>\n\t\t\t\t\t\t\t\t\t<span class=\"elementor-button-text\">UNTERK\u00dcNFTE<\/span>\n\t\t\t\t\t<\/span>\n\t\t\t\t\t<\/a>\n\t\t\t\t\t\t\t\t<\/div>\n\t\t\t\t<\/div>\n\t\t\t\t\t<\/div>\n\t\t\t\t<\/div>\n\t\t<div class=\"elementor-element elementor-element-246c416d meung-sticky-split e-flex e-con-boxed e-con e-parent\" data-id=\"246c416d\" data-element_type=\"container\" data-settings=\"{&quot;background_background&quot;:&quot;classic&quot;}\">\n\t\t\t\t\t<div class=\"e-con-inner\">\n\t\t<div class=\"elementor-element elementor-element-3d492e3e e-con-full meung-sticky-split__right e-flex e-con e-child\" data-id=\"3d492e3e\" data-element_type=\"container\">\n\t\t\t\t<div class=\"elementor-element elementor-element-2779077d elementor-widget elementor-widget-heading\" data-id=\"2779077d\" data-element_type=\"widget\" data-widget_type=\"heading.default\">\n\t\t\t\t\t<h2 class=\"elementor-heading-title elementor-size-default\">Die Region entdecken<\/h2>\t\t\t\t<\/div>\n\t\t\t\t<div class=\"elementor-element elementor-element-5601db84 elementor-widget-divider--view-line elementor-widget elementor-widget-divider\" data-id=\"5601db84\" data-element_type=\"widget\" data-widget_type=\"divider.default\">\n\t\t\t\t\t\t\t<div class=\"elementor-divider\">\n\t\t\t<span class=\"elementor-divider-separator\">\n\t\t\t\t\t\t<\/span>\n\t\t<\/div>\n\t\t\t\t\t\t<\/div>\n\t\t\t\t<div class=\"elementor-element elementor-element-1db6d1da elementor-widget elementor-widget-text-editor\" data-id=\"1db6d1da\" data-element_type=\"widget\" data-widget_type=\"text-editor.default\">\n\t\t\t\t\t\t\t\t\t<p class=\"p1\">Um Ihren Besuch des Schlosses abzurunden, z\u00f6gern Sie nicht, die touristischen Reicht\u00fcmer der Region zu entdecken: Kulturerbe, Spazierg\u00e4nge, Radwege und andere Sehensw\u00fcrdigkeiten im Loiretal.<\/p>\t\t\t\t\t\t\t\t<\/div>\n\t\t\t\t<div class=\"elementor-element elementor-element-df90c91 elementor-widget elementor-widget-heading\" data-id=\"df90c91\" data-element_type=\"widget\" data-widget_type=\"heading.default\">\n\t\t\t\t\t<p class=\"elementor-heading-title elementor-size-default\">N\u00dcTZLICHE LINKS<\/p>\t\t\t\t<\/div>\n\t\t\t\t<div class=\"elementor-element elementor-element-3e8532db elementor-widget elementor-widget-text-editor\" data-id=\"3e8532db\" data-element_type=\"widget\" data-widget_type=\"text-editor.default\">\n\t\t\t\t\t\t\t\t\t<p class=\"p1\"><span class=\"s1\">\u2013 Tourismusb\u00fcro Terres du Val de Loire \u2013 Meung-sur-Loire<\/span><\/p><p class=\"p1\"><span class=\"s1\">\u2013 Die Schl\u00f6sser der Loire \u2013 Das Tal der K\u00f6nige<\/span><\/p><p class=\"p1\"><span class=\"s1\">\u2013 Tourismus Loiret<\/span><\/p><p class=\"p1\"><span class=\"s1\">\u2013 Fremdenverkehrsamt von Orl\u00e9ans<\/span><\/p><p class=\"p1\"><span class=\"s1\">\u2013 Die Loire mit dem Rad<\/span><\/p><p class=\"p1\"><span class=\"s1\">\u2013 VisaLoire<\/span><\/p><p class=\"p1\"><span class=\"s1\">Gites de France Loiret<\/span><\/p><p class=\"p1\"><span class=\"s1\">\u2013 Gites de France Loir et Cher<\/span><\/p><p class=\"p1\"><span class=\"s1\">Ich liebe das Loire-Tal<\/span><\/p><p class=\"p2\"><span class=\"s2\">Entdecken Sie weitere Aktivit\u00e4ten in Meung sur Loire mit Kayak<\/span><\/p>\t\t\t\t\t\t\t\t<\/div>\n\t\t\t\t<div class=\"elementor-element elementor-element-03e5f69 elementor-widget elementor-widget-heading\" data-id=\"03e5f69\" data-element_type=\"widget\" data-widget_type=\"heading.default\">\n\t\t\t\t\t<p class=\"elementor-heading-title elementor-size-default\">ENTDECKE AUCH<\/p>\t\t\t\t<\/div>\n\t\t\t\t<div class=\"elementor-element elementor-element-86d7e6d elementor-widget elementor-widget-text-editor\" data-id=\"86d7e6d\" data-element_type=\"widget\" data-widget_type=\"text-editor.default\">\n\t\t\t\t\t\t\t\t\t<p class=\"p1\"><span class=\"s1\">\u2013 Les Jardins de Roquelin<\/span><\/p><p class=\"p1\"><span class=\"s1\">\u2013 Der Ilex-Arboretum<\/span><\/p><p class=\"p1\"><span class=\"s1\">\u2013 La Folie Hubert<\/span><\/p><p class=\"p1\"><span class=\"s1\">\u2013 Schloss Beaugency<\/span><\/p><p class=\"p1\"><span class=\"s1\">\u2013 Die Basilika von Cl\u00e9ry Saint Andr\u00e9<\/span><\/p><p class=\"p2\"><span class=\"s2\">\u2013 Schloss Chambord<\/span><\/p>\t\t\t\t\t\t\t\t<\/div>\n\t\t\t\t<div class=\"elementor-element elementor-element-817eb91 elementor-widget elementor-widget-heading\" data-id=\"817eb91\" data-element_type=\"widget\" data-widget_type=\"heading.default\">\n\t\t\t\t\t<p class=\"elementor-heading-title elementor-size-default\">UNSERE PARTNER<\/p>\t\t\t\t<\/div>\n\t\t\t\t<div class=\"elementor-element elementor-element-a075860 elementor-widget elementor-widget-text-editor\" data-id=\"a075860\" data-element_type=\"widget\" data-widget_type=\"text-editor.default\">\n\t\t\t\t\t\t\t\t\t<p class=\"p1\"><span class=\"s1\">\u2013 Art\u00e9us-Event<\/span><\/p><p class=\"p1\"><span class=\"s1\">- Freunde des Schlosses von Meung-sur-Loire<\/span><\/p><p class=\"p1\"><span class=\"s1\">\u2013 Ungew\u00f6hnliche Loire<\/span><\/p><p class=\"p1\"><span class=\"s1\">\u2013 Leidenschaftliche H\u00e4user<\/span><\/p>\t\t\t\t\t\t\t\t<\/div>\n\t\t\t\t<\/div>\n\t\t<div class=\"elementor-element elementor-element-75130f02 e-con-full meung-sticky-split__left e-flex e-con e-child\" data-id=\"75130f02\" data-element_type=\"container\" data-settings=\"{&quot;background_background&quot;:&quot;classic&quot;}\">\n\t\t\t\t<div class=\"elementor-element elementor-element-3d73a046 elementor-widget elementor-widget-image\" data-id=\"3d73a046\" data-element_type=\"widget\" data-widget_type=\"image.default\">\n\t\t\t\t\t\t\t\t\t\t\t\t\t\t\t<img fetchpriority=\"high\" decoding=\"async\" width=\"800\" height=\"889\" src=\"https:\/\/chateau-de-meung.com\/wp-content\/uploads\/2026\/03\/23-Image-Chambord.jpg\" class=\"attachment-large size-large wp-image-1632\" alt=\"\" srcset=\"https:\/\/chateau-de-meung.com\/wp-content\/uploads\/2026\/03\/23-Image-Chambord.jpg 800w, https:\/\/chateau-de-meung.com\/wp-content\/uploads\/2026\/03\/23-Image-Chambord-270x300.jpg 270w, https:\/\/chateau-de-meung.com\/wp-content\/uploads\/2026\/03\/23-Image-Chambord-768x853.jpg 768w, https:\/\/chateau-de-meung.com\/wp-content\/uploads\/2026\/03\/23-Image-Chambord-11x12.jpg 11w\" sizes=\"(max-width: 800px) 100vw, 800px\" \/>\t\t\t\t\t\t\t\t\t\t\t\t\t\t\t<\/div>\n\t\t\t\t<\/div>\n\t\t\t\t\t<\/div>\n\t\t\t\t<\/div>\n\t\t<div class=\"elementor-element elementor-element-77325100 e-flex e-con-boxed e-con e-parent\" data-id=\"77325100\" data-element_type=\"container\" data-settings=\"{&quot;background_background&quot;:&quot;classic&quot;}\">\n\t\t\t\t\t<div class=\"e-con-inner\">\n\t\t<div class=\"elementor-element elementor-element-859a3f2 e-con-full e-flex e-con e-child\" data-id=\"859a3f2\" data-element_type=\"container\">\n\t\t<div class=\"elementor-element elementor-element-5c7d7a64 e-con-full e-flex e-con e-child\" data-id=\"5c7d7a64\" data-element_type=\"container\" data-settings=\"{&quot;background_background&quot;:&quot;classic&quot;}\">\n\t\t<div class=\"elementor-element elementor-element-1ac8023e e-con-full e-flex e-con e-child\" data-id=\"1ac8023e\" data-element_type=\"container\">\n\t\t\t\t<div class=\"elementor-element elementor-element-1f8e2988 elementor-widget elementor-widget-heading\" data-id=\"1f8e2988\" data-element_type=\"widget\" data-widget_type=\"heading.default\">\n\t\t\t\t\t<h2 class=\"elementor-heading-title elementor-size-default\"><a href=\"\/de\/bereiten-sie-ihren-besuch-vor\/praktische-informationen-dienste\/\">Praktische Hinweise<\/a><\/h2>\t\t\t\t<\/div>\n\t\t\t\t<div class=\"elementor-element elementor-element-6f4f6d67 meung-btn meung-btn--red meung-btn--round elementor-widget elementor-widget-button\" data-id=\"6f4f6d67\" data-element_type=\"widget\" data-widget_type=\"button.default\">\n\t\t\t\t\t\t\t\t\t\t<a class=\"elementor-button elementor-button-link elementor-size-sm\" href=\"\/de\/bereiten-sie-ihren-besuch-vor\/praktische-informationen-dienste\/\">\n\t\t\t\t\t\t<span class=\"elementor-button-content-wrapper\">\n\t\t\t\t\t\t<span class=\"elementor-button-icon\">\n\t\t\t\t<svg aria-hidden=\"true\" class=\"e-font-icon-svg e-fas-arrow-right\" viewbox=\"0 0 448 512\" xmlns=\"http:\/\/www.w3.org\/2000\/svg\"><path d=\"M190.5 66.9l22.2-22.2c9.4-9.4 24.6-9.4 33.9 0L441 239c9.4 9.4 9.4 24.6 0 33.9L246.6 467.3c-9.4 9.4-24.6 9.4-33.9 0l-22.2-22.2c-9.5-9.5-9.3-25 .4-34.3L311.4 296H24c-13.3 0-24-10.7-24-24v-32c0-13.3 10.7-24 24-24h287.4L190.9 101.2c-9.8-9.3-10-24.8-.4-34.3z\"><\/path><\/svg>\t\t\t<\/span>\n\t\t\t\t\t\t\t\t\t<span class=\"elementor-button-text\">KARTENVERKAUF<\/span>\n\t\t\t\t\t<\/span>\n\t\t\t\t\t<\/a>\n\t\t\t\t\t\t\t\t<\/div>\n\t\t\t\t<\/div>\n\t\t\t\t<\/div>\n\t\t<div class=\"elementor-element elementor-element-1709aa83 e-con-full e-flex e-con e-child\" data-id=\"1709aa83\" data-element_type=\"container\" data-settings=\"{&quot;background_background&quot;:&quot;classic&quot;}\">\n\t\t<div class=\"elementor-element elementor-element-4f2529f0 e-con-full e-flex e-con e-child\" data-id=\"4f2529f0\" data-element_type=\"container\">\n\t\t\t\t<div class=\"elementor-element elementor-element-529963b2 elementor-widget elementor-widget-heading\" data-id=\"529963b2\" data-element_type=\"widget\" data-widget_type=\"heading.default\">\n\t\t\t\t\t<h2 class=\"elementor-heading-title elementor-size-default\"><a href=\"\/de\/abenteuerpark\/familienbesuch\/\">Besuch bei der Familie<\/a><\/h2>\t\t\t\t<\/div>\n\t\t\t\t<div class=\"elementor-element elementor-element-248926da meung-btn meung-btn--red meung-btn--round elementor-widget elementor-widget-button\" data-id=\"248926da\" data-element_type=\"widget\" data-widget_type=\"button.default\">\n\t\t\t\t\t\t\t\t\t\t<a class=\"elementor-button elementor-button-link elementor-size-sm\" href=\"\/de\/abenteuerpark\/familienbesuch\/\">\n\t\t\t\t\t\t<span class=\"elementor-button-content-wrapper\">\n\t\t\t\t\t\t<span class=\"elementor-button-icon\">\n\t\t\t\t<svg aria-hidden=\"true\" class=\"e-font-icon-svg e-fas-arrow-right\" viewbox=\"0 0 448 512\" xmlns=\"http:\/\/www.w3.org\/2000\/svg\"><path d=\"M190.5 66.9l22.2-22.2c9.4-9.4 24.6-9.4 33.9 0L441 239c9.4 9.4 9.4 24.6 0 33.9L246.6 467.3c-9.4 9.4-24.6 9.4-33.9 0l-22.2-22.2c-9.5-9.5-9.3-25 .4-34.3L311.4 296H24c-13.3 0-24-10.7-24-24v-32c0-13.3 10.7-24 24-24h287.4L190.9 101.2c-9.8-9.3-10-24.8-.4-34.3z\"><\/path><\/svg>\t\t\t<\/span>\n\t\t\t\t\t\t\t\t\t<span class=\"elementor-button-text\">KARTENVERKAUF<\/span>\n\t\t\t\t\t<\/span>\n\t\t\t\t\t<\/a>\n\t\t\t\t\t\t\t\t<\/div>\n\t\t\t\t<\/div>\n\t\t\t\t<\/div>\n\t\t<div class=\"elementor-element elementor-element-3e5494a e-con-full e-flex e-con e-child\" data-id=\"3e5494a\" data-element_type=\"container\" data-settings=\"{&quot;background_background&quot;:&quot;classic&quot;}\">\n\t\t<div class=\"elementor-element elementor-element-72122d27 e-con-full e-flex e-con e-child\" data-id=\"72122d27\" data-element_type=\"container\">\n\t\t\t\t<div class=\"elementor-element elementor-element-113f57e3 elementor-widget elementor-widget-heading\" data-id=\"113f57e3\" data-element_type=\"widget\" data-widget_type=\"heading.default\">\n\t\t\t\t\t<h2 class=\"elementor-heading-title elementor-size-default\"><a href=\"\/de\/bereiten-sie-ihren-besuch-vor\/ticketpreise\/\">Tarife &amp; Tickets<\/a><\/h2>\t\t\t\t<\/div>\n\t\t\t\t<div class=\"elementor-element elementor-element-1bc90887 meung-btn meung-btn--red meung-btn--round elementor-widget elementor-widget-button\" data-id=\"1bc90887\" data-element_type=\"widget\" data-widget_type=\"button.default\">\n\t\t\t\t\t\t\t\t\t\t<a class=\"elementor-button elementor-button-link elementor-size-sm\" href=\"\/de\/bereiten-sie-ihren-besuch-vor\/ticketpreise\/\">\n\t\t\t\t\t\t<span class=\"elementor-button-content-wrapper\">\n\t\t\t\t\t\t<span class=\"elementor-button-icon\">\n\t\t\t\t<svg aria-hidden=\"true\" class=\"e-font-icon-svg e-fas-arrow-right\" viewbox=\"0 0 448 512\" xmlns=\"http:\/\/www.w3.org\/2000\/svg\"><path d=\"M190.5 66.9l22.2-22.2c9.4-9.4 24.6-9.4 33.9 0L441 239c9.4 9.4 9.4 24.6 0 33.9L246.6 467.3c-9.4 9.4-24.6 9.4-33.9 0l-22.2-22.2c-9.5-9.5-9.3-25 .4-34.3L311.4 296H24c-13.3 0-24-10.7-24-24v-32c0-13.3 10.7-24 24-24h287.4L190.9 101.2c-9.8-9.3-10-24.8-.4-34.3z\"><\/path><\/svg>\t\t\t<\/span>\n\t\t\t\t\t\t\t\t\t<span class=\"elementor-button-text\">KARTENVERKAUF<\/span>\n\t\t\t\t\t<\/span>\n\t\t\t\t\t<\/a>\n\t\t\t\t\t\t\t\t<\/div>\n\t\t\t\t<\/div>\n\t\t\t\t<\/div>\n\t\t\t\t<\/div>\n\t\t\t\t\t<\/div>\n\t\t\t\t<\/div>\n\t\t<div class=\"elementor-element elementor-element-61484bfa e-flex e-con-boxed e-con e-parent\" data-id=\"61484bfa\" data-element_type=\"container\" data-settings=\"{&quot;background_background&quot;:&quot;classic&quot;}\">\n\t\t\t\t\t<div class=\"e-con-inner\">\n\t\t<div class=\"elementor-element elementor-element-2575698d e-con-full e-flex e-con e-child\" data-id=\"2575698d\" data-element_type=\"container\" data-settings=\"{&quot;background_background&quot;:&quot;classic&quot;}\">\n\t\t\t\t<div class=\"elementor-element elementor-element-3e99895 elementor-widget elementor-widget-heading\" data-id=\"3e99895\" data-element_type=\"widget\" data-widget_type=\"heading.default\">\n\t\t\t\t\t<h2 class=\"elementor-heading-title elementor-size-default\">Buchen Sie Ihren Besuch<\/h2>\t\t\t\t<\/div>\n\t\t\t\t<div class=\"elementor-element elementor-element-402a5e11 elementor-widget elementor-widget-text-editor\" data-id=\"402a5e11\" data-element_type=\"widget\" data-widget_type=\"text-editor.default\">\n\t\t\t\t\t\t\t\t\t<p class=\"p1\"><span class=\"s1\">Einzelticket f\u00fcr den Schlossbesuch und die Au\u00dfenaktivit\u00e4ten.<\/span><\/p>\t\t\t\t\t\t\t\t<\/div>\n\t\t\t\t<div class=\"elementor-element elementor-element-5db5d3bc meung-btn meung-btn--red elementor-align-center elementor-widget elementor-widget-button\" data-id=\"5db5d3bc\" data-element_type=\"widget\" data-widget_type=\"button.default\">\n\t\t\t\t\t\t\t\t\t\t<a class=\"elementor-button elementor-button-link elementor-size-sm\" href=\"\/de\/kartenschalter\/\">\n\t\t\t\t\t\t<span class=\"elementor-button-content-wrapper\">\n\t\t\t\t\t\t<span class=\"elementor-button-icon\">\n\t\t\t\t<svg aria-hidden=\"true\" class=\"e-font-icon-svg e-fas-arrow-right\" viewbox=\"0 0 448 512\" xmlns=\"http:\/\/www.w3.org\/2000\/svg\"><path d=\"M190.5 66.9l22.2-22.2c9.4-9.4 24.6-9.4 33.9 0L441 239c9.4 9.4 9.4 24.6 0 33.9L246.6 467.3c-9.4 9.4-24.6 9.4-33.9 0l-22.2-22.2c-9.5-9.5-9.3-25 .4-34.3L311.4 296H24c-13.3 0-24-10.7-24-24v-32c0-13.3 10.7-24 24-24h287.4L190.9 101.2c-9.8-9.3-10-24.8-.4-34.3z\"><\/path><\/svg>\t\t\t<\/span>\n\t\t\t\t\t\t\t\t\t<span class=\"elementor-button-text\">KARTENVERKAUF<\/span>\n\t\t\t\t\t<\/span>\n\t\t\t\t\t<\/a>\n\t\t\t\t\t\t\t\t<\/div>\n\t\t\t\t<\/div>\n\t\t\t\t\t<\/div>\n\t\t\t\t<\/div>\n\t\t\t\t<\/div>","protected":false},"excerpt":{"rendered":"<p>H\u00e9bergements &amp; restaurants \u00e0 proximit\u00e9 Prolongez votre s\u00e9jour et d\u00e9couvrez la r\u00e9gion BILLETTERIE VISITE EN FAMILLE Vous souhaitez prolonger votre visite ou organiser un s\u00e9jour autour du ch\u00e2teau de Meung-sur-Loire ?Retrouvez ci-dessous une s\u00e9lection d\u2019h\u00e9bergements et de restaurants situ\u00e9s \u00e0 proximit\u00e9 du site. Cette liste est donn\u00e9e \u00e0 titre indicatif et peut \u00e9voluer. Nous vous [&hellip;]<\/p>\n","protected":false},"author":1,"featured_media":0,"parent":1225,"menu_order":0,"comment_status":"closed","ping_status":"closed","template":"elementor_header_footer","meta":{"_acf_changed":false,"footnotes":""},"class_list":["post-1622","page","type-page","status-publish","hentry"],"acf":[],"_links":{"self":[{"href":"https:\/\/chateau-de-meung.com\/de\/wp-json\/wp\/v2\/pages\/1622","targetHints":{"allow":["GET"]}}],"collection":[{"href":"https:\/\/chateau-de-meung.com\/de\/wp-json\/wp\/v2\/pages"}],"about":[{"href":"https:\/\/chateau-de-meung.com\/de\/wp-json\/wp\/v2\/types\/page"}],"author":[{"embeddable":true,"href":"https:\/\/chateau-de-meung.com\/de\/wp-json\/wp\/v2\/users\/1"}],"replies":[{"embeddable":true,"href":"https:\/\/chateau-de-meung.com\/de\/wp-json\/wp\/v2\/comments?post=1622"}],"version-history":[{"count":28,"href":"https:\/\/chateau-de-meung.com\/de\/wp-json\/wp\/v2\/pages\/1622\/revisions"}],"predecessor-version":[{"id":3028,"href":"https:\/\/chateau-de-meung.com\/de\/wp-json\/wp\/v2\/pages\/1622\/revisions\/3028"}],"up":[{"embeddable":true,"href":"https:\/\/chateau-de-meung.com\/de\/wp-json\/wp\/v2\/pages\/1225"}],"wp:attachment":[{"href":"https:\/\/chateau-de-meung.com\/de\/wp-json\/wp\/v2\/media?parent=1622"}],"curies":[{"name":"wp","href":"https:\/\/api.w.org\/{rel}","templated":true}]}}