{"id":1638,"date":"2026-03-09T19:04:15","date_gmt":"2026-03-09T18:04:15","guid":{"rendered":"https:\/\/meung-sur-loire.agenceparadoxe.com\/?page_id=1638"},"modified":"2026-04-02T18:14:10","modified_gmt":"2026-04-02T16:14:10","slug":"barrierefreiheit","status":"publish","type":"page","link":"https:\/\/chateau-de-meung.com\/de\/preparer-votre-visite\/accessibilite\/","title":{"rendered":"Schlosszug\u00e4nglichkeit"},"content":{"rendered":"<div data-elementor-type=\"wp-page\" data-elementor-id=\"1638\" class=\"elementor elementor-1638\" data-elementor-post-type=\"page\">\n\t\t\t\t<div class=\"elementor-element elementor-element-2dac21db e-flex e-con-boxed e-con e-parent\" data-id=\"2dac21db\" data-element_type=\"container\" data-settings=\"{&quot;background_background&quot;:&quot;classic&quot;}\">\n\t\t\t\t\t<div class=\"e-con-inner\">\n\t\t<div class=\"elementor-element elementor-element-2a0dc80d e-con-full e-flex e-con e-child\" data-id=\"2a0dc80d\" data-element_type=\"container\">\n\t\t\t\t<div class=\"elementor-element elementor-element-16711167 elementor-widget elementor-widget-heading\" data-id=\"16711167\" data-element_type=\"widget\" data-widget_type=\"heading.default\">\n\t\t\t\t\t<h1 class=\"elementor-heading-title elementor-size-default\">Schlosszug\u00e4nglichkeit<\/h1>\t\t\t\t<\/div>\n\t\t\t\t<div class=\"elementor-element elementor-element-522d8f2c elementor-widget elementor-widget-heading\" data-id=\"522d8f2c\" data-element_type=\"widget\" data-widget_type=\"heading.default\">\n\t\t\t\t\t<h2 class=\"elementor-heading-title elementor-size-default\">Praktische Informationen zur Barrierefreiheit des Schlosses von Meung-sur-Loire<\/h2>\t\t\t\t<\/div>\n\t\t<div class=\"elementor-element elementor-element-284b4850 e-con-full e-flex e-con e-child\" data-id=\"284b4850\" data-element_type=\"container\">\n\t\t\t\t<div class=\"elementor-element elementor-element-21aa5489 meung-btn meung-btn--red elementor-widget elementor-widget-button\" data-id=\"21aa5489\" data-element_type=\"widget\" data-widget_type=\"button.default\">\n\t\t\t\t\t\t\t\t\t\t<a class=\"elementor-button elementor-button-link elementor-size-sm\" href=\"\/de\/kartenschalter\/\">\n\t\t\t\t\t\t<span class=\"elementor-button-content-wrapper\">\n\t\t\t\t\t\t<span class=\"elementor-button-icon\">\n\t\t\t\t<svg aria-hidden=\"true\" class=\"e-font-icon-svg e-fas-arrow-right\" viewbox=\"0 0 448 512\" xmlns=\"http:\/\/www.w3.org\/2000\/svg\"><path d=\"M190.5 66.9l22.2-22.2c9.4-9.4 24.6-9.4 33.9 0L441 239c9.4 9.4 9.4 24.6 0 33.9L246.6 467.3c-9.4 9.4-24.6 9.4-33.9 0l-22.2-22.2c-9.5-9.5-9.3-25 .4-34.3L311.4 296H24c-13.3 0-24-10.7-24-24v-32c0-13.3 10.7-24 24-24h287.4L190.9 101.2c-9.8-9.3-10-24.8-.4-34.3z\"><\/path><\/svg>\t\t\t<\/span>\n\t\t\t\t\t\t\t\t\t<span class=\"elementor-button-text\">KARTENVERKAUF<\/span>\n\t\t\t\t\t<\/span>\n\t\t\t\t\t<\/a>\n\t\t\t\t\t\t\t\t<\/div>\n\t\t\t\t<div class=\"elementor-element elementor-element-49df6609 meung-btn meung-btn--white elementor-widget elementor-widget-button\" data-id=\"49df6609\" data-element_type=\"widget\" data-widget_type=\"button.default\">\n\t\t\t\t\t\t\t\t\t\t<a class=\"elementor-button elementor-button-link elementor-size-sm\" href=\"\/de\/abenteuerpark\/familienbesuch\/\">\n\t\t\t\t\t\t<span class=\"elementor-button-content-wrapper\">\n\t\t\t\t\t\t<span class=\"elementor-button-icon\">\n\t\t\t\t<svg aria-hidden=\"true\" class=\"e-font-icon-svg e-fas-arrow-right\" viewbox=\"0 0 448 512\" xmlns=\"http:\/\/www.w3.org\/2000\/svg\"><path d=\"M190.5 66.9l22.2-22.2c9.4-9.4 24.6-9.4 33.9 0L441 239c9.4 9.4 9.4 24.6 0 33.9L246.6 467.3c-9.4 9.4-24.6 9.4-33.9 0l-22.2-22.2c-9.5-9.5-9.3-25 .4-34.3L311.4 296H24c-13.3 0-24-10.7-24-24v-32c0-13.3 10.7-24 24-24h287.4L190.9 101.2c-9.8-9.3-10-24.8-.4-34.3z\"><\/path><\/svg>\t\t\t<\/span>\n\t\t\t\t\t\t\t\t\t<span class=\"elementor-button-text\">Familienbesuch<\/span>\n\t\t\t\t\t<\/span>\n\t\t\t\t\t<\/a>\n\t\t\t\t\t\t\t\t<\/div>\n\t\t\t\t<\/div>\n\t\t\t\t<\/div>\n\t\t\t\t\t<\/div>\n\t\t\t\t<\/div>\n\t\t<div class=\"elementor-element elementor-element-61fbd248 meung-below e-flex e-con-boxed e-con e-parent\" data-id=\"61fbd248\" data-element_type=\"container\" data-settings=\"{&quot;background_background&quot;:&quot;classic&quot;}\">\n\t\t\t\t\t<div class=\"e-con-inner\">\n\t\t\t\t<div class=\"elementor-element elementor-element-491f7d68 elementor-widget elementor-widget-text-editor\" data-id=\"491f7d68\" data-element_type=\"widget\" data-widget_type=\"text-editor.default\">\n\t\t\t\t\t\t\t\t\t<p class=\"p1\"><span class=\"s1\">Das Team des Schloss-Parks von Meung-sur-Loire liegt es am Herzen, das Kulturerbe so vielen Menschen wie m\u00f6glich zug\u00e4nglich zu machen, soweit dies bei einem denkmalgesch\u00fctzten historischen Geb\u00e4ude m\u00f6glich ist.<\/span><\/p>\t\t\t\t\t\t\t\t<\/div>\n\t\t\t\t\t<\/div>\n\t\t\t\t<\/div>\n\t\t<div class=\"elementor-element elementor-element-be0db4d e-flex e-con-boxed e-con e-parent\" data-id=\"be0db4d\" data-element_type=\"container\" data-settings=\"{&quot;background_background&quot;:&quot;classic&quot;}\">\n\t\t\t\t\t<div class=\"e-con-inner\">\n\t\t<div class=\"elementor-element elementor-element-4b9b0bd6 e-con-full e-flex e-con e-child\" data-id=\"4b9b0bd6\" data-element_type=\"container\" data-settings=\"{&quot;background_background&quot;:&quot;classic&quot;}\">\n\t\t\t\t<div class=\"elementor-element elementor-element-b7bb712 elementor-widget elementor-widget-heading\" data-id=\"b7bb712\" data-element_type=\"widget\" data-widget_type=\"heading.default\">\n\t\t\t\t\t<h2 class=\"elementor-heading-title elementor-size-default\">Menschen mit eingeschr\u00e4nkter Mobilit\u00e4t<\/h2>\t\t\t\t<\/div>\n\t\t\t\t<div class=\"elementor-element elementor-element-644288a3 elementor-widget elementor-widget-image\" data-id=\"644288a3\" data-element_type=\"widget\" data-widget_type=\"image.default\">\n\t\t\t\t\t\t\t\t\t\t\t\t\t\t\t<img decoding=\"async\" src=\"https:\/\/chateau-de-meung.com\/wp-content\/uploads\/elementor\/thumbs\/wheelchair-rlpn316o3kt8p29wplvtm6wtqq6mmkte1qxgl0afcs.png\" title=\"Rollstuhl\" alt=\"Rollstuhl\" loading=\"lazy\" \/>\t\t\t\t\t\t\t\t\t\t\t\t\t\t\t<\/div>\n\t\t\t\t<div class=\"elementor-element elementor-element-4a1e3ce1 elementor-widget elementor-widget-text-editor\" data-id=\"4a1e3ce1\" data-element_type=\"widget\" data-widget_type=\"text-editor.default\">\n\t\t\t\t\t\t\t\t\t<p class=\"p1\"><span class=\"s1\">Es sind Vorkehrungen vorgesehen, um die Aufnahme von Menschen mit eingeschr\u00e4nkter Mobilit\u00e4t, soweit dies m\u00f6glich ist, zu erleichtern.<\/span><\/p><p class=\"p1\"><span class=\"s1\">\u2714\ufe0f <b>Parkpl\u00e4tze, die f\u00fcr Menschen mit Behinderungen geeignet sind<\/b> Auf dem \u00f6ffentlichen Weg, gegen\u00fcber dem Schlosseingang (ihre Verf\u00fcgbarkeit kann nicht garantiert werden).<\/span><\/p><p class=\"p1\"><span class=\"s1\">\u2714\ufe0f Die Betroffenen werden gebeten, <b>erscheinen bei ihrer Ankunft <\/b>um einen angepassten Zugang zu erhalten<\/span><\/p><p class=\"p3\"><span class=\"s2\">Das Schloss ist <b>teilweise begehbar<\/b> im Sessel: Zugang nur im Erdgeschoss m\u00f6glich<\/span><\/p>\t\t\t\t\t\t\t\t<\/div>\n\t\t\t\t<\/div>\n\t\t<div class=\"elementor-element elementor-element-725fecb8 e-con-full e-flex e-con e-child\" data-id=\"725fecb8\" data-element_type=\"container\" data-settings=\"{&quot;background_background&quot;:&quot;classic&quot;}\">\n\t\t\t\t<div class=\"elementor-element elementor-element-2140cb67 elementor-widget elementor-widget-heading\" data-id=\"2140cb67\" data-element_type=\"widget\" data-widget_type=\"heading.default\">\n\t\t\t\t\t<h2 class=\"elementor-heading-title elementor-size-default\">Hilfreiche Informationen<\/h2>\t\t\t\t<\/div>\n\t\t\t\t<div class=\"elementor-element elementor-element-2917b294 elementor-widget elementor-widget-image\" data-id=\"2917b294\" data-element_type=\"widget\" data-widget_type=\"image.default\">\n\t\t\t\t\t\t\t\t\t\t\t\t\t\t\t<img decoding=\"async\" src=\"https:\/\/chateau-de-meung.com\/wp-content\/uploads\/elementor\/thumbs\/infofill-1-rlnvrisy3kc10le3g9yutf2fz9lnrfbfb7uqns54xo.png\" title=\"infofill (1)\" alt=\"infofill (1)\" loading=\"lazy\" \/>\t\t\t\t\t\t\t\t\t\t\t\t\t\t\t<\/div>\n\t\t\t\t<div class=\"elementor-element elementor-element-62f2aeec elementor-widget elementor-widget-text-editor\" data-id=\"62f2aeec\" data-element_type=\"widget\" data-widget_type=\"text-editor.default\">\n\t\t\t\t\t\t\t\t\t<p class=\"p1\"><span class=\"s1\"><b>Erm\u00e4\u00dfigter Tarif<\/b><b><\/b><\/span><\/p><p class=\"p2\"><span class=\"s1\">Menschen mit Behinderungen profitieren von <b>Erm\u00e4\u00dfigter Tarif,<\/b> gegen Vorlage der entsprechenden Karte.<\/span><\/p><p class=\"p2\"><span class=\"s1\">Dieser Tarif gilt nur f\u00fcr den Karteninhaber.<\/span><\/p><p class=\"p1\"><span class=\"s1\"><b>Sehschw\u00e4che<\/b><b><\/b><\/span><\/p><p class=\"p2\"><span class=\"s1\">Auf einfache Anfrage an der Rezeption, werden <b>unterst\u00fctzte Geh\u00e4use <\/b>k\u00f6nnen zur Verf\u00fcgung gestellt werden:<\/span><\/p><p class=\"p2\"><span class=\"s1\">\u2714\ufe0fGro\u00dfdruck-Besuchsheft<\/span><\/p><p class=\"p4\"><span class=\"s2\">\u2714\ufe0fVisitenkartenheft in Brailleschrift<\/span><\/p>\t\t\t\t\t\t\t\t<\/div>\n\t\t\t\t<\/div>\n\t\t\t\t\t<\/div>\n\t\t\t\t<\/div>\n\t\t<div class=\"elementor-element elementor-element-188c3e68 e-flex e-con-boxed e-con e-parent\" data-id=\"188c3e68\" data-element_type=\"container\" data-settings=\"{&quot;background_background&quot;:&quot;classic&quot;}\">\n\t\t\t\t\t<div class=\"e-con-inner\">\n\t\t<div class=\"elementor-element elementor-element-e69b988 e-con-full e-flex e-con e-child\" data-id=\"e69b988\" data-element_type=\"container\" data-settings=\"{&quot;background_background&quot;:&quot;classic&quot;}\">\n\t\t\t\t<div class=\"elementor-element elementor-element-7fffa6ab elementor-widget elementor-widget-heading\" data-id=\"7fffa6ab\" data-element_type=\"widget\" data-widget_type=\"heading.default\">\n\t\t\t\t\t<h2 class=\"elementor-heading-title elementor-size-default\">Komfort und\nKreislauf<\/h2>\t\t\t\t<\/div>\n\t\t\t\t<div class=\"elementor-element elementor-element-7283ecad elementor-widget elementor-widget-image\" data-id=\"7283ecad\" data-element_type=\"widget\" data-widget_type=\"image.default\">\n\t\t\t\t\t\t\t\t\t\t\t\t\t\t\t<img decoding=\"async\" src=\"https:\/\/chateau-de-meung.com\/wp-content\/uploads\/elementor\/thumbs\/checkfatfill-rlpn324iaeuj0o8jk4ag6ooac41zu9x4dvky2a916k.png\" title=\"checkfatfill\" alt=\"checkfatfill\" loading=\"lazy\" \/>\t\t\t\t\t\t\t\t\t\t\t\t\t\t\t<\/div>\n\t\t\t\t<div class=\"elementor-element elementor-element-6db422e8 elementor-widget elementor-widget-text-editor\" data-id=\"6db422e8\" data-element_type=\"widget\" data-widget_type=\"text-editor.default\">\n\t\t\t\t\t\t\t\t\t<p class=\"p1\"><span class=\"s1\">Das Anwesen weist folgende Merkmale auf:<\/span><\/p><p class=\"p1\"><span class=\"s1\">\u2714\ufe0f Parkwege geschottert oder mit Lehmboden<\/span><\/p><p class=\"p1\"><span class=\"s1\">\u2714\ufe0f Vorhandensein von <b>Sitze<\/b> w\u00e4hrend des gesamten Besichtigungspfades im Inneren und im Park<\/span><\/p><p class=\"p1\"><span class=\"s1\">\u2714\ufe0f<b>Barrierefreie sanit\u00e4re Anlagen<\/b> auf der Website verf\u00fcgbar<\/span><\/p><p class=\"p3\"><span class=\"s2\">\u2714\ufe0f Lesen <b>Begleithunde<\/b> Menschen mit Behinderungen sind im Schloss und im Park erlaubt.<\/span><\/p>\t\t\t\t\t\t\t\t<\/div>\n\t\t\t\t<\/div>\n\t\t<div class=\"elementor-element elementor-element-34882f61 e-con-full e-flex e-con e-child\" data-id=\"34882f61\" data-element_type=\"container\" data-settings=\"{&quot;background_background&quot;:&quot;classic&quot;}\">\n\t\t\t\t<div class=\"elementor-element elementor-element-3834dda elementor-widget elementor-widget-heading\" data-id=\"3834dda\" data-element_type=\"widget\" data-widget_type=\"heading.default\">\n\t\t\t\t\t<h2 class=\"elementor-heading-title elementor-size-default\">\u00d6ffentliches Verzeichnis\nder Barrierefreiheit<\/h2>\t\t\t\t<\/div>\n\t\t\t\t<div class=\"elementor-element elementor-element-5255b531 elementor-widget elementor-widget-image\" data-id=\"5255b531\" data-element_type=\"widget\" data-widget_type=\"image.default\">\n\t\t\t\t\t\t\t\t\t\t\t\t\t\t\t<img decoding=\"async\" src=\"https:\/\/chateau-de-meung.com\/wp-content\/uploads\/elementor\/thumbs\/certificatefill-copie-rk9nowdvcm6fhn5hyzw93b6dlazuzn21ujpn7onol8.png\" title=\"Zertifikat ausf\u00fcllen-Kopie\" alt=\"Zertifikat ausf\u00fcllen-Kopie\" loading=\"lazy\" \/>\t\t\t\t\t\t\t\t\t\t\t\t\t\t\t<\/div>\n\t\t\t\t<div class=\"elementor-element elementor-element-59d3778f elementor-widget elementor-widget-text-editor\" data-id=\"59d3778f\" data-element_type=\"widget\" data-widget_type=\"text-editor.default\">\n\t\t\t\t\t\t\t\t\t<p class=\"p1\"><span class=\"s1\">Das \u00f6ffentliche Zug\u00e4nglichkeitsregister kann gem\u00e4\u00df den geltenden Vorschriften eingesehen werden.<\/span><\/p>\t\t\t\t\t\t\t\t<\/div>\n\t\t\t\t<div class=\"elementor-element elementor-element-2bf7f563 meung-btn meung-btn--navy elementor-align-center elementor-widget elementor-widget-button\" data-id=\"2bf7f563\" data-element_type=\"widget\" data-widget_type=\"button.default\">\n\t\t\t\t\t\t\t\t\t\t<a class=\"elementor-button elementor-button-link elementor-size-sm\" href=\"http:\/\/www.chateau-de-meung.com\/wp-content\/uploads\/2026\/03\/RPA-Chateau-de-Meung-MAJ-05-03-2026.pdf\">\n\t\t\t\t\t\t<span class=\"elementor-button-content-wrapper\">\n\t\t\t\t\t\t<span class=\"elementor-button-icon\">\n\t\t\t\t<svg aria-hidden=\"true\" class=\"e-font-icon-svg e-fas-arrow-right\" viewbox=\"0 0 448 512\" xmlns=\"http:\/\/www.w3.org\/2000\/svg\"><path d=\"M190.5 66.9l22.2-22.2c9.4-9.4 24.6-9.4 33.9 0L441 239c9.4 9.4 9.4 24.6 0 33.9L246.6 467.3c-9.4 9.4-24.6 9.4-33.9 0l-22.2-22.2c-9.5-9.5-9.3-25 .4-34.3L311.4 296H24c-13.3 0-24-10.7-24-24v-32c0-13.3 10.7-24 24-24h287.4L190.9 101.2c-9.8-9.3-10-24.8-.4-34.3z\"><\/path><\/svg>\t\t\t<\/span>\n\t\t\t\t\t\t\t\t\t<span class=\"elementor-button-text\">DAS REGISTER SEHEN<\/span>\n\t\t\t\t\t<\/span>\n\t\t\t\t\t<\/a>\n\t\t\t\t\t\t\t\t<\/div>\n\t\t\t\t<div class=\"elementor-element elementor-element-24f65d2a elementor-widget__width-inherit elementor-widget elementor-widget-text-editor\" data-id=\"24f65d2a\" data-element_type=\"widget\" data-widget_type=\"text-editor.default\">\n\t\t\t\t\t\t\t\t\t<p class=\"p1\"><span class=\"s1\">Wir stehen Ihnen zur Verf\u00fcgung, um zu antworten<\/span><\/p><p class=\"p2\"><span class=\"s2\">Ihre Fragen zu beantworten und Ihnen bei der Vorbereitung Ihres Besuchs zu helfen<\/span><\/p>\t\t\t\t\t\t\t\t<\/div>\n\t\t\t\t<div class=\"elementor-element elementor-element-bd825a0 meung-btn meung-btn--navy elementor-align-center elementor-widget elementor-widget-button\" data-id=\"bd825a0\" data-element_type=\"widget\" data-widget_type=\"button.default\">\n\t\t\t\t\t\t\t\t\t\t<a class=\"elementor-button elementor-button-link elementor-size-sm\" href=\"\/de\/kontakt\/\">\n\t\t\t\t\t\t<span class=\"elementor-button-content-wrapper\">\n\t\t\t\t\t\t<span class=\"elementor-button-icon\">\n\t\t\t\t<svg aria-hidden=\"true\" class=\"e-font-icon-svg e-fas-arrow-right\" viewbox=\"0 0 448 512\" xmlns=\"http:\/\/www.w3.org\/2000\/svg\"><path d=\"M190.5 66.9l22.2-22.2c9.4-9.4 24.6-9.4 33.9 0L441 239c9.4 9.4 9.4 24.6 0 33.9L246.6 467.3c-9.4 9.4-24.6 9.4-33.9 0l-22.2-22.2c-9.5-9.5-9.3-25 .4-34.3L311.4 296H24c-13.3 0-24-10.7-24-24v-32c0-13.3 10.7-24 24-24h287.4L190.9 101.2c-9.8-9.3-10-24.8-.4-34.3z\"><\/path><\/svg>\t\t\t<\/span>\n\t\t\t\t\t\t\t\t\t<span class=\"elementor-button-text\">KONTAKTIEREN SIE UNS<\/span>\n\t\t\t\t\t<\/span>\n\t\t\t\t\t<\/a>\n\t\t\t\t\t\t\t\t<\/div>\n\t\t\t\t<\/div>\n\t\t\t\t\t<\/div>\n\t\t\t\t<\/div>\n\t\t<div class=\"elementor-element elementor-element-223a35e6 e-flex e-con-boxed e-con e-parent\" data-id=\"223a35e6\" data-element_type=\"container\" data-settings=\"{&quot;background_background&quot;:&quot;classic&quot;}\">\n\t\t\t\t\t<div class=\"e-con-inner\">\n\t\t<div class=\"elementor-element elementor-element-626a564f e-con-full e-flex e-con e-child\" data-id=\"626a564f\" data-element_type=\"container\">\n\t\t<div class=\"elementor-element elementor-element-6d16f786 e-con-full e-flex e-con e-child\" data-id=\"6d16f786\" data-element_type=\"container\" data-settings=\"{&quot;background_background&quot;:&quot;classic&quot;}\">\n\t\t<div class=\"elementor-element elementor-element-2fa879e6 e-con-full e-flex e-con e-child\" data-id=\"2fa879e6\" data-element_type=\"container\">\n\t\t\t\t<div class=\"elementor-element elementor-element-6ed2efe7 elementor-widget elementor-widget-heading\" data-id=\"6ed2efe7\" data-element_type=\"widget\" data-widget_type=\"heading.default\">\n\t\t\t\t\t<h2 class=\"elementor-heading-title elementor-size-default\"><a href=\"\/de\/bereiten-sie-ihren-besuch-vor\/zeitplan-kalender\/\">\u00d6ffnungszeiten &amp;\nKalender<\/a><\/h2>\t\t\t\t<\/div>\n\t\t\t\t<div class=\"elementor-element elementor-element-21ff643b meung-btn meung-btn--red meung-btn--round elementor-widget elementor-widget-button\" data-id=\"21ff643b\" data-element_type=\"widget\" data-widget_type=\"button.default\">\n\t\t\t\t\t\t\t\t\t\t<a class=\"elementor-button elementor-button-link elementor-size-sm\" href=\"\/de\/bereiten-sie-ihren-besuch-vor\/zeitplan-kalender\/\">\n\t\t\t\t\t\t<span class=\"elementor-button-content-wrapper\">\n\t\t\t\t\t\t<span class=\"elementor-button-icon\">\n\t\t\t\t<svg aria-hidden=\"true\" class=\"e-font-icon-svg e-fas-arrow-right\" viewbox=\"0 0 448 512\" xmlns=\"http:\/\/www.w3.org\/2000\/svg\"><path d=\"M190.5 66.9l22.2-22.2c9.4-9.4 24.6-9.4 33.9 0L441 239c9.4 9.4 9.4 24.6 0 33.9L246.6 467.3c-9.4 9.4-24.6 9.4-33.9 0l-22.2-22.2c-9.5-9.5-9.3-25 .4-34.3L311.4 296H24c-13.3 0-24-10.7-24-24v-32c0-13.3 10.7-24 24-24h287.4L190.9 101.2c-9.8-9.3-10-24.8-.4-34.3z\"><\/path><\/svg>\t\t\t<\/span>\n\t\t\t\t\t\t\t\t\t<span class=\"elementor-button-text\">KARTENVERKAUF<\/span>\n\t\t\t\t\t<\/span>\n\t\t\t\t\t<\/a>\n\t\t\t\t\t\t\t\t<\/div>\n\t\t\t\t<\/div>\n\t\t\t\t<\/div>\n\t\t<div class=\"elementor-element elementor-element-2386385c e-con-full e-flex e-con e-child\" data-id=\"2386385c\" data-element_type=\"container\" data-settings=\"{&quot;background_background&quot;:&quot;classic&quot;}\">\n\t\t<div class=\"elementor-element elementor-element-270e56bc e-con-full e-flex e-con e-child\" data-id=\"270e56bc\" data-element_type=\"container\">\n\t\t\t\t<div class=\"elementor-element elementor-element-90d33ae elementor-widget elementor-widget-heading\" data-id=\"90d33ae\" data-element_type=\"widget\" data-widget_type=\"heading.default\">\n\t\t\t\t\t<h2 class=\"elementor-heading-title elementor-size-default\"><a href=\"\/de\/abenteuerpark\/familienbesuch\/\">Besuch bei der Familie<\/a><\/h2>\t\t\t\t<\/div>\n\t\t\t\t<div class=\"elementor-element elementor-element-64f39479 meung-btn meung-btn--red meung-btn--round elementor-widget elementor-widget-button\" data-id=\"64f39479\" data-element_type=\"widget\" data-widget_type=\"button.default\">\n\t\t\t\t\t\t\t\t\t\t<a class=\"elementor-button elementor-button-link elementor-size-sm\" href=\"\/de\/abenteuerpark\/familienbesuch\/\">\n\t\t\t\t\t\t<span class=\"elementor-button-content-wrapper\">\n\t\t\t\t\t\t<span class=\"elementor-button-icon\">\n\t\t\t\t<svg aria-hidden=\"true\" class=\"e-font-icon-svg e-fas-arrow-right\" viewbox=\"0 0 448 512\" xmlns=\"http:\/\/www.w3.org\/2000\/svg\"><path d=\"M190.5 66.9l22.2-22.2c9.4-9.4 24.6-9.4 33.9 0L441 239c9.4 9.4 9.4 24.6 0 33.9L246.6 467.3c-9.4 9.4-24.6 9.4-33.9 0l-22.2-22.2c-9.5-9.5-9.3-25 .4-34.3L311.4 296H24c-13.3 0-24-10.7-24-24v-32c0-13.3 10.7-24 24-24h287.4L190.9 101.2c-9.8-9.3-10-24.8-.4-34.3z\"><\/path><\/svg>\t\t\t<\/span>\n\t\t\t\t\t\t\t\t\t<span class=\"elementor-button-text\">KARTENVERKAUF<\/span>\n\t\t\t\t\t<\/span>\n\t\t\t\t\t<\/a>\n\t\t\t\t\t\t\t\t<\/div>\n\t\t\t\t<\/div>\n\t\t\t\t<\/div>\n\t\t<div class=\"elementor-element elementor-element-521a82db e-con-full e-flex e-con e-child\" data-id=\"521a82db\" data-element_type=\"container\" data-settings=\"{&quot;background_background&quot;:&quot;classic&quot;}\">\n\t\t<div class=\"elementor-element elementor-element-267d935b e-con-full e-flex e-con e-child\" data-id=\"267d935b\" data-element_type=\"container\">\n\t\t\t\t<div class=\"elementor-element elementor-element-200ae6e elementor-widget elementor-widget-heading\" data-id=\"200ae6e\" data-element_type=\"widget\" data-widget_type=\"heading.default\">\n\t\t\t\t\t<h2 class=\"elementor-heading-title elementor-size-default\"><a href=\"\/de\/bereiten-sie-ihren-besuch-vor\/ticketpreise\/\">Tarife &amp; Tickets<\/a><\/h2>\t\t\t\t<\/div>\n\t\t\t\t<div class=\"elementor-element elementor-element-125c2f60 meung-btn meung-btn--red meung-btn--round elementor-widget elementor-widget-button\" data-id=\"125c2f60\" data-element_type=\"widget\" data-widget_type=\"button.default\">\n\t\t\t\t\t\t\t\t\t\t<a class=\"elementor-button elementor-button-link elementor-size-sm\" href=\"\/de\/bereiten-sie-ihren-besuch-vor\/ticketpreise\/\">\n\t\t\t\t\t\t<span class=\"elementor-button-content-wrapper\">\n\t\t\t\t\t\t<span class=\"elementor-button-icon\">\n\t\t\t\t<svg aria-hidden=\"true\" class=\"e-font-icon-svg e-fas-arrow-right\" viewbox=\"0 0 448 512\" xmlns=\"http:\/\/www.w3.org\/2000\/svg\"><path d=\"M190.5 66.9l22.2-22.2c9.4-9.4 24.6-9.4 33.9 0L441 239c9.4 9.4 9.4 24.6 0 33.9L246.6 467.3c-9.4 9.4-24.6 9.4-33.9 0l-22.2-22.2c-9.5-9.5-9.3-25 .4-34.3L311.4 296H24c-13.3 0-24-10.7-24-24v-32c0-13.3 10.7-24 24-24h287.4L190.9 101.2c-9.8-9.3-10-24.8-.4-34.3z\"><\/path><\/svg>\t\t\t<\/span>\n\t\t\t\t\t\t\t\t\t<span class=\"elementor-button-text\">KARTENVERKAUF<\/span>\n\t\t\t\t\t<\/span>\n\t\t\t\t\t<\/a>\n\t\t\t\t\t\t\t\t<\/div>\n\t\t\t\t<\/div>\n\t\t\t\t<\/div>\n\t\t\t\t<\/div>\n\t\t\t\t\t<\/div>\n\t\t\t\t<\/div>\n\t\t<div class=\"elementor-element elementor-element-5eacd58 e-flex e-con-boxed e-con e-parent\" data-id=\"5eacd58\" data-element_type=\"container\" data-settings=\"{&quot;background_background&quot;:&quot;classic&quot;}\">\n\t\t\t\t\t<div class=\"e-con-inner\">\n\t\t<div class=\"elementor-element elementor-element-6afa6625 e-con-full e-flex e-con e-child\" data-id=\"6afa6625\" data-element_type=\"container\" data-settings=\"{&quot;background_background&quot;:&quot;classic&quot;}\">\n\t\t\t\t<div class=\"elementor-element elementor-element-7fcfe23d elementor-widget elementor-widget-heading\" data-id=\"7fcfe23d\" data-element_type=\"widget\" data-widget_type=\"heading.default\">\n\t\t\t\t\t<h2 class=\"elementor-heading-title elementor-size-default\">Buchen Sie Ihren Besuch<\/h2>\t\t\t\t<\/div>\n\t\t\t\t<div class=\"elementor-element elementor-element-a3d13b5 elementor-widget elementor-widget-text-editor\" data-id=\"a3d13b5\" data-element_type=\"widget\" data-widget_type=\"text-editor.default\">\n\t\t\t\t\t\t\t\t\t<p class=\"p1\"><span class=\"s1\">Einzelticket f\u00fcr den Schlossbesuch und die Au\u00dfenaktivit\u00e4ten.<\/span><\/p>\t\t\t\t\t\t\t\t<\/div>\n\t\t\t\t<div class=\"elementor-element elementor-element-1c0300de meung-btn meung-btn--red elementor-align-center elementor-widget elementor-widget-button\" data-id=\"1c0300de\" data-element_type=\"widget\" data-widget_type=\"button.default\">\n\t\t\t\t\t\t\t\t\t\t<a class=\"elementor-button elementor-button-link elementor-size-sm\" href=\"\/de\/kartenschalter\/\">\n\t\t\t\t\t\t<span class=\"elementor-button-content-wrapper\">\n\t\t\t\t\t\t<span class=\"elementor-button-icon\">\n\t\t\t\t<svg aria-hidden=\"true\" class=\"e-font-icon-svg e-fas-arrow-right\" viewbox=\"0 0 448 512\" xmlns=\"http:\/\/www.w3.org\/2000\/svg\"><path d=\"M190.5 66.9l22.2-22.2c9.4-9.4 24.6-9.4 33.9 0L441 239c9.4 9.4 9.4 24.6 0 33.9L246.6 467.3c-9.4 9.4-24.6 9.4-33.9 0l-22.2-22.2c-9.5-9.5-9.3-25 .4-34.3L311.4 296H24c-13.3 0-24-10.7-24-24v-32c0-13.3 10.7-24 24-24h287.4L190.9 101.2c-9.8-9.3-10-24.8-.4-34.3z\"><\/path><\/svg>\t\t\t<\/span>\n\t\t\t\t\t\t\t\t\t<span class=\"elementor-button-text\">KARTENVERKAUF<\/span>\n\t\t\t\t\t<\/span>\n\t\t\t\t\t<\/a>\n\t\t\t\t\t\t\t\t<\/div>\n\t\t\t\t<\/div>\n\t\t\t\t\t<\/div>\n\t\t\t\t<\/div>\n\t\t\t\t<\/div>","protected":false},"excerpt":{"rendered":"<p>Accessibilit\u00e9 du ch\u00e2teau Informations pratiques sur l&rsquo;accessibilit\u00e9 du ch\u00e2teau de Meung sur Loire BILLETTERIE VISITE EN FAMILLE L\u2019\u00e9quipe du ch\u00e2teau-parc de Meung-sur-Loire a \u00e0 c\u0153ur de permettre l\u2019acc\u00e8s au patrimoine au plus grand nombre, dans les limites impos\u00e9es par un monument historique class\u00e9. Personnes \u00e0 mobilit\u00e9 r\u00e9duite Des am\u00e9nagements sont pr\u00e9vus pour faciliter l\u2019accueil des [&hellip;]<\/p>\n","protected":false},"author":1,"featured_media":0,"parent":1225,"menu_order":0,"comment_status":"closed","ping_status":"closed","template":"elementor_header_footer","meta":{"_acf_changed":false,"footnotes":""},"class_list":["post-1638","page","type-page","status-publish","hentry"],"acf":[],"_links":{"self":[{"href":"https:\/\/chateau-de-meung.com\/de\/wp-json\/wp\/v2\/pages\/1638","targetHints":{"allow":["GET"]}}],"collection":[{"href":"https:\/\/chateau-de-meung.com\/de\/wp-json\/wp\/v2\/pages"}],"about":[{"href":"https:\/\/chateau-de-meung.com\/de\/wp-json\/wp\/v2\/types\/page"}],"author":[{"embeddable":true,"href":"https:\/\/chateau-de-meung.com\/de\/wp-json\/wp\/v2\/users\/1"}],"replies":[{"embeddable":true,"href":"https:\/\/chateau-de-meung.com\/de\/wp-json\/wp\/v2\/comments?post=1638"}],"version-history":[{"count":16,"href":"https:\/\/chateau-de-meung.com\/de\/wp-json\/wp\/v2\/pages\/1638\/revisions"}],"predecessor-version":[{"id":2808,"href":"https:\/\/chateau-de-meung.com\/de\/wp-json\/wp\/v2\/pages\/1638\/revisions\/2808"}],"up":[{"embeddable":true,"href":"https:\/\/chateau-de-meung.com\/de\/wp-json\/wp\/v2\/pages\/1225"}],"wp:attachment":[{"href":"https:\/\/chateau-de-meung.com\/de\/wp-json\/wp\/v2\/media?parent=1638"}],"curies":[{"name":"wp","href":"https:\/\/api.w.org\/{rel}","templated":true}]}}