{"id":1839,"date":"2026-03-11T19:12:31","date_gmt":"2026-03-11T18:12:31","guid":{"rendered":"https:\/\/meung-sur-loire.agenceparadoxe.com\/?page_id=1839"},"modified":"2026-04-02T18:20:27","modified_gmt":"2026-04-02T16:20:27","slug":"etikettenunterscheidung","status":"publish","type":"page","link":"https:\/\/chateau-de-meung.com\/de\/engagements\/labels-distinction\/","title":{"rendered":"Etiketten und Auszeichnungen"},"content":{"rendered":"<div data-elementor-type=\"wp-page\" data-elementor-id=\"1839\" class=\"elementor elementor-1839\" data-elementor-post-type=\"page\">\n\t\t\t\t<div class=\"elementor-element elementor-element-4f62bbf3 e-flex e-con-boxed e-con e-parent\" data-id=\"4f62bbf3\" data-element_type=\"container\" data-settings=\"{&quot;background_background&quot;:&quot;classic&quot;}\">\n\t\t\t\t\t<div class=\"e-con-inner\">\n\t\t<div class=\"elementor-element elementor-element-585d8099 e-con-full e-flex e-con e-child\" data-id=\"585d8099\" data-element_type=\"container\">\n\t\t\t\t<div class=\"elementor-element elementor-element-58f9d9d2 elementor-widget elementor-widget-heading\" data-id=\"58f9d9d2\" data-element_type=\"widget\" data-widget_type=\"heading.default\">\n\t\t\t\t\t<h1 class=\"elementor-heading-title elementor-size-default\">Etiketten und\nAuszeichnungen<\/h1>\t\t\t\t<\/div>\n\t\t\t\t<div class=\"elementor-element elementor-element-2c4fa97f elementor-widget elementor-widget-heading\" data-id=\"2c4fa97f\" data-element_type=\"widget\" data-widget_type=\"heading.default\">\n\t\t\t\t\t<h2 class=\"elementor-heading-title elementor-size-default\">Anerkannte Verpflichtungen f\u00fcr eine qualitativ hochwertige und verantwortungsvolle Gastfreundschaft und Touristik\n<\/h2>\t\t\t\t<\/div>\n\t\t<div class=\"elementor-element elementor-element-67ee6357 e-con-full e-flex e-con e-child\" data-id=\"67ee6357\" data-element_type=\"container\">\n\t\t\t\t<div class=\"elementor-element elementor-element-3ab22abc meung-btn meung-btn--red elementor-widget elementor-widget-button\" data-id=\"3ab22abc\" data-element_type=\"widget\" data-widget_type=\"button.default\">\n\t\t\t\t\t\t\t\t\t\t<a class=\"elementor-button elementor-button-link elementor-size-sm\" href=\"\/de\/kartenschalter\/\">\n\t\t\t\t\t\t<span class=\"elementor-button-content-wrapper\">\n\t\t\t\t\t\t<span class=\"elementor-button-icon\">\n\t\t\t\t<svg aria-hidden=\"true\" class=\"e-font-icon-svg e-fas-arrow-right\" viewbox=\"0 0 448 512\" xmlns=\"http:\/\/www.w3.org\/2000\/svg\"><path d=\"M190.5 66.9l22.2-22.2c9.4-9.4 24.6-9.4 33.9 0L441 239c9.4 9.4 9.4 24.6 0 33.9L246.6 467.3c-9.4 9.4-24.6 9.4-33.9 0l-22.2-22.2c-9.5-9.5-9.3-25 .4-34.3L311.4 296H24c-13.3 0-24-10.7-24-24v-32c0-13.3 10.7-24 24-24h287.4L190.9 101.2c-9.8-9.3-10-24.8-.4-34.3z\"><\/path><\/svg>\t\t\t<\/span>\n\t\t\t\t\t\t\t\t\t<span class=\"elementor-button-text\">KARTENVERKAUF<\/span>\n\t\t\t\t\t<\/span>\n\t\t\t\t\t<\/a>\n\t\t\t\t\t\t\t\t<\/div>\n\t\t\t\t<div class=\"elementor-element elementor-element-fff326f meung-btn meung-btn--white elementor-widget elementor-widget-button\" data-id=\"fff326f\" data-element_type=\"widget\" data-widget_type=\"button.default\">\n\t\t\t\t\t\t\t\t\t\t<a class=\"elementor-button elementor-button-link elementor-size-sm\" href=\"\/de\/kontakt\/\">\n\t\t\t\t\t\t<span class=\"elementor-button-content-wrapper\">\n\t\t\t\t\t\t<span class=\"elementor-button-icon\">\n\t\t\t\t<svg aria-hidden=\"true\" class=\"e-font-icon-svg e-fas-arrow-right\" viewbox=\"0 0 448 512\" xmlns=\"http:\/\/www.w3.org\/2000\/svg\"><path d=\"M190.5 66.9l22.2-22.2c9.4-9.4 24.6-9.4 33.9 0L441 239c9.4 9.4 9.4 24.6 0 33.9L246.6 467.3c-9.4 9.4-24.6 9.4-33.9 0l-22.2-22.2c-9.5-9.5-9.3-25 .4-34.3L311.4 296H24c-13.3 0-24-10.7-24-24v-32c0-13.3 10.7-24 24-24h287.4L190.9 101.2c-9.8-9.3-10-24.8-.4-34.3z\"><\/path><\/svg>\t\t\t<\/span>\n\t\t\t\t\t\t\t\t\t<span class=\"elementor-button-text\">KONTAKTIEREN SIE UNS<\/span>\n\t\t\t\t\t<\/span>\n\t\t\t\t\t<\/a>\n\t\t\t\t\t\t\t\t<\/div>\n\t\t\t\t<\/div>\n\t\t\t\t<\/div>\n\t\t\t\t\t<\/div>\n\t\t\t\t<\/div>\n\t\t<div class=\"elementor-element elementor-element-7b5c2c9e meung-below e-flex e-con-boxed e-con e-parent\" data-id=\"7b5c2c9e\" data-element_type=\"container\" data-settings=\"{&quot;background_background&quot;:&quot;classic&quot;}\">\n\t\t\t\t\t<div class=\"e-con-inner\">\n\t\t\t\t<div class=\"elementor-element elementor-element-78ed1489 elementor-widget elementor-widget-text-editor\" data-id=\"78ed1489\" data-element_type=\"widget\" data-widget_type=\"text-editor.default\">\n\t\t\t\t\t\t\t\t\t<p class=\"p1\"><span class=\"s1\">Das Schloss von Meung-sur-Loire verpflichtet sich zu Qualit\u00e4t, Gastfreundschaft und Innovation. Es ist bekannt f\u00fcr seine st\u00e4ndigen Bem\u00fchungen in Bezug auf das Besuchererlebnis, die vielf\u00e4ltige Aufnahme und den verantwortungsvollen Tourismus.<\/span><\/p>\t\t\t\t\t\t\t\t<\/div>\n\t\t\t\t\t<\/div>\n\t\t\t\t<\/div>\n\t\t<div class=\"elementor-element elementor-element-119a735b e-flex e-con-boxed e-con e-parent\" data-id=\"119a735b\" data-element_type=\"container\" data-settings=\"{&quot;background_background&quot;:&quot;classic&quot;}\">\n\t\t\t\t\t<div class=\"e-con-inner\">\n\t\t<div class=\"elementor-element elementor-element-2849bd6c e-con-full e-flex e-con e-child\" data-id=\"2849bd6c\" data-element_type=\"container\" data-settings=\"{&quot;background_background&quot;:&quot;classic&quot;}\">\n\t\t\t\t<div class=\"elementor-element elementor-element-7dba7e6c elementor-widget elementor-widget-heading\" data-id=\"7dba7e6c\" data-element_type=\"widget\" data-widget_type=\"heading.default\">\n\t\t\t\t\t<h2 class=\"elementor-heading-title elementor-size-default\">Ziel\ninnovativ nachhaltig<\/h2>\t\t\t\t<\/div>\n\t\t\t\t<div class=\"elementor-element elementor-element-6900b803 elementor-widget elementor-widget-image\" data-id=\"6900b803\" data-element_type=\"widget\" data-widget_type=\"image.default\">\n\t\t\t\t\t\t\t\t\t\t\t\t\t\t\t<img decoding=\"async\" src=\"https:\/\/chateau-de-meung.com\/wp-content\/uploads\/elementor\/thumbs\/32-Logo-Innovation-rlt52deia0zj12w0u7ghj1e0sdc50xrhp4r1zwu8yw.jpg\" title=\"32-Logo-Innovation\" alt=\"32-Logo-Innovation\" loading=\"lazy\" \/>\t\t\t\t\t\t\t\t\t\t\t\t\t\t\t<\/div>\n\t\t\t\t<div class=\"elementor-element elementor-element-1854a14c elementor-widget elementor-widget-text-editor\" data-id=\"1854a14c\" data-element_type=\"widget\" data-widget_type=\"text-editor.default\">\n\t\t\t\t\t\t\t\t\t<p class=\"p1\"><span class=\"s1\">Das Schloss ist Teil der Dynamik des Labels \"Nachhaltiges innovatives Reiseziel\", das von der Destination getragen wird. <b>Orl\u00e9ans Val de Loire Tourismus,<\/b> wer Akteure vor Ort f\u00fcr einen verantwortungsvolleren Tourismus strukturiert und begleitet <b>umweltfreundlich.<\/b><b><\/b><\/span><\/p><p class=\"p3\"><span class=\"s2\">Diese Referenz ermutigt zur <b>nachhaltige und integrative Praktiken <\/b>auf der Ebene der Gebiete und touristischen Dienstleistungen.<\/span><\/p>\t\t\t\t\t\t\t\t<\/div>\n\t\t\t\t<\/div>\n\t\t<div class=\"elementor-element elementor-element-366c81a6 e-con-full e-flex e-con e-child\" data-id=\"366c81a6\" data-element_type=\"container\" data-settings=\"{&quot;background_background&quot;:&quot;classic&quot;}\">\n\t\t\t\t<div class=\"elementor-element elementor-element-93b3bdf elementor-widget elementor-widget-heading\" data-id=\"93b3bdf\" data-element_type=\"widget\" data-widget_type=\"heading.default\">\n\t\t\t\t\t<h2 class=\"elementor-heading-title elementor-size-default\">Tourismuspreis 2024<\/h2>\t\t\t\t<\/div>\n\t\t\t\t<div class=\"elementor-element elementor-element-3375165c elementor-widget elementor-widget-image\" data-id=\"3375165c\" data-element_type=\"widget\" data-widget_type=\"image.default\">\n\t\t\t\t\t\t\t\t\t\t\t\t\t\t\t<img decoding=\"async\" src=\"https:\/\/chateau-de-meung.com\/wp-content\/uploads\/elementor\/thumbs\/32-Logo-Tourisme-rlt52deia0zj12w0u7ghj1e0sdc50xrhp4r1zwu8yw.jpg\" title=\"32-Logo-Tourismus\" alt=\"32-Logo-Tourismus\" loading=\"lazy\" \/>\t\t\t\t\t\t\t\t\t\t\t\t\t\t\t<\/div>\n\t\t\t\t<div class=\"elementor-element elementor-element-24093a2d elementor-widget elementor-widget-text-editor\" data-id=\"24093a2d\" data-element_type=\"widget\" data-widget_type=\"text-editor.default\">\n\t\t\t\t\t\t\t\t\t<p class=\"p1\"><span class=\"s1\">Das Schloss von Meung-sur-Loire erhielt 2024 den Tourismuspreis in der <b>Kategorie: Empfang und Kundenerlebnis.<\/b><b><\/b><\/span><\/p><p class=\"p3\"><span class=\"s2\">Diese Auszeichnung, verliehen von <b>Tourisme Loiret<\/b> beleuchtet die Verbesserung der\u2019<b>Familienempfang<\/b>, dank neuer \u00e4u\u00dferer Besichtigungsrouten wie H\u00e4ngenetze, animatronischer Drachen und eines Mini-Bauernhofs, wodurch die Qualit\u00e4t des Besuchererlebnisses gesteigert wird.<\/span><\/p>\t\t\t\t\t\t\t\t<\/div>\n\t\t\t\t<\/div>\n\t\t\t\t\t<\/div>\n\t\t\t\t<\/div>\n\t\t<div class=\"elementor-element elementor-element-433eb23e e-flex e-con-boxed e-con e-parent\" data-id=\"433eb23e\" data-element_type=\"container\" data-settings=\"{&quot;background_background&quot;:&quot;classic&quot;}\">\n\t\t\t\t\t<div class=\"e-con-inner\">\n\t\t<div class=\"elementor-element elementor-element-20aead89 e-con-full e-flex e-con e-child\" data-id=\"20aead89\" data-element_type=\"container\" data-settings=\"{&quot;background_background&quot;:&quot;classic&quot;}\">\n\t\t\t\t<div class=\"elementor-element elementor-element-db34c64 elementor-widget elementor-widget-heading\" data-id=\"db34c64\" data-element_type=\"widget\" data-widget_type=\"heading.default\">\n\t\t\t\t\t<h2 class=\"elementor-heading-title elementor-size-default\">V\u00e9los willkommen<\/h2>\t\t\t\t<\/div>\n\t\t\t\t<div class=\"elementor-element elementor-element-35fa64f4 elementor-widget elementor-widget-image\" data-id=\"35fa64f4\" data-element_type=\"widget\" data-widget_type=\"image.default\">\n\t\t\t\t\t\t\t\t\t\t\t\t\t\t\t<img decoding=\"async\" src=\"https:\/\/chateau-de-meung.com\/wp-content\/uploads\/elementor\/thumbs\/32-Logo-Velo-rkd6bnqxtgex3vqwc7x9mqw1hkpm6hzdpups3shd60.jpg\" title=\"32 Logo Fahrrad\" alt=\"32 Logo Fahrrad\" loading=\"lazy\" \/>\t\t\t\t\t\t\t\t\t\t\t\t\t\t\t<\/div>\n\t\t\t\t<div class=\"elementor-element elementor-element-7bc3a349 elementor-widget elementor-widget-text-editor\" data-id=\"7bc3a349\" data-element_type=\"widget\" data-widget_type=\"text-editor.default\">\n\t\t\t\t\t\t\t\t\t<p class=\"p1\"><span class=\"s1\">Das Schloss profitiert vom Label Accueil V\u00e9lo, einer nationalen Marke, die eine <b>Empfang und Dienstleistungen f\u00fcr Radtouristen<\/b>.<\/span><\/p><p class=\"p3\"><span class=\"s2\">Dieses Label best\u00e4tigt, dass Radtouristen entlang der nationalen Radwege, insbesondere derjenigen von [Name des Weges], ein hochwertiges Willkommen, praktische Informationen und spezielle Dienstleistungen genie\u00dfen k\u00f6nnen. <b>Loire \u00e0 V\u00e9lo<\/b>.<\/span><\/p>\t\t\t\t\t\t\t\t<\/div>\n\t\t\t\t<\/div>\n\t\t<div class=\"elementor-element elementor-element-79042b68 e-con-full e-flex e-con e-child\" data-id=\"79042b68\" data-element_type=\"container\" data-settings=\"{&quot;background_background&quot;:&quot;classic&quot;}\">\n\t\t\t\t<div class=\"elementor-element elementor-element-c79a7fa elementor-widget elementor-widget-heading\" data-id=\"c79a7fa\" data-element_type=\"widget\" data-widget_type=\"heading.default\">\n\t\t\t\t\t<h2 class=\"elementor-heading-title elementor-size-default\">Chinesisch-Franz\u00f6sisch<\/h2>\t\t\t\t<\/div>\n\t\t\t\t<div class=\"elementor-element elementor-element-8f3e849 elementor-widget elementor-widget-image\" data-id=\"8f3e849\" data-element_type=\"widget\" data-widget_type=\"image.default\">\n\t\t\t\t\t\t\t\t\t\t\t\t\t\t\t<img decoding=\"async\" src=\"https:\/\/chateau-de-meung.com\/wp-content\/uploads\/elementor\/thumbs\/32-Logo-Sino-Frech-Prov-rlt52deivydglsaqvmjubiw7447upvdrcaaq24tdgo.jpg\" title=\"32-Logo-Sino-Frech Prov\" alt=\"32-Logo-Sino-Frech Prov\" loading=\"lazy\" \/>\t\t\t\t\t\t\t\t\t\t\t\t\t\t\t<\/div>\n\t\t\t\t<div class=\"elementor-element elementor-element-38f2c7c7 elementor-widget elementor-widget-text-editor\" data-id=\"38f2c7c7\" data-element_type=\"widget\" data-widget_type=\"text-editor.default\">\n\t\t\t\t\t\t\t\t\t<p class=\"p1\"><span class=\"s1\">Das Label Sino-French zeichnet die Begr\u00fc\u00dfung chinesischer Touristen aus und spiegelt das Engagement f\u00fcr eine Willkommenskultur wider, die den spezifischen Erwartungen einer internationalen Kundschaft entspricht.<\/span><\/p><p class=\"p3\"><span class=\"s2\">Er st\u00fctzt sich auf einige b<b>praktische Touristische Empfangsdienstleistungen<\/b> erarbeitet in Absprache mit lokalen Akteuren und inspiriert von <b>Chinesisch-franz\u00f6sischer Tourismusaustausch.<\/b><\/span><\/p>\t\t\t\t\t\t\t\t<\/div>\n\t\t\t\t<\/div>\n\t\t\t\t\t<\/div>\n\t\t\t\t<\/div>\n\t\t<div class=\"elementor-element elementor-element-718710d8 e-flex e-con-boxed e-con e-parent\" data-id=\"718710d8\" data-element_type=\"container\" data-settings=\"{&quot;background_background&quot;:&quot;classic&quot;}\">\n\t\t\t\t\t<div class=\"e-con-inner\">\n\t\t<div class=\"elementor-element elementor-element-17b5800 e-con-full e-flex e-con e-child\" data-id=\"17b5800\" data-element_type=\"container\">\n\t\t<div class=\"elementor-element elementor-element-1aeea674 e-con-full e-flex e-con e-child\" data-id=\"1aeea674\" data-element_type=\"container\" data-settings=\"{&quot;background_background&quot;:&quot;classic&quot;}\">\n\t\t<div class=\"elementor-element elementor-element-300e32e8 e-con-full e-flex e-con e-child\" data-id=\"300e32e8\" data-element_type=\"container\">\n\t\t\t\t<div class=\"elementor-element elementor-element-358e8d2e elementor-widget elementor-widget-heading\" data-id=\"358e8d2e\" data-element_type=\"widget\" data-widget_type=\"heading.default\">\n\t\t\t\t\t<h2 class=\"elementor-heading-title elementor-size-default\"><a href=\"\/de\/bereiten-sie-ihren-besuch-vor\/zeitplan-kalender\/\">\u00d6ffnungszeiten &amp;\nKalender<\/a><\/h2>\t\t\t\t<\/div>\n\t\t\t\t<div class=\"elementor-element elementor-element-146eaf41 meung-btn meung-btn--red meung-btn--round elementor-widget elementor-widget-button\" data-id=\"146eaf41\" data-element_type=\"widget\" data-widget_type=\"button.default\">\n\t\t\t\t\t\t\t\t\t\t<a class=\"elementor-button elementor-button-link elementor-size-sm\" href=\"\/de\/bereiten-sie-ihren-besuch-vor\/zeitplan-kalender\/\">\n\t\t\t\t\t\t<span class=\"elementor-button-content-wrapper\">\n\t\t\t\t\t\t<span class=\"elementor-button-icon\">\n\t\t\t\t<svg aria-hidden=\"true\" class=\"e-font-icon-svg e-fas-arrow-right\" viewbox=\"0 0 448 512\" xmlns=\"http:\/\/www.w3.org\/2000\/svg\"><path d=\"M190.5 66.9l22.2-22.2c9.4-9.4 24.6-9.4 33.9 0L441 239c9.4 9.4 9.4 24.6 0 33.9L246.6 467.3c-9.4 9.4-24.6 9.4-33.9 0l-22.2-22.2c-9.5-9.5-9.3-25 .4-34.3L311.4 296H24c-13.3 0-24-10.7-24-24v-32c0-13.3 10.7-24 24-24h287.4L190.9 101.2c-9.8-9.3-10-24.8-.4-34.3z\"><\/path><\/svg>\t\t\t<\/span>\n\t\t\t\t\t\t\t\t\t<span class=\"elementor-button-text\">KARTENVERKAUF<\/span>\n\t\t\t\t\t<\/span>\n\t\t\t\t\t<\/a>\n\t\t\t\t\t\t\t\t<\/div>\n\t\t\t\t<\/div>\n\t\t\t\t<\/div>\n\t\t<div class=\"elementor-element elementor-element-1d6a60f1 e-con-full e-flex e-con e-child\" data-id=\"1d6a60f1\" data-element_type=\"container\" data-settings=\"{&quot;background_background&quot;:&quot;classic&quot;}\">\n\t\t<div class=\"elementor-element elementor-element-604b6864 e-con-full e-flex e-con e-child\" data-id=\"604b6864\" data-element_type=\"container\">\n\t\t\t\t<div class=\"elementor-element elementor-element-37fa2445 elementor-widget elementor-widget-heading\" data-id=\"37fa2445\" data-element_type=\"widget\" data-widget_type=\"heading.default\">\n\t\t\t\t\t<h2 class=\"elementor-heading-title elementor-size-default\"><a href=\"\/de\/abenteuerpark\/familienbesuch\/\">Besuch bei der Familie<\/a><\/h2>\t\t\t\t<\/div>\n\t\t\t\t<div class=\"elementor-element elementor-element-123ba0c5 meung-btn meung-btn--red meung-btn--round elementor-widget elementor-widget-button\" data-id=\"123ba0c5\" data-element_type=\"widget\" data-widget_type=\"button.default\">\n\t\t\t\t\t\t\t\t\t\t<a class=\"elementor-button elementor-button-link elementor-size-sm\" href=\"\/de\/abenteuerpark\/familienbesuch\/\">\n\t\t\t\t\t\t<span class=\"elementor-button-content-wrapper\">\n\t\t\t\t\t\t<span class=\"elementor-button-icon\">\n\t\t\t\t<svg aria-hidden=\"true\" class=\"e-font-icon-svg e-fas-arrow-right\" viewbox=\"0 0 448 512\" xmlns=\"http:\/\/www.w3.org\/2000\/svg\"><path d=\"M190.5 66.9l22.2-22.2c9.4-9.4 24.6-9.4 33.9 0L441 239c9.4 9.4 9.4 24.6 0 33.9L246.6 467.3c-9.4 9.4-24.6 9.4-33.9 0l-22.2-22.2c-9.5-9.5-9.3-25 .4-34.3L311.4 296H24c-13.3 0-24-10.7-24-24v-32c0-13.3 10.7-24 24-24h287.4L190.9 101.2c-9.8-9.3-10-24.8-.4-34.3z\"><\/path><\/svg>\t\t\t<\/span>\n\t\t\t\t\t\t\t\t\t<span class=\"elementor-button-text\">KARTENVERKAUF<\/span>\n\t\t\t\t\t<\/span>\n\t\t\t\t\t<\/a>\n\t\t\t\t\t\t\t\t<\/div>\n\t\t\t\t<\/div>\n\t\t\t\t<\/div>\n\t\t<div class=\"elementor-element elementor-element-7eda2273 e-con-full e-flex e-con e-child\" data-id=\"7eda2273\" data-element_type=\"container\" data-settings=\"{&quot;background_background&quot;:&quot;classic&quot;}\">\n\t\t<div class=\"elementor-element elementor-element-75483448 e-con-full e-flex e-con e-child\" data-id=\"75483448\" data-element_type=\"container\">\n\t\t\t\t<div class=\"elementor-element elementor-element-2fd4ff1b elementor-widget elementor-widget-heading\" data-id=\"2fd4ff1b\" data-element_type=\"widget\" data-widget_type=\"heading.default\">\n\t\t\t\t\t<h2 class=\"elementor-heading-title elementor-size-default\"><a href=\"\/de\/bereiten-sie-ihren-besuch-vor\/ticketpreise\/\">Tarife &amp; Tickets<\/a><\/h2>\t\t\t\t<\/div>\n\t\t\t\t<div class=\"elementor-element elementor-element-7903b579 meung-btn meung-btn--red meung-btn--round elementor-widget elementor-widget-button\" data-id=\"7903b579\" data-element_type=\"widget\" data-widget_type=\"button.default\">\n\t\t\t\t\t\t\t\t\t\t<a class=\"elementor-button elementor-button-link elementor-size-sm\" href=\"\/de\/bereiten-sie-ihren-besuch-vor\/ticketpreise\/\">\n\t\t\t\t\t\t<span class=\"elementor-button-content-wrapper\">\n\t\t\t\t\t\t<span class=\"elementor-button-icon\">\n\t\t\t\t<svg aria-hidden=\"true\" class=\"e-font-icon-svg e-fas-arrow-right\" viewbox=\"0 0 448 512\" xmlns=\"http:\/\/www.w3.org\/2000\/svg\"><path d=\"M190.5 66.9l22.2-22.2c9.4-9.4 24.6-9.4 33.9 0L441 239c9.4 9.4 9.4 24.6 0 33.9L246.6 467.3c-9.4 9.4-24.6 9.4-33.9 0l-22.2-22.2c-9.5-9.5-9.3-25 .4-34.3L311.4 296H24c-13.3 0-24-10.7-24-24v-32c0-13.3 10.7-24 24-24h287.4L190.9 101.2c-9.8-9.3-10-24.8-.4-34.3z\"><\/path><\/svg>\t\t\t<\/span>\n\t\t\t\t\t\t\t\t\t<span class=\"elementor-button-text\">KARTENVERKAUF<\/span>\n\t\t\t\t\t<\/span>\n\t\t\t\t\t<\/a>\n\t\t\t\t\t\t\t\t<\/div>\n\t\t\t\t<\/div>\n\t\t\t\t<\/div>\n\t\t\t\t<\/div>\n\t\t\t\t\t<\/div>\n\t\t\t\t<\/div>\n\t\t<div class=\"elementor-element elementor-element-5e958e52 e-flex e-con-boxed e-con e-parent\" data-id=\"5e958e52\" data-element_type=\"container\" data-settings=\"{&quot;background_background&quot;:&quot;classic&quot;}\">\n\t\t\t\t\t<div class=\"e-con-inner\">\n\t\t<div class=\"elementor-element elementor-element-32ad0305 e-con-full e-flex e-con e-child\" data-id=\"32ad0305\" data-element_type=\"container\" data-settings=\"{&quot;background_background&quot;:&quot;classic&quot;}\">\n\t\t\t\t<div class=\"elementor-element elementor-element-2f20409b elementor-widget elementor-widget-heading\" data-id=\"2f20409b\" data-element_type=\"widget\" data-widget_type=\"heading.default\">\n\t\t\t\t\t<h2 class=\"elementor-heading-title elementor-size-default\">Buchen Sie Ihren Besuch<\/h2>\t\t\t\t<\/div>\n\t\t\t\t<div class=\"elementor-element elementor-element-769dd62b elementor-widget elementor-widget-text-editor\" data-id=\"769dd62b\" data-element_type=\"widget\" data-widget_type=\"text-editor.default\">\n\t\t\t\t\t\t\t\t\t<p class=\"p1\"><span class=\"s1\">Einzelticket f\u00fcr den Schlossbesuch und die Au\u00dfenaktivit\u00e4ten.<\/span><\/p>\t\t\t\t\t\t\t\t<\/div>\n\t\t\t\t<div class=\"elementor-element elementor-element-deb9f21 meung-btn meung-btn--red elementor-align-center elementor-widget elementor-widget-button\" data-id=\"deb9f21\" data-element_type=\"widget\" data-widget_type=\"button.default\">\n\t\t\t\t\t\t\t\t\t\t<a class=\"elementor-button elementor-button-link elementor-size-sm\" href=\"\/de\/kartenschalter\/\">\n\t\t\t\t\t\t<span class=\"elementor-button-content-wrapper\">\n\t\t\t\t\t\t<span class=\"elementor-button-icon\">\n\t\t\t\t<svg aria-hidden=\"true\" class=\"e-font-icon-svg e-fas-arrow-right\" viewbox=\"0 0 448 512\" xmlns=\"http:\/\/www.w3.org\/2000\/svg\"><path d=\"M190.5 66.9l22.2-22.2c9.4-9.4 24.6-9.4 33.9 0L441 239c9.4 9.4 9.4 24.6 0 33.9L246.6 467.3c-9.4 9.4-24.6 9.4-33.9 0l-22.2-22.2c-9.5-9.5-9.3-25 .4-34.3L311.4 296H24c-13.3 0-24-10.7-24-24v-32c0-13.3 10.7-24 24-24h287.4L190.9 101.2c-9.8-9.3-10-24.8-.4-34.3z\"><\/path><\/svg>\t\t\t<\/span>\n\t\t\t\t\t\t\t\t\t<span class=\"elementor-button-text\">KARTENVERKAUF<\/span>\n\t\t\t\t\t<\/span>\n\t\t\t\t\t<\/a>\n\t\t\t\t\t\t\t\t<\/div>\n\t\t\t\t<\/div>\n\t\t\t\t\t<\/div>\n\t\t\t\t<\/div>\n\t\t\t\t<\/div>","protected":false},"excerpt":{"rendered":"<p>Labels et distinctions Des engagements reconnus en faveur d\u2019un accueil de qualit\u00e9 et d\u2019un tourisme responsable BILLETTERIE NOUS CONTACTER Le ch\u00e2teau de Meung-sur-Loire s\u2019inscrit dans une d\u00e9marche de qualit\u00e9, d\u2019accueil et d\u2019innovation. Il est reconnu pour ses efforts constants en mati\u00e8re d\u2019exp\u00e9rience visiteur, d\u2019accueil diversifi\u00e9 et de tourisme responsable. Destination innovante durable Le ch\u00e2teau s\u2019inscrit [&hellip;]<\/p>\n","protected":false},"author":1,"featured_media":0,"parent":1811,"menu_order":0,"comment_status":"closed","ping_status":"closed","template":"elementor_header_footer","meta":{"_acf_changed":false,"footnotes":""},"class_list":["post-1839","page","type-page","status-publish","hentry"],"acf":[],"_links":{"self":[{"href":"https:\/\/chateau-de-meung.com\/de\/wp-json\/wp\/v2\/pages\/1839","targetHints":{"allow":["GET"]}}],"collection":[{"href":"https:\/\/chateau-de-meung.com\/de\/wp-json\/wp\/v2\/pages"}],"about":[{"href":"https:\/\/chateau-de-meung.com\/de\/wp-json\/wp\/v2\/types\/page"}],"author":[{"embeddable":true,"href":"https:\/\/chateau-de-meung.com\/de\/wp-json\/wp\/v2\/users\/1"}],"replies":[{"embeddable":true,"href":"https:\/\/chateau-de-meung.com\/de\/wp-json\/wp\/v2\/comments?post=1839"}],"version-history":[{"count":19,"href":"https:\/\/chateau-de-meung.com\/de\/wp-json\/wp\/v2\/pages\/1839\/revisions"}],"predecessor-version":[{"id":3040,"href":"https:\/\/chateau-de-meung.com\/de\/wp-json\/wp\/v2\/pages\/1839\/revisions\/3040"}],"up":[{"embeddable":true,"href":"https:\/\/chateau-de-meung.com\/de\/wp-json\/wp\/v2\/pages\/1811"}],"wp:attachment":[{"href":"https:\/\/chateau-de-meung.com\/de\/wp-json\/wp\/v2\/media?parent=1839"}],"curies":[{"name":"wp","href":"https:\/\/api.w.org\/{rel}","templated":true}]}}