{"id":2034,"date":"2026-03-13T15:59:21","date_gmt":"2026-03-13T14:59:21","guid":{"rendered":"https:\/\/meung-sur-loire.agenceparadoxe.com\/?page_id=2034"},"modified":"2026-03-22T15:57:47","modified_gmt":"2026-03-22T14:57:47","slug":"lehrerbereich","status":"publish","type":"page","link":"https:\/\/chateau-de-meung.com\/de\/espace-enseignants\/","title":{"rendered":"Lehrerbereich Anmeldung"},"content":{"rendered":"<div data-elementor-type=\"wp-page\" data-elementor-id=\"2034\" class=\"elementor elementor-2034\" data-elementor-post-type=\"page\">\n\t\t\t\t<div class=\"elementor-element elementor-element-fe8d77d e-con-full meung-event-hero e-flex e-con e-child\" data-id=\"fe8d77d\" data-element_type=\"container\" data-settings=\"{&quot;background_background&quot;:&quot;classic&quot;}\">\n\t\t\t\t<div class=\"elementor-element elementor-element-75bfb07 meung-event-title elementor-widget elementor-widget-heading\" data-id=\"75bfb07\" data-element_type=\"widget\" data-widget_type=\"heading.default\">\n\t\t\t\t\t<h1 class=\"elementor-heading-title elementor-size-default\">Lehrerbereich<\/h1>\t\t\t\t<\/div>\n\t\t\t\t<div class=\"elementor-element elementor-element-cbe9d6a elementor-widget elementor-widget-heading\" data-id=\"cbe9d6a\" data-element_type=\"widget\" data-widget_type=\"heading.default\">\n\t\t\t\t\t<h2 class=\"elementor-heading-title elementor-size-default\">P\u00e4dagogische Ressourcen<\/h2>\t\t\t\t<\/div>\n\t\t\t\t<\/div>\n\t\t<div class=\"elementor-element elementor-element-5719d17 e-flex e-con-boxed e-con e-parent\" data-id=\"5719d17\" data-element_type=\"container\" data-settings=\"{&quot;background_background&quot;:&quot;classic&quot;}\">\n\t\t\t\t\t<div class=\"e-con-inner\">\n\t\t\t\t<div class=\"elementor-element elementor-element-e1e67c4 elementor-widget elementor-widget-text-editor\" data-id=\"e1e67c4\" data-element_type=\"widget\" data-widget_type=\"text-editor.default\">\n\t\t\t\t\t\t\t\t\t<p class=\"p1\"><span class=\"s1\">Dieser Bereich ist f\u00fcr Lehrer und Bildungsteams bestimmt, die einen Besuch im Schloss von Meung-sur-Loire gebucht haben oder ihn vorbereiten. <\/span><\/p>\t\t\t\t\t\t\t\t<\/div>\n\t\t\t\t\t<\/div>\n\t\t\t\t<\/div>\n\t\t<div class=\"elementor-element elementor-element-ad36fa8 e-flex e-con-boxed e-con e-parent\" data-id=\"ad36fa8\" data-element_type=\"container\" data-settings=\"{&quot;background_background&quot;:&quot;classic&quot;}\">\n\t\t\t\t\t<div class=\"e-con-inner\">\n\t\t<div class=\"elementor-element elementor-element-5e66bd3 e-con-full e-flex e-con e-child\" data-id=\"5e66bd3\" data-element_type=\"container\" data-settings=\"{&quot;background_background&quot;:&quot;classic&quot;}\">\n\t\t\t\t<div class=\"elementor-element elementor-element-df3921e elementor-widget elementor-widget-heading\" data-id=\"df3921e\" data-element_type=\"widget\" data-widget_type=\"heading.default\">\n\t\t\t\t\t<h2 class=\"elementor-heading-title elementor-size-default\">Haben Sie Zugangscodes?<\/h2>\t\t\t\t<\/div>\n\t\t\t\t<div class=\"elementor-element elementor-element-570f766 elementor-widget elementor-widget-shortcode\" data-id=\"570f766\" data-element_type=\"widget\" data-widget_type=\"shortcode.default\">\n\t\t\t\t\t\t\t<div class=\"elementor-shortcode\"><div class=\"meung-ps-login-wrap\"><form name=\"meung-ps-login-form-teachers\" id=\"meung-ps-login-form-teachers\" action=\"https:\/\/chateau-de-meung.com\/de\/hhgdrfdgr45rdf54ygdf\/\" method=\"post\"><p class=\"login-username\">\n\t\t\t\t<label for=\"user_login_teachers\">Kennung<\/label>\n\t\t\t\t<input type=\"text\" name=\"log\" id=\"user_login_teachers\" autocomplete=\"username\" class=\"input\" value=\"\" size=\"20\" \/>\n\t\t\t<\/p><p class=\"login-password\">\n\t\t\t\t<label for=\"user_pass_teachers\">Passwort<\/label>\n\t\t\t\t<input type=\"password\" name=\"pwd\" id=\"user_pass_teachers\" autocomplete=\"current-password\" spellcheck=\"false\" class=\"input\" value=\"\" size=\"20\" \/>\n\t\t\t<\/p>\t\t<div id=\"cf-turnstile-4085345575\"\r\n\t\tclass=\"cf-turnstile\" \t\tdata-sitekey=\"0x4AAAAAACzCsPOAgbBF0Fxq\"\r\n\t\tdata-theme=\"light\"\r\n\t\tdata-language=\"auto\"\r\n\t\tdata-size=\"normal\"\r\n\t\tdata-retry=\"auto\" data-retry-interval=\"1000\"\r\n\t\tdata-refresh-expired=\"auto\"\r\n\t\tdata-action=\"wordpress-login\"\r\n\t\t\t\tdata-appearance=\"always\"><\/div>\r\n\t\t\t<script>document.addEventListener(\"DOMContentLoaded\", function() { setTimeout(function(){ var e=document.getElementById(\"cf-turnstile-4085345575\"); e&&!e.innerHTML.trim()&&(turnstile.remove(\"#cf-turnstile-4085345575\"), turnstile.render(\"#cf-turnstile-4085345575\", {sitekey:\"0x4AAAAAACzCsPOAgbBF0Fxq\"})); }, 100); });<\/script>\r\n\t\t\t<br class=\"cf-turnstile-br cf-turnstile-br-4085345575\">\r\n\t\t\t\t<style>#cf-turnstile-4085345575 { margin-left: -15px; }<\/style>\r\n\t\t<p class=\"login-submit\">\n\t\t\t\t<input type=\"submit\" name=\"wp-submit\" id=\"wp-submit_teachers\" class=\"button button-primary\" value=\"Anmelden\" \/>\n\t\t\t\t<input type=\"hidden\" name=\"redirect_to\" value=\"https:\/\/chateau-de-meung.com\/de\/espace-enseignants\/ressources\/\" \/>\n\t\t\t<\/p><\/form><\/div><\/div>\n\t\t\t\t\t\t<\/div>\n\t\t\t\t<\/div>\n\t\t<div class=\"elementor-element elementor-element-294db6f e-con-full e-flex e-con e-child\" data-id=\"294db6f\" data-element_type=\"container\" data-settings=\"{&quot;background_background&quot;:&quot;classic&quot;}\">\n\t\t\t\t<div class=\"elementor-element elementor-element-c3b1676 elementor-widget elementor-widget-heading\" data-id=\"c3b1676\" data-element_type=\"widget\" data-widget_type=\"heading.default\">\n\t\t\t\t\t<h2 class=\"elementor-heading-title elementor-size-default\">Sie haben noch keine Codes?<\/h2>\t\t\t\t<\/div>\n\t\t\t\t<div class=\"elementor-element elementor-element-ec2646b elementor-widget elementor-widget-text-editor\" data-id=\"ec2646b\" data-element_type=\"widget\" data-widget_type=\"text-editor.default\">\n\t\t\t\t\t\t\t\t\t<p class=\"p1\"><span class=\"s1\">Der Zugang ist nur f\u00fcr Einrichtungen mit einem geplanten Besuch m\u00f6glich. Um Ihre Zugangsdaten zu erhalten, kontaktieren Sie bitte unsere Gruppenabteilung und geben Sie Folgendes an:<\/span><\/p><p class=\"p1\"><span class=\"s1\">\u2714\ufe0fder Name der Einrichtung,<\/span><\/p><p class=\"p1\"><span class=\"s1\">\u2714\ufe0fdas Datum des gebuchten Besuchs,<\/span><\/p><p class=\"p1\"><span class=\"s1\">\u2714\ufe0fIhre vollst\u00e4ndigen Kontaktdaten.<\/span><\/p>\t\t\t\t\t\t\t\t<\/div>\n\t\t\t\t<div class=\"elementor-element elementor-element-c328ba8 meung-btn meung-btn--navy elementor-align-center elementor-widget elementor-widget-button\" data-id=\"c328ba8\" data-element_type=\"widget\" data-widget_type=\"button.default\">\n\t\t\t\t\t\t\t\t\t\t<a class=\"elementor-button elementor-button-link elementor-size-sm\" href=\"#\">\n\t\t\t\t\t\t<span class=\"elementor-button-content-wrapper\">\n\t\t\t\t\t\t<span class=\"elementor-button-icon\">\n\t\t\t\t<svg aria-hidden=\"true\" class=\"e-font-icon-svg e-fas-arrow-right\" viewbox=\"0 0 448 512\" xmlns=\"http:\/\/www.w3.org\/2000\/svg\"><path d=\"M190.5 66.9l22.2-22.2c9.4-9.4 24.6-9.4 33.9 0L441 239c9.4 9.4 9.4 24.6 0 33.9L246.6 467.3c-9.4 9.4-24.6 9.4-33.9 0l-22.2-22.2c-9.5-9.5-9.3-25 .4-34.3L311.4 296H24c-13.3 0-24-10.7-24-24v-32c0-13.3 10.7-24 24-24h287.4L190.9 101.2c-9.8-9.3-10-24.8-.4-34.3z\"><\/path><\/svg>\t\t\t<\/span>\n\t\t\t\t\t\t\t\t\t<span class=\"elementor-button-text\">KONTAKTIEREN SIE UNS<\/span>\n\t\t\t\t\t<\/span>\n\t\t\t\t\t<\/a>\n\t\t\t\t\t\t\t\t<\/div>\n\t\t\t\t<\/div>\n\t\t\t\t\t<\/div>\n\t\t\t\t<\/div>\n\t\t\t\t<\/div>","protected":false},"excerpt":{"rendered":"<p>Espace enseignants RESSOURCES P\u00c9DAGOGIQUES Cet espace est r\u00e9serv\u00e9 aux enseignants et aux \u00e9quipes \u00e9ducatives ayant r\u00e9serv\u00e9 ou pr\u00e9parant une visite au ch\u00e2teau de Meung-sur-Loire. Vous disposez de codes d&rsquo;acc\u00e8s ? Vous n&rsquo;avez pas encore de codes ? L\u2019acc\u00e8s est r\u00e9serv\u00e9 aux \u00e9tablissements ayant une visite programm\u00e9e.Pour obtenir vos identifiants, merci de contacter notre service groupes [&hellip;]<\/p>\n","protected":false},"author":1,"featured_media":0,"parent":0,"menu_order":0,"comment_status":"closed","ping_status":"closed","template":"","meta":{"_acf_changed":false,"footnotes":""},"class_list":["post-2034","page","type-page","status-publish","hentry"],"acf":[],"_links":{"self":[{"href":"https:\/\/chateau-de-meung.com\/de\/wp-json\/wp\/v2\/pages\/2034","targetHints":{"allow":["GET"]}}],"collection":[{"href":"https:\/\/chateau-de-meung.com\/de\/wp-json\/wp\/v2\/pages"}],"about":[{"href":"https:\/\/chateau-de-meung.com\/de\/wp-json\/wp\/v2\/types\/page"}],"author":[{"embeddable":true,"href":"https:\/\/chateau-de-meung.com\/de\/wp-json\/wp\/v2\/users\/1"}],"replies":[{"embeddable":true,"href":"https:\/\/chateau-de-meung.com\/de\/wp-json\/wp\/v2\/comments?post=2034"}],"version-history":[{"count":25,"href":"https:\/\/chateau-de-meung.com\/de\/wp-json\/wp\/v2\/pages\/2034\/revisions"}],"predecessor-version":[{"id":2650,"href":"https:\/\/chateau-de-meung.com\/de\/wp-json\/wp\/v2\/pages\/2034\/revisions\/2650"}],"wp:attachment":[{"href":"https:\/\/chateau-de-meung.com\/de\/wp-json\/wp\/v2\/media?parent=2034"}],"curies":[{"name":"wp","href":"https:\/\/api.w.org\/{rel}","templated":true}]}}