{"id":2142,"date":"2026-03-15T18:05:30","date_gmt":"2026-03-15T17:05:30","guid":{"rendered":"https:\/\/meung-sur-loire.agenceparadoxe.com\/?page_id=2142"},"modified":"2026-03-28T21:03:12","modified_gmt":"2026-03-28T20:03:12","slug":"impressum","status":"publish","type":"page","link":"https:\/\/chateau-de-meung.com\/de\/mentions-legales\/","title":{"rendered":"Impressum"},"content":{"rendered":"<div data-elementor-type=\"wp-page\" data-elementor-id=\"2142\" class=\"elementor elementor-2142\" data-elementor-post-type=\"page\">\n\t\t\t\t<div class=\"elementor-element elementor-element-09303d8 e-con-full meung-event-hero e-flex e-con e-child\" data-id=\"09303d8\" data-element_type=\"container\" data-settings=\"{&quot;background_background&quot;:&quot;classic&quot;}\">\n\t\t\t\t<div class=\"elementor-element elementor-element-8f752ac meung-event-title elementor-widget elementor-widget-heading\" data-id=\"8f752ac\" data-element_type=\"widget\" data-widget_type=\"heading.default\">\n\t\t\t\t\t<h1 class=\"elementor-heading-title elementor-size-default\">Impressum<\/h1>\t\t\t\t<\/div>\n\t\t\t\t<div class=\"elementor-element elementor-element-d3e6963 elementor-widget elementor-widget-image\" data-id=\"d3e6963\" data-element_type=\"widget\" data-widget_type=\"image.default\">\n\t\t\t\t\t\t\t\t\t\t\t\t\t\t\t<img decoding=\"async\" src=\"https:\/\/chateau-de-meung.com\/wp-content\/uploads\/elementor\/thumbs\/dessindragon-copie-1-rluwecpcwwwc4j8zrnjwort2a3tceeccds5opirob4.png\" title=\"dessindragon-Kopie (1)\" alt=\"dessindragon-Kopie (1)\" loading=\"lazy\" \/>\t\t\t\t\t\t\t\t\t\t\t\t\t\t\t<\/div>\n\t\t\t\t<\/div>\n\t\t<div class=\"elementor-element elementor-element-1d78c9a e-flex e-con-boxed e-con e-parent\" data-id=\"1d78c9a\" data-element_type=\"container\" data-settings=\"{&quot;background_background&quot;:&quot;classic&quot;}\">\n\t\t\t\t\t<div class=\"e-con-inner\">\n\t\t\t\t<div class=\"elementor-element elementor-element-fcc1619 elementor-widget elementor-widget-heading\" data-id=\"fcc1619\" data-element_type=\"widget\" data-widget_type=\"heading.default\">\n\t\t\t\t\t<h2 class=\"elementor-heading-title elementor-size-default\">1. Gegenstand der Website<\/h2>\t\t\t\t<\/div>\n\t\t\t\t<div class=\"elementor-element elementor-element-7b6ef9c elementor-widget elementor-widget-text-editor\" data-id=\"7b6ef9c\" data-element_type=\"widget\" data-widget_type=\"text-editor.default\">\n\t\t\t\t\t\t\t\t\t<p class=\"p1\"><span class=\"s1\">Diese Website hat zum Ziel, das Besuchsangebot des Schlosses Meung-sur-Loire vorzustellen und zu bewerben sowie gegebenenfalls den Online-Verkauf von touristischen Dienstleistungen zu erm\u00f6glichen.<\/span><\/p>\t\t\t\t\t\t\t\t<\/div>\n\t\t\t\t<div class=\"elementor-element elementor-element-4451f11 elementor-widget elementor-widget-heading\" data-id=\"4451f11\" data-element_type=\"widget\" data-widget_type=\"heading.default\">\n\t\t\t\t\t<h2 class=\"elementor-heading-title elementor-size-default\">2. Herausgeber der Website<\/h2>\t\t\t\t<\/div>\n\t\t\t\t<div class=\"elementor-element elementor-element-3a9818b elementor-widget elementor-widget-text-editor\" data-id=\"3a9818b\" data-element_type=\"widget\" data-widget_type=\"text-editor.default\">\n\t\t\t\t\t\t\t\t\t<p class=\"p1\"><span class=\"s1\">Diese Website ist Eigentum von:<\/span><\/p><p class=\"p1\"><span class=\"s1\">SCI GLCM<\/span><\/p><p class=\"p1\"><span class=\"s1\">Stammkapital: 1.000 \u20ac<\/span><\/p><p class=\"p1\"><span class=\"s1\">Hauptsitz: 29 rue du Pont 92200 Neuilly-sur-Seine \u2013 Frankreich<\/span><\/p><p class=\"p1\"><span class=\"s1\">SIREN : 524 186 723 RCS : Nanterre<\/span><\/p><p class=\"p1\"><span class=\"s1\">Telefon: 02 38 44 36 47<\/span><\/p><p class=\"p1\"><span class=\"s1\">E-Mail-Adresse: info@chateau-de-meung.com<\/span><\/p><p class=\"p1\"><span class=\"s1\">Verantwortlich f\u00fcr die Ver\u00f6ffentlichung: Xavier Lelev\u00e9, Eigent\u00fcmer des Schlosses Meung-sur-Loire.<\/span><\/p>\t\t\t\t\t\t\t\t<\/div>\n\t\t\t\t<div class=\"elementor-element elementor-element-760617d elementor-widget elementor-widget-heading\" data-id=\"760617d\" data-element_type=\"widget\" data-widget_type=\"heading.default\">\n\t\t\t\t\t<h2 class=\"elementor-heading-title elementor-size-default\">4. Geistiges Eigentum<\/h2>\t\t\t\t<\/div>\n\t\t\t\t<div class=\"elementor-element elementor-element-63adc07 elementor-widget elementor-widget-text-editor\" data-id=\"63adc07\" data-element_type=\"widget\" data-widget_type=\"text-editor.default\">\n\t\t\t\t\t\t\t\t\t<p class=\"p1\"><span class=\"s1\">Diese Website, herausgegeben von der Firma SCI G.L.C.M, unterliegt dem franz\u00f6sischen und internationalen Recht in Bezug auf Urheberrecht und geistiges Eigentum.<\/span><\/p><p class=\"p1\"><span class=\"s1\">Alle auf dieser Website verf\u00fcgbaren Inhalte (Texte, Fotos, Illustrationen, herunterladbare Dokumente, grafische Elemente, Logos usw.) sind durch die Bestimmungen zum geistigen Eigentum gesch\u00fctzt.<\/span><\/p><p class=\"p1\"><span class=\"s1\">Alle Rechte, einschlie\u00dflich der Rechte an herunterladbaren Dokumenten sowie ikonografischen und fotografischen Darstellungen, bleiben der Gesellschaft SCI G.L.C.M vorbehalten.<\/span><\/p><p class=\"p1\"><span class=\"s1\">Jede Vervielf\u00e4ltigung, Darstellung, Modifikation, Ver\u00f6ffentlichung, Anpassung oder Verwertung des gesamten oder eines Teils der Website, auf irgendeine Weise, ist ohne vorherige schriftliche Genehmigung der Gesellschaft SCI G.L.C.M. verboten.<\/span><\/p>\t\t\t\t\t\t\t\t<\/div>\n\t\t\t\t<div class=\"elementor-element elementor-element-5e0484b elementor-widget elementor-widget-heading\" data-id=\"5e0484b\" data-element_type=\"widget\" data-widget_type=\"heading.default\">\n\t\t\t\t\t<h2 class=\"elementor-heading-title elementor-size-default\">5. Bild- und Symbolnachweis<\/h2>\t\t\t\t<\/div>\n\t\t\t\t<div class=\"elementor-element elementor-element-386de78 elementor-widget elementor-widget-text-editor\" data-id=\"386de78\" data-element_type=\"widget\" data-widget_type=\"text-editor.default\">\n\t\t\t\t\t\t\t\t\t<p class=\"p1\"><span class=\"s1\">Die auf dieser Website gezeigten Fotografien und Bilder sind durch die Bestimmungen des Urheberrechts und des geistigen Eigentums gesch\u00fctzt.<\/span><\/p><p class=\"p1\"><span class=\"s1\">Bildnachweise:<\/span><\/p><p class=\"p1\"><span class=\"s1\">Pierre Holley \/ Schloss Meung-sur-Loire<\/span><\/p><p class=\"p1\"><span class=\"s1\">Bilder und Illustrationen:<\/span><\/p><p class=\"p1\"><span class=\"s1\">Bildnachweis St. Liphard: Von Jean Bourdichon \u2013 http:\/\/gallica.bnf.fr\/ark:\/12148\/btv1b52500984v\/f Grandes Heures d\u2019Anne de Bretagne, Gemeinfrei, https:\/\/commons.wikimedia.org\/w\/index.php?curid=36881857<\/span><\/p><p class=\"p1\"><span class=\"s1\">Adobe Firefly &amp; Agence Paradoxe \/ Adobe Stock \/ Phosphor Icons<\/span><\/p>\t\t\t\t\t\t\t\t<\/div>\n\t\t\t\t<div class=\"elementor-element elementor-element-d7aa0b6 elementor-widget elementor-widget-heading\" data-id=\"d7aa0b6\" data-element_type=\"widget\" data-widget_type=\"heading.default\">\n\t\t\t\t\t<h2 class=\"elementor-heading-title elementor-size-default\">7. Personenbezogene Daten\n<\/h2>\t\t\t\t<\/div>\n\t\t\t\t<div class=\"elementor-element elementor-element-f87dbbb elementor-widget elementor-widget-text-editor\" data-id=\"f87dbbb\" data-element_type=\"widget\" data-widget_type=\"text-editor.default\">\n\t\t\t\t\t\t\t\t\t<p class=\"p1\"><span class=\"s1\">Die Website kann bei der Nutzung von Online-Formularen (Kontaktformular, Informationsanfrage usw.) dazu veranlasst sein, bestimmte personenbezogene Daten zu erheben.<\/span><\/p><p class=\"p1\"><span class=\"s1\">Die gesammelten Informationen sind f\u00fcr die ausschlie\u00dfliche Nutzung durch die SCI G.L.C.M bestimmt, die sich verpflichtet, diese ohne Zustimmung der betroffenen Personen nicht an Dritte weiterzugeben.<\/span><\/p><p class=\"p1\"><span class=\"s1\">Gem\u00e4\u00df den Bestimmungen des Gesetzes \u00abInformatik und Freiheiten\u00bb und der Datenschutz-Grundverordnung (DSGVO) haben Sie das Recht auf Auskunft, \u00c4nderung, Berichtigung und L\u00f6schung der Sie betreffenden Daten.<\/span><\/p><p class=\"p1\"><span class=\"s1\">Um dieses Recht auszu\u00fcben, k\u00f6nnen Sie sich wenden an: <a href=\"http:\/\/Le%20site%20peut%20%C3%AAtre%20amen%C3%A9%20%C3%A0%20collecter%20certaines%20donn%C3%A9es%20personnelles%20lors%20de%20l%E2%80%99utilisation%20de%20formulaires%20en%20ligne%20(formulaire%20de%20contact,%20demande%20d%E2%80%99informations,%20etc.).%20Les%20informations%20recueillies%20sont%20destin%C3%A9es%20%C3%A0%20l%E2%80%99usage%20exclusif%20de%20la%20SCI%20G.L.C.M,%20qui%20s%E2%80%99engage%20%C3%A0%20ne%20pas%20les%20transmettre%20%C3%A0%20des%20tiers%20sans%20le%20consentement%20des%20personnes%20concern%C3%A9es.%20Conform%C3%A9ment%20aux%20dispositions%20de%20la%20loi%20%C2%AB%20Informatique%20et%20Libert%C3%A9s%20%C2%BB%20et%20au%20R%C3%A8glement%20G%C3%A9n%C3%A9ral%20sur%20la%20Protection%20des%20Donn%C3%A9es%20(RGPD),%20vous%20disposez%20d%E2%80%99un%20droit%20d%E2%80%99acc%C3%A8s,%20de%20modification,%20de%20rectification%20et%20de%20suppression%20des%20donn%C3%A9es%20vous%20concernant.%20Pour%20exercer%20ce%20droit,%20vous%20pouvez%20contacter%20:%20info@chateau-de-meung.com%20Pour%20plus%20d%E2%80%99informations,%20vous%20pouvez%20consulter%20la%20page%20Politique%20de%20confidentialit%C3%A9%20\/%20RGPD%20du%20site.\"><span class=\"s2\">info@chateau-de-meung.com<\/span><\/a><\/span><\/p><p class=\"p1\"><span class=\"s1\">F\u00fcr weitere Informationen k\u00f6nnen Sie die Seite einsehen <\/span><a href=\"\/de\/datenschutzrichtlinie\/\"><span class=\"s2\">Datenschutzrichtlinie<\/span><\/a><span class=\"s1\"> \/ <\/span><a href=\"\/de\/datenschutzrichtlinie\/\"><span class=\"s2\">DSGVO der Website<\/span><span class=\"s1\">.<\/span><\/a><\/p>\t\t\t\t\t\t\t\t<\/div>\n\t\t\t\t<div class=\"elementor-element elementor-element-c1b897f elementor-widget elementor-widget-heading\" data-id=\"c1b897f\" data-element_type=\"widget\" data-widget_type=\"heading.default\">\n\t\t\t\t\t<h2 class=\"elementor-heading-title elementor-size-default\">8. Cookies<\/h2>\t\t\t\t<\/div>\n\t\t\t\t<div class=\"elementor-element elementor-element-6939f97 elementor-widget elementor-widget-text-editor\" data-id=\"6939f97\" data-element_type=\"widget\" data-widget_type=\"text-editor.default\">\n\t\t\t\t\t\t\t\t\t<p class=\"p1\"><span class=\"s1\">Die Website kann Cookies oder Tracker verwenden, um das Benutzererlebnis zu verbessern, die Reichweite zu messen oder bestimmte Funktionen zu erm\u00f6glichen. Der Benutzer kann seine Cookie-Einstellungen jederzeit \u00fcber das Cookie-Management-Banner auf der Website konfigurieren.<\/span><\/p><p class=\"p1\"><span class=\"s1\">Um mehr zu erfahren, lesen Sie <\/span><a href=\"\/de\/datenschutzrichtlinie\/\"><span class=\"s2\">Cookie-Richtlinie<\/span><span class=\"s1\">.<\/span><\/a><\/p>\t\t\t\t\t\t\t\t<\/div>\n\t\t\t\t<div class=\"elementor-element elementor-element-5228fe5 elementor-widget elementor-widget-heading\" data-id=\"5228fe5\" data-element_type=\"widget\" data-widget_type=\"heading.default\">\n\t\t\t\t\t<h2 class=\"elementor-heading-title elementor-size-default\">9. Zus\u00e4tzliche Informationen<\/h2>\t\t\t\t<\/div>\n\t\t\t\t<div class=\"elementor-element elementor-element-7107a9e elementor-widget elementor-widget-text-editor\" data-id=\"7107a9e\" data-element_type=\"widget\" data-widget_type=\"text-editor.default\">\n\t\t\t\t\t\t\t\t\t<p class=\"p1\"><span class=\"s1\">Die Website kann Links zu anderen Websites enthalten. Die Firma SCI G.L.C.M haftet nicht f\u00fcr den Inhalt oder die Funktionsweise dieser Websites Dritter. Die auf dieser Website verbreiteten Informationen dienen nur zur Information und k\u00f6nnen jederzeit ge\u00e4ndert werden.<\/span><\/p>\t\t\t\t\t\t\t\t<\/div>\n\t\t\t\t\t<\/div>\n\t\t\t\t<\/div>\n\t\t\t\t<\/div>","protected":false},"excerpt":{"rendered":"<p>Mentions l\u00e9gales 1. Objet du site Le pr\u00e9sent site internet a pour objectif de pr\u00e9senter et promouvoir l\u2019offre de visite du ch\u00e2teau de Meung-sur-Loire, ainsi que de permettre, le cas \u00e9ch\u00e9ant, la vente en ligne de prestations dans le domaine du tourisme. 2. \u00c9diteur du site Le pr\u00e9sent site est la propri\u00e9t\u00e9 de : SCI [&hellip;]<\/p>\n","protected":false},"author":1,"featured_media":0,"parent":0,"menu_order":0,"comment_status":"closed","ping_status":"closed","template":"","meta":{"_acf_changed":false,"footnotes":""},"class_list":["post-2142","page","type-page","status-publish","hentry"],"acf":[],"_links":{"self":[{"href":"https:\/\/chateau-de-meung.com\/de\/wp-json\/wp\/v2\/pages\/2142","targetHints":{"allow":["GET"]}}],"collection":[{"href":"https:\/\/chateau-de-meung.com\/de\/wp-json\/wp\/v2\/pages"}],"about":[{"href":"https:\/\/chateau-de-meung.com\/de\/wp-json\/wp\/v2\/types\/page"}],"author":[{"embeddable":true,"href":"https:\/\/chateau-de-meung.com\/de\/wp-json\/wp\/v2\/users\/1"}],"replies":[{"embeddable":true,"href":"https:\/\/chateau-de-meung.com\/de\/wp-json\/wp\/v2\/comments?post=2142"}],"version-history":[{"count":13,"href":"https:\/\/chateau-de-meung.com\/de\/wp-json\/wp\/v2\/pages\/2142\/revisions"}],"predecessor-version":[{"id":3058,"href":"https:\/\/chateau-de-meung.com\/de\/wp-json\/wp\/v2\/pages\/2142\/revisions\/3058"}],"wp:attachment":[{"href":"https:\/\/chateau-de-meung.com\/de\/wp-json\/wp\/v2\/media?parent=2142"}],"curies":[{"name":"wp","href":"https:\/\/api.w.org\/{rel}","templated":true}]}}