{"id":2460,"date":"2026-03-19T15:41:15","date_gmt":"2026-03-19T14:41:15","guid":{"rendered":"https:\/\/meung-sur-loire.agenceparadoxe.com\/?page_id=2460"},"modified":"2026-04-02T18:22:37","modified_gmt":"2026-04-02T16:22:37","slug":"kartenschalter","status":"publish","type":"page","link":"https:\/\/chateau-de-meung.com\/de\/billetterie\/","title":{"rendered":"Kartenverkauf"},"content":{"rendered":"<div data-elementor-type=\"wp-page\" data-elementor-id=\"2460\" class=\"elementor elementor-2460\" data-elementor-post-type=\"page\">\n\t\t\t\t<div class=\"elementor-element elementor-element-cae32d6 e-con-full meung-event-hero e-flex e-con e-child\" data-id=\"cae32d6\" data-element_type=\"container\" data-settings=\"{&quot;background_background&quot;:&quot;classic&quot;}\">\n\t\t\t\t<div class=\"elementor-element elementor-element-f4f010d meung-event-title elementor-widget elementor-widget-heading\" data-id=\"f4f010d\" data-element_type=\"widget\" data-widget_type=\"heading.default\">\n\t\t\t\t\t<h1 class=\"elementor-heading-title elementor-size-default\">Online-Ticketverkauf<\/h1>\t\t\t\t<\/div>\n\t\t\t\t<div class=\"elementor-element elementor-element-a6e6157 elementor-widget elementor-widget-heading\" data-id=\"a6e6157\" data-element_type=\"widget\" data-widget_type=\"heading.default\">\n\t\t\t\t\t<h2 class=\"elementor-heading-title elementor-size-default\">RESERVIEREN SIE IHREN BESUCH DES SCHLOSSES VON MEUNG-SUR-LOIRE<\/h2>\t\t\t\t<\/div>\n\t\t\t\t<div class=\"elementor-element elementor-element-dabf6f3 elementor-widget elementor-widget-text-editor\" data-id=\"dabf6f3\" data-element_type=\"widget\" data-widget_type=\"text-editor.default\">\n\t\t\t\t\t\t\t\t\t<p class=\"p1\"><span class=\"s1\">Kaufen Sie Ihre Tickets online f\u00fcr den Besuch des Schlosses und seines Parks oder zur Teilnahme an den Veranstaltungen der Saison.<\/span><\/p><p class=\"p2\"><span class=\"s2\">Die Buchung erfolgt direkt \u00fcber unsere sichere Ticketkasse unten.<\/span><\/p>\t\t\t\t\t\t\t\t<\/div>\n\t\t\t\t<\/div>\n\t\t<div class=\"elementor-element elementor-element-020c2c5 e-flex e-con-boxed e-con e-parent\" data-id=\"020c2c5\" data-element_type=\"container\">\n\t\t\t\t\t<div class=\"e-con-inner\">\n\t\t\t\t<div class=\"elementor-element elementor-element-82dd6e7 elementor-widget elementor-widget-shortcode\" data-id=\"82dd6e7\" data-element_type=\"widget\" data-widget_type=\"shortcode.default\">\n\t\t\t\t\t\t\t<div class=\"elementor-shortcode\"><div class=\"meung-ticket-notice\">Im April ist das Schloss ge\u00f6ffnet: vom 1. bis 3., vom 8. bis 10., vom 29. bis 30. von 14:00 bis 18:00 Uhr | am Osterwochenende von 10:00 bis 18:00 Uhr | vom 11. bis 26. (t\u00e4glich au\u00dfer montags) von 14:00 bis 18:00 Uhr<\/div><\/div>\n\t\t\t\t\t\t<\/div>\n\t\t\t\t\t<\/div>\n\t\t\t\t<\/div>\n\t\t<div class=\"elementor-element elementor-element-d583ef2 e-flex e-con-boxed e-con e-parent\" data-id=\"d583ef2\" data-element_type=\"container\" data-settings=\"{&quot;background_background&quot;:&quot;classic&quot;}\">\n\t\t\t\t\t<div class=\"e-con-inner\">\n\t\t\t\t<div class=\"elementor-element elementor-element-1c69d99 elementor-widget elementor-widget-shortcode\" data-id=\"1c69d99\" data-element_type=\"widget\" data-widget_type=\"shortcode.default\">\n\t\t\t\t\t\t\t<div class=\"elementor-shortcode\">\t<div class=\"meung-ticketing-widget-wrap\">\n\t\t<div id=\"widget-produit-CF-OPBI-49288\"><\/div>\n\t<\/div>\n\n\t<script type=\"text\/javascript\" src=\"\/\/gadget.open-system.fr\/widgets-libs\/rel\/noyau-1.0.min.js\"><\/script>\n\t<script type=\"text\/javascript\">\n\t(function() {\n\t\tif (typeof AllianceReseaux === 'undefined' || !AllianceReseaux.Widget) {\n\t\t\treturn;\n\t\t}\n\n\t\tvar widgetProduit = AllianceReseaux.Widget.Instance(\"Produit\", {\n\t\t\tidPanier: \"U3RSU1M\",\n\t\t\tidIntegration: 646,\n\t\t\tlangue: \"fr\",\n\t\t\tui: \"CF-OPBI-49288\"\n\t\t});\n\n\t\twidgetProduit.Initialise();\n\t})();\n\t<\/script>\n\t<\/div>\n\t\t\t\t\t\t<\/div>\n\t\t\t\t\t<\/div>\n\t\t\t\t<\/div>\n\t\t<div class=\"elementor-element elementor-element-28a67ac e-flex e-con-boxed e-con e-parent\" data-id=\"28a67ac\" data-element_type=\"container\" data-settings=\"{&quot;background_background&quot;:&quot;classic&quot;}\">\n\t\t\t\t\t<div class=\"e-con-inner\">\n\t\t<div class=\"elementor-element elementor-element-409c07d e-con-full e-flex e-con e-child\" data-id=\"409c07d\" data-element_type=\"container\" data-settings=\"{&quot;background_background&quot;:&quot;classic&quot;}\">\n\t\t\t\t<div class=\"elementor-element elementor-element-9ef33c1 elementor-widget elementor-widget-heading\" data-id=\"9ef33c1\" data-element_type=\"widget\" data-widget_type=\"heading.default\">\n\t\t\t\t\t<h2 class=\"elementor-heading-title elementor-size-default\">Praktische Informationen<\/h2>\t\t\t\t<\/div>\n\t\t\t\t<div class=\"elementor-element elementor-element-ed19f2e elementor-widget elementor-widget-text-editor\" data-id=\"ed19f2e\" data-element_type=\"widget\" data-widget_type=\"text-editor.default\">\n\t\t\t\t\t\t\t\t\t<p class=\"p1\"><span class=\"s1\">\u2714\ufe0f Letzte Einlassung auf dem Gel\u00e4nde 1 Stunde vor Schlie\u00dfung<\/span><\/p><p class=\"p1\"><span class=\"s1\">\u2714\ufe0f Letzter Einlass ins Schloss 45 Minuten vor Schlie\u00dfung<\/span><\/p><p class=\"p1\"><span class=\"s1\">\u2714\ufe0f Schlie\u00dfung der Aktivit\u00e4ten 20 Minuten vor Betriebsschluss \u2013 Ausg\u00e4nge sind endg\u00fcltig.<\/span><\/p><p class=\"p1\"><span class=\"s1\">Jeder Minderj\u00e4hrige muss von einer vollj\u00e4hrigen und verantwortlichen Person begleitet werden, um das Gel\u00e4nde, innen und au\u00dfen, betreten zu k\u00f6nnen.<\/span><\/p><p class=\"p3\"><span class=\"s2\">Achtung, einige Banken verlangen zur Best\u00e4tigung Ihrer Zahlung zwei Verifizierungen. <b>Bitte beachten Sie, dass Ihre Reservierung erst ber\u00fccksichtigt wird, wenn Sie unsere Best\u00e4tigungs-E-Mail erhalten haben.<\/b> Bitte \u00fcberpr\u00fcfen Sie Ihr E-Mail-Postfach nach der Zahlung sorgf\u00e4ltig.<\/span><\/p>\t\t\t\t\t\t\t\t<\/div>\n\t\t\t\t<div class=\"elementor-element elementor-element-02a91c6 meung-btn meung-btn--navy elementor-align-center elementor-widget elementor-widget-button\" data-id=\"02a91c6\" data-element_type=\"widget\" data-widget_type=\"button.default\">\n\t\t\t\t\t\t\t\t\t\t<a class=\"elementor-button elementor-button-link elementor-size-sm\" href=\"\/de\/haufig-gestellte-fragen\/\">\n\t\t\t\t\t\t<span class=\"elementor-button-content-wrapper\">\n\t\t\t\t\t\t<span class=\"elementor-button-icon\">\n\t\t\t\t<svg aria-hidden=\"true\" class=\"e-font-icon-svg e-fas-arrow-right\" viewbox=\"0 0 448 512\" xmlns=\"http:\/\/www.w3.org\/2000\/svg\"><path d=\"M190.5 66.9l22.2-22.2c9.4-9.4 24.6-9.4 33.9 0L441 239c9.4 9.4 9.4 24.6 0 33.9L246.6 467.3c-9.4 9.4-24.6 9.4-33.9 0l-22.2-22.2c-9.5-9.5-9.3-25 .4-34.3L311.4 296H24c-13.3 0-24-10.7-24-24v-32c0-13.3 10.7-24 24-24h287.4L190.9 101.2c-9.8-9.3-10-24.8-.4-34.3z\"><\/path><\/svg>\t\t\t<\/span>\n\t\t\t\t\t\t\t\t\t<span class=\"elementor-button-text\">FAQ<\/span>\n\t\t\t\t\t<\/span>\n\t\t\t\t\t<\/a>\n\t\t\t\t\t\t\t\t<\/div>\n\t\t\t\t<\/div>\n\t\t\t\t\t<\/div>\n\t\t\t\t<\/div>\n\t\t<div class=\"elementor-element elementor-element-204b3e9 e-flex e-con-boxed e-con e-parent\" data-id=\"204b3e9\" data-element_type=\"container\" data-settings=\"{&quot;background_background&quot;:&quot;classic&quot;}\">\n\t\t\t\t\t<div class=\"e-con-inner\">\n\t\t\t\t<div class=\"elementor-element elementor-element-1b1f30c elementor-widget elementor-widget-heading\" data-id=\"1b1f30c\" data-element_type=\"widget\" data-widget_type=\"heading.default\">\n\t\t\t\t\t<h2 class=\"elementor-heading-title elementor-size-default\">F\u00fcr Zahlungen mit Urlaubsgutscheinen:<\/h2>\t\t\t\t<\/div>\n\t\t\t\t<div class=\"elementor-element elementor-element-828fe5f elementor-widget elementor-widget-text-editor\" data-id=\"828fe5f\" data-element_type=\"widget\" data-widget_type=\"text-editor.default\">\n\t\t\t\t\t\t\t\t\t<p class=\"p1\"><span class=\"s1\">\u2714\ufe0f Urlaubscheck Connect: nur \u00fcber den Online-Ticketverkauf m\u00f6glich (keine Bezahlung vor Ort)<\/span><\/p><p class=\"p2\"><span class=\"s2\">\u2714\ufe0f Urlaubscheck (Papierform): Nur an der Kasse des Schlosses zahlbar. Um Ihre Tickets zu buchen und mit einem Urlaubscheck in Papierform zu bezahlen: senden Sie bitte eine E-Mail an Marie@Chateau-De-Meung.com mit dem gew\u00fcnschten Datum und der gew\u00fcnschten Uhrzeit + der Anzahl der Vollzahler\/erm\u00e4\u00dfigten Tarife\/Kinder\/kostenlosen Personen sowie Ihren Kontaktdaten. Wir werden die Reservierung so schnell wie m\u00f6glich per E-Mail best\u00e4tigen, zusammen mit den Modalit\u00e4ten. Vielen Dank!<\/span><\/p>\t\t\t\t\t\t\t\t<\/div>\n\t\t\t\t\t<\/div>\n\t\t\t\t<\/div>\n\t\t\t\t<\/div>","protected":false},"excerpt":{"rendered":"<p>Billetterie en ligne R\u00c9SERVEZ VOTRE VISITE DU CH\u00c2TEAU DE MEUNG-SUR-LOIRE Achetez vos billets en ligne pour visiter le ch\u00e2teau et son parc ou pour participer aux \u00e9v\u00e9nements de la saison. La r\u00e9servation se fait directement via notre billetterie s\u00e9curis\u00e9e ci-dessous. Informations pratiques \u2714\ufe0f Derni\u00e8re admission sur site 1h avant la fermeture \u2714\ufe0f Derni\u00e8re admission dans [&hellip;]<\/p>\n","protected":false},"author":1,"featured_media":0,"parent":0,"menu_order":0,"comment_status":"closed","ping_status":"closed","template":"","meta":{"_acf_changed":false,"footnotes":""},"class_list":["post-2460","page","type-page","status-publish","hentry"],"acf":[],"_links":{"self":[{"href":"https:\/\/chateau-de-meung.com\/de\/wp-json\/wp\/v2\/pages\/2460","targetHints":{"allow":["GET"]}}],"collection":[{"href":"https:\/\/chateau-de-meung.com\/de\/wp-json\/wp\/v2\/pages"}],"about":[{"href":"https:\/\/chateau-de-meung.com\/de\/wp-json\/wp\/v2\/types\/page"}],"author":[{"embeddable":true,"href":"https:\/\/chateau-de-meung.com\/de\/wp-json\/wp\/v2\/users\/1"}],"replies":[{"embeddable":true,"href":"https:\/\/chateau-de-meung.com\/de\/wp-json\/wp\/v2\/comments?post=2460"}],"version-history":[{"count":34,"href":"https:\/\/chateau-de-meung.com\/de\/wp-json\/wp\/v2\/pages\/2460\/revisions"}],"predecessor-version":[{"id":3111,"href":"https:\/\/chateau-de-meung.com\/de\/wp-json\/wp\/v2\/pages\/2460\/revisions\/3111"}],"wp:attachment":[{"href":"https:\/\/chateau-de-meung.com\/de\/wp-json\/wp\/v2\/media?parent=2460"}],"curies":[{"name":"wp","href":"https:\/\/api.w.org\/{rel}","templated":true}]}}