{"id":3,"date":"2026-01-09T11:36:22","date_gmt":"2026-01-09T10:36:22","guid":{"rendered":"https:\/\/meung-sur-loire.agenceparadoxe.com\/?page_id=3"},"modified":"2026-03-28T21:06:31","modified_gmt":"2026-03-28T20:06:31","slug":"datenschutzrichtlinie","status":"publish","type":"page","link":"https:\/\/chateau-de-meung.com\/de\/politique-de-confidentialite\/","title":{"rendered":"Datenschutzrichtlinie"},"content":{"rendered":"<div data-elementor-type=\"wp-page\" data-elementor-id=\"3\" class=\"elementor elementor-3\" data-elementor-post-type=\"page\">\n\t\t\t\t<div class=\"elementor-element elementor-element-3e08e543 e-con-full meung-event-hero e-flex e-con e-child\" data-id=\"3e08e543\" data-element_type=\"container\" data-settings=\"{&quot;background_background&quot;:&quot;classic&quot;}\">\n\t\t\t\t<div class=\"elementor-element elementor-element-5cf7aeec meung-event-title elementor-widget elementor-widget-heading\" data-id=\"5cf7aeec\" data-element_type=\"widget\" data-widget_type=\"heading.default\">\n\t\t\t\t\t<h1 class=\"elementor-heading-title elementor-size-default\">Datenschutzrichtlinie<\/h1>\t\t\t\t<\/div>\n\t\t\t\t<div class=\"elementor-element elementor-element-639b6506 elementor-widget elementor-widget-image\" data-id=\"639b6506\" data-element_type=\"widget\" data-widget_type=\"image.default\">\n\t\t\t\t\t\t\t\t\t\t\t\t\t\t\t<img decoding=\"async\" src=\"https:\/\/chateau-de-meung.com\/wp-content\/uploads\/elementor\/thumbs\/dessindragon-copie-1-rluwecpcwwwc4j8zrnjwort2a3tceeccds5opirob4.png\" title=\"dessindragon-Kopie (1)\" alt=\"dessindragon-Kopie (1)\" loading=\"lazy\" \/>\t\t\t\t\t\t\t\t\t\t\t\t\t\t\t<\/div>\n\t\t\t\t<\/div>\n\t\t<div class=\"elementor-element elementor-element-62c60d10 e-flex e-con-boxed e-con e-parent\" data-id=\"62c60d10\" data-element_type=\"container\" data-settings=\"{&quot;background_background&quot;:&quot;classic&quot;}\">\n\t\t\t\t\t<div class=\"e-con-inner\">\n\t\t\t\t<div class=\"elementor-element elementor-element-c4b377d elementor-align-center meung-btn meung-btn--download elementor-widget elementor-widget-button\" data-id=\"c4b377d\" data-element_type=\"widget\" data-widget_type=\"button.default\">\n\t\t\t\t\t\t\t\t\t\t<a class=\"elementor-button elementor-button-link elementor-size-sm\" href=\"http:\/\/www.chateau-de-meung.com\/wp-content\/uploads\/2026\/03\/Politique-protection-des-donnees-personnelles-chateau-de-Meung-sur-Loire.pdf\">\n\t\t\t\t\t\t<span class=\"elementor-button-content-wrapper\">\n\t\t\t\t\t\t<span class=\"elementor-button-icon\">\n\t\t\t\t<svg xmlns=\"http:\/\/www.w3.org\/2000\/svg\" width=\"53.000000pt\" height=\"48.000000pt\" viewbox=\"0 0 53.000000 48.000000\" preserveaspectratio=\"xMidYMid meet\"><g transform=\"translate(0.000000,48.000000) scale(0.100000,-0.100000)\" fill=\"#000000\" stroke=\"none\"><path d=\"M86 414 c-3 -9 -6 -47 -6 -85 l0 -69 185 0 185 0 0 29 c0 23 -13 41 -64 85 l-63 56 -116 0 c-95 0 -116 -3 -121 -16z m277 -59 c20 -20 37 -38 37 -41 0 -3 -19 -4 -42 -2 -42 3 -43 4 -46 41 -2 20 0 37 5 37 4 0 25 -16 46 -35z\"><\/path><path d=\"M87 203 c-11 -11 -8 -111 4 -118 6 -4 16 0 22 8 7 8 24 17 39 21 39 9 49 53 18 78 -22 18 -70 24 -83 11z m69 -34 c8 -14 -21 -43 -35 -35 -19 12 -13 46 8 46 11 0 23 -5 27 -11z\"><\/path><path d=\"M220 145 l0 -65 40 0 c45 0 80 27 80 60 0 34 -44 70 -85 70 l-35 0 0 -65z m81 13 c10 -18 8 -24 -11 -40 -33 -26 -40 -23 -40 22 0 33 3 40 20 40 10 0 25 -10 31 -22z\"><\/path><path d=\"M370 145 c0 -40 4 -65 11 -65 6 0 13 9 16 19 3 11 15 21 27 23 28 4 27 22 -1 26 -32 5 -29 30 4 34 48 6 39 28 -11 28 l-46 0 0 -65z\"><\/path><\/g><\/svg>\t\t\t<\/span>\n\t\t\t\t\t\t\t\t\t<span class=\"elementor-button-text\">Klicken Sie hier<\/span>\n\t\t\t\t\t<\/span>\n\t\t\t\t\t<\/a>\n\t\t\t\t\t\t\t\t<\/div>\n\t\t\t\t<div class=\"elementor-element elementor-element-2916ace3 elementor-widget elementor-widget-heading\" data-id=\"2916ace3\" data-element_type=\"widget\" data-widget_type=\"heading.default\">\n\t\t\t\t\t<h2 class=\"elementor-heading-title elementor-size-default\">Pr\u00e4ambel<\/h2>\t\t\t\t<\/div>\n\t\t\t\t<div class=\"elementor-element elementor-element-2b587945 elementor-widget elementor-widget-text-editor\" data-id=\"2b587945\" data-element_type=\"widget\" data-widget_type=\"text-editor.default\">\n\t\t\t\t\t\t\t\t\t<p class=\"p1\"><span class=\"s1\">Die Verordnung (EU) 2016\/679 des Europ\u00e4ischen Parlaments und des Rates vom 27. April 2016 zum Schutz nat\u00fcrlicher Personen bei der Verarbeitung personenbezogener Daten, (im Folgenden DSGVO) legt den rechtlichen Rahmen f\u00fcr die Verarbeitung personenbezogener Daten fest. Dieses Dokument st\u00e4rkt die Rechte und Pflichten von Verantwortlichen, Auftragsverarbeitern, betroffenen Personen und Datenempf\u00e4ngern. <\/span><\/p><p class=\"p1\"><span class=\"s1\">Anschlie\u00dfend wurde das Gesetz Nr. 78-17 vom 6. Januar 1978 \u00fcber Informatik und Freiheiten zur Umsetzung der \u00c4nderungen der DSGVO durch das Gesetz Nr. 2018-493 vom 20. Juni 2018 und die Verordnung Nr. 2018-1125 vom 12. Dezember 2018 zum Schutz personenbezogener Daten ge\u00e4ndert. <\/span><\/p><p class=\"p1\"><span class=\"s1\">Diese Richtlinie wird von der SCI G.L.C.M. umgesetzt, deren Hauptgesch\u00e4ft die F\u00f6rderung und Entwicklung des Schlosses von Meung sur Loire ist.<\/span><\/p>\t\t\t\t\t\t\t\t<\/div>\n\t\t\t\t<div class=\"elementor-element elementor-element-1c02fadb elementor-widget elementor-widget-heading\" data-id=\"1c02fadb\" data-element_type=\"widget\" data-widget_type=\"heading.default\">\n\t\t\t\t\t<h2 class=\"elementor-heading-title elementor-size-default\">Objekt<\/h2>\t\t\t\t<\/div>\n\t\t\t\t<div class=\"elementor-element elementor-element-655f47fb elementor-widget elementor-widget-text-editor\" data-id=\"655f47fb\" data-element_type=\"widget\" data-widget_type=\"text-editor.default\">\n\t\t\t\t\t\t\t\t\t<p class=\"p1\"><span class=\"s1\">Das Ziel dieser \u00abDatenschutzrichtlinie\u00bb ist es, Sie \u00fcber die Verarbeitung Ihrer erhobenen personenbezogenen Daten durch die SCI G.L.C.M. zu informieren.<\/span><\/p><p class=\"p1\"><span class=\"s1\">Diese Behandlungen erm\u00f6glichen unter anderem die F\u00f6rderung und Bereitstellung unserer verschiedenen Produkte und Dienstleistungen f\u00fcr Sie.<\/span><\/p>\t\t\t\t\t\t\t\t<\/div>\n\t\t\t\t<div class=\"elementor-element elementor-element-4c7ad937 elementor-widget elementor-widget-heading\" data-id=\"4c7ad937\" data-element_type=\"widget\" data-widget_type=\"heading.default\">\n\t\t\t\t\t<h2 class=\"elementor-heading-title elementor-size-default\">Die Daten: Herkunft, Zwecke und Aufbewahrungsdauer<\/h2>\t\t\t\t<\/div>\n\t\t\t\t<div class=\"elementor-element elementor-element-1d04dbe0 elementor-widget elementor-widget-text-editor\" data-id=\"1d04dbe0\" data-element_type=\"widget\" data-widget_type=\"text-editor.default\">\n\t\t\t\t\t\t\t\t\t<p class=\"p1\"><span class=\"s1\">Die erhobenen personenbezogenen Daten sind aus mehreren Gr\u00fcnden notwendig, insbesondere:<\/span><\/p><p class=\"p1\"><span class=\"s1\">\u2022 Zur F\u00f6rderung und Verbreitung von Informationen (Versand von Newslettern, Kommunikation \u00fcber das Programm usw.)<\/span><\/p><p class=\"p1\"><span class=\"s1\">\u2022 Um unseren gesetzlichen und administrativen Verpflichtungen nachzukommen,<\/span><\/p><p class=\"p1\"><span class=\"s1\"> \u2022 F\u00fcr das Kundenbeziehungsmanagement,<\/span><\/p><p class=\"p1\"><span class=\"s1\">\u2022 Zur Verbesserung unserer Dienstleistungen,<\/span><\/p><p class=\"p1\"><span class=\"s1\">\u2022 Zur Erstellung von Statistiken.<\/span><\/p><p class=\"p1\"><span class=\"s1\">Als solches k\u00f6nnen bestimmte gesammelte oder verarbeitete Daten gesetzlich vorgeschrieben oder f\u00fcr die Kommunikation erforderlich sein. Ihre personenbezogenen Daten k\u00f6nnen \u00fcber verschiedene Kommunikationskan\u00e4le erhoben werden. Wir werden Ihre personenbezogenen Daten haupts\u00e4chlich f\u00fcr folgende Zwecke verwenden: Information und F\u00f6rderung unserer Veranstaltungen und Angebote, um das Schloss Meung sur Loire zu bewerben und aufzuwerten.<\/span><\/p><p class=\"p1\"><span class=\"s1\">Wir speichern und verarbeiten Ihre personenbezogenen Daten so lange, wie es f\u00fcr den jeweiligen Zweck erforderlich ist. Die maximale Speicherfrist betr\u00e4gt 3 Jahre.<\/span><\/p><p class=\"p1\"><span class=\"s1\">Um unseren gesetzlichen Verpflichtungen nachzukommen oder Anfragen von Regulierungsbeh\u00f6rden und Verwaltungsbeh\u00f6rden zu beantworten, sowie f\u00fcr historische, statistische oder wissenschaftliche Forschungszwecke, k\u00f6nnen wir angehalten sein, Ihre Daten unter den gesetzlich vorgesehenen Bedingungen zu archivieren.<\/span><\/p><p class=\"p1\"><span class=\"s1\">Unten finden Sie detaillierte Informationen \u00fcber die Verarbeitung Ihrer personenbezogenen Daten, insbesondere in Bezug auf:<\/span><\/p><p class=\"p1\"><span class=\"s1\">\u2022 die Zwecke der Verarbeitung,<\/span><\/p><p class=\"p1\"><span class=\"s1\">\u2022 die rechtlichen Grundlagen f\u00fcr ihre Verarbeitung,<\/span><\/p><p class=\"p1\"><span class=\"s1\">\u2022 ihre Haltbarkeiten,<\/span><\/p><p class=\"p1\"><span class=\"s1\">\u2022 ihre Empf\u00e4nger,<\/span><\/p><p class=\"p1\"><span class=\"s1\">\u2022 ihre Herkunft, wenn bestimmte Daten nicht direkt von der SCI G.L.C.M erhoben wurden<\/span><\/p>\t\t\t\t\t\t\t\t<\/div>\n\t\t\t\t<div class=\"elementor-element elementor-element-440ac82e elementor-widget elementor-widget-heading\" data-id=\"440ac82e\" data-element_type=\"widget\" data-widget_type=\"heading.default\">\n\t\t\t\t\t<h2 class=\"elementor-heading-title elementor-size-default\">Zugriffsrechte und Updates<\/h2>\t\t\t\t<\/div>\n\t\t\t\t<div class=\"elementor-element elementor-element-56077233 elementor-widget elementor-widget-text-editor\" data-id=\"56077233\" data-element_type=\"widget\" data-widget_type=\"text-editor.default\">\n\t\t\t\t\t\t\t\t\t<p class=\"p1\"><span class=\"s1\">Sie k\u00f6nnen jederzeit unter den gesetzlichen Bedingungen auf Ihre personenbezogenen Daten zugreifen, deren Verarbeitung aus berechtigtem Grund widersprechen, sie berichtigen lassen, deren L\u00f6schung, Einschr\u00e4nkung der Verarbeitung oder \u00dcbertragbarkeit verlangen oder Anweisungen f\u00fcr den Fall Ihres Todes festlegen.<\/span><\/p><p class=\"p1\"><span class=\"s1\">Sie k\u00f6nnen der Verwendung Ihrer Daten zu Zwecken der Direktwerbung durch die SCI G.L.C.M. jederzeit und ohne Angabe von Gr\u00fcnden widersprechen. Wenn die Rechtsgrundlage f\u00fcr die Verarbeitung die Einwilligung ist, k\u00f6nnen Sie Ihre Einwilligung jederzeit widerrufen.<\/span><\/p><p class=\"p1\"><span class=\"s1\">Bitte beachten Sie, dass die Aus\u00fcbung einiger dieser Rechte die SCI G.L.C.M daran hindern kann, gegebenenfalls bestimmte Produkte oder Dienstleistungen bereitzustellen.<\/span><\/p><p class=\"p1\"><span class=\"s1\">Um dies zu tun, schreiben Sie einfach an SCI G.L.C.M \u2013 Ch\u00e2teau de Meung sur Loire \u2013 16, place du Martroi \u2013 45 130 Meung sur Loire.<\/span><\/p><p class=\"p1\"><span class=\"s1\">Sie k\u00f6nnen Ihre Anfrage auch an den Datenschutzbeauftragten unter der E-Mail-Adresse richten: <a href=\"mailto:info@chateau-de-meung.com\"><span class=\"s2\">info@chateau-de-meung.com<\/span><\/a><\/span><\/p><p class=\"p1\"><span class=\"s1\">Sie k\u00f6nnen im Falle einer Beschwerde eine Beschwerde bei der CNIL einreichen, deren Website unter folgender Adresse erreichbar ist: <a href=\"http:\/\/www.cnil.fr\/\" target=\"_blank\" rel=\"noopener\"><span class=\"s2\">http:\/\/www.cnil.fr<\/span><\/a> und der Sitz befindet sich in der Place de Fontenoy 3, 75007 Paris.<\/span><\/p>\t\t\t\t\t\t\t\t<\/div>\n\t\t\t\t<div class=\"elementor-element elementor-element-31b600e2 elementor-widget elementor-widget-heading\" data-id=\"31b600e2\" data-element_type=\"widget\" data-widget_type=\"heading.default\">\n\t\t\t\t\t<h2 class=\"elementor-heading-title elementor-size-default\">Finalit\u00e4t 1. Kommunikation durch die SCI G.L.C.M<\/h2>\t\t\t\t<\/div>\n\t\t\t\t<div class=\"elementor-element elementor-element-1692c808 elementor-widget elementor-widget-text-editor\" data-id=\"1692c808\" data-element_type=\"widget\" data-widget_type=\"text-editor.default\">\n\t\t\t\t\t\t\t\t\t<div class=\"rgpd-table-wrap\">\n  <table class=\"rgpd-table\">\n    <thead>\n      <tr>\n        <th>Unterziel<\/th>\n        <th>Rechtsgrundlage f\u00fcr die Verarbeitung<\/th>\n        <th>Datenspeicherungsdauer<\/th>\n        <th>Datenempf\u00e4nger<\/th>\n        <th>Daten von Dritten erhalten<\/th>\n        <th>Zus\u00e4tzliche Informationen<\/th>\n      <\/tr>\n    <\/thead>\n    <tbody>\n      <tr>\n        <td>Verwaltung der elektronischen Kommunikation (Newsletter)<\/td>\n        <td>Einwilligung<\/td>\n        <td>Drei (3) Jahre ab dem Datum der letzten Kommunikation<\/td>\n        <td><\/td>\n        <td>Nicht<\/td>\n        <td><\/td>\n      <\/tr>\n      <tr>\n        <td>Erstellung von visuellen Inhalten f\u00fcr die elektronische oder physische Kommunikation (Poster, Flyer, ...)<\/td>\n        <td>Einwilligung<\/td>\n        <td>Drei (3) Jahre ab dem Datum der letzten Kommunikation<\/td>\n        <td><\/td>\n        <td>Nicht<\/td>\n        <td><\/td>\n      <\/tr>\n    <\/tbody>\n  <\/table>\n<\/div>\t\t\t\t\t\t\t\t<\/div>\n\t\t\t\t<div class=\"elementor-element elementor-element-b7592b6 elementor-widget elementor-widget-text-editor\" data-id=\"b7592b6\" data-element_type=\"widget\" data-widget_type=\"text-editor.default\">\n\t\t\t\t\t\t\t\t\t<p class=\"p1\"><span class=\"s1\">Sie haben die M\u00f6glichkeit, Ihre Einwilligung zur Verarbeitung dieser Daten f\u00fcr diesen Unterzweck zu widerrufen.<\/span><\/p>\t\t\t\t\t\t\t\t<\/div>\n\t\t\t\t<div class=\"elementor-element elementor-element-64ff56e5 elementor-widget elementor-widget-heading\" data-id=\"64ff56e5\" data-element_type=\"widget\" data-widget_type=\"heading.default\">\n\t\t\t\t\t<h2 class=\"elementor-heading-title elementor-size-default\">Zweck 2. Kundenverwaltung durch die SCI G.L.C.M<\/h2>\t\t\t\t<\/div>\n\t\t\t\t<div class=\"elementor-element elementor-element-b771817 elementor-widget elementor-widget-text-editor\" data-id=\"b771817\" data-element_type=\"widget\" data-widget_type=\"text-editor.default\">\n\t\t\t\t\t\t\t\t\t<p class=\"p1\"><span class=\"s1\">Allgemeine Beschreibung des Zwecks: Produktverwaltung sowie Verwaltung des Kundenverh\u00e4ltnisses mit SCI G.L.C.M.<\/span><\/p>\t\t\t\t\t\t\t\t<\/div>\n\t\t\t\t<div class=\"elementor-element elementor-element-5629388 elementor-widget elementor-widget-text-editor\" data-id=\"5629388\" data-element_type=\"widget\" data-widget_type=\"text-editor.default\">\n\t\t\t\t\t\t\t\t\t<div class=\"rgpd-table-wrap\">\n  <table class=\"rgpd-table\">\n    <thead>\n      <tr>\n        <th>Unterziel<\/th>\n        <th>Rechtsgrundlage f\u00fcr die Verarbeitung<\/th>\n        <th>Datenspeicherungsdauer<\/th>\n        <th>Datenempf\u00e4nger<\/th>\n        <th>Daten von Dritten erhalten<\/th>\n        <th>Zus\u00e4tzliche Informationen<\/th>\n      <\/tr>\n    <\/thead>\n\n    <tbody>\n      <tr>\n        <td>Kundenverwaltung<\/td>\n        <td>Notwendig f\u00fcr die Transaktion<\/td>\n        <td>Drei (3) Jahre ab dem Betrieb f\u00fcr die Daten dieses Betriebs<\/td>\n        <td>SCI G.L.C.M<\/td>\n        <td>Ja<\/td>\n        <td>Nutzung des regionalen Touristikmarktplatzes<\/td>\n      <\/tr>\n\n      <tr>\n        <td>Kundenverwaltung<\/td>\n        <td>Notwendig f\u00fcr die Transaktion<\/td>\n        <td>Drei (3) Jahre ab dem Betrieb f\u00fcr die Daten dieses Betriebs<\/td>\n        <td>SCI G.L.C.M<\/td>\n        <td>Ja<\/td>\n        <td>Nutzung des Patrivia-Ticketing<\/td>\n      <\/tr>\n    <\/tbody>\n  <\/table>\n<\/div>\t\t\t\t\t\t\t\t<\/div>\n\t\t\t\t<div class=\"elementor-element elementor-element-abc9577 elementor-widget elementor-widget-text-editor\" data-id=\"abc9577\" data-element_type=\"widget\" data-widget_type=\"text-editor.default\">\n\t\t\t\t\t\t\t\t\t<p class=\"p1\"><span class=\"s1\"><i>Der Regionale Tourismus-Marktplatz \u2013 das Buchungssystem der SCI G.L.C.M<\/i><i><\/i><\/span><\/p><p class=\"p1\"><span class=\"s2\">Jedes Element, das zur Online-Buchung auf der Website angeboten wird <a href=\"https:\/\/chateau-de-meung.com\/de\/\"><span class=\"s3\">www.chateau-de-meung.com<\/span><\/a> stammt aus dem System des Regionalen Tourismus-Marktplatzes (Open System Technology \u2013 R\u00e9seaux Alliance), das Nutzer direkt mit den als Marktplatzmitglieder registrierten Verk\u00e4ufern in Verbindung bringt. F\u00fcr jede \u00fcber die Website vorgenommene Reservierung <a href=\"https:\/\/chateau-de-meung.com\/de\/\"><span class=\"s3\">www.chateau-de-meung.com<\/span><\/a> Der Nutzer muss die vorliegenden Allgemeinen Nutzungsbedingungen zus\u00e4tzlich zu den <a href=\"https:\/\/chateau-de-meung.com\/de\/allgemeine-verkaufsbedingungen\/\"><span class=\"s3\">Allgemeine Verkaufsbedingungen<\/span><\/a> Sie, als Verk\u00e4ufer, der an der Reservierung beteiligt ist.<\/span><\/p>\t\t\t\t\t\t\t\t<\/div>\n\t\t\t\t<div class=\"elementor-element elementor-element-6c81df1 elementor-widget elementor-widget-text-editor\" data-id=\"6c81df1\" data-element_type=\"widget\" data-widget_type=\"text-editor.default\">\n\t\t\t\t\t\t\t\t\t<p class=\"p1\"><span class=\"s1\"><i>Andere Reservierungssysteme \u2013 Patrivia<\/i><i><\/i><\/span><\/p><p class=\"p1\"><span class=\"s2\">Alle Elemente, die zur Online-Buchung auf anderen Websites als <a href=\"https:\/\/chateau-de-meung.com\/de\/\"><span class=\"s3\">www.chateau-de-meung.com<\/span><\/a> stammen aus Systemen, die direkt von ihren Verantwortlichen verwaltet werden. F\u00fcr jede \u00fcber andere Websites vorgenommene Buchung muss der Nutzer die Allgemeinen Nutzungsbedingungen zus\u00e4tzlich zu den Allgemeinen Verkaufsbedingungen des Verk\u00e4ufers, der von der Buchung betroffen ist, akzeptieren.<\/span><\/p>\t\t\t\t\t\t\t\t<\/div>\n\t\t\t\t<div class=\"elementor-element elementor-element-7f865f32 elementor-widget elementor-widget-heading\" data-id=\"7f865f32\" data-element_type=\"widget\" data-widget_type=\"heading.default\">\n\t\t\t\t\t<h2 class=\"elementor-heading-title elementor-size-default\">Endziel 3. Prospektion und Analyse<\/h2>\t\t\t\t<\/div>\n\t\t\t\t<div class=\"elementor-element elementor-element-7b6bde48 elementor-widget elementor-widget-text-editor\" data-id=\"7b6bde48\" data-element_type=\"widget\" data-widget_type=\"text-editor.default\">\n\t\t\t\t\t\t\t\t\t<p class=\"p1\"><span class=\"s1\">Allgemeine Beschreibung des Zwecks: Angebote entwickeln, Besucher kennenlernen und binden.<\/span><\/p>\t\t\t\t\t\t\t\t<\/div>\n\t\t\t\t<div class=\"elementor-element elementor-element-88e1efb elementor-widget elementor-widget-text-editor\" data-id=\"88e1efb\" data-element_type=\"widget\" data-widget_type=\"text-editor.default\">\n\t\t\t\t\t\t\t\t\t<div class=\"rgpd-table-wrap\">\n  <table class=\"rgpd-table\">\n    <thead>\n      <tr>\n        <th>Unterziel<\/th>\n        <th>Rechtsgrundlage f\u00fcr die Verarbeitung<\/th>\n        <th>Datenspeicherungsdauer<\/th>\n        <th>Datenempf\u00e4nger<\/th>\n        <th>Daten von Dritten erhalten<\/th>\n        <th>Zus\u00e4tzliche Informationen<\/th>\n      <\/tr>\n    <\/thead>\n<tbody>\n  <tr>\n    <td>Besucherverwaltung<\/td>\n    <td>Berechtigtes Interesse von SCI G.L.C.M<\/td>\n    <td>Drei (3) Jahre ab dem letzten Login<\/td>\n    <td>SCI G.L.C.M<\/td>\n    <td>Google Analytics, Facebook Pixel<\/td>\n    <td><\/td>\n  <\/tr>\n\n  <tr>\n    <td>Kunden zufriedenenheit Management<\/td>\n    <td>Einwilligung<\/td>\n    <td>Drei (3) Jahre ab dem letzten Login<\/td>\n    <td><\/td>\n    <td>Nicht<\/td>\n    <td><\/td>\n  <\/tr>\n<\/tbody>\n  <\/table>\n<\/div>\n\t\t\t\t\t\t\t\t<\/div>\n\t\t\t\t<div class=\"elementor-element elementor-element-95de0ac elementor-widget elementor-widget-text-editor\" data-id=\"95de0ac\" data-element_type=\"widget\" data-widget_type=\"text-editor.default\">\n\t\t\t\t\t\t\t\t\t<p class=\"p1\"><span class=\"s1\">Sie haben die M\u00f6glichkeit, Ihre Einwilligung zur Verarbeitung dieser Daten f\u00fcr diesen Unterzweck zu widerrufen.<\/span><\/p>\t\t\t\t\t\t\t\t<\/div>\n\t\t\t\t\t<\/div>\n\t\t\t\t<\/div>\n\t\t\t\t<\/div>","protected":false},"excerpt":{"rendered":"<p>Politique de confidentialit\u00e9 Cliquez ici Pr\u00e9ambule Le R\u00e8glement (EU) 2016\/679 du Parlement Europ\u00e9en et du Conseil du 27 avril 2016 relatif \u00e0 la protection des donn\u00e9es, (ci-apr\u00e8s RGPD) fixe le cadre juridique applicable aux traitements de donn\u00e9es \u00e0 caract\u00e8re personnel. Ce texte renforce les droits et les obligations des responsables de traitements, des sous-traitants, des [&hellip;]<\/p>\n","protected":false},"author":1,"featured_media":0,"parent":0,"menu_order":0,"comment_status":"closed","ping_status":"open","template":"","meta":{"_acf_changed":false,"footnotes":""},"class_list":["post-3","page","type-page","status-publish","hentry"],"acf":[],"_links":{"self":[{"href":"https:\/\/chateau-de-meung.com\/de\/wp-json\/wp\/v2\/pages\/3","targetHints":{"allow":["GET"]}}],"collection":[{"href":"https:\/\/chateau-de-meung.com\/de\/wp-json\/wp\/v2\/pages"}],"about":[{"href":"https:\/\/chateau-de-meung.com\/de\/wp-json\/wp\/v2\/types\/page"}],"author":[{"embeddable":true,"href":"https:\/\/chateau-de-meung.com\/de\/wp-json\/wp\/v2\/users\/1"}],"replies":[{"embeddable":true,"href":"https:\/\/chateau-de-meung.com\/de\/wp-json\/wp\/v2\/comments?post=3"}],"version-history":[{"count":16,"href":"https:\/\/chateau-de-meung.com\/de\/wp-json\/wp\/v2\/pages\/3\/revisions"}],"predecessor-version":[{"id":3064,"href":"https:\/\/chateau-de-meung.com\/de\/wp-json\/wp\/v2\/pages\/3\/revisions\/3064"}],"wp:attachment":[{"href":"https:\/\/chateau-de-meung.com\/de\/wp-json\/wp\/v2\/media?parent=3"}],"curies":[{"name":"wp","href":"https:\/\/api.w.org\/{rel}","templated":true}]}}