{"id":979,"date":"2026-03-03T09:08:56","date_gmt":"2026-03-03T08:08:56","guid":{"rendered":"https:\/\/meung-sur-loire.agenceparadoxe.com\/?page_id=979"},"modified":"2026-04-02T18:02:57","modified_gmt":"2026-04-02T16:02:57","slug":"rosengarten-beschallen","status":"publish","type":"page","link":"https:\/\/chateau-de-meung.com\/de\/parc-activites\/jardin-des-roses-sonorise\/","title":{"rendered":"Der Rosengarten mit Ton"},"content":{"rendered":"<div data-elementor-type=\"wp-page\" data-elementor-id=\"979\" class=\"elementor elementor-979\" data-elementor-post-type=\"page\">\n\t\t\t\t<div class=\"elementor-element elementor-element-f77d7e4 e-flex e-con-boxed e-con e-parent\" data-id=\"f77d7e4\" data-element_type=\"container\" data-settings=\"{&quot;background_background&quot;:&quot;classic&quot;}\">\n\t\t\t\t\t<div class=\"e-con-inner\">\n\t\t<div class=\"elementor-element elementor-element-7f1181d2 e-con-full e-flex e-con e-child\" data-id=\"7f1181d2\" data-element_type=\"container\">\n\t\t\t\t<div class=\"elementor-element elementor-element-13c19ba8 elementor-widget elementor-widget-heading\" data-id=\"13c19ba8\" data-element_type=\"widget\" data-widget_type=\"heading.default\">\n\t\t\t\t\t<h1 class=\"elementor-heading-title elementor-size-default\">Der Rosengarten beschallt\n\n\n<\/h1>\t\t\t\t<\/div>\n\t\t\t\t<div class=\"elementor-element elementor-element-6469827 elementor-widget elementor-widget-heading\" data-id=\"6469827\" data-element_type=\"widget\" data-widget_type=\"heading.default\">\n\t\t\t\t\t<h2 class=\"elementor-heading-title elementor-size-default\">Eine Oase der musikalischen Ruhe\n<\/h2>\t\t\t\t<\/div>\n\t\t<div class=\"elementor-element elementor-element-31ce5b9b e-con-full e-flex e-con e-child\" data-id=\"31ce5b9b\" data-element_type=\"container\">\n\t\t\t\t<div class=\"elementor-element elementor-element-30df9e25 meung-btn meung-btn--red elementor-widget elementor-widget-button\" data-id=\"30df9e25\" data-element_type=\"widget\" data-widget_type=\"button.default\">\n\t\t\t\t\t\t\t\t\t\t<a class=\"elementor-button elementor-button-link elementor-size-sm\" href=\"\/de\/kartenschalter\/\">\n\t\t\t\t\t\t<span class=\"elementor-button-content-wrapper\">\n\t\t\t\t\t\t<span class=\"elementor-button-icon\">\n\t\t\t\t<svg aria-hidden=\"true\" class=\"e-font-icon-svg e-fas-arrow-right\" viewbox=\"0 0 448 512\" xmlns=\"http:\/\/www.w3.org\/2000\/svg\"><path d=\"M190.5 66.9l22.2-22.2c9.4-9.4 24.6-9.4 33.9 0L441 239c9.4 9.4 9.4 24.6 0 33.9L246.6 467.3c-9.4 9.4-24.6 9.4-33.9 0l-22.2-22.2c-9.5-9.5-9.3-25 .4-34.3L311.4 296H24c-13.3 0-24-10.7-24-24v-32c0-13.3 10.7-24 24-24h287.4L190.9 101.2c-9.8-9.3-10-24.8-.4-34.3z\"><\/path><\/svg>\t\t\t<\/span>\n\t\t\t\t\t\t\t\t\t<span class=\"elementor-button-text\">KARTENVERKAUF<\/span>\n\t\t\t\t\t<\/span>\n\t\t\t\t\t<\/a>\n\t\t\t\t\t\t\t\t<\/div>\n\t\t\t\t<div class=\"elementor-element elementor-element-2200970b meung-btn meung-btn--white elementor-widget elementor-widget-button\" data-id=\"2200970b\" data-element_type=\"widget\" data-widget_type=\"button.default\">\n\t\t\t\t\t\t\t\t\t\t<a class=\"elementor-button elementor-button-link elementor-size-sm\" href=\"\/de\/abenteuerpark\/familienbesuch\/\">\n\t\t\t\t\t\t<span class=\"elementor-button-content-wrapper\">\n\t\t\t\t\t\t<span class=\"elementor-button-icon\">\n\t\t\t\t<svg aria-hidden=\"true\" class=\"e-font-icon-svg e-fas-arrow-right\" viewbox=\"0 0 448 512\" xmlns=\"http:\/\/www.w3.org\/2000\/svg\"><path d=\"M190.5 66.9l22.2-22.2c9.4-9.4 24.6-9.4 33.9 0L441 239c9.4 9.4 9.4 24.6 0 33.9L246.6 467.3c-9.4 9.4-24.6 9.4-33.9 0l-22.2-22.2c-9.5-9.5-9.3-25 .4-34.3L311.4 296H24c-13.3 0-24-10.7-24-24v-32c0-13.3 10.7-24 24-24h287.4L190.9 101.2c-9.8-9.3-10-24.8-.4-34.3z\"><\/path><\/svg>\t\t\t<\/span>\n\t\t\t\t\t\t\t\t\t<span class=\"elementor-button-text\">Familienbesuch<\/span>\n\t\t\t\t\t<\/span>\n\t\t\t\t\t<\/a>\n\t\t\t\t\t\t\t\t<\/div>\n\t\t\t\t<\/div>\n\t\t\t\t<\/div>\n\t\t\t\t\t<\/div>\n\t\t\t\t<\/div>\n\t\t<div class=\"elementor-element elementor-element-3c6f1f31 box-shadow e-flex e-con-boxed e-con e-parent\" data-id=\"3c6f1f31\" data-element_type=\"container\" data-settings=\"{&quot;background_background&quot;:&quot;classic&quot;}\">\n\t\t\t\t\t<div class=\"e-con-inner\">\n\t\t\t\t<div class=\"elementor-element elementor-element-4d9fb17f elementor-widget__width-inherit elementor-widget elementor-widget-html\" data-id=\"4d9fb17f\" data-element_type=\"widget\" data-widget_type=\"html.default\">\n\t\t\t\t\t\n<div class=\"meung-infosbar\" role=\"group\" aria-label=\"Praktische Informationen\">\n  <div class=\"meung-infosbar__row\">\n    <div class=\"meung-infosbar__item\">\n      <img decoding=\"async\" class=\"meung-infosbar__icon\" src=\"http:\/\/www.chateau-de-meung.com\/wp-content\/uploads\/2026\/02\/ticketfill.png\" alt=\"\">\n      <span>Im Ticket enthalten<\/span>\n    <\/div>\n\n    <div class=\"meung-infosbar__item\">\n      <img decoding=\"async\" class=\"meung-infosbar__icon\" src=\"http:\/\/www.chateau-de-meung.com\/wp-content\/uploads\/2026\/02\/clockclockwisefill.png\" alt=\"\">\n      <span>Ca. 15 Minuten<\/span>\n    <\/div>\n\n    <div class=\"meung-infosbar__item\">\n      <img decoding=\"async\" class=\"meung-infosbar__icon\" src=\"http:\/\/www.chateau-de-meung.com\/wp-content\/uploads\/2026\/02\/userfill-1.png\" alt=\"\">\n      <span>F\u00fcr alle Altersgruppen<\/span>\n    <\/div>\n\n    <div class=\"meung-infosbar__item\">\n      <img decoding=\"async\" class=\"meung-infosbar__icon\" src=\"http:\/\/www.chateau-de-meung.com\/wp-content\/uploads\/2026\/02\/sunfill.png\" alt=\"\">\n      <span>Drau\u00dfen<\/span>\n    <\/div>\n  <\/div>\n<\/div>\t\t\t\t<\/div>\n\t\t\t\t\t<\/div>\n\t\t\t\t<\/div>\n\t\t<div class=\"elementor-element elementor-element-5ce654ca e-flex e-con-boxed e-con e-parent\" data-id=\"5ce654ca\" data-element_type=\"container\" data-settings=\"{&quot;background_background&quot;:&quot;classic&quot;}\">\n\t\t\t\t\t<div class=\"e-con-inner\">\n\t\t\t\t<div class=\"elementor-element elementor-element-2f9eecf5 elementor-widget elementor-widget-text-editor\" data-id=\"2f9eecf5\" data-element_type=\"widget\" data-widget_type=\"text-editor.default\">\n\t\t\t\t\t\t\t\t\t<p class=\"p1\"><span class=\"s1\">Abseits der Hektik des Parks bietet der Rosengarten einen ruhigen R\u00fcckzugsort, der zur Besinnung einl\u00e4dt.<\/span><\/p>\n<p class=\"p2\"><span class=\"s2\">Dieser Garten, der in den Park des Schlosses von Meung-sur-Loire integriert ist, l\u00e4dt dazu ein, das Tempo zu verlangsamen und einen Moment der Ruhe in einer nat\u00fcrlichen und historischen Umgebung zu genie\u00dfen.<\/span><\/p>\t\t\t\t\t\t\t\t<\/div>\n\t\t\t\t\t<\/div>\n\t\t\t\t<\/div>\n\t\t<div class=\"elementor-element elementor-element-3755fec9 e-flex e-con-boxed e-con e-parent\" data-id=\"3755fec9\" data-element_type=\"container\" id=\"souterrain\" data-settings=\"{&quot;background_background&quot;:&quot;classic&quot;}\">\n\t\t\t\t\t<div class=\"e-con-inner\">\n\t\t<div class=\"elementor-element elementor-element-47a4d663 e-con-full e-flex e-con e-child\" data-id=\"47a4d663\" data-element_type=\"container\">\n\t\t<div class=\"elementor-element elementor-element-40b2205c e-con-full e-flex e-con e-child\" data-id=\"40b2205c\" data-element_type=\"container\" data-settings=\"{&quot;background_background&quot;:&quot;classic&quot;}\">\n\t\t<div class=\"elementor-element elementor-element-66da5009 e-con-full e-flex e-con e-child\" data-id=\"66da5009\" data-element_type=\"container\" data-settings=\"{&quot;background_background&quot;:&quot;classic&quot;}\">\n\t\t\t\t<\/div>\n\t\t<div class=\"elementor-element elementor-element-768af0f5 e-con-full e-flex e-con e-child\" data-id=\"768af0f5\" data-element_type=\"container\" data-settings=\"{&quot;background_background&quot;:&quot;classic&quot;}\">\n\t\t\t\t<div class=\"elementor-element elementor-element-25e3c996 elementor-widget elementor-widget-text-editor\" data-id=\"25e3c996\" data-element_type=\"widget\" data-widget_type=\"text-editor.default\">\n\t\t\t\t\t\t\t\t\t<p class=\"p1\"><span class=\"s1\">Ein Ort der Ruhe<\/span><\/p>\t\t\t\t\t\t\t\t<\/div>\n\t\t\t\t<div class=\"elementor-element elementor-element-21affa83 elementor-widget elementor-widget-heading\" data-id=\"21affa83\" data-element_type=\"widget\" data-widget_type=\"heading.default\">\n\t\t\t\t\t<h2 class=\"elementor-heading-title elementor-size-default\">Ein Raum, der zum Flanieren einl\u00e4dt<\/h2>\t\t\t\t<\/div>\n\t\t\t\t<div class=\"elementor-element elementor-element-1b2e67d4 elementor-widget elementor-widget-text-editor\" data-id=\"1b2e67d4\" data-element_type=\"widget\" data-widget_type=\"text-editor.default\">\n\t\t\t\t\t\t\t\t\t<p class=\"p1\"><span class=\"s1\">Der Rosengarten steht in der Tradition von Lustg\u00e4rten, die als Orte der Entspannung und Erholung im Anwesen konzipiert wurden.<\/span><\/p>\n<p class=\"p1\"><span class=\"s1\">Dieser intime Garten zeichnet sich dadurch aus, dass er Rosen beherbergt, die ber\u00fchmte Autoren tragen. Auf den Spuren von Jehan de Meung, dem Autor des Rosenromans, von Fran\u00e7ois Villon oder des anarchistischen Dichters Gaston Cout\u00e9, machen Sie es sich in einem Liegestuhl bequem und lassen Sie sich von der Ruhe des Ortes und dem Murmeln des Brunnens beruhigen...<\/span><\/p>\n<p class=\"p1\"><span class=\"s1\">Je nach Jahreszeit verwandelt sich der Rosengarten und bietet wechselnde Stimmungen.<\/span><\/p>\n<p class=\"p1\"><span class=\"s1\">Bl\u00fcten, Farben, D\u00fcfte und Licht schaffen eine sich st\u00e4ndig ver\u00e4ndernde Kulisse, die dazu einl\u00e4dt, den Garten bei jedem Besuch neu zu entdecken.<\/span><\/p>\n<p class=\"p3\"><span class=\"s2\">Dieses entwicklungsf\u00e4hige Merkmal macht den Rosengarten zu einem lebendigen Ort, im Einklang mit dem nat\u00fcrlichen Rhythmus des Parks.<\/span><\/p>\t\t\t\t\t\t\t\t<\/div>\n\t\t\t\t<\/div>\n\t\t<div class=\"elementor-element elementor-element-1d410cf9 e-con-full e-flex e-con e-child\" data-id=\"1d410cf9\" data-element_type=\"container\">\n\t\t\t\t<div class=\"elementor-element elementor-element-55934760 meung-btn meung-btn--red elementor-align-center elementor-widget elementor-widget-button\" data-id=\"55934760\" data-element_type=\"widget\" data-widget_type=\"button.default\">\n\t\t\t\t\t\t\t\t\t\t<a class=\"elementor-button elementor-button-link elementor-size-sm\" href=\"\/de\/kartenschalter\/\">\n\t\t\t\t\t\t<span class=\"elementor-button-content-wrapper\">\n\t\t\t\t\t\t<span class=\"elementor-button-icon\">\n\t\t\t\t<svg aria-hidden=\"true\" class=\"e-font-icon-svg e-fas-arrow-right\" viewbox=\"0 0 448 512\" xmlns=\"http:\/\/www.w3.org\/2000\/svg\"><path d=\"M190.5 66.9l22.2-22.2c9.4-9.4 24.6-9.4 33.9 0L441 239c9.4 9.4 9.4 24.6 0 33.9L246.6 467.3c-9.4 9.4-24.6 9.4-33.9 0l-22.2-22.2c-9.5-9.5-9.3-25 .4-34.3L311.4 296H24c-13.3 0-24-10.7-24-24v-32c0-13.3 10.7-24 24-24h287.4L190.9 101.2c-9.8-9.3-10-24.8-.4-34.3z\"><\/path><\/svg>\t\t\t<\/span>\n\t\t\t\t\t\t\t\t\t<span class=\"elementor-button-text\">KARTENVERKAUF<\/span>\n\t\t\t\t\t<\/span>\n\t\t\t\t\t<\/a>\n\t\t\t\t\t\t\t\t<\/div>\n\t\t\t\t<\/div>\n\t\t\t\t<\/div>\n\t\t\t\t<\/div>\n\t\t\t\t\t<\/div>\n\t\t\t\t<\/div>\n\t\t<div class=\"elementor-element elementor-element-17092e79 e-flex e-con-boxed e-con e-parent\" data-id=\"17092e79\" data-element_type=\"container\" id=\"famille\" data-settings=\"{&quot;background_background&quot;:&quot;classic&quot;}\">\n\t\t\t\t\t<div class=\"e-con-inner\">\n\t\t<div class=\"elementor-element elementor-element-2a745283 e-con-full e-flex e-con e-child\" data-id=\"2a745283\" data-element_type=\"container\" data-settings=\"{&quot;background_background&quot;:&quot;classic&quot;}\">\n\t\t\t\t<div class=\"elementor-element elementor-element-4f07a4eb elementor-widget elementor-widget-text-editor\" data-id=\"4f07a4eb\" data-element_type=\"widget\" data-widget_type=\"text-editor.default\">\n\t\t\t\t\t\t\t\t\t<p class=\"p1\"><span class=\"s1\">F\u00dcR DIE GANZE FAMILIE<\/span><\/p>\t\t\t\t\t\t\t\t<\/div>\n\t\t\t\t<div class=\"elementor-element elementor-element-5e06a703 elementor-widget elementor-widget-heading\" data-id=\"5e06a703\" data-element_type=\"widget\" data-widget_type=\"heading.default\">\n\t\t\t\t\t<h2 class=\"elementor-heading-title elementor-size-default\">Ein zug\u00e4nglicher und f\u00fcr alle offener Ort<\/h2>\t\t\t\t<\/div>\n\t\t\t\t<div class=\"elementor-element elementor-element-18ed7355 elementor-widget elementor-widget-text-editor\" data-id=\"18ed7355\" data-element_type=\"widget\" data-widget_type=\"text-editor.default\">\n\t\t\t\t\t\t\t\t\t<p class=\"p1\"><span class=\"s1\">Der Rosengarten richtet sich an alle Zielgruppen.<\/span><\/p>\n<p class=\"p1\"><span class=\"s1\">Familien, Ruhesuchende oder Gartenliebhaber finden hier einen Ort, der zum Entspannen und Nachdenken einl\u00e4dt.<\/span><\/p>\n<p class=\"p3\"><span class=\"s2\">Er tr\u00e4gt voll und ganz zum Gleichgewicht des Besuchs bei und bietet einen Moment der Erholung im Rahmen des Parkrundgangs.<\/span><\/p>\t\t\t\t\t\t\t\t<\/div>\n\t\t\t\t<div class=\"elementor-element elementor-element-23d9f3a meung-btn meung-btn--sky elementor-align-left elementor-widget elementor-widget-button\" data-id=\"23d9f3a\" data-element_type=\"widget\" data-widget_type=\"button.default\">\n\t\t\t\t\t\t\t\t\t\t<a class=\"elementor-button elementor-button-link elementor-size-sm\" href=\"\/de\/abenteuerpark\/familienbesuch\/\">\n\t\t\t\t\t\t<span class=\"elementor-button-content-wrapper\">\n\t\t\t\t\t\t<span class=\"elementor-button-icon\">\n\t\t\t\t<svg aria-hidden=\"true\" class=\"e-font-icon-svg e-fas-arrow-right\" viewbox=\"0 0 448 512\" xmlns=\"http:\/\/www.w3.org\/2000\/svg\"><path d=\"M190.5 66.9l22.2-22.2c9.4-9.4 24.6-9.4 33.9 0L441 239c9.4 9.4 9.4 24.6 0 33.9L246.6 467.3c-9.4 9.4-24.6 9.4-33.9 0l-22.2-22.2c-9.5-9.5-9.3-25 .4-34.3L311.4 296H24c-13.3 0-24-10.7-24-24v-32c0-13.3 10.7-24 24-24h287.4L190.9 101.2c-9.8-9.3-10-24.8-.4-34.3z\"><\/path><\/svg>\t\t\t<\/span>\n\t\t\t\t\t\t\t\t\t<span class=\"elementor-button-text\">Familienbesuch<\/span>\n\t\t\t\t\t<\/span>\n\t\t\t\t\t<\/a>\n\t\t\t\t\t\t\t\t<\/div>\n\t\t\t\t<\/div>\n\t\t\t\t\t<\/div>\n\t\t\t\t<\/div>\n\t\t<div class=\"elementor-element elementor-element-09780f1 e-flex e-con-boxed e-con e-parent\" data-id=\"09780f1\" data-element_type=\"container\" data-settings=\"{&quot;background_background&quot;:&quot;classic&quot;}\">\n\t\t\t\t\t<div class=\"e-con-inner\">\n\t\t<div class=\"elementor-element elementor-element-b0afb78 e-con-full e-flex e-con e-child\" data-id=\"b0afb78\" data-element_type=\"container\">\n\t\t\t\t<div class=\"elementor-element elementor-element-ea00088 elementor-widget elementor-widget-text-editor\" data-id=\"ea00088\" data-element_type=\"widget\" data-widget_type=\"text-editor.default\">\n\t\t\t\t\t\t\t\t\t<p class=\"p1\"><span class=\"s1\"><b>FREIZEITAKTIVIT\u00c4TEN IM FREIEN SIND WETTERABH\u00c4NGIG: AUS SICHERHEITSGR\u00dcNDEN BEH\u00c4LT SICH DIE DIREKTION DAS RECHT VOR, DEN ZUGANG ZUM PARK ZU SCHLIESSEN.<\/b><\/span><\/p>\t\t\t\t\t\t\t\t<\/div>\n\t\t\t\t<\/div>\n\t\t\t\t\t<\/div>\n\t\t\t\t<\/div>\n\t\t<div class=\"elementor-element elementor-element-7a5631d4 e-flex e-con-boxed e-con e-parent\" data-id=\"7a5631d4\" data-element_type=\"container\" data-settings=\"{&quot;background_background&quot;:&quot;classic&quot;}\">\n\t\t\t\t\t<div class=\"e-con-inner\">\n\t\t<div class=\"elementor-element elementor-element-521a2af1 e-con-full e-flex e-con e-child\" data-id=\"521a2af1\" data-element_type=\"container\">\n\t\t\t\t<div class=\"elementor-element elementor-element-33330bf0 elementor-widget elementor-widget-text-editor\" data-id=\"33330bf0\" data-element_type=\"widget\" data-widget_type=\"text-editor.default\">\n\t\t\t\t\t\t\t\t\t<p class=\"p1\"><span class=\"s1\">Im Herzen des Untergrunds haucht die Drachenh\u00f6hle der Legende von Meung-sur-Loire Leben ein und verl\u00e4ngert den Besuch in einer einzigartigen Atmosph\u00e4re.<\/span><\/p>\t\t\t\t\t\t\t\t<\/div>\n\t\t\t\t<\/div>\n\t\t<div class=\"elementor-element elementor-element-1bc7cc4 e-con-full e-flex e-con e-child\" data-id=\"1bc7cc4\" data-element_type=\"container\">\n\t\t<div class=\"elementor-element elementor-element-9a1206d e-con-full e-flex e-con e-child\" data-id=\"9a1206d\" data-element_type=\"container\" data-settings=\"{&quot;background_background&quot;:&quot;classic&quot;}\">\n\t\t<div class=\"elementor-element elementor-element-44483eb2 e-con-full e-flex e-con e-child\" data-id=\"44483eb2\" data-element_type=\"container\">\n\t\t\t\t<div class=\"elementor-element elementor-element-1b266274 elementor-widget elementor-widget-heading\" data-id=\"1b266274\" data-element_type=\"widget\" data-widget_type=\"heading.default\">\n\t\t\t\t\t<h2 class=\"elementor-heading-title elementor-size-default\"><a href=\"\/de\/abenteuerpark\/bauernhof-der-minimes\/\">Der Bauernhof der Minimen<\/a><\/h2>\t\t\t\t<\/div>\n\t\t\t\t<div class=\"elementor-element elementor-element-ae89c30 meung-btn meung-btn--red meung-btn--round elementor-widget elementor-widget-button\" data-id=\"ae89c30\" data-element_type=\"widget\" data-widget_type=\"button.default\">\n\t\t\t\t\t\t\t\t\t\t<a class=\"elementor-button elementor-button-link elementor-size-sm\" href=\"\/de\/abenteuerpark\/bauernhof-der-minimes\/\">\n\t\t\t\t\t\t<span class=\"elementor-button-content-wrapper\">\n\t\t\t\t\t\t<span class=\"elementor-button-icon\">\n\t\t\t\t<svg aria-hidden=\"true\" class=\"e-font-icon-svg e-fas-arrow-right\" viewbox=\"0 0 448 512\" xmlns=\"http:\/\/www.w3.org\/2000\/svg\"><path d=\"M190.5 66.9l22.2-22.2c9.4-9.4 24.6-9.4 33.9 0L441 239c9.4 9.4 9.4 24.6 0 33.9L246.6 467.3c-9.4 9.4-24.6 9.4-33.9 0l-22.2-22.2c-9.5-9.5-9.3-25 .4-34.3L311.4 296H24c-13.3 0-24-10.7-24-24v-32c0-13.3 10.7-24 24-24h287.4L190.9 101.2c-9.8-9.3-10-24.8-.4-34.3z\"><\/path><\/svg>\t\t\t<\/span>\n\t\t\t\t\t\t\t\t\t<span class=\"elementor-button-text\">KARTENVERKAUF<\/span>\n\t\t\t\t\t<\/span>\n\t\t\t\t\t<\/a>\n\t\t\t\t\t\t\t\t<\/div>\n\t\t\t\t<\/div>\n\t\t\t\t<\/div>\n\t\t<div class=\"elementor-element elementor-element-55ce4475 e-con-full e-flex e-con e-child\" data-id=\"55ce4475\" data-element_type=\"container\" data-settings=\"{&quot;background_background&quot;:&quot;classic&quot;}\">\n\t\t<div class=\"elementor-element elementor-element-457b3a27 e-con-full e-flex e-con e-child\" data-id=\"457b3a27\" data-element_type=\"container\">\n\t\t\t\t<div class=\"elementor-element elementor-element-38e9714c elementor-widget elementor-widget-heading\" data-id=\"38e9714c\" data-element_type=\"widget\" data-widget_type=\"heading.default\">\n\t\t\t\t\t<h2 class=\"elementor-heading-title elementor-size-default\"><a href=\"\/de\/schloss\/park\/\">Der Schlosspark\n<\/a><\/h2>\t\t\t\t<\/div>\n\t\t\t\t<div class=\"elementor-element elementor-element-6d71ccbc meung-btn meung-btn--red meung-btn--round elementor-widget elementor-widget-button\" data-id=\"6d71ccbc\" data-element_type=\"widget\" data-widget_type=\"button.default\">\n\t\t\t\t\t\t\t\t\t\t<a class=\"elementor-button elementor-button-link elementor-size-sm\" href=\"\/de\/schloss\/park\/\">\n\t\t\t\t\t\t<span class=\"elementor-button-content-wrapper\">\n\t\t\t\t\t\t<span class=\"elementor-button-icon\">\n\t\t\t\t<svg aria-hidden=\"true\" class=\"e-font-icon-svg e-fas-arrow-right\" viewbox=\"0 0 448 512\" xmlns=\"http:\/\/www.w3.org\/2000\/svg\"><path d=\"M190.5 66.9l22.2-22.2c9.4-9.4 24.6-9.4 33.9 0L441 239c9.4 9.4 9.4 24.6 0 33.9L246.6 467.3c-9.4 9.4-24.6 9.4-33.9 0l-22.2-22.2c-9.5-9.5-9.3-25 .4-34.3L311.4 296H24c-13.3 0-24-10.7-24-24v-32c0-13.3 10.7-24 24-24h287.4L190.9 101.2c-9.8-9.3-10-24.8-.4-34.3z\"><\/path><\/svg>\t\t\t<\/span>\n\t\t\t\t\t\t\t\t\t<span class=\"elementor-button-text\">KARTENVERKAUF<\/span>\n\t\t\t\t\t<\/span>\n\t\t\t\t\t<\/a>\n\t\t\t\t\t\t\t\t<\/div>\n\t\t\t\t<\/div>\n\t\t\t\t<\/div>\n\t\t<div class=\"elementor-element elementor-element-773a34c0 e-con-full e-flex e-con e-child\" data-id=\"773a34c0\" data-element_type=\"container\" data-settings=\"{&quot;background_background&quot;:&quot;classic&quot;}\">\n\t\t<div class=\"elementor-element elementor-element-2266887a e-con-full e-flex e-con e-child\" data-id=\"2266887a\" data-element_type=\"container\">\n\t\t\t\t<div class=\"elementor-element elementor-element-27e65512 elementor-widget elementor-widget-heading\" data-id=\"27e65512\" data-element_type=\"widget\" data-widget_type=\"heading.default\">\n\t\t\t\t\t<h2 class=\"elementor-heading-title elementor-size-default\"><a href=\"\/de\/bereiten-sie-ihren-besuch-vor\/ticketpreise\/\">Tarife &amp; Tickets<\/a><\/h2>\t\t\t\t<\/div>\n\t\t\t\t<div class=\"elementor-element elementor-element-280a6884 meung-btn meung-btn--red meung-btn--round elementor-widget elementor-widget-button\" data-id=\"280a6884\" data-element_type=\"widget\" data-widget_type=\"button.default\">\n\t\t\t\t\t\t\t\t\t\t<a class=\"elementor-button elementor-button-link elementor-size-sm\" href=\"\/de\/bereiten-sie-ihren-besuch-vor\/ticketpreise\/\">\n\t\t\t\t\t\t<span class=\"elementor-button-content-wrapper\">\n\t\t\t\t\t\t<span class=\"elementor-button-icon\">\n\t\t\t\t<svg aria-hidden=\"true\" class=\"e-font-icon-svg e-fas-arrow-right\" viewbox=\"0 0 448 512\" xmlns=\"http:\/\/www.w3.org\/2000\/svg\"><path d=\"M190.5 66.9l22.2-22.2c9.4-9.4 24.6-9.4 33.9 0L441 239c9.4 9.4 9.4 24.6 0 33.9L246.6 467.3c-9.4 9.4-24.6 9.4-33.9 0l-22.2-22.2c-9.5-9.5-9.3-25 .4-34.3L311.4 296H24c-13.3 0-24-10.7-24-24v-32c0-13.3 10.7-24 24-24h287.4L190.9 101.2c-9.8-9.3-10-24.8-.4-34.3z\"><\/path><\/svg>\t\t\t<\/span>\n\t\t\t\t\t\t\t\t\t<span class=\"elementor-button-text\">KARTENVERKAUF<\/span>\n\t\t\t\t\t<\/span>\n\t\t\t\t\t<\/a>\n\t\t\t\t\t\t\t\t<\/div>\n\t\t\t\t<\/div>\n\t\t\t\t<\/div>\n\t\t\t\t<\/div>\n\t\t\t\t\t<\/div>\n\t\t\t\t<\/div>\n\t\t<div class=\"elementor-element elementor-element-c90934b e-flex e-con-boxed e-con e-parent\" data-id=\"c90934b\" data-element_type=\"container\" data-settings=\"{&quot;background_background&quot;:&quot;classic&quot;}\">\n\t\t\t\t\t<div class=\"e-con-inner\">\n\t\t<div class=\"elementor-element elementor-element-496e06b e-con-full e-flex e-con e-child\" data-id=\"496e06b\" data-element_type=\"container\" data-settings=\"{&quot;background_background&quot;:&quot;classic&quot;}\">\n\t\t\t\t<div class=\"elementor-element elementor-element-69ed3e0c elementor-widget elementor-widget-heading\" data-id=\"69ed3e0c\" data-element_type=\"widget\" data-widget_type=\"heading.default\">\n\t\t\t\t\t<h2 class=\"elementor-heading-title elementor-size-default\">Buchen Sie Ihren Besuch<\/h2>\t\t\t\t<\/div>\n\t\t\t\t<div class=\"elementor-element elementor-element-7ca6d546 elementor-widget elementor-widget-text-editor\" data-id=\"7ca6d546\" data-element_type=\"widget\" data-widget_type=\"text-editor.default\">\n\t\t\t\t\t\t\t\t\t<p class=\"p1\"><span class=\"s1\">Einzelticket f\u00fcr den Schlossbesuch und die Au\u00dfenaktivit\u00e4ten.<\/span><\/p>\t\t\t\t\t\t\t\t<\/div>\n\t\t\t\t<div class=\"elementor-element elementor-element-119de2c1 meung-btn meung-btn--red elementor-align-center elementor-widget elementor-widget-button\" data-id=\"119de2c1\" data-element_type=\"widget\" data-widget_type=\"button.default\">\n\t\t\t\t\t\t\t\t\t\t<a class=\"elementor-button elementor-button-link elementor-size-sm\" href=\"\/de\/kartenschalter\/\">\n\t\t\t\t\t\t<span class=\"elementor-button-content-wrapper\">\n\t\t\t\t\t\t<span class=\"elementor-button-icon\">\n\t\t\t\t<svg aria-hidden=\"true\" class=\"e-font-icon-svg e-fas-arrow-right\" viewbox=\"0 0 448 512\" xmlns=\"http:\/\/www.w3.org\/2000\/svg\"><path d=\"M190.5 66.9l22.2-22.2c9.4-9.4 24.6-9.4 33.9 0L441 239c9.4 9.4 9.4 24.6 0 33.9L246.6 467.3c-9.4 9.4-24.6 9.4-33.9 0l-22.2-22.2c-9.5-9.5-9.3-25 .4-34.3L311.4 296H24c-13.3 0-24-10.7-24-24v-32c0-13.3 10.7-24 24-24h287.4L190.9 101.2c-9.8-9.3-10-24.8-.4-34.3z\"><\/path><\/svg>\t\t\t<\/span>\n\t\t\t\t\t\t\t\t\t<span class=\"elementor-button-text\">KARTENVERKAUF<\/span>\n\t\t\t\t\t<\/span>\n\t\t\t\t\t<\/a>\n\t\t\t\t\t\t\t\t<\/div>\n\t\t\t\t<\/div>\n\t\t\t\t\t<\/div>\n\t\t\t\t<\/div>\n\t\t\t\t<\/div>","protected":false},"excerpt":{"rendered":"<p>Le jardin des roses sonoris\u00e9 Une parenth\u00e8se de qui\u00e9tude musicale BILLETTERIE VISITE EN FAMILLE Inclus dans le billet Env. 15 minutes Tous publics En ext\u00e9rieur \u00c0 l\u2019\u00e9cart de l\u2019animation du parc, le Jardin des Roses offre un espace de repos paisible, propice \u00e0 la contemplation. Ce jardin, int\u00e9gr\u00e9 au parc du ch\u00e2teau de Meung-sur-Loire, invite [&hellip;]<\/p>\n","protected":false},"author":1,"featured_media":0,"parent":805,"menu_order":0,"comment_status":"closed","ping_status":"closed","template":"elementor_header_footer","meta":{"_acf_changed":false,"footnotes":""},"class_list":["post-979","page","type-page","status-publish","hentry"],"acf":[],"_links":{"self":[{"href":"https:\/\/chateau-de-meung.com\/de\/wp-json\/wp\/v2\/pages\/979","targetHints":{"allow":["GET"]}}],"collection":[{"href":"https:\/\/chateau-de-meung.com\/de\/wp-json\/wp\/v2\/pages"}],"about":[{"href":"https:\/\/chateau-de-meung.com\/de\/wp-json\/wp\/v2\/types\/page"}],"author":[{"embeddable":true,"href":"https:\/\/chateau-de-meung.com\/de\/wp-json\/wp\/v2\/users\/1"}],"replies":[{"embeddable":true,"href":"https:\/\/chateau-de-meung.com\/de\/wp-json\/wp\/v2\/comments?post=979"}],"version-history":[{"count":25,"href":"https:\/\/chateau-de-meung.com\/de\/wp-json\/wp\/v2\/pages\/979\/revisions"}],"predecessor-version":[{"id":2508,"href":"https:\/\/chateau-de-meung.com\/de\/wp-json\/wp\/v2\/pages\/979\/revisions\/2508"}],"up":[{"embeddable":true,"href":"https:\/\/chateau-de-meung.com\/de\/wp-json\/wp\/v2\/pages\/805"}],"wp:attachment":[{"href":"https:\/\/chateau-de-meung.com\/de\/wp-json\/wp\/v2\/media?parent=979"}],"curies":[{"name":"wp","href":"https:\/\/api.w.org\/{rel}","templated":true}]}}