{"id":1851,"date":"2026-03-11T19:40:36","date_gmt":"2026-03-11T18:40:36","guid":{"rendered":"https:\/\/meung-sur-loire.agenceparadoxe.com\/?page_id=1851"},"modified":"2026-04-02T18:21:03","modified_gmt":"2026-04-02T16:21:03","slug":"destination-excellence","status":"publish","type":"page","link":"https:\/\/chateau-de-meung.com\/en\/engagements\/destination-excellence\/","title":{"rendered":"Destination of excellence"},"content":{"rendered":"<div data-elementor-type=\"wp-page\" data-elementor-id=\"1851\" class=\"elementor elementor-1851\" data-elementor-post-type=\"page\">\n\t\t\t\t<div class=\"elementor-element elementor-element-24e264af e-flex e-con-boxed e-con e-parent\" data-id=\"24e264af\" data-element_type=\"container\" data-settings=\"{&quot;background_background&quot;:&quot;classic&quot;}\">\n\t\t\t\t\t<div class=\"e-con-inner\">\n\t\t<div class=\"elementor-element elementor-element-7a1f83ad e-con-full e-flex e-con e-child\" data-id=\"7a1f83ad\" data-element_type=\"container\">\n\t\t\t\t<div class=\"elementor-element elementor-element-44e36717 elementor-widget elementor-widget-heading\" data-id=\"44e36717\" data-element_type=\"widget\" data-widget_type=\"heading.default\">\n\t\t\t\t\t<h1 class=\"elementor-heading-title elementor-size-default\">Destination of excellence<\/h1>\t\t\t\t<\/div>\n\t\t\t\t<div class=\"elementor-element elementor-element-7b7caeb8 elementor-widget elementor-widget-heading\" data-id=\"7b7caeb8\" data-element_type=\"widget\" data-widget_type=\"heading.default\">\n\t\t\t\t\t<h2 class=\"elementor-heading-title elementor-size-default\">A centre of excellence in Centre-Val de Loire<\/h2>\t\t\t\t<\/div>\n\t\t<div class=\"elementor-element elementor-element-1e791b38 e-con-full e-flex e-con e-child\" data-id=\"1e791b38\" data-element_type=\"container\">\n\t\t\t\t<div class=\"elementor-element elementor-element-1d15db08 meung-btn meung-btn--red elementor-widget elementor-widget-button\" data-id=\"1d15db08\" data-element_type=\"widget\" data-widget_type=\"button.default\">\n\t\t\t\t\t\t\t\t\t\t<a class=\"elementor-button elementor-button-link elementor-size-sm\" href=\"\/en\/ticket-office\/\">\n\t\t\t\t\t\t<span class=\"elementor-button-content-wrapper\">\n\t\t\t\t\t\t<span class=\"elementor-button-icon\">\n\t\t\t\t<svg aria-hidden=\"true\" class=\"e-font-icon-svg e-fas-arrow-right\" viewbox=\"0 0 448 512\" xmlns=\"http:\/\/www.w3.org\/2000\/svg\"><path d=\"M190.5 66.9l22.2-22.2c9.4-9.4 24.6-9.4 33.9 0L441 239c9.4 9.4 9.4 24.6 0 33.9L246.6 467.3c-9.4 9.4-24.6 9.4-33.9 0l-22.2-22.2c-9.5-9.5-9.3-25 .4-34.3L311.4 296H24c-13.3 0-24-10.7-24-24v-32c0-13.3 10.7-24 24-24h287.4L190.9 101.2c-9.8-9.3-10-24.8-.4-34.3z\"><\/path><\/svg>\t\t\t<\/span>\n\t\t\t\t\t\t\t\t\t<span class=\"elementor-button-text\">TICKETS<\/span>\n\t\t\t\t\t<\/span>\n\t\t\t\t\t<\/a>\n\t\t\t\t\t\t\t\t<\/div>\n\t\t\t\t<div class=\"elementor-element elementor-element-5e20ae99 meung-btn meung-btn--white elementor-widget elementor-widget-button\" data-id=\"5e20ae99\" data-element_type=\"widget\" data-widget_type=\"button.default\">\n\t\t\t\t\t\t\t\t\t\t<a class=\"elementor-button elementor-button-link elementor-size-sm\" href=\"\/en\/contact\/\">\n\t\t\t\t\t\t<span class=\"elementor-button-content-wrapper\">\n\t\t\t\t\t\t<span class=\"elementor-button-icon\">\n\t\t\t\t<svg aria-hidden=\"true\" class=\"e-font-icon-svg e-fas-arrow-right\" viewbox=\"0 0 448 512\" xmlns=\"http:\/\/www.w3.org\/2000\/svg\"><path d=\"M190.5 66.9l22.2-22.2c9.4-9.4 24.6-9.4 33.9 0L441 239c9.4 9.4 9.4 24.6 0 33.9L246.6 467.3c-9.4 9.4-24.6 9.4-33.9 0l-22.2-22.2c-9.5-9.5-9.3-25 .4-34.3L311.4 296H24c-13.3 0-24-10.7-24-24v-32c0-13.3 10.7-24 24-24h287.4L190.9 101.2c-9.8-9.3-10-24.8-.4-34.3z\"><\/path><\/svg>\t\t\t<\/span>\n\t\t\t\t\t\t\t\t\t<span class=\"elementor-button-text\">CONTACT US<\/span>\n\t\t\t\t\t<\/span>\n\t\t\t\t\t<\/a>\n\t\t\t\t\t\t\t\t<\/div>\n\t\t\t\t<\/div>\n\t\t\t\t<\/div>\n\t\t\t\t\t<\/div>\n\t\t\t\t<\/div>\n\t\t<div class=\"elementor-element elementor-element-74e4d70c meung-below e-flex e-con-boxed e-con e-parent\" data-id=\"74e4d70c\" data-element_type=\"container\" data-settings=\"{&quot;background_background&quot;:&quot;classic&quot;}\">\n\t\t\t\t\t<div class=\"e-con-inner\">\n\t\t\t\t<div class=\"elementor-element elementor-element-f12a8ed elementor-widget elementor-widget-text-editor\" data-id=\"f12a8ed\" data-element_type=\"widget\" data-widget_type=\"text-editor.default\">\n\t\t\t\t\t\t\t\t\t<p class=\"p1\"><span class=\"s1\">The Ch\u00e2teau de Meung-sur-Loire is among the first sites to be awarded the Destination d\u2019Excellence (Excellence Destination) label in the Centre-Val de Loire region, alongside major heritage sites. This recognition highlights the quality of hospitality, the richness of the visitor experience, and the attention paid to all audiences.<\/span><\/p>\t\t\t\t\t\t\t\t<\/div>\n\t\t\t\t\t<\/div>\n\t\t\t\t<\/div>\n\t\t<div class=\"elementor-element elementor-element-53234613 e-flex e-con-boxed e-con e-parent\" data-id=\"53234613\" data-element_type=\"container\" data-settings=\"{&quot;background_background&quot;:&quot;classic&quot;}\">\n\t\t\t\t\t<div class=\"e-con-inner\">\n\t\t<div class=\"elementor-element elementor-element-623acdf8 e-con-full e-flex e-con e-child\" data-id=\"623acdf8\" data-element_type=\"container\" data-settings=\"{&quot;background_background&quot;:&quot;classic&quot;}\">\n\t\t\t\t<div class=\"elementor-element elementor-element-50edd55d elementor-widget elementor-widget-heading\" data-id=\"50edd55d\" data-element_type=\"widget\" data-widget_type=\"heading.default\">\n\t\t\t\t\t<h2 class=\"elementor-heading-title elementor-size-default\">A national benchmark label<\/h2>\t\t\t\t<\/div>\n\t\t\t\t<div class=\"elementor-element elementor-element-502991e5 elementor-widget elementor-widget-text-editor\" data-id=\"502991e5\" data-element_type=\"widget\" data-widget_type=\"text-editor.default\">\n\t\t\t\t\t\t\t\t\t<p class=\"p1\"><span class=\"s1\">Destination d'Excellence is a <b>State label <\/b>which distinguishes tourist sites that meet specific criteria regarding:<\/span><\/p><p class=\"p1\"><span class=\"s1\">\u2714\ufe0f visitor welcome,<\/span><\/p><p class=\"p1\"><span class=\"s1\">\u2714\ufe0f service quality,<\/span><\/p><p class=\"p1\"><span class=\"s1\">\u2714\ufe0f of information accessibility,<\/span><\/p><p class=\"p1\"><span class=\"s1\">\u2714\ufe0f of the offer's readability,<\/span><\/p><p class=\"p1\"><span class=\"s1\">\u2714\ufe0f of content reliability,<\/span><\/p><p class=\"p1\"><span class=\"s1\">\u2714\ufe0f overall visiting experience.<\/span><\/p><p class=\"p3\"><span class=\"s2\">It is part of a desire to strengthen visitor confidence and <b>rewarding establishments committed to continuous improvement<\/b>.<\/span><\/p>\t\t\t\t\t\t\t\t<\/div>\n\t\t\t\t<\/div>\n\t\t<div class=\"elementor-element elementor-element-6d6c0ad2 e-con-full e-flex e-con e-child\" data-id=\"6d6c0ad2\" data-element_type=\"container\" data-settings=\"{&quot;background_background&quot;:&quot;classic&quot;}\">\n\t\t\t\t<div class=\"elementor-element elementor-element-22cd8b74 elementor-widget elementor-widget-heading\" data-id=\"22cd8b74\" data-element_type=\"widget\" data-widget_type=\"heading.default\">\n\t\t\t\t\t<h2 class=\"elementor-heading-title elementor-size-default\">A clear and well-prepared visit<\/h2>\t\t\t\t<\/div>\n\t\t\t\t<div class=\"elementor-element elementor-element-4edc5408 elementor-widget elementor-widget-text-editor\" data-id=\"4edc5408\" data-element_type=\"widget\" data-widget_type=\"text-editor.default\">\n\t\t\t\t\t\t\t\t\t<p class=\"p1\"><span class=\"s1\">The Excellence Destination labelling is based, among other things, on:<\/span><\/p><p class=\"p1\"><span class=\"s1\">\u2714\ufe0f a clear website, accessible on all devices,<\/span><\/p><p class=\"p1\"><span class=\"s1\">\u2714\ufe0f of <b>Complete practical information <\/b>and up-to-date (timetables, prices, access, services),<\/span><\/p><p class=\"p1\"><span class=\"s1\">\u2714\ufe0f online booking possible,<\/span><\/p><p class=\"p1\"><span class=\"s1\">\u2714\ufe0f one <b>Simple navigation <\/b>and intuitive,<\/span><\/p><p class=\"p1\"><span class=\"s1\">\u2714\ufe0f translated content into <b>Foreign languages<\/b>,<\/span><\/p><p class=\"p1\"><span class=\"s1\">\u2714\ufe0f particular attention given to\u2019<b>Accessibility<\/b>.<\/span><\/p><p class=\"p3\"><span class=\"s2\">Ch\u00e2teau de Meung-sur-Loire endeavours to facilitate every stage of visit preparation, from information to on-site welcome.<\/span><\/p>\t\t\t\t\t\t\t\t<\/div>\n\t\t\t\t<\/div>\n\t\t\t\t\t<\/div>\n\t\t\t\t<\/div>\n\t\t<div class=\"elementor-element elementor-element-7ed0b28 e-flex e-con-boxed e-con e-parent\" data-id=\"7ed0b28\" data-element_type=\"container\" data-settings=\"{&quot;background_background&quot;:&quot;classic&quot;}\">\n\t\t\t\t\t<div class=\"e-con-inner\">\n\t\t\t\t<div class=\"elementor-element elementor-element-f12d56b elementor-widget elementor-widget-image\" data-id=\"f12d56b\" data-element_type=\"widget\" data-widget_type=\"image.default\">\n\t\t\t\t\t\t\t\t\t\t\t\t\t\t\t<img decoding=\"async\" src=\"https:\/\/chateau-de-meung.com\/wp-content\/uploads\/elementor\/thumbs\/33-Logo-rkd703jz5y8lswq4vitkstekm8w2agnaq73rqzojhc.png\" title=\"33-Logo\" alt=\"33-Logo\" loading=\"lazy\" \/>\t\t\t\t\t\t\t\t\t\t\t\t\t\t\t<\/div>\n\t\t\t\t\t<\/div>\n\t\t\t\t<\/div>\n\t\t<div class=\"elementor-element elementor-element-f936635 e-flex e-con-boxed e-con e-parent\" data-id=\"f936635\" data-element_type=\"container\" data-settings=\"{&quot;background_background&quot;:&quot;classic&quot;}\">\n\t\t\t\t\t<div class=\"e-con-inner\">\n\t\t<div class=\"elementor-element elementor-element-ed1d3c3 e-con-full e-flex e-con e-child\" data-id=\"ed1d3c3\" data-element_type=\"container\" data-settings=\"{&quot;background_background&quot;:&quot;classic&quot;}\">\n\t\t\t\t<div class=\"elementor-element elementor-element-3178967 elementor-widget elementor-widget-heading\" data-id=\"3178967\" data-element_type=\"widget\" data-widget_type=\"heading.default\">\n\t\t\t\t\t<h2 class=\"elementor-heading-title elementor-size-default\">Ongoing commitment<\/h2>\t\t\t\t<\/div>\n\t\t\t\t<div class=\"elementor-element elementor-element-3be92dd elementor-widget elementor-widget-text-editor\" data-id=\"3be92dd\" data-element_type=\"widget\" data-widget_type=\"text-editor.default\">\n\t\t\t\t\t\t\t\t\t<p class=\"p1\"><span class=\"s1\">The Destination of Excellence approach is part of a <b>Continuous improvement logic.<\/b><b><\/b><\/span><\/p><p class=\"p1\"><span class=\"s1\">It involves listening to visitors, regularly updating information, adapting services to public expectations, and complying with the requirements for a listed historic monument.<\/span><\/p><p class=\"p1\"><span class=\"s1\">The Ch\u00e2teau de Meung-sur-Loire is committed to maintaining this level of excellence over time, <b>at the service of its visitors and the territory.<\/b><b><\/b><\/span><\/p><p class=\"p3\" style=\"text-align: center;\"><span class=\"s2\">The Destination of Excellence label guarantees visitors <b>reliable information <\/b>and one <b>quality visiting experience<\/b>.<\/span><\/p>\t\t\t\t\t\t\t\t<\/div>\n\t\t\t\t<\/div>\n\t\t\t\t\t<\/div>\n\t\t\t\t<\/div>\n\t\t<div class=\"elementor-element elementor-element-2b0e937d e-flex e-con-boxed e-con e-parent\" data-id=\"2b0e937d\" data-element_type=\"container\" data-settings=\"{&quot;background_background&quot;:&quot;classic&quot;}\">\n\t\t\t\t\t<div class=\"e-con-inner\">\n\t\t<div class=\"elementor-element elementor-element-4c20f0e7 e-con-full e-flex e-con e-child\" data-id=\"4c20f0e7\" data-element_type=\"container\">\n\t\t<div class=\"elementor-element elementor-element-4541cebf e-con-full e-flex e-con e-child\" data-id=\"4541cebf\" data-element_type=\"container\" data-settings=\"{&quot;background_background&quot;:&quot;classic&quot;}\">\n\t\t<div class=\"elementor-element elementor-element-13421099 e-con-full e-flex e-con e-child\" data-id=\"13421099\" data-element_type=\"container\">\n\t\t\t\t<div class=\"elementor-element elementor-element-21e960f4 elementor-widget elementor-widget-heading\" data-id=\"21e960f4\" data-element_type=\"widget\" data-widget_type=\"heading.default\">\n\t\t\t\t\t<h2 class=\"elementor-heading-title elementor-size-default\"><a href=\"\/en\/preparing-for-your-visit\/schedules\/\">Timetable\ncalendar<\/a><\/h2>\t\t\t\t<\/div>\n\t\t\t\t<div class=\"elementor-element elementor-element-52eb1ce7 meung-btn meung-btn--red meung-btn--round elementor-widget elementor-widget-button\" data-id=\"52eb1ce7\" data-element_type=\"widget\" data-widget_type=\"button.default\">\n\t\t\t\t\t\t\t\t\t\t<a class=\"elementor-button elementor-button-link elementor-size-sm\" href=\"\/en\/preparing-for-your-visit\/schedules\/\">\n\t\t\t\t\t\t<span class=\"elementor-button-content-wrapper\">\n\t\t\t\t\t\t<span class=\"elementor-button-icon\">\n\t\t\t\t<svg aria-hidden=\"true\" class=\"e-font-icon-svg e-fas-arrow-right\" viewbox=\"0 0 448 512\" xmlns=\"http:\/\/www.w3.org\/2000\/svg\"><path d=\"M190.5 66.9l22.2-22.2c9.4-9.4 24.6-9.4 33.9 0L441 239c9.4 9.4 9.4 24.6 0 33.9L246.6 467.3c-9.4 9.4-24.6 9.4-33.9 0l-22.2-22.2c-9.5-9.5-9.3-25 .4-34.3L311.4 296H24c-13.3 0-24-10.7-24-24v-32c0-13.3 10.7-24 24-24h287.4L190.9 101.2c-9.8-9.3-10-24.8-.4-34.3z\"><\/path><\/svg>\t\t\t<\/span>\n\t\t\t\t\t\t\t\t\t<span class=\"elementor-button-text\">TICKETS<\/span>\n\t\t\t\t\t<\/span>\n\t\t\t\t\t<\/a>\n\t\t\t\t\t\t\t\t<\/div>\n\t\t\t\t<\/div>\n\t\t\t\t<\/div>\n\t\t<div class=\"elementor-element elementor-element-836a20e e-con-full e-flex e-con e-child\" data-id=\"836a20e\" data-element_type=\"container\" data-settings=\"{&quot;background_background&quot;:&quot;classic&quot;}\">\n\t\t<div class=\"elementor-element elementor-element-1c65ca62 e-con-full e-flex e-con e-child\" data-id=\"1c65ca62\" data-element_type=\"container\">\n\t\t\t\t<div class=\"elementor-element elementor-element-367f90b5 elementor-widget elementor-widget-heading\" data-id=\"367f90b5\" data-element_type=\"widget\" data-widget_type=\"heading.default\">\n\t\t\t\t\t<h2 class=\"elementor-heading-title elementor-size-default\"><a href=\"\/en\/preparing-for-your-visit\/practical-information-and-services\/\">Preparing my\nvisit<\/a><\/h2>\t\t\t\t<\/div>\n\t\t\t\t<div class=\"elementor-element elementor-element-324006e2 meung-btn meung-btn--red meung-btn--round elementor-widget elementor-widget-button\" data-id=\"324006e2\" data-element_type=\"widget\" data-widget_type=\"button.default\">\n\t\t\t\t\t\t\t\t\t\t<a class=\"elementor-button elementor-button-link elementor-size-sm\" href=\"\/en\/preparing-for-your-visit\/practical-information-and-services\/\">\n\t\t\t\t\t\t<span class=\"elementor-button-content-wrapper\">\n\t\t\t\t\t\t<span class=\"elementor-button-icon\">\n\t\t\t\t<svg aria-hidden=\"true\" class=\"e-font-icon-svg e-fas-arrow-right\" viewbox=\"0 0 448 512\" xmlns=\"http:\/\/www.w3.org\/2000\/svg\"><path d=\"M190.5 66.9l22.2-22.2c9.4-9.4 24.6-9.4 33.9 0L441 239c9.4 9.4 9.4 24.6 0 33.9L246.6 467.3c-9.4 9.4-24.6 9.4-33.9 0l-22.2-22.2c-9.5-9.5-9.3-25 .4-34.3L311.4 296H24c-13.3 0-24-10.7-24-24v-32c0-13.3 10.7-24 24-24h287.4L190.9 101.2c-9.8-9.3-10-24.8-.4-34.3z\"><\/path><\/svg>\t\t\t<\/span>\n\t\t\t\t\t\t\t\t\t<span class=\"elementor-button-text\">TICKETS<\/span>\n\t\t\t\t\t<\/span>\n\t\t\t\t\t<\/a>\n\t\t\t\t\t\t\t\t<\/div>\n\t\t\t\t<\/div>\n\t\t\t\t<\/div>\n\t\t<div class=\"elementor-element elementor-element-3a551b90 e-con-full e-flex e-con e-child\" data-id=\"3a551b90\" data-element_type=\"container\" data-settings=\"{&quot;background_background&quot;:&quot;classic&quot;}\">\n\t\t<div class=\"elementor-element elementor-element-4dbcef4a e-con-full e-flex e-con e-child\" data-id=\"4dbcef4a\" data-element_type=\"container\">\n\t\t\t\t<div class=\"elementor-element elementor-element-37496c81 elementor-widget elementor-widget-heading\" data-id=\"37496c81\" data-element_type=\"widget\" data-widget_type=\"heading.default\">\n\t\t\t\t\t<h2 class=\"elementor-heading-title elementor-size-default\"><a href=\"\/en\/contact\/\">We\ncontact<\/a><\/h2>\t\t\t\t<\/div>\n\t\t\t\t<div class=\"elementor-element elementor-element-53a2d0d7 meung-btn meung-btn--red meung-btn--round elementor-widget elementor-widget-button\" data-id=\"53a2d0d7\" data-element_type=\"widget\" data-widget_type=\"button.default\">\n\t\t\t\t\t\t\t\t\t\t<a class=\"elementor-button elementor-button-link elementor-size-sm\" href=\"\/en\/contact\/\">\n\t\t\t\t\t\t<span class=\"elementor-button-content-wrapper\">\n\t\t\t\t\t\t<span class=\"elementor-button-icon\">\n\t\t\t\t<svg aria-hidden=\"true\" class=\"e-font-icon-svg e-fas-arrow-right\" viewbox=\"0 0 448 512\" xmlns=\"http:\/\/www.w3.org\/2000\/svg\"><path d=\"M190.5 66.9l22.2-22.2c9.4-9.4 24.6-9.4 33.9 0L441 239c9.4 9.4 9.4 24.6 0 33.9L246.6 467.3c-9.4 9.4-24.6 9.4-33.9 0l-22.2-22.2c-9.5-9.5-9.3-25 .4-34.3L311.4 296H24c-13.3 0-24-10.7-24-24v-32c0-13.3 10.7-24 24-24h287.4L190.9 101.2c-9.8-9.3-10-24.8-.4-34.3z\"><\/path><\/svg>\t\t\t<\/span>\n\t\t\t\t\t\t\t\t\t<span class=\"elementor-button-text\">TICKETS<\/span>\n\t\t\t\t\t<\/span>\n\t\t\t\t\t<\/a>\n\t\t\t\t\t\t\t\t<\/div>\n\t\t\t\t<\/div>\n\t\t\t\t<\/div>\n\t\t\t\t<\/div>\n\t\t\t\t\t<\/div>\n\t\t\t\t<\/div>\n\t\t<div class=\"elementor-element elementor-element-5ed17e0f e-flex e-con-boxed e-con e-parent\" data-id=\"5ed17e0f\" data-element_type=\"container\" data-settings=\"{&quot;background_background&quot;:&quot;classic&quot;}\">\n\t\t\t\t\t<div class=\"e-con-inner\">\n\t\t<div class=\"elementor-element elementor-element-21603fa8 e-con-full e-flex e-con e-child\" data-id=\"21603fa8\" data-element_type=\"container\" data-settings=\"{&quot;background_background&quot;:&quot;classic&quot;}\">\n\t\t\t\t<div class=\"elementor-element elementor-element-6855a3f9 elementor-widget elementor-widget-heading\" data-id=\"6855a3f9\" data-element_type=\"widget\" data-widget_type=\"heading.default\">\n\t\t\t\t\t<h2 class=\"elementor-heading-title elementor-size-default\">Book your visit<\/h2>\t\t\t\t<\/div>\n\t\t\t\t<div class=\"elementor-element elementor-element-5ca2acd8 elementor-widget elementor-widget-text-editor\" data-id=\"5ca2acd8\" data-element_type=\"widget\" data-widget_type=\"text-editor.default\">\n\t\t\t\t\t\t\t\t\t<p class=\"p1\"><span class=\"s1\">A single ticket giving access to the ch\u00e2teau and outdoor activities.<\/span><\/p>\t\t\t\t\t\t\t\t<\/div>\n\t\t\t\t<div class=\"elementor-element elementor-element-14b8177c meung-btn meung-btn--red elementor-align-center elementor-widget elementor-widget-button\" data-id=\"14b8177c\" data-element_type=\"widget\" data-widget_type=\"button.default\">\n\t\t\t\t\t\t\t\t\t\t<a class=\"elementor-button elementor-button-link elementor-size-sm\" href=\"\/en\/ticket-office\/\">\n\t\t\t\t\t\t<span class=\"elementor-button-content-wrapper\">\n\t\t\t\t\t\t<span class=\"elementor-button-icon\">\n\t\t\t\t<svg aria-hidden=\"true\" class=\"e-font-icon-svg e-fas-arrow-right\" viewbox=\"0 0 448 512\" xmlns=\"http:\/\/www.w3.org\/2000\/svg\"><path d=\"M190.5 66.9l22.2-22.2c9.4-9.4 24.6-9.4 33.9 0L441 239c9.4 9.4 9.4 24.6 0 33.9L246.6 467.3c-9.4 9.4-24.6 9.4-33.9 0l-22.2-22.2c-9.5-9.5-9.3-25 .4-34.3L311.4 296H24c-13.3 0-24-10.7-24-24v-32c0-13.3 10.7-24 24-24h287.4L190.9 101.2c-9.8-9.3-10-24.8-.4-34.3z\"><\/path><\/svg>\t\t\t<\/span>\n\t\t\t\t\t\t\t\t\t<span class=\"elementor-button-text\">TICKETS<\/span>\n\t\t\t\t\t<\/span>\n\t\t\t\t\t<\/a>\n\t\t\t\t\t\t\t\t<\/div>\n\t\t\t\t<\/div>\n\t\t\t\t\t<\/div>\n\t\t\t\t<\/div>\n\t\t\t\t<\/div>","protected":false},"excerpt":{"rendered":"<p>Destination d&rsquo;excellence Un site d\u2019excellence en Centre-Val de Loire BILLETTERIE NOUS CONTACTER Le ch\u00e2teau de Meung-sur-Loire fait partie des premiers sites labellis\u00e9s Destination d\u2019Excellence en r\u00e9gion Centre-Val de Loire, aux c\u00f4t\u00e9s de grands sites patrimoniaux. Cette reconnaissance souligne la qualit\u00e9 de l\u2019accueil, la richesse de l\u2019offre de visite et l\u2019attention port\u00e9e \u00e0 tous les publics. [&hellip;]<\/p>\n","protected":false},"author":1,"featured_media":0,"parent":1811,"menu_order":0,"comment_status":"closed","ping_status":"closed","template":"elementor_header_footer","meta":{"_acf_changed":false,"footnotes":""},"class_list":["post-1851","page","type-page","status-publish","hentry"],"acf":[],"_links":{"self":[{"href":"https:\/\/chateau-de-meung.com\/en\/wp-json\/wp\/v2\/pages\/1851","targetHints":{"allow":["GET"]}}],"collection":[{"href":"https:\/\/chateau-de-meung.com\/en\/wp-json\/wp\/v2\/pages"}],"about":[{"href":"https:\/\/chateau-de-meung.com\/en\/wp-json\/wp\/v2\/types\/page"}],"author":[{"embeddable":true,"href":"https:\/\/chateau-de-meung.com\/en\/wp-json\/wp\/v2\/users\/1"}],"replies":[{"embeddable":true,"href":"https:\/\/chateau-de-meung.com\/en\/wp-json\/wp\/v2\/comments?post=1851"}],"version-history":[{"count":13,"href":"https:\/\/chateau-de-meung.com\/en\/wp-json\/wp\/v2\/pages\/1851\/revisions"}],"predecessor-version":[{"id":2579,"href":"https:\/\/chateau-de-meung.com\/en\/wp-json\/wp\/v2\/pages\/1851\/revisions\/2579"}],"up":[{"embeddable":true,"href":"https:\/\/chateau-de-meung.com\/en\/wp-json\/wp\/v2\/pages\/1811"}],"wp:attachment":[{"href":"https:\/\/chateau-de-meung.com\/en\/wp-json\/wp\/v2\/media?parent=1851"}],"curies":[{"name":"wp","href":"https:\/\/api.w.org\/{rel}","templated":true}]}}