{"id":2142,"date":"2026-03-15T18:05:30","date_gmt":"2026-03-15T17:05:30","guid":{"rendered":"https:\/\/meung-sur-loire.agenceparadoxe.com\/?page_id=2142"},"modified":"2026-03-28T21:03:12","modified_gmt":"2026-03-28T20:03:12","slug":"legal-information","status":"publish","type":"page","link":"https:\/\/chateau-de-meung.com\/en\/mentions-legales\/","title":{"rendered":"Legal information"},"content":{"rendered":"<div data-elementor-type=\"wp-page\" data-elementor-id=\"2142\" class=\"elementor elementor-2142\" data-elementor-post-type=\"page\">\n\t\t\t\t<div class=\"elementor-element elementor-element-09303d8 e-con-full meung-event-hero e-flex e-con e-child\" data-id=\"09303d8\" data-element_type=\"container\" data-settings=\"{&quot;background_background&quot;:&quot;classic&quot;}\">\n\t\t\t\t<div class=\"elementor-element elementor-element-8f752ac meung-event-title elementor-widget elementor-widget-heading\" data-id=\"8f752ac\" data-element_type=\"widget\" data-widget_type=\"heading.default\">\n\t\t\t\t\t<h1 class=\"elementor-heading-title elementor-size-default\">Legal information<\/h1>\t\t\t\t<\/div>\n\t\t\t\t<div class=\"elementor-element elementor-element-d3e6963 elementor-widget elementor-widget-image\" data-id=\"d3e6963\" data-element_type=\"widget\" data-widget_type=\"image.default\">\n\t\t\t\t\t\t\t\t\t\t\t\t\t\t\t<img decoding=\"async\" src=\"https:\/\/chateau-de-meung.com\/wp-content\/uploads\/elementor\/thumbs\/dessindragon-copie-1-rluwecpcwwwc4j8zrnjwort2a3tceeccds5opirob4.png\" title=\"dessindragon-copy (1)\" alt=\"dessindragon-copy (1)\" loading=\"lazy\" \/>\t\t\t\t\t\t\t\t\t\t\t\t\t\t\t<\/div>\n\t\t\t\t<\/div>\n\t\t<div class=\"elementor-element elementor-element-1d78c9a e-flex e-con-boxed e-con e-parent\" data-id=\"1d78c9a\" data-element_type=\"container\" data-settings=\"{&quot;background_background&quot;:&quot;classic&quot;}\">\n\t\t\t\t\t<div class=\"e-con-inner\">\n\t\t\t\t<div class=\"elementor-element elementor-element-fcc1619 elementor-widget elementor-widget-heading\" data-id=\"fcc1619\" data-element_type=\"widget\" data-widget_type=\"heading.default\">\n\t\t\t\t\t<h2 class=\"elementor-heading-title elementor-size-default\">1. Site objective<\/h2>\t\t\t\t<\/div>\n\t\t\t\t<div class=\"elementor-element elementor-element-7b6ef9c elementor-widget elementor-widget-text-editor\" data-id=\"7b6ef9c\" data-element_type=\"widget\" data-widget_type=\"text-editor.default\">\n\t\t\t\t\t\t\t\t\t<p class=\"p1\"><span class=\"s1\">This website aims to present and promote the tour offerings of the Ch\u00e2teau de Meung-sur-Loire, and to enable, where applicable, the online sale of tourism services.<\/span><\/p>\t\t\t\t\t\t\t\t<\/div>\n\t\t\t\t<div class=\"elementor-element elementor-element-4451f11 elementor-widget elementor-widget-heading\" data-id=\"4451f11\" data-element_type=\"widget\" data-widget_type=\"heading.default\">\n\t\t\t\t\t<h2 class=\"elementor-heading-title elementor-size-default\">2. Website publisher<\/h2>\t\t\t\t<\/div>\n\t\t\t\t<div class=\"elementor-element elementor-element-3a9818b elementor-widget elementor-widget-text-editor\" data-id=\"3a9818b\" data-element_type=\"widget\" data-widget_type=\"text-editor.default\">\n\t\t\t\t\t\t\t\t\t<p class=\"p1\"><span class=\"s1\">This website is the property of:<\/span><\/p><p class=\"p1\"><span class=\"s1\">SCI GLCM<\/span><\/p><p class=\"p1\"><span class=\"s1\">Share capital: \u20ac1,000<\/span><\/p><p class=\"p1\"><span class=\"s1\">Registered office: 29 rue du Pont 92200 Neuilly-sur-Seine \u2013 France<\/span><\/p><p class=\"p1\"><span class=\"s1\">SIREN: 524 186 723 RCS: Nanterre<\/span><\/p><p class=\"p1\"><span class=\"s1\">Telephone: 02 38 44 36 47<\/span><\/p><p class=\"p1\"><span class=\"s1\">Email address: info@chateau-de-meung.com<\/span><\/p><p class=\"p1\"><span class=\"s1\">Publishing Manager: Xavier Lelev\u00e9, owner of the Ch\u00e2teau de Meung-sur-Loire.<\/span><\/p>\t\t\t\t\t\t\t\t<\/div>\n\t\t\t\t<div class=\"elementor-element elementor-element-760617d elementor-widget elementor-widget-heading\" data-id=\"760617d\" data-element_type=\"widget\" data-widget_type=\"heading.default\">\n\t\t\t\t\t<h2 class=\"elementor-heading-title elementor-size-default\">4. Intellectual property rights<\/h2>\t\t\t\t<\/div>\n\t\t\t\t<div class=\"elementor-element elementor-element-63adc07 elementor-widget elementor-widget-text-editor\" data-id=\"63adc07\" data-element_type=\"widget\" data-widget_type=\"text-editor.default\">\n\t\t\t\t\t\t\t\t\t<p class=\"p1\"><span class=\"s1\">This site, published by the company SCI G.L.C.M, is subject to French and international legislation relating to copyright and intellectual property.<\/span><\/p><p class=\"p1\"><span class=\"s1\">The entirety of the content featured on this website (texts, photographs, illustrations, downloadable documents, graphic elements, logos, etc.) is protected by intellectual property provisions.<\/span><\/p><p class=\"p1\"><span class=\"s1\">All reproduction rights are reserved by SCI G.L.C.M, including for downloadable documents and iconographic and photographic representations.<\/span><\/p><p class=\"p1\"><span class=\"s1\">Any reproduction, representation, modification, publication, adaptation or exploitation, in whole or in part, of all or part of the site, by any means whatsoever, is prohibited without the prior written authorisation of the company SCI G.L.C.M.<\/span><\/p>\t\t\t\t\t\t\t\t<\/div>\n\t\t\t\t<div class=\"elementor-element elementor-element-5e0484b elementor-widget elementor-widget-heading\" data-id=\"5e0484b\" data-element_type=\"widget\" data-widget_type=\"heading.default\">\n\t\t\t\t\t<h2 class=\"elementor-heading-title elementor-size-default\">5. Photographic and iconographic credits<\/h2>\t\t\t\t<\/div>\n\t\t\t\t<div class=\"elementor-element elementor-element-386de78 elementor-widget elementor-widget-text-editor\" data-id=\"386de78\" data-element_type=\"widget\" data-widget_type=\"text-editor.default\">\n\t\t\t\t\t\t\t\t\t<p class=\"p1\"><span class=\"s1\">The photographs and visuals on this website are protected by copyright and intellectual property laws.<\/span><\/p><p class=\"p1\"><span class=\"s1\">Photographic credits:<\/span><\/p><p class=\"p1\"><span class=\"s1\">Pierre Holley \/ Ch\u00e2teau de Meung-sur-Loire<\/span><\/p><p class=\"p1\"><span class=\"s1\">Images and illustrations:<\/span><\/p><p class=\"p1\"><span class=\"s1\">Image Credit: St Liphard: By Jean Bourdichon \u2013 http:\/\/gallica.bnf.fr\/ark:\/12148\/btv1b52500984v\/f Grandes Heures d\u2019Anne de Bretagne, Public Domain, https:\/\/commons.wikimedia.org\/w\/index.php?curid=36881857<\/span><\/p><p class=\"p1\"><span class=\"s1\">Adobe Firefly &amp; Agence Paradoxe \/ Adobe Stock \/ Phosphor Icons<\/span><\/p>\t\t\t\t\t\t\t\t<\/div>\n\t\t\t\t<div class=\"elementor-element elementor-element-d7aa0b6 elementor-widget elementor-widget-heading\" data-id=\"d7aa0b6\" data-element_type=\"widget\" data-widget_type=\"heading.default\">\n\t\t\t\t\t<h2 class=\"elementor-heading-title elementor-size-default\">7. Personal data\n<\/h2>\t\t\t\t<\/div>\n\t\t\t\t<div class=\"elementor-element elementor-element-f87dbbb elementor-widget elementor-widget-text-editor\" data-id=\"f87dbbb\" data-element_type=\"widget\" data-widget_type=\"text-editor.default\">\n\t\t\t\t\t\t\t\t\t<p class=\"p1\"><span class=\"s1\">The site may collect certain personal data when using online forms (contact form, information request, etc.).<\/span><\/p><p class=\"p1\"><span class=\"s1\">The information collected is for the exclusive use of SCI G.L.C.M, which undertakes not to transmit it to third parties without the consent of the individuals concerned.<\/span><\/p><p class=\"p1\"><span class=\"s1\">In accordance with the provisions of the \u00abData Protection Act\u00bb and the General Data Protection Regulation (GDPR), you have the right to access, modify, rectify, and delete your personal data.<\/span><\/p><p class=\"p1\"><span class=\"s1\">To exercise this right, you can contact: <a href=\"http:\/\/Le%20site%20peut%20%C3%AAtre%20amen%C3%A9%20%C3%A0%20collecter%20certaines%20donn%C3%A9es%20personnelles%20lors%20de%20l%E2%80%99utilisation%20de%20formulaires%20en%20ligne%20(formulaire%20de%20contact,%20demande%20d%E2%80%99informations,%20etc.).%20Les%20informations%20recueillies%20sont%20destin%C3%A9es%20%C3%A0%20l%E2%80%99usage%20exclusif%20de%20la%20SCI%20G.L.C.M,%20qui%20s%E2%80%99engage%20%C3%A0%20ne%20pas%20les%20transmettre%20%C3%A0%20des%20tiers%20sans%20le%20consentement%20des%20personnes%20concern%C3%A9es.%20Conform%C3%A9ment%20aux%20dispositions%20de%20la%20loi%20%C2%AB%20Informatique%20et%20Libert%C3%A9s%20%C2%BB%20et%20au%20R%C3%A8glement%20G%C3%A9n%C3%A9ral%20sur%20la%20Protection%20des%20Donn%C3%A9es%20(RGPD),%20vous%20disposez%20d%E2%80%99un%20droit%20d%E2%80%99acc%C3%A8s,%20de%20modification,%20de%20rectification%20et%20de%20suppression%20des%20donn%C3%A9es%20vous%20concernant.%20Pour%20exercer%20ce%20droit,%20vous%20pouvez%20contacter%20:%20info@chateau-de-meung.com%20Pour%20plus%20d%E2%80%99informations,%20vous%20pouvez%20consulter%20la%20page%20Politique%20de%20confidentialit%C3%A9%20\/%20RGPD%20du%20site.\"><span class=\"s2\">info@chateau-de-meung.com<\/span><\/a><\/span><\/p><p class=\"p1\"><span class=\"s1\">For more information, please see the page <\/span><a href=\"\/en\/privacy-policy\/\"><span class=\"s2\">Privacy policy<\/span><\/a><span class=\"s1\"> \/ <\/span><a href=\"\/en\/privacy-policy\/\"><span class=\"s2\">GDPR for the site<\/span><span class=\"s1\">.<\/span><\/a><\/p>\t\t\t\t\t\t\t\t<\/div>\n\t\t\t\t<div class=\"elementor-element elementor-element-c1b897f elementor-widget elementor-widget-heading\" data-id=\"c1b897f\" data-element_type=\"widget\" data-widget_type=\"heading.default\">\n\t\t\t\t\t<h2 class=\"elementor-heading-title elementor-size-default\">8. Cookies<\/h2>\t\t\t\t<\/div>\n\t\t\t\t<div class=\"elementor-element elementor-element-6939f97 elementor-widget elementor-widget-text-editor\" data-id=\"6939f97\" data-element_type=\"widget\" data-widget_type=\"text-editor.default\">\n\t\t\t\t\t\t\t\t\t<p class=\"p1\"><span class=\"s1\">The site may use cookies or trackers in order to improve the user experience, measure audience, or enable certain functionalities. The user can configure their cookie preferences at any time via the cookie management banner present on the site.<\/span><\/p><p class=\"p1\"><span class=\"s1\">To find out more, consult the <\/span><a href=\"\/en\/privacy-policy\/\"><span class=\"s2\">Cookie management policy<\/span><span class=\"s1\">.<\/span><\/a><\/p>\t\t\t\t\t\t\t\t<\/div>\n\t\t\t\t<div class=\"elementor-element elementor-element-5228fe5 elementor-widget elementor-widget-heading\" data-id=\"5228fe5\" data-element_type=\"widget\" data-widget_type=\"heading.default\">\n\t\t\t\t\t<h2 class=\"elementor-heading-title elementor-size-default\">9. Further information<\/h2>\t\t\t\t<\/div>\n\t\t\t\t<div class=\"elementor-element elementor-element-7107a9e elementor-widget elementor-widget-text-editor\" data-id=\"7107a9e\" data-element_type=\"widget\" data-widget_type=\"text-editor.default\">\n\t\t\t\t\t\t\t\t\t<p class=\"p1\"><span class=\"s1\">The site may contain links to other websites. SCI G.L.C.M. cannot be held responsible for the content or functioning of these third-party sites. The information displayed on this site is for informational purposes only and may be modified at any time.<\/span><\/p>\t\t\t\t\t\t\t\t<\/div>\n\t\t\t\t\t<\/div>\n\t\t\t\t<\/div>\n\t\t\t\t<\/div>","protected":false},"excerpt":{"rendered":"<p>Mentions l\u00e9gales 1. Objet du site Le pr\u00e9sent site internet a pour objectif de pr\u00e9senter et promouvoir l\u2019offre de visite du ch\u00e2teau de Meung-sur-Loire, ainsi que de permettre, le cas \u00e9ch\u00e9ant, la vente en ligne de prestations dans le domaine du tourisme. 2. \u00c9diteur du site Le pr\u00e9sent site est la propri\u00e9t\u00e9 de : SCI [&hellip;]<\/p>\n","protected":false},"author":1,"featured_media":0,"parent":0,"menu_order":0,"comment_status":"closed","ping_status":"closed","template":"","meta":{"_acf_changed":false,"footnotes":""},"class_list":["post-2142","page","type-page","status-publish","hentry"],"acf":[],"_links":{"self":[{"href":"https:\/\/chateau-de-meung.com\/en\/wp-json\/wp\/v2\/pages\/2142","targetHints":{"allow":["GET"]}}],"collection":[{"href":"https:\/\/chateau-de-meung.com\/en\/wp-json\/wp\/v2\/pages"}],"about":[{"href":"https:\/\/chateau-de-meung.com\/en\/wp-json\/wp\/v2\/types\/page"}],"author":[{"embeddable":true,"href":"https:\/\/chateau-de-meung.com\/en\/wp-json\/wp\/v2\/users\/1"}],"replies":[{"embeddable":true,"href":"https:\/\/chateau-de-meung.com\/en\/wp-json\/wp\/v2\/comments?post=2142"}],"version-history":[{"count":13,"href":"https:\/\/chateau-de-meung.com\/en\/wp-json\/wp\/v2\/pages\/2142\/revisions"}],"predecessor-version":[{"id":3058,"href":"https:\/\/chateau-de-meung.com\/en\/wp-json\/wp\/v2\/pages\/2142\/revisions\/3058"}],"wp:attachment":[{"href":"https:\/\/chateau-de-meung.com\/en\/wp-json\/wp\/v2\/media?parent=2142"}],"curies":[{"name":"wp","href":"https:\/\/api.w.org\/{rel}","templated":true}]}}