{"id":2460,"date":"2026-03-19T15:41:15","date_gmt":"2026-03-19T14:41:15","guid":{"rendered":"https:\/\/meung-sur-loire.agenceparadoxe.com\/?page_id=2460"},"modified":"2026-04-02T18:22:37","modified_gmt":"2026-04-02T16:22:37","slug":"ticket-office","status":"publish","type":"page","link":"https:\/\/chateau-de-meung.com\/en\/billetterie\/","title":{"rendered":"Tickets"},"content":{"rendered":"<div data-elementor-type=\"wp-page\" data-elementor-id=\"2460\" class=\"elementor elementor-2460\" data-elementor-post-type=\"page\">\n\t\t\t\t<div class=\"elementor-element elementor-element-cae32d6 e-con-full meung-event-hero e-flex e-con e-child\" data-id=\"cae32d6\" data-element_type=\"container\" data-settings=\"{&quot;background_background&quot;:&quot;classic&quot;}\">\n\t\t\t\t<div class=\"elementor-element elementor-element-f4f010d meung-event-title elementor-widget elementor-widget-heading\" data-id=\"f4f010d\" data-element_type=\"widget\" data-widget_type=\"heading.default\">\n\t\t\t\t\t<h1 class=\"elementor-heading-title elementor-size-default\">Online ticketing<\/h1>\t\t\t\t<\/div>\n\t\t\t\t<div class=\"elementor-element elementor-element-a6e6157 elementor-widget elementor-widget-heading\" data-id=\"a6e6157\" data-element_type=\"widget\" data-widget_type=\"heading.default\">\n\t\t\t\t\t<h2 class=\"elementor-heading-title elementor-size-default\">BOOK YOUR VISIT TO MEUNG-SUR-LOIRE CASTLE<\/h2>\t\t\t\t<\/div>\n\t\t\t\t<div class=\"elementor-element elementor-element-dabf6f3 elementor-widget elementor-widget-text-editor\" data-id=\"dabf6f3\" data-element_type=\"widget\" data-widget_type=\"text-editor.default\">\n\t\t\t\t\t\t\t\t\t<p class=\"p1\"><span class=\"s1\">Buy your tickets online to visit the ch\u00e2teau and its grounds or to take part in the season's events.<\/span><\/p><p class=\"p2\"><span class=\"s2\">Bookings can be made directly via our secure ticketing service below.<\/span><\/p>\t\t\t\t\t\t\t\t<\/div>\n\t\t\t\t<\/div>\n\t\t<div class=\"elementor-element elementor-element-020c2c5 e-flex e-con-boxed e-con e-parent\" data-id=\"020c2c5\" data-element_type=\"container\">\n\t\t\t\t\t<div class=\"e-con-inner\">\n\t\t\t\t<div class=\"elementor-element elementor-element-82dd6e7 elementor-widget elementor-widget-shortcode\" data-id=\"82dd6e7\" data-element_type=\"widget\" data-widget_type=\"shortcode.default\">\n\t\t\t\t\t\t\t<div class=\"elementor-shortcode\"><div class=\"meung-ticket-notice\">In April, the castle is open: 1st-3rd, 8th-10th, 29th-30th from 2pm to 6pm | Easter weekend from 10am to 6pm | 11th-26th (every day except Monday) from 2pm to 6pm<\/div><\/div>\n\t\t\t\t\t\t<\/div>\n\t\t\t\t\t<\/div>\n\t\t\t\t<\/div>\n\t\t<div class=\"elementor-element elementor-element-d583ef2 e-flex e-con-boxed e-con e-parent\" data-id=\"d583ef2\" data-element_type=\"container\" data-settings=\"{&quot;background_background&quot;:&quot;classic&quot;}\">\n\t\t\t\t\t<div class=\"e-con-inner\">\n\t\t\t\t<div class=\"elementor-element elementor-element-1c69d99 elementor-widget elementor-widget-shortcode\" data-id=\"1c69d99\" data-element_type=\"widget\" data-widget_type=\"shortcode.default\">\n\t\t\t\t\t\t\t<div class=\"elementor-shortcode\">\t<div class=\"meung-ticketing-widget-wrap\">\n\t\t<div id=\"widget-produit-CF-OPBI-49288\"><\/div>\n\t<\/div>\n\n\t<script type=\"text\/javascript\" src=\"\/\/gadget.open-system.fr\/widgets-libs\/rel\/noyau-1.0.min.js\"><\/script>\n\t<script type=\"text\/javascript\">\n\t(function() {\n\t\tif (typeof AllianceReseaux === 'undefined' || !AllianceReseaux.Widget) {\n\t\t\treturn;\n\t\t}\n\n\t\tvar widgetProduit = AllianceReseaux.Widget.Instance(\"Produit\", {\n\t\t\tidPanier: \"U3RSU1M\",\n\t\t\tidIntegration: 646,\n\t\t\tlangue: \"uk\",\n\t\t\tui: \"CF-OPBI-49288\"\n\t\t});\n\n\t\twidgetProduit.Initialise();\n\t})();\n\t<\/script>\n\t<\/div>\n\t\t\t\t\t\t<\/div>\n\t\t\t\t\t<\/div>\n\t\t\t\t<\/div>\n\t\t<div class=\"elementor-element elementor-element-28a67ac e-flex e-con-boxed e-con e-parent\" data-id=\"28a67ac\" data-element_type=\"container\" data-settings=\"{&quot;background_background&quot;:&quot;classic&quot;}\">\n\t\t\t\t\t<div class=\"e-con-inner\">\n\t\t<div class=\"elementor-element elementor-element-409c07d e-con-full e-flex e-con e-child\" data-id=\"409c07d\" data-element_type=\"container\" data-settings=\"{&quot;background_background&quot;:&quot;classic&quot;}\">\n\t\t\t\t<div class=\"elementor-element elementor-element-9ef33c1 elementor-widget elementor-widget-heading\" data-id=\"9ef33c1\" data-element_type=\"widget\" data-widget_type=\"heading.default\">\n\t\t\t\t\t<h2 class=\"elementor-heading-title elementor-size-default\">Practical information<\/h2>\t\t\t\t<\/div>\n\t\t\t\t<div class=\"elementor-element elementor-element-ed19f2e elementor-widget elementor-widget-text-editor\" data-id=\"ed19f2e\" data-element_type=\"widget\" data-widget_type=\"text-editor.default\">\n\t\t\t\t\t\t\t\t\t<p class=\"p1\"><span class=\"s1\">\u2714\ufe0f Last admission 1 hour before closing time<\/span><\/p><p class=\"p1\"><span class=\"s1\">\u2714\ufe0f Last admission to the castle 45 minutes before closing time<\/span><\/p><p class=\"p1\"><span class=\"s1\">\u2714\ufe0f Activities close 20 minutes before closing time - all departures are final.<\/span><\/p><p class=\"p1\"><span class=\"s1\">All minors must be accompanied by a responsible adult to enter the site, both indoors and outdoors.<\/span><\/p><p class=\"p3\"><span class=\"s2\">Please note that some banks require two checks to validate your payment. <b>Please note that your booking will only be taken into account once you have received your confirmation email.<\/b> Be sure to check your mailbox after making your payment.<\/span><\/p>\t\t\t\t\t\t\t\t<\/div>\n\t\t\t\t<div class=\"elementor-element elementor-element-02a91c6 meung-btn meung-btn--navy elementor-align-center elementor-widget elementor-widget-button\" data-id=\"02a91c6\" data-element_type=\"widget\" data-widget_type=\"button.default\">\n\t\t\t\t\t\t\t\t\t\t<a class=\"elementor-button elementor-button-link elementor-size-sm\" href=\"\/en\/faq\/\">\n\t\t\t\t\t\t<span class=\"elementor-button-content-wrapper\">\n\t\t\t\t\t\t<span class=\"elementor-button-icon\">\n\t\t\t\t<svg aria-hidden=\"true\" class=\"e-font-icon-svg e-fas-arrow-right\" viewbox=\"0 0 448 512\" xmlns=\"http:\/\/www.w3.org\/2000\/svg\"><path d=\"M190.5 66.9l22.2-22.2c9.4-9.4 24.6-9.4 33.9 0L441 239c9.4 9.4 9.4 24.6 0 33.9L246.6 467.3c-9.4 9.4-24.6 9.4-33.9 0l-22.2-22.2c-9.5-9.5-9.3-25 .4-34.3L311.4 296H24c-13.3 0-24-10.7-24-24v-32c0-13.3 10.7-24 24-24h287.4L190.9 101.2c-9.8-9.3-10-24.8-.4-34.3z\"><\/path><\/svg>\t\t\t<\/span>\n\t\t\t\t\t\t\t\t\t<span class=\"elementor-button-text\">FAQ<\/span>\n\t\t\t\t\t<\/span>\n\t\t\t\t\t<\/a>\n\t\t\t\t\t\t\t\t<\/div>\n\t\t\t\t<\/div>\n\t\t\t\t\t<\/div>\n\t\t\t\t<\/div>\n\t\t<div class=\"elementor-element elementor-element-204b3e9 e-flex e-con-boxed e-con e-parent\" data-id=\"204b3e9\" data-element_type=\"container\" data-settings=\"{&quot;background_background&quot;:&quot;classic&quot;}\">\n\t\t\t\t\t<div class=\"e-con-inner\">\n\t\t\t\t<div class=\"elementor-element elementor-element-1b1f30c elementor-widget elementor-widget-heading\" data-id=\"1b1f30c\" data-element_type=\"widget\" data-widget_type=\"heading.default\">\n\t\t\t\t\t<h2 class=\"elementor-heading-title elementor-size-default\">For payment by holiday vouchers :<\/h2>\t\t\t\t<\/div>\n\t\t\t\t<div class=\"elementor-element elementor-element-828fe5f elementor-widget elementor-widget-text-editor\" data-id=\"828fe5f\" data-element_type=\"widget\" data-widget_type=\"text-editor.default\">\n\t\t\t\t\t\t\t\t\t<p class=\"p1\"><span class=\"s1\">\u2714\ufe0f Ch\u00e8que vacances Connect: available via the online ticketing service only (no payment at the ticket office).<\/span><\/p><p class=\"p2\"><span class=\"s2\">\u2714\ufe0f Paper holiday vouchers: payment can only be made at the ch\u00e2teau reception desk. To book your tickets and pay by paper holiday voucher: please send an e-mail to Marie@Chateau-De-Meung.com indicating the date and time of your choice + the number of full price\/reduced price\/children's price\/free tickets concerned, as well as your contact details. We will confirm your booking as soon as possible by return e-mail, along with all the details. We look forward to hearing from you!<\/span><\/p>\t\t\t\t\t\t\t\t<\/div>\n\t\t\t\t\t<\/div>\n\t\t\t\t<\/div>\n\t\t\t\t<\/div>","protected":false},"excerpt":{"rendered":"<p>Billetterie en ligne R\u00c9SERVEZ VOTRE VISITE DU CH\u00c2TEAU DE MEUNG-SUR-LOIRE Achetez vos billets en ligne pour visiter le ch\u00e2teau et son parc ou pour participer aux \u00e9v\u00e9nements de la saison. La r\u00e9servation se fait directement via notre billetterie s\u00e9curis\u00e9e ci-dessous. Informations pratiques \u2714\ufe0f Derni\u00e8re admission sur site 1h avant la fermeture \u2714\ufe0f Derni\u00e8re admission dans [&hellip;]<\/p>\n","protected":false},"author":1,"featured_media":0,"parent":0,"menu_order":0,"comment_status":"closed","ping_status":"closed","template":"","meta":{"_acf_changed":false,"footnotes":""},"class_list":["post-2460","page","type-page","status-publish","hentry"],"acf":[],"_links":{"self":[{"href":"https:\/\/chateau-de-meung.com\/en\/wp-json\/wp\/v2\/pages\/2460","targetHints":{"allow":["GET"]}}],"collection":[{"href":"https:\/\/chateau-de-meung.com\/en\/wp-json\/wp\/v2\/pages"}],"about":[{"href":"https:\/\/chateau-de-meung.com\/en\/wp-json\/wp\/v2\/types\/page"}],"author":[{"embeddable":true,"href":"https:\/\/chateau-de-meung.com\/en\/wp-json\/wp\/v2\/users\/1"}],"replies":[{"embeddable":true,"href":"https:\/\/chateau-de-meung.com\/en\/wp-json\/wp\/v2\/comments?post=2460"}],"version-history":[{"count":34,"href":"https:\/\/chateau-de-meung.com\/en\/wp-json\/wp\/v2\/pages\/2460\/revisions"}],"predecessor-version":[{"id":3111,"href":"https:\/\/chateau-de-meung.com\/en\/wp-json\/wp\/v2\/pages\/2460\/revisions\/3111"}],"wp:attachment":[{"href":"https:\/\/chateau-de-meung.com\/en\/wp-json\/wp\/v2\/media?parent=2460"}],"curies":[{"name":"wp","href":"https:\/\/api.w.org\/{rel}","templated":true}]}}