{"id":3,"date":"2026-01-09T11:36:22","date_gmt":"2026-01-09T10:36:22","guid":{"rendered":"https:\/\/meung-sur-loire.agenceparadoxe.com\/?page_id=3"},"modified":"2026-03-28T21:06:31","modified_gmt":"2026-03-28T20:06:31","slug":"privacy-policy","status":"publish","type":"page","link":"https:\/\/chateau-de-meung.com\/en\/politique-de-confidentialite\/","title":{"rendered":"Privacy policy"},"content":{"rendered":"<div data-elementor-type=\"wp-page\" data-elementor-id=\"3\" class=\"elementor elementor-3\" data-elementor-post-type=\"page\">\n\t\t\t\t<div class=\"elementor-element elementor-element-3e08e543 e-con-full meung-event-hero e-flex e-con e-child\" data-id=\"3e08e543\" data-element_type=\"container\" data-settings=\"{&quot;background_background&quot;:&quot;classic&quot;}\">\n\t\t\t\t<div class=\"elementor-element elementor-element-5cf7aeec meung-event-title elementor-widget elementor-widget-heading\" data-id=\"5cf7aeec\" data-element_type=\"widget\" data-widget_type=\"heading.default\">\n\t\t\t\t\t<h1 class=\"elementor-heading-title elementor-size-default\">Privacy Policy<\/h1>\t\t\t\t<\/div>\n\t\t\t\t<div class=\"elementor-element elementor-element-639b6506 elementor-widget elementor-widget-image\" data-id=\"639b6506\" data-element_type=\"widget\" data-widget_type=\"image.default\">\n\t\t\t\t\t\t\t\t\t\t\t\t\t\t\t<img decoding=\"async\" src=\"https:\/\/chateau-de-meung.com\/wp-content\/uploads\/elementor\/thumbs\/dessindragon-copie-1-rluwecpcwwwc4j8zrnjwort2a3tceeccds5opirob4.png\" title=\"dessindragon-copy (1)\" alt=\"dessindragon-copy (1)\" loading=\"lazy\" \/>\t\t\t\t\t\t\t\t\t\t\t\t\t\t\t<\/div>\n\t\t\t\t<\/div>\n\t\t<div class=\"elementor-element elementor-element-62c60d10 e-flex e-con-boxed e-con e-parent\" data-id=\"62c60d10\" data-element_type=\"container\" data-settings=\"{&quot;background_background&quot;:&quot;classic&quot;}\">\n\t\t\t\t\t<div class=\"e-con-inner\">\n\t\t\t\t<div class=\"elementor-element elementor-element-c4b377d elementor-align-center meung-btn meung-btn--download elementor-widget elementor-widget-button\" data-id=\"c4b377d\" data-element_type=\"widget\" data-widget_type=\"button.default\">\n\t\t\t\t\t\t\t\t\t\t<a class=\"elementor-button elementor-button-link elementor-size-sm\" href=\"http:\/\/www.chateau-de-meung.com\/wp-content\/uploads\/2026\/03\/Politique-protection-des-donnees-personnelles-chateau-de-Meung-sur-Loire.pdf\">\n\t\t\t\t\t\t<span class=\"elementor-button-content-wrapper\">\n\t\t\t\t\t\t<span class=\"elementor-button-icon\">\n\t\t\t\t<svg xmlns=\"http:\/\/www.w3.org\/2000\/svg\" width=\"53.000000pt\" height=\"48.000000pt\" viewbox=\"0 0 53.000000 48.000000\" preserveaspectratio=\"xMidYMid meet\"><g transform=\"translate(0.000000,48.000000) scale(0.100000,-0.100000)\" fill=\"#000000\" stroke=\"none\"><path d=\"M86 414 c-3 -9 -6 -47 -6 -85 l0 -69 185 0 185 0 0 29 c0 23 -13 41 -64 85 l-63 56 -116 0 c-95 0 -116 -3 -121 -16z m277 -59 c20 -20 37 -38 37 -41 0 -3 -19 -4 -42 -2 -42 3 -43 4 -46 41 -2 20 0 37 5 37 4 0 25 -16 46 -35z\"><\/path><path d=\"M87 203 c-11 -11 -8 -111 4 -118 6 -4 16 0 22 8 7 8 24 17 39 21 39 9 49 53 18 78 -22 18 -70 24 -83 11z m69 -34 c8 -14 -21 -43 -35 -35 -19 12 -13 46 8 46 11 0 23 -5 27 -11z\"><\/path><path d=\"M220 145 l0 -65 40 0 c45 0 80 27 80 60 0 34 -44 70 -85 70 l-35 0 0 -65z m81 13 c10 -18 8 -24 -11 -40 -33 -26 -40 -23 -40 22 0 33 3 40 20 40 10 0 25 -10 31 -22z\"><\/path><path d=\"M370 145 c0 -40 4 -65 11 -65 6 0 13 9 16 19 3 11 15 21 27 23 28 4 27 22 -1 26 -32 5 -29 30 4 34 48 6 39 28 -11 28 l-46 0 0 -65z\"><\/path><\/g><\/svg>\t\t\t<\/span>\n\t\t\t\t\t\t\t\t\t<span class=\"elementor-button-text\">Click here<\/span>\n\t\t\t\t\t<\/span>\n\t\t\t\t\t<\/a>\n\t\t\t\t\t\t\t\t<\/div>\n\t\t\t\t<div class=\"elementor-element elementor-element-2916ace3 elementor-widget elementor-widget-heading\" data-id=\"2916ace3\" data-element_type=\"widget\" data-widget_type=\"heading.default\">\n\t\t\t\t\t<h2 class=\"elementor-heading-title elementor-size-default\">Preamble<\/h2>\t\t\t\t<\/div>\n\t\t\t\t<div class=\"elementor-element elementor-element-2b587945 elementor-widget elementor-widget-text-editor\" data-id=\"2b587945\" data-element_type=\"widget\" data-widget_type=\"text-editor.default\">\n\t\t\t\t\t\t\t\t\t<p class=\"p1\"><span class=\"s1\">The Regulation (EU) 2016\/679 of the European Parliament and of the Council of 27 April 2016 on the protection of data, (hereinafter GDPR) lays down the legal framework applicable to the processing of personal data. This text strengthens the rights and obligations of data controllers, processors, data subjects and data recipients. <\/span><\/p><p class=\"p1\"><span class=\"s1\">Subsequently, and in order to implement the changes made by the RGPD, the French Data Protection Act no. 78-17 of 6 January 1978 was amended by Act no. 2018-493 of 20 June 2018 and Order no. 2018-1125 of 12 December 2018. <\/span><\/p><p class=\"p1\"><span class=\"s1\">This policy is implemented by SCI G.L.C.M, whose main activities are the promotion and development of the Ch\u00e2teau de Meung sur Loire.<\/span><\/p>\t\t\t\t\t\t\t\t<\/div>\n\t\t\t\t<div class=\"elementor-element elementor-element-1c02fadb elementor-widget elementor-widget-heading\" data-id=\"1c02fadb\" data-element_type=\"widget\" data-widget_type=\"heading.default\">\n\t\t\t\t\t<h2 class=\"elementor-heading-title elementor-size-default\">Object<\/h2>\t\t\t\t<\/div>\n\t\t\t\t<div class=\"elementor-element elementor-element-655f47fb elementor-widget elementor-widget-text-editor\" data-id=\"655f47fb\" data-element_type=\"widget\" data-widget_type=\"text-editor.default\">\n\t\t\t\t\t\t\t\t\t<p class=\"p1\"><span class=\"s1\">The purpose of this \u00abpersonal data protection policy\u00bb is to inform you about the processing.<\/span><\/p><p class=\"p1\"><span class=\"s1\">These treatments allow us, among other things, to promote or provide you with our various products and services.<\/span><\/p>\t\t\t\t\t\t\t\t<\/div>\n\t\t\t\t<div class=\"elementor-element elementor-element-4c7ad937 elementor-widget elementor-widget-heading\" data-id=\"4c7ad937\" data-element_type=\"widget\" data-widget_type=\"heading.default\">\n\t\t\t\t\t<h2 class=\"elementor-heading-title elementor-size-default\">Data: origins, purposes and retention periods<\/h2>\t\t\t\t<\/div>\n\t\t\t\t<div class=\"elementor-element elementor-element-1d04dbe0 elementor-widget elementor-widget-text-editor\" data-id=\"1d04dbe0\" data-element_type=\"widget\" data-widget_type=\"text-editor.default\">\n\t\t\t\t\t\t\t\t\t<p class=\"p1\"><span class=\"s1\">The personal data collected is necessary for several reasons, including:<\/span><\/p><p class=\"p1\"><span class=\"s1\">- For the promotion and dissemination of information (sending newsletters, communicating about programming, etc.)<\/span><\/p><p class=\"p1\"><span class=\"s1\">\u2022 To comply with our legal and administrative obligations,<\/span><\/p><p class=\"p1\"><span class=\"s1\"> For customer relationship management,<\/span><\/p><p class=\"p1\"><span class=\"s1\">- To improve our services,<\/span><\/p><p class=\"p1\"><span class=\"s1\">\u2022 For the purpose of carrying out statistical analysis.<\/span><\/p><p class=\"p1\"><span class=\"s1\">In this regard, certain data collected or processed may be required by regulation or necessary for communication. Your personal data may be gathered through various communication channels. We will use your personal data primarily for the following purposes: informing and promoting our events and offers aimed at promoting and enhancing the Ch\u00e2teau de Meung sur Loire.<\/span><\/p><p class=\"p1\"><span class=\"s1\">We retain and process your personal data for the duration necessary to fulfil the intended purpose. The maximum retention period is 3 years.<\/span><\/p><p class=\"p1\"><span class=\"s1\">To fulfil our legal obligations or respond to requests from regulators and administrative authorities, as well as for historical, statistical or scientific research purposes, we may archive your data under the conditions laid down by law.<\/span><\/p><p class=\"p1\"><span class=\"s1\">You will find below detailed information on the treatments we carry out on your personal data, particularly concerning:<\/span><\/p><p class=\"p1\"><span class=\"s1\">\u2022 the purposes of the processing,<\/span><\/p><p class=\"p1\"><span class=\"s1\">\u2022 the legal bases for their processing,<\/span><\/p><p class=\"p1\"><span class=\"s1\">\u2022 their shelf lives,<\/span><\/p><p class=\"p1\"><span class=\"s1\">\u2022 their recipients,<\/span><\/p><p class=\"p1\"><span class=\"s1\">\u2022 their origins when certain data were not directly collected by SCI G.L.C.M<\/span><\/p>\t\t\t\t\t\t\t\t<\/div>\n\t\t\t\t<div class=\"elementor-element elementor-element-440ac82e elementor-widget elementor-widget-heading\" data-id=\"440ac82e\" data-element_type=\"widget\" data-widget_type=\"heading.default\">\n\t\t\t\t\t<h2 class=\"elementor-heading-title elementor-size-default\">Access rights and updates<\/h2>\t\t\t\t<\/div>\n\t\t\t\t<div class=\"elementor-element elementor-element-56077233 elementor-widget elementor-widget-text-editor\" data-id=\"56077233\" data-element_type=\"widget\" data-widget_type=\"text-editor.default\">\n\t\t\t\t\t\t\t\t\t<p class=\"p1\"><span class=\"s1\">You may at any time, under the conditions provided by law, access your personal data, object for legitimate reasons to its processing, have it rectified, request its erasure, the limitation of its processing, its portability, or communicate instructions on its fate in case of death.<\/span><\/p><p class=\"p1\"><span class=\"s1\">You can also, at any time and without justification, object to the use of your data for commercial prospecting purposes by SCI G.L.C.M. Finally, when the processing is based on consent, you can withdraw this consent.<\/span><\/p><p class=\"p1\"><span class=\"s1\">Please note that exercising certain of these rights may prevent SCI G.L.C.M from providing certain products or services, as appropriate.<\/span><\/p><p class=\"p1\"><span class=\"s1\">To do this, simply write a simple letter to SCI G.L.C.M \u2013 Ch\u00e2teau de Meung sur Loire \u2013 16, place du Martroi \u2013 45 130 Meung sur Loire.<\/span><\/p><p class=\"p1\"><span class=\"s1\">You can also address your request to the Data Protection Officer at the email address: <a href=\"mailto:info@chateau-de-meung.com\"><span class=\"s2\">info@chateau-de-meung.com<\/span><\/a><\/span><\/p><p class=\"p1\"><span class=\"s1\">You may, in the event of a dispute, submit a complaint to the CNIL, whose website can be accessed at the following address: <a href=\"http:\/\/www.cnil.fr\/\" target=\"_blank\" rel=\"noopener\"><span class=\"s2\">http:\/\/www.cnil.fr<\/span><\/a> and the headquarters is located at 3 Place de Fontenoy, 75007 Paris.<\/span><\/p>\t\t\t\t\t\t\t\t<\/div>\n\t\t\t\t<div class=\"elementor-element elementor-element-31b600e2 elementor-widget elementor-widget-heading\" data-id=\"31b600e2\" data-element_type=\"widget\" data-widget_type=\"heading.default\">\n\t\t\t\t\t<h2 class=\"elementor-heading-title elementor-size-default\">Purpose 1. Communication by SCI G.L.C.M<\/h2>\t\t\t\t<\/div>\n\t\t\t\t<div class=\"elementor-element elementor-element-1692c808 elementor-widget elementor-widget-text-editor\" data-id=\"1692c808\" data-element_type=\"widget\" data-widget_type=\"text-editor.default\">\n\t\t\t\t\t\t\t\t\t<div class=\"rgpd-table-wrap\">\n  <table class=\"rgpd-table\">\n    <thead>\n      <tr>\n        <th>Sub-objective<\/th>\n        <th>Legal basis for processing<\/th>\n        <th>Data retention period<\/th>\n        <th>Recipient of data<\/th>\n        <th>Data obtained from third parties<\/th>\n        <th>Further information<\/th>\n      <\/tr>\n    <\/thead>\n    <tbody>\n      <tr>\n        <td>Electronic communication management (newsletter)<\/td>\n        <td>Consent<\/td>\n        <td>Three (3) years from the last communication<\/td>\n        <td><\/td>\n        <td>No<\/td>\n        <td><\/td>\n      <\/tr>\n      <tr>\n        <td>Creation of visuals for electronic or physical communication (posters, flyers, etc.)<\/td>\n        <td>Consent<\/td>\n        <td>Three (3) years from the last communication<\/td>\n        <td><\/td>\n        <td>No<\/td>\n        <td><\/td>\n      <\/tr>\n    <\/tbody>\n  <\/table>\n<\/div>\t\t\t\t\t\t\t\t<\/div>\n\t\t\t\t<div class=\"elementor-element elementor-element-b7592b6 elementor-widget elementor-widget-text-editor\" data-id=\"b7592b6\" data-element_type=\"widget\" data-widget_type=\"text-editor.default\">\n\t\t\t\t\t\t\t\t\t<p class=\"p1\"><span class=\"s1\">You have the option to withdraw your consent for the processing of these data for this sub-purpose.<\/span><\/p>\t\t\t\t\t\t\t\t<\/div>\n\t\t\t\t<div class=\"elementor-element elementor-element-64ff56e5 elementor-widget elementor-widget-heading\" data-id=\"64ff56e5\" data-element_type=\"widget\" data-widget_type=\"heading.default\">\n\t\t\t\t\t<h2 class=\"elementor-heading-title elementor-size-default\">Purpose 2. Customer management by SCI G.L.C.M<\/h2>\t\t\t\t<\/div>\n\t\t\t\t<div class=\"elementor-element elementor-element-b771817 elementor-widget elementor-widget-text-editor\" data-id=\"b771817\" data-element_type=\"widget\" data-widget_type=\"text-editor.default\">\n\t\t\t\t\t\t\t\t\t<p class=\"p1\"><span class=\"s1\">General description of the purpose: product management and management of the relationship between clients and SCI G.L.C.M.<\/span><\/p>\t\t\t\t\t\t\t\t<\/div>\n\t\t\t\t<div class=\"elementor-element elementor-element-5629388 elementor-widget elementor-widget-text-editor\" data-id=\"5629388\" data-element_type=\"widget\" data-widget_type=\"text-editor.default\">\n\t\t\t\t\t\t\t\t\t<div class=\"rgpd-table-wrap\">\n  <table class=\"rgpd-table\">\n    <thead>\n      <tr>\n        <th>Sub-objective<\/th>\n        <th>Legal basis for processing<\/th>\n        <th>Data retention period<\/th>\n        <th>Recipient of data<\/th>\n        <th>Data obtained from third parties<\/th>\n        <th>Further information<\/th>\n      <\/tr>\n    <\/thead>\n\n    <tbody>\n      <tr>\n        <td>Customer management<\/td>\n        <td>Required for the transaction<\/td>\n        <td>Three (3) years from the date of the operation for data relating to this operation<\/td>\n        <td>SCI G.L.C.M<\/td>\n        <td>Yes<\/td>\n        <td>Use of the Regional Tourist Marketplace<\/td>\n      <\/tr>\n\n      <tr>\n        <td>Customer management<\/td>\n        <td>Required for the transaction<\/td>\n        <td>Three (3) years from the date of the operation for data relating to this operation<\/td>\n        <td>SCI G.L.C.M<\/td>\n        <td>Yes<\/td>\n        <td>Using the Patrivia ticketing service<\/td>\n      <\/tr>\n    <\/tbody>\n  <\/table>\n<\/div>\t\t\t\t\t\t\t\t<\/div>\n\t\t\t\t<div class=\"elementor-element elementor-element-abc9577 elementor-widget elementor-widget-text-editor\" data-id=\"abc9577\" data-element_type=\"widget\" data-widget_type=\"text-editor.default\">\n\t\t\t\t\t\t\t\t\t<p class=\"p1\"><span class=\"s1\"><i>The Regional Tourist Market Place<\/i><i><\/i><\/span><\/p><p class=\"p1\"><span class=\"s2\">All items offered for online booking on the website <a href=\"https:\/\/chateau-de-meung.com\/en\/\"><span class=\"s3\">Ch\u00e2teau de Meung,<\/span><\/a> comes from the Regional Tourist Marketplace system (Open System Technology \u2013 Network Alliance) which directly connects users with sellers registered as members of the Marketplace. For each booking made through the site <a href=\"https:\/\/chateau-de-meung.com\/en\/\"><span class=\"s3\">Ch\u00e2teau de Meung,<\/span><\/a> the user must accept these General Conditions of Use in addition to the <a href=\"https:\/\/chateau-de-meung.com\/en\/general-terms-and-conditions-of-sale\/\"><span class=\"s3\">Terms and conditions of sale<\/span><\/a> from.<\/span><\/p>\t\t\t\t\t\t\t\t<\/div>\n\t\t\t\t<div class=\"elementor-element elementor-element-6c81df1 elementor-widget elementor-widget-text-editor\" data-id=\"6c81df1\" data-element_type=\"widget\" data-widget_type=\"text-editor.default\">\n\t\t\t\t\t\t\t\t\t<p class=\"p1\"><span class=\"s1\"><i>Other booking systems \u2013 Patrivia<\/i><i><\/i><\/span><\/p><p class=\"p1\"><span class=\"s2\">Any item offered for online booking on sites other than <a href=\"https:\/\/chateau-de-meung.com\/en\/\"><span class=\"s3\">Ch\u00e2teau de Meung,<\/span><\/a> originate from systems managed directly by their owners. For each reservation made from other websites, the user must accept the General Terms of Use in addition to the General Terms and Conditions of Sale of the seller concerned by the reservation.<\/span><\/p>\t\t\t\t\t\t\t\t<\/div>\n\t\t\t\t<div class=\"elementor-element elementor-element-7f865f32 elementor-widget elementor-widget-heading\" data-id=\"7f865f32\" data-element_type=\"widget\" data-widget_type=\"heading.default\">\n\t\t\t\t\t<h2 class=\"elementor-heading-title elementor-size-default\">Aim 3. Prospecting and analysis<\/h2>\t\t\t\t<\/div>\n\t\t\t\t<div class=\"elementor-element elementor-element-7b6bde48 elementor-widget elementor-widget-text-editor\" data-id=\"7b6bde48\" data-element_type=\"widget\" data-widget_type=\"text-editor.default\">\n\t\t\t\t\t\t\t\t\t<p class=\"p1\"><span class=\"s1\">General purpose description: To develop offerings, understand and retain visitors.<\/span><\/p>\t\t\t\t\t\t\t\t<\/div>\n\t\t\t\t<div class=\"elementor-element elementor-element-88e1efb elementor-widget elementor-widget-text-editor\" data-id=\"88e1efb\" data-element_type=\"widget\" data-widget_type=\"text-editor.default\">\n\t\t\t\t\t\t\t\t\t<div class=\"rgpd-table-wrap\">\n  <table class=\"rgpd-table\">\n    <thead>\n      <tr>\n        <th>Sub-objective<\/th>\n        <th>Legal basis for processing<\/th>\n        <th>Data retention period<\/th>\n        <th>Recipient of data<\/th>\n        <th>Data obtained from third parties<\/th>\n        <th>Further information<\/th>\n      <\/tr>\n    <\/thead>\n<tbody>\n  <tr>\n    <td>Visitor Management<\/td>\n    <td>Legitimate interest of SCI G.L.C.M<\/td>\n    <td>Three (3) years from last login<\/td>\n    <td>SCI G.L.C.M<\/td>\n    <td>Google Analytics, Facebook pixel<\/td>\n    <td><\/td>\n  <\/tr>\n\n  <tr>\n    <td>Customer satisfaction management<\/td>\n    <td>Consent<\/td>\n    <td>Three (3) years from last login<\/td>\n    <td><\/td>\n    <td>No<\/td>\n    <td><\/td>\n  <\/tr>\n<\/tbody>\n  <\/table>\n<\/div>\n\t\t\t\t\t\t\t\t<\/div>\n\t\t\t\t<div class=\"elementor-element elementor-element-95de0ac elementor-widget elementor-widget-text-editor\" data-id=\"95de0ac\" data-element_type=\"widget\" data-widget_type=\"text-editor.default\">\n\t\t\t\t\t\t\t\t\t<p class=\"p1\"><span class=\"s1\">You have the option to withdraw your consent for the processing of these data for this sub-purpose.<\/span><\/p>\t\t\t\t\t\t\t\t<\/div>\n\t\t\t\t\t<\/div>\n\t\t\t\t<\/div>\n\t\t\t\t<\/div>","protected":false},"excerpt":{"rendered":"<p>Politique de confidentialit\u00e9 Cliquez ici Pr\u00e9ambule Le R\u00e8glement (EU) 2016\/679 du Parlement Europ\u00e9en et du Conseil du 27 avril 2016 relatif \u00e0 la protection des donn\u00e9es, (ci-apr\u00e8s RGPD) fixe le cadre juridique applicable aux traitements de donn\u00e9es \u00e0 caract\u00e8re personnel. Ce texte renforce les droits et les obligations des responsables de traitements, des sous-traitants, des [&hellip;]<\/p>\n","protected":false},"author":1,"featured_media":0,"parent":0,"menu_order":0,"comment_status":"closed","ping_status":"open","template":"","meta":{"_acf_changed":false,"footnotes":""},"class_list":["post-3","page","type-page","status-publish","hentry"],"acf":[],"_links":{"self":[{"href":"https:\/\/chateau-de-meung.com\/en\/wp-json\/wp\/v2\/pages\/3","targetHints":{"allow":["GET"]}}],"collection":[{"href":"https:\/\/chateau-de-meung.com\/en\/wp-json\/wp\/v2\/pages"}],"about":[{"href":"https:\/\/chateau-de-meung.com\/en\/wp-json\/wp\/v2\/types\/page"}],"author":[{"embeddable":true,"href":"https:\/\/chateau-de-meung.com\/en\/wp-json\/wp\/v2\/users\/1"}],"replies":[{"embeddable":true,"href":"https:\/\/chateau-de-meung.com\/en\/wp-json\/wp\/v2\/comments?post=3"}],"version-history":[{"count":16,"href":"https:\/\/chateau-de-meung.com\/en\/wp-json\/wp\/v2\/pages\/3\/revisions"}],"predecessor-version":[{"id":3064,"href":"https:\/\/chateau-de-meung.com\/en\/wp-json\/wp\/v2\/pages\/3\/revisions\/3064"}],"wp:attachment":[{"href":"https:\/\/chateau-de-meung.com\/en\/wp-json\/wp\/v2\/media?parent=3"}],"curies":[{"name":"wp","href":"https:\/\/api.w.org\/{rel}","templated":true}]}}