{"id":882,"date":"2026-02-27T19:06:14","date_gmt":"2026-02-27T18:06:14","guid":{"rendered":"https:\/\/meung-sur-loire.agenceparadoxe.com\/?page_id=882"},"modified":"2026-04-02T17:59:26","modified_gmt":"2026-04-02T15:59:26","slug":"dragons-lair","status":"publish","type":"page","link":"https:\/\/chateau-de-meung.com\/en\/parc-activites\/antre-du-dragon\/","title":{"rendered":"The dragon's lair"},"content":{"rendered":"<div data-elementor-type=\"wp-page\" data-elementor-id=\"882\" class=\"elementor elementor-882\" data-elementor-post-type=\"page\">\n\t\t\t\t<div class=\"elementor-element elementor-element-3e7615e3 e-flex e-con-boxed e-con e-parent\" data-id=\"3e7615e3\" data-element_type=\"container\" data-settings=\"{&quot;background_background&quot;:&quot;classic&quot;}\">\n\t\t\t\t\t<div class=\"e-con-inner\">\n\t\t<div class=\"elementor-element elementor-element-391d9f24 e-con-full e-flex e-con e-child\" data-id=\"391d9f24\" data-element_type=\"container\">\n\t\t\t\t<div class=\"elementor-element elementor-element-7bc8b1a8 elementor-widget elementor-widget-heading\" data-id=\"7bc8b1a8\" data-element_type=\"widget\" data-widget_type=\"heading.default\">\n\t\t\t\t\t<h1 class=\"elementor-heading-title elementor-size-default\">The lair of the\ndragon\n\n\n<\/h1>\t\t\t\t<\/div>\n\t\t\t\t<div class=\"elementor-element elementor-element-2f644a6c elementor-widget elementor-widget-heading\" data-id=\"2f644a6c\" data-element_type=\"widget\" data-widget_type=\"heading.default\">\n\t\t\t\t\t<h2 class=\"elementor-heading-title elementor-size-default\">In the depths of the castle, the legend lurks ...<\/h2>\t\t\t\t<\/div>\n\t\t<div class=\"elementor-element elementor-element-770ffcff e-con-full e-flex e-con e-child\" data-id=\"770ffcff\" data-element_type=\"container\">\n\t\t\t\t<div class=\"elementor-element elementor-element-2a71d433 meung-btn meung-btn--red elementor-widget elementor-widget-button\" data-id=\"2a71d433\" data-element_type=\"widget\" data-widget_type=\"button.default\">\n\t\t\t\t\t\t\t\t\t\t<a class=\"elementor-button elementor-button-link elementor-size-sm\" href=\"\/en\/ticket-office\/\">\n\t\t\t\t\t\t<span class=\"elementor-button-content-wrapper\">\n\t\t\t\t\t\t<span class=\"elementor-button-icon\">\n\t\t\t\t<svg aria-hidden=\"true\" class=\"e-font-icon-svg e-fas-arrow-right\" viewbox=\"0 0 448 512\" xmlns=\"http:\/\/www.w3.org\/2000\/svg\"><path d=\"M190.5 66.9l22.2-22.2c9.4-9.4 24.6-9.4 33.9 0L441 239c9.4 9.4 9.4 24.6 0 33.9L246.6 467.3c-9.4 9.4-24.6 9.4-33.9 0l-22.2-22.2c-9.5-9.5-9.3-25 .4-34.3L311.4 296H24c-13.3 0-24-10.7-24-24v-32c0-13.3 10.7-24 24-24h287.4L190.9 101.2c-9.8-9.3-10-24.8-.4-34.3z\"><\/path><\/svg>\t\t\t<\/span>\n\t\t\t\t\t\t\t\t\t<span class=\"elementor-button-text\">TICKETS<\/span>\n\t\t\t\t\t<\/span>\n\t\t\t\t\t<\/a>\n\t\t\t\t\t\t\t\t<\/div>\n\t\t\t\t<div class=\"elementor-element elementor-element-3960e6b7 meung-btn meung-btn--white elementor-widget elementor-widget-button\" data-id=\"3960e6b7\" data-element_type=\"widget\" data-widget_type=\"button.default\">\n\t\t\t\t\t\t\t\t\t\t<a class=\"elementor-button elementor-button-link elementor-size-sm\" href=\"\/en\/business-park\/family-visit\/\">\n\t\t\t\t\t\t<span class=\"elementor-button-content-wrapper\">\n\t\t\t\t\t\t<span class=\"elementor-button-icon\">\n\t\t\t\t<svg aria-hidden=\"true\" class=\"e-font-icon-svg e-fas-arrow-right\" viewbox=\"0 0 448 512\" xmlns=\"http:\/\/www.w3.org\/2000\/svg\"><path d=\"M190.5 66.9l22.2-22.2c9.4-9.4 24.6-9.4 33.9 0L441 239c9.4 9.4 9.4 24.6 0 33.9L246.6 467.3c-9.4 9.4-24.6 9.4-33.9 0l-22.2-22.2c-9.5-9.5-9.3-25 .4-34.3L311.4 296H24c-13.3 0-24-10.7-24-24v-32c0-13.3 10.7-24 24-24h287.4L190.9 101.2c-9.8-9.3-10-24.8-.4-34.3z\"><\/path><\/svg>\t\t\t<\/span>\n\t\t\t\t\t\t\t\t\t<span class=\"elementor-button-text\">FAMILY VISIT<\/span>\n\t\t\t\t\t<\/span>\n\t\t\t\t\t<\/a>\n\t\t\t\t\t\t\t\t<\/div>\n\t\t\t\t<\/div>\n\t\t\t\t<\/div>\n\t\t\t\t\t<\/div>\n\t\t\t\t<\/div>\n\t\t<div class=\"elementor-element elementor-element-b0fdd3a box-shadow e-flex e-con-boxed e-con e-parent\" data-id=\"b0fdd3a\" data-element_type=\"container\" data-settings=\"{&quot;background_background&quot;:&quot;classic&quot;}\">\n\t\t\t\t\t<div class=\"e-con-inner\">\n\t\t\t\t<div class=\"elementor-element elementor-element-7d5714f elementor-widget__width-inherit elementor-widget elementor-widget-html\" data-id=\"7d5714f\" data-element_type=\"widget\" data-widget_type=\"html.default\">\n\t\t\t\t\t\n<div class=\"meung-infosbar\" role=\"group\" aria-label=\"Practical information\">\n  <div class=\"meung-infosbar__row\">\n    <div class=\"meung-infosbar__item\">\n      <img decoding=\"async\" class=\"meung-infosbar__icon\" src=\"http:\/\/www.chateau-de-meung.com\/wp-content\/uploads\/2026\/02\/ticketfill.png\" alt=\"\">\n      <span>Included in the ticket<\/span>\n    <\/div>\n\n    <div class=\"meung-infosbar__item\">\n      <img decoding=\"async\" class=\"meung-infosbar__icon\" src=\"http:\/\/www.chateau-de-meung.com\/wp-content\/uploads\/2026\/02\/clockclockwisefill.png\" alt=\"\">\n      <span>Approx. 15 minutes<\/span>\n    <\/div>\n\n    <div class=\"meung-infosbar__item\">\n      <img decoding=\"async\" class=\"meung-infosbar__icon\" src=\"http:\/\/www.chateau-de-meung.com\/wp-content\/uploads\/2026\/02\/userfill-1.png\" alt=\"\">\n      <span>All audiences<\/span>\n    <\/div>\n\n    <div class=\"meung-infosbar__item\">\n      <img decoding=\"async\" class=\"meung-infosbar__icon\" src=\"http:\/\/www.chateau-de-meung.com\/wp-content\/uploads\/2026\/02\/castleturretfill.png\" alt=\"\">\n      <span>INSIDE<\/span>\n    <\/div>\n  <\/div>\n<\/div>\t\t\t\t<\/div>\n\t\t\t\t\t<\/div>\n\t\t\t\t<\/div>\n\t\t<div class=\"elementor-element elementor-element-4acbb95 e-flex e-con-boxed e-con e-parent\" data-id=\"4acbb95\" data-element_type=\"container\" data-settings=\"{&quot;background_background&quot;:&quot;classic&quot;}\">\n\t\t\t\t\t<div class=\"e-con-inner\">\n\t\t\t\t<div class=\"elementor-element elementor-element-6cad8633 elementor-widget elementor-widget-text-editor\" data-id=\"6cad8633\" data-element_type=\"widget\" data-widget_type=\"text-editor.default\">\n\t\t\t\t\t\t\t\t\t<p class=\"p1\"><span class=\"s1\">Under the castle of Meung-sur-Loire, in the darkness of the underground passages, the dragon of legend waits.<\/span><\/p>\n<p class=\"p2\"><span class=\"s2\">An impressive encounter in the heart of a place steeped in history and mystery.<\/span><\/p>\t\t\t\t\t\t\t\t<\/div>\n\t\t\t\t\t<\/div>\n\t\t\t\t<\/div>\n\t\t<div class=\"elementor-element elementor-element-79ba8bb1 e-flex e-con-boxed e-con e-parent\" data-id=\"79ba8bb1\" data-element_type=\"container\" id=\"souterrain\" data-settings=\"{&quot;background_background&quot;:&quot;classic&quot;}\">\n\t\t\t\t\t<div class=\"e-con-inner\">\n\t\t<div class=\"elementor-element elementor-element-69a0303c e-con-full e-flex e-con e-child\" data-id=\"69a0303c\" data-element_type=\"container\">\n\t\t<div class=\"elementor-element elementor-element-4603ce00 e-con-full e-flex e-con e-child\" data-id=\"4603ce00\" data-element_type=\"container\" data-settings=\"{&quot;background_background&quot;:&quot;classic&quot;}\">\n\t\t<div class=\"elementor-element elementor-element-21654c82 e-con-full e-flex e-con e-child\" data-id=\"21654c82\" data-element_type=\"container\" data-settings=\"{&quot;background_background&quot;:&quot;classic&quot;}\">\n\t\t\t\t<\/div>\n\t\t<div class=\"elementor-element elementor-element-2ba81cb6 e-con-full e-flex e-con e-child\" data-id=\"2ba81cb6\" data-element_type=\"container\" data-settings=\"{&quot;background_background&quot;:&quot;classic&quot;}\">\n\t\t\t\t<div class=\"elementor-element elementor-element-68121de0 elementor-widget elementor-widget-text-editor\" data-id=\"68121de0\" data-element_type=\"widget\" data-widget_type=\"text-editor.default\">\n\t\t\t\t\t\t\t\t\t<p class=\"p1\"><span class=\"s1\">A HIGHLIGHT OF THE VISIT<\/span><\/p>\t\t\t\t\t\t\t\t<\/div>\n\t\t\t\t<div class=\"elementor-element elementor-element-215191ca elementor-widget elementor-widget-heading\" data-id=\"215191ca\" data-element_type=\"widget\" data-widget_type=\"heading.default\">\n\t\t\t\t\t<h2 class=\"elementor-heading-title elementor-size-default\">Meeting the dragon<\/h2>\t\t\t\t<\/div>\n\t\t\t\t<div class=\"elementor-element elementor-element-3fc6b3a6 elementor-widget elementor-widget-text-editor\" data-id=\"3fc6b3a6\" data-element_type=\"widget\" data-widget_type=\"text-editor.default\">\n\t\t\t\t\t\t\t\t\t<p class=\"p1\"><span class=\"s1\">In the underground world, the Dragon's lair brings the visit to a close. <a href=\"\/en\/chateau\/\">castle<\/a> in surprising ways.<\/span><\/p><p class=\"p1\"><span class=\"s1\">In a striking atmosphere of ancient stonework and dark galleries, the <a href=\"\/en\/chateau\/dragon-legend\/\">dragon of Saint Liphard<\/a> appears, recalling the legend linking Meung-sur-Loire to these mythical creatures.<\/span><\/p><p class=\"p3\"><span class=\"s2\">The deliberately immersive staging is fully integrated into the historic site and extends the discovery of the dungeons and underground spaces. This experience marks a powerful pause in the visit, between fascination and controlled thrills.<\/span><\/p>\t\t\t\t\t\t\t\t<\/div>\n\t\t<div class=\"elementor-element elementor-element-3370531 e-con-full e-flex e-con e-child\" data-id=\"3370531\" data-element_type=\"container\">\n\t\t<div class=\"elementor-element elementor-element-e7baf6f e-con-full e-flex e-con e-child\" data-id=\"e7baf6f\" data-element_type=\"container\" data-settings=\"{&quot;background_background&quot;:&quot;classic&quot;}\">\n\t\t\t\t<div class=\"elementor-element elementor-element-472de08 elementor-widget elementor-widget-image\" data-id=\"472de08\" data-element_type=\"widget\" data-widget_type=\"image.default\">\n\t\t\t\t\t\t\t\t\t\t\t\t\t\t\t<img decoding=\"async\" src=\"https:\/\/chateau-de-meung.com\/wp-content\/uploads\/elementor\/thumbs\/thermometercoldfill-rlgv6b6ke6nkoa5njeiykcclne1iwm95ln1l4qn4vo.png\" title=\"thermometercoldfill\" alt=\"thermometercoldfill\" loading=\"lazy\" \/>\t\t\t\t\t\t\t\t\t\t\t\t\t\t\t<\/div>\n\t\t\t\t<div class=\"elementor-element elementor-element-9dabe28 elementor-widget elementor-widget-text-editor\" data-id=\"9dabe28\" data-element_type=\"widget\" data-widget_type=\"text-editor.default\">\n\t\t\t\t\t\t\t\t\t<p class=\"p1\"><span class=\"s1\"><b>Constant temperature of 12\u00b0C: <\/b><\/span><\/p><p class=\"p1\"><span class=\"s1\">Remember to bring warm clothing.<\/span><\/p>\t\t\t\t\t\t\t\t<\/div>\n\t\t\t\t<\/div>\n\t\t\t\t<\/div>\n\t\t\t\t<\/div>\n\t\t<div class=\"elementor-element elementor-element-5d0db49f e-con-full e-flex e-con e-child\" data-id=\"5d0db49f\" data-element_type=\"container\">\n\t\t\t\t<div class=\"elementor-element elementor-element-19b9f6df meung-btn meung-btn--red elementor-align-center elementor-widget elementor-widget-button\" data-id=\"19b9f6df\" data-element_type=\"widget\" data-widget_type=\"button.default\">\n\t\t\t\t\t\t\t\t\t\t<a class=\"elementor-button elementor-button-link elementor-size-sm\" href=\"\/en\/ticket-office\/\">\n\t\t\t\t\t\t<span class=\"elementor-button-content-wrapper\">\n\t\t\t\t\t\t<span class=\"elementor-button-icon\">\n\t\t\t\t<svg aria-hidden=\"true\" class=\"e-font-icon-svg e-fas-arrow-right\" viewbox=\"0 0 448 512\" xmlns=\"http:\/\/www.w3.org\/2000\/svg\"><path d=\"M190.5 66.9l22.2-22.2c9.4-9.4 24.6-9.4 33.9 0L441 239c9.4 9.4 9.4 24.6 0 33.9L246.6 467.3c-9.4 9.4-24.6 9.4-33.9 0l-22.2-22.2c-9.5-9.5-9.3-25 .4-34.3L311.4 296H24c-13.3 0-24-10.7-24-24v-32c0-13.3 10.7-24 24-24h287.4L190.9 101.2c-9.8-9.3-10-24.8-.4-34.3z\"><\/path><\/svg>\t\t\t<\/span>\n\t\t\t\t\t\t\t\t\t<span class=\"elementor-button-text\">TICKETS<\/span>\n\t\t\t\t\t<\/span>\n\t\t\t\t\t<\/a>\n\t\t\t\t\t\t\t\t<\/div>\n\t\t\t\t<\/div>\n\t\t\t\t<\/div>\n\t\t\t\t<\/div>\n\t\t\t\t\t<\/div>\n\t\t\t\t<\/div>\n\t\t<div class=\"elementor-element elementor-element-f06273a e-flex e-con-boxed e-con e-parent\" data-id=\"f06273a\" data-element_type=\"container\" id=\"famille\" data-settings=\"{&quot;background_background&quot;:&quot;classic&quot;}\">\n\t\t\t\t\t<div class=\"e-con-inner\">\n\t\t<div class=\"elementor-element elementor-element-68e20604 e-con-full e-flex e-con e-child\" data-id=\"68e20604\" data-element_type=\"container\" data-settings=\"{&quot;background_background&quot;:&quot;classic&quot;}\">\n\t\t\t\t<div class=\"elementor-element elementor-element-33e79536 elementor-widget elementor-widget-text-editor\" data-id=\"33e79536\" data-element_type=\"widget\" data-widget_type=\"text-editor.default\">\n\t\t\t\t\t\t\t\t\t<p class=\"p1\"><span class=\"s1\">FOR THE WHOLE FAMILY<\/span><\/p>\t\t\t\t\t\t\t\t<\/div>\n\t\t\t\t<div class=\"elementor-element elementor-element-2016d989 elementor-widget elementor-widget-heading\" data-id=\"2016d989\" data-element_type=\"widget\" data-widget_type=\"heading.default\">\n\t\t\t\t\t<h2 class=\"elementor-heading-title elementor-size-default\">An experience to share\n<\/h2>\t\t\t\t<\/div>\n\t\t\t\t<div class=\"elementor-element elementor-element-53275fd5 elementor-widget elementor-widget-text-editor\" data-id=\"53275fd5\" data-element_type=\"widget\" data-widget_type=\"text-editor.default\">\n\t\t\t\t\t\t\t\t\t<p class=\"p1\"><span class=\"s1\">Designed to be accessible to the widest possible audience, L'Antre du Dragon is impressive without being frightening.<\/span><\/p>\n<p class=\"p1\"><span class=\"s1\">Younger visitors can discover the legend in a safe environment, while adults enjoy the atmosphere and the link with the history of the castle.<\/span><\/p>\n<p class=\"p3\"><span class=\"s2\">Everyone experiences the meeting in their own way, according to their own sensibilities.<\/span><\/p>\t\t\t\t\t\t\t\t<\/div>\n\t\t\t\t<div class=\"elementor-element elementor-element-7471c560 meung-btn meung-btn--sky elementor-align-left elementor-widget elementor-widget-button\" data-id=\"7471c560\" data-element_type=\"widget\" data-widget_type=\"button.default\">\n\t\t\t\t\t\t\t\t\t\t<a class=\"elementor-button elementor-button-link elementor-size-sm\" href=\"\/en\/business-park\/family-visit\/\">\n\t\t\t\t\t\t<span class=\"elementor-button-content-wrapper\">\n\t\t\t\t\t\t<span class=\"elementor-button-icon\">\n\t\t\t\t<svg aria-hidden=\"true\" class=\"e-font-icon-svg e-fas-arrow-right\" viewbox=\"0 0 448 512\" xmlns=\"http:\/\/www.w3.org\/2000\/svg\"><path d=\"M190.5 66.9l22.2-22.2c9.4-9.4 24.6-9.4 33.9 0L441 239c9.4 9.4 9.4 24.6 0 33.9L246.6 467.3c-9.4 9.4-24.6 9.4-33.9 0l-22.2-22.2c-9.5-9.5-9.3-25 .4-34.3L311.4 296H24c-13.3 0-24-10.7-24-24v-32c0-13.3 10.7-24 24-24h287.4L190.9 101.2c-9.8-9.3-10-24.8-.4-34.3z\"><\/path><\/svg>\t\t\t<\/span>\n\t\t\t\t\t\t\t\t\t<span class=\"elementor-button-text\">FAMILY VISIT<\/span>\n\t\t\t\t\t<\/span>\n\t\t\t\t\t<\/a>\n\t\t\t\t\t\t\t\t<\/div>\n\t\t\t\t<\/div>\n\t\t\t\t\t<\/div>\n\t\t\t\t<\/div>\n\t\t<div class=\"elementor-element elementor-element-69949c13 e-flex e-con-boxed e-con e-parent\" data-id=\"69949c13\" data-element_type=\"container\" data-settings=\"{&quot;background_background&quot;:&quot;classic&quot;}\">\n\t\t\t\t\t<div class=\"e-con-inner\">\n\t\t<div class=\"elementor-element elementor-element-7b4c49db e-con-full e-flex e-con e-child\" data-id=\"7b4c49db\" data-element_type=\"container\">\n\t\t\t\t<div class=\"elementor-element elementor-element-2c9326de elementor-widget elementor-widget-text-editor\" data-id=\"2c9326de\" data-element_type=\"widget\" data-widget_type=\"text-editor.default\">\n\t\t\t\t\t\t\t\t\t<p class=\"p1\"><span class=\"s1\">In the heart of the underground passageways, the Dragon's lair brings the legend of Meung-sur-Loire to life and adds a unique atmosphere to the visit.<\/span><\/p>\t\t\t\t\t\t\t\t<\/div>\n\t\t\t\t<\/div>\n\t\t<div class=\"elementor-element elementor-element-10bd0a7e e-con-full e-flex e-con e-child\" data-id=\"10bd0a7e\" data-element_type=\"container\">\n\t\t<div class=\"elementor-element elementor-element-543720f2 e-con-full e-flex e-con e-child\" data-id=\"543720f2\" data-element_type=\"container\" data-settings=\"{&quot;background_background&quot;:&quot;classic&quot;}\">\n\t\t<div class=\"elementor-element elementor-element-9f91bd9 e-con-full e-flex e-con e-child\" data-id=\"9f91bd9\" data-element_type=\"container\">\n\t\t\t\t<div class=\"elementor-element elementor-element-31628d0c elementor-widget elementor-widget-heading\" data-id=\"31628d0c\" data-element_type=\"widget\" data-widget_type=\"heading.default\">\n\t\t\t\t\t<h2 class=\"elementor-heading-title elementor-size-default\"><a href=\"\/en\/business-park\/knights-trail\/\">The route of the\nknights<\/a><\/h2>\t\t\t\t<\/div>\n\t\t\t\t<div class=\"elementor-element elementor-element-5db30e89 meung-btn meung-btn--red meung-btn--round elementor-widget elementor-widget-button\" data-id=\"5db30e89\" data-element_type=\"widget\" data-widget_type=\"button.default\">\n\t\t\t\t\t\t\t\t\t\t<a class=\"elementor-button elementor-button-link elementor-size-sm\" href=\"\/en\/business-park\/knights-trail\/\">\n\t\t\t\t\t\t<span class=\"elementor-button-content-wrapper\">\n\t\t\t\t\t\t<span class=\"elementor-button-icon\">\n\t\t\t\t<svg aria-hidden=\"true\" class=\"e-font-icon-svg e-fas-arrow-right\" viewbox=\"0 0 448 512\" xmlns=\"http:\/\/www.w3.org\/2000\/svg\"><path d=\"M190.5 66.9l22.2-22.2c9.4-9.4 24.6-9.4 33.9 0L441 239c9.4 9.4 9.4 24.6 0 33.9L246.6 467.3c-9.4 9.4-24.6 9.4-33.9 0l-22.2-22.2c-9.5-9.5-9.3-25 .4-34.3L311.4 296H24c-13.3 0-24-10.7-24-24v-32c0-13.3 10.7-24 24-24h287.4L190.9 101.2c-9.8-9.3-10-24.8-.4-34.3z\"><\/path><\/svg>\t\t\t<\/span>\n\t\t\t\t\t\t\t\t\t<span class=\"elementor-button-text\">TICKETS<\/span>\n\t\t\t\t\t<\/span>\n\t\t\t\t\t<\/a>\n\t\t\t\t\t\t\t\t<\/div>\n\t\t\t\t<\/div>\n\t\t\t\t<\/div>\n\t\t<div class=\"elementor-element elementor-element-401689f6 e-con-full e-flex e-con e-child\" data-id=\"401689f6\" data-element_type=\"container\" data-settings=\"{&quot;background_background&quot;:&quot;classic&quot;}\">\n\t\t<div class=\"elementor-element elementor-element-7a543486 e-con-full e-flex e-con e-child\" data-id=\"7a543486\" data-element_type=\"container\">\n\t\t\t\t<div class=\"elementor-element elementor-element-480399d1 elementor-widget elementor-widget-heading\" data-id=\"480399d1\" data-element_type=\"widget\" data-widget_type=\"heading.default\">\n\t\t\t\t\t<h2 class=\"elementor-heading-title elementor-size-default\"><a href=\"\/en\/business-park\/land-of-dragons\/\">The land of\ndragons<\/a><\/h2>\t\t\t\t<\/div>\n\t\t\t\t<div class=\"elementor-element elementor-element-612cc6a1 meung-btn meung-btn--red meung-btn--round elementor-widget elementor-widget-button\" data-id=\"612cc6a1\" data-element_type=\"widget\" data-widget_type=\"button.default\">\n\t\t\t\t\t\t\t\t\t\t<a class=\"elementor-button elementor-button-link elementor-size-sm\" href=\"\/en\/business-park\/land-of-dragons\/\">\n\t\t\t\t\t\t<span class=\"elementor-button-content-wrapper\">\n\t\t\t\t\t\t<span class=\"elementor-button-icon\">\n\t\t\t\t<svg aria-hidden=\"true\" class=\"e-font-icon-svg e-fas-arrow-right\" viewbox=\"0 0 448 512\" xmlns=\"http:\/\/www.w3.org\/2000\/svg\"><path d=\"M190.5 66.9l22.2-22.2c9.4-9.4 24.6-9.4 33.9 0L441 239c9.4 9.4 9.4 24.6 0 33.9L246.6 467.3c-9.4 9.4-24.6 9.4-33.9 0l-22.2-22.2c-9.5-9.5-9.3-25 .4-34.3L311.4 296H24c-13.3 0-24-10.7-24-24v-32c0-13.3 10.7-24 24-24h287.4L190.9 101.2c-9.8-9.3-10-24.8-.4-34.3z\"><\/path><\/svg>\t\t\t<\/span>\n\t\t\t\t\t\t\t\t\t<span class=\"elementor-button-text\">TICKETS<\/span>\n\t\t\t\t\t<\/span>\n\t\t\t\t\t<\/a>\n\t\t\t\t\t\t\t\t<\/div>\n\t\t\t\t<\/div>\n\t\t\t\t<\/div>\n\t\t<div class=\"elementor-element elementor-element-766d682 e-con-full e-flex e-con e-child\" data-id=\"766d682\" data-element_type=\"container\" data-settings=\"{&quot;background_background&quot;:&quot;classic&quot;}\">\n\t\t<div class=\"elementor-element elementor-element-5d024a6c e-con-full e-flex e-con e-child\" data-id=\"5d024a6c\" data-element_type=\"container\">\n\t\t\t\t<div class=\"elementor-element elementor-element-7441aa7e elementor-widget elementor-widget-heading\" data-id=\"7441aa7e\" data-element_type=\"widget\" data-widget_type=\"heading.default\">\n\t\t\t\t\t<h2 class=\"elementor-heading-title elementor-size-default\"><a href=\"\/en\/preparing-for-your-visit\/ticket-prices\/\">Prices &amp;\nticket office<\/a><\/h2>\t\t\t\t<\/div>\n\t\t\t\t<div class=\"elementor-element elementor-element-3f3e3bc8 meung-btn meung-btn--red meung-btn--round elementor-widget elementor-widget-button\" data-id=\"3f3e3bc8\" data-element_type=\"widget\" data-widget_type=\"button.default\">\n\t\t\t\t\t\t\t\t\t\t<a class=\"elementor-button elementor-button-link elementor-size-sm\" href=\"\/en\/preparing-for-your-visit\/ticket-prices\/\">\n\t\t\t\t\t\t<span class=\"elementor-button-content-wrapper\">\n\t\t\t\t\t\t<span class=\"elementor-button-icon\">\n\t\t\t\t<svg aria-hidden=\"true\" class=\"e-font-icon-svg e-fas-arrow-right\" viewbox=\"0 0 448 512\" xmlns=\"http:\/\/www.w3.org\/2000\/svg\"><path d=\"M190.5 66.9l22.2-22.2c9.4-9.4 24.6-9.4 33.9 0L441 239c9.4 9.4 9.4 24.6 0 33.9L246.6 467.3c-9.4 9.4-24.6 9.4-33.9 0l-22.2-22.2c-9.5-9.5-9.3-25 .4-34.3L311.4 296H24c-13.3 0-24-10.7-24-24v-32c0-13.3 10.7-24 24-24h287.4L190.9 101.2c-9.8-9.3-10-24.8-.4-34.3z\"><\/path><\/svg>\t\t\t<\/span>\n\t\t\t\t\t\t\t\t\t<span class=\"elementor-button-text\">TICKETS<\/span>\n\t\t\t\t\t<\/span>\n\t\t\t\t\t<\/a>\n\t\t\t\t\t\t\t\t<\/div>\n\t\t\t\t<\/div>\n\t\t\t\t<\/div>\n\t\t\t\t<\/div>\n\t\t\t\t\t<\/div>\n\t\t\t\t<\/div>\n\t\t<div class=\"elementor-element elementor-element-72f688fb e-flex e-con-boxed e-con e-parent\" data-id=\"72f688fb\" data-element_type=\"container\" data-settings=\"{&quot;background_background&quot;:&quot;classic&quot;}\">\n\t\t\t\t\t<div class=\"e-con-inner\">\n\t\t<div class=\"elementor-element elementor-element-60b43d6a e-con-full e-flex e-con e-child\" data-id=\"60b43d6a\" data-element_type=\"container\" data-settings=\"{&quot;background_background&quot;:&quot;classic&quot;}\">\n\t\t\t\t<div class=\"elementor-element elementor-element-624596ed elementor-widget elementor-widget-heading\" data-id=\"624596ed\" data-element_type=\"widget\" data-widget_type=\"heading.default\">\n\t\t\t\t\t<h2 class=\"elementor-heading-title elementor-size-default\">Book your visit<\/h2>\t\t\t\t<\/div>\n\t\t\t\t<div class=\"elementor-element elementor-element-3978d1c1 elementor-widget elementor-widget-text-editor\" data-id=\"3978d1c1\" data-element_type=\"widget\" data-widget_type=\"text-editor.default\">\n\t\t\t\t\t\t\t\t\t<p class=\"p1\"><span class=\"s1\">A single ticket giving access to the ch\u00e2teau and outdoor activities.<\/span><\/p>\t\t\t\t\t\t\t\t<\/div>\n\t\t\t\t<div class=\"elementor-element elementor-element-2a3a8596 meung-btn meung-btn--red elementor-align-center elementor-widget elementor-widget-button\" data-id=\"2a3a8596\" data-element_type=\"widget\" data-widget_type=\"button.default\">\n\t\t\t\t\t\t\t\t\t\t<a class=\"elementor-button elementor-button-link elementor-size-sm\" href=\"\/en\/ticket-office\/\">\n\t\t\t\t\t\t<span class=\"elementor-button-content-wrapper\">\n\t\t\t\t\t\t<span class=\"elementor-button-icon\">\n\t\t\t\t<svg aria-hidden=\"true\" class=\"e-font-icon-svg e-fas-arrow-right\" viewbox=\"0 0 448 512\" xmlns=\"http:\/\/www.w3.org\/2000\/svg\"><path d=\"M190.5 66.9l22.2-22.2c9.4-9.4 24.6-9.4 33.9 0L441 239c9.4 9.4 9.4 24.6 0 33.9L246.6 467.3c-9.4 9.4-24.6 9.4-33.9 0l-22.2-22.2c-9.5-9.5-9.3-25 .4-34.3L311.4 296H24c-13.3 0-24-10.7-24-24v-32c0-13.3 10.7-24 24-24h287.4L190.9 101.2c-9.8-9.3-10-24.8-.4-34.3z\"><\/path><\/svg>\t\t\t<\/span>\n\t\t\t\t\t\t\t\t\t<span class=\"elementor-button-text\">TICKETS<\/span>\n\t\t\t\t\t<\/span>\n\t\t\t\t\t<\/a>\n\t\t\t\t\t\t\t\t<\/div>\n\t\t\t\t<\/div>\n\t\t\t\t\t<\/div>\n\t\t\t\t<\/div>\n\t\t\t\t<\/div>","protected":false},"excerpt":{"rendered":"<p>L&rsquo;antre du dragon Dans les profondeurs du ch\u00e2teau, la l\u00e9gende veille &#8230; BILLETTERIE VISITE EN FAMILLE Inclus dans le billet Env. 15 minutes Tous publics \u00c0 L&rsquo;INT\u00c9RIEUR Sous le ch\u00e2teau de Meung-sur-Loire, dans l\u2019obscurit\u00e9 des souterrains, le dragon de la l\u00e9gende attend. Une rencontre impressionnante, au c\u0153ur d\u2019un lieu charg\u00e9 d\u2019Histoire et de myst\u00e8re. UN [&hellip;]<\/p>\n","protected":false},"author":1,"featured_media":0,"parent":805,"menu_order":0,"comment_status":"closed","ping_status":"closed","template":"elementor_header_footer","meta":{"_acf_changed":false,"footnotes":""},"class_list":["post-882","page","type-page","status-publish","hentry"],"acf":[],"_links":{"self":[{"href":"https:\/\/chateau-de-meung.com\/en\/wp-json\/wp\/v2\/pages\/882","targetHints":{"allow":["GET"]}}],"collection":[{"href":"https:\/\/chateau-de-meung.com\/en\/wp-json\/wp\/v2\/pages"}],"about":[{"href":"https:\/\/chateau-de-meung.com\/en\/wp-json\/wp\/v2\/types\/page"}],"author":[{"embeddable":true,"href":"https:\/\/chateau-de-meung.com\/en\/wp-json\/wp\/v2\/users\/1"}],"replies":[{"embeddable":true,"href":"https:\/\/chateau-de-meung.com\/en\/wp-json\/wp\/v2\/comments?post=882"}],"version-history":[{"count":40,"href":"https:\/\/chateau-de-meung.com\/en\/wp-json\/wp\/v2\/pages\/882\/revisions"}],"predecessor-version":[{"id":2495,"href":"https:\/\/chateau-de-meung.com\/en\/wp-json\/wp\/v2\/pages\/882\/revisions\/2495"}],"up":[{"embeddable":true,"href":"https:\/\/chateau-de-meung.com\/en\/wp-json\/wp\/v2\/pages\/805"}],"wp:attachment":[{"href":"https:\/\/chateau-de-meung.com\/en\/wp-json\/wp\/v2\/media?parent=882"}],"curies":[{"name":"wp","href":"https:\/\/api.w.org\/{rel}","templated":true}]}}