{"id":966,"date":"2026-03-03T08:40:47","date_gmt":"2026-03-03T07:40:47","guid":{"rendered":"https:\/\/meung-sur-loire.agenceparadoxe.com\/?page_id=966"},"modified":"2026-04-02T18:04:44","modified_gmt":"2026-04-02T16:04:44","slug":"walter-the-robot","status":"publish","type":"page","link":"https:\/\/chateau-de-meung.com\/en\/parc-activites\/walter-le-robot\/","title":{"rendered":"Walter, the castle robot"},"content":{"rendered":"<div data-elementor-type=\"wp-page\" data-elementor-id=\"966\" class=\"elementor elementor-966\" data-elementor-post-type=\"page\">\n\t\t\t\t<div class=\"elementor-element elementor-element-5a736a07 e-flex e-con-boxed e-con e-parent\" data-id=\"5a736a07\" data-element_type=\"container\" data-settings=\"{&quot;background_background&quot;:&quot;classic&quot;}\">\n\t\t\t\t\t<div class=\"e-con-inner\">\n\t\t<div class=\"elementor-element elementor-element-65aa65cf e-con-full e-flex e-con e-child\" data-id=\"65aa65cf\" data-element_type=\"container\">\n\t\t\t\t<div class=\"elementor-element elementor-element-37807bc9 elementor-widget elementor-widget-heading\" data-id=\"37807bc9\" data-element_type=\"widget\" data-widget_type=\"heading.default\">\n\t\t\t\t\t<h1 class=\"elementor-heading-title elementor-size-default\">Walter, the castle robot<\/h1>\t\t\t\t<\/div>\n\t\t\t\t<div class=\"elementor-element elementor-element-79ec5d49 elementor-widget elementor-widget-heading\" data-id=\"79ec5d49\" data-element_type=\"widget\" data-widget_type=\"heading.default\">\n\t\t\t\t\t<h2 class=\"elementor-heading-title elementor-size-default\">A sightseeing companion like no other<\/h2>\t\t\t\t<\/div>\n\t\t<div class=\"elementor-element elementor-element-2b1e2827 e-con-full e-flex e-con e-child\" data-id=\"2b1e2827\" data-element_type=\"container\">\n\t\t\t\t<div class=\"elementor-element elementor-element-5513a05c meung-btn meung-btn--red elementor-widget elementor-widget-button\" data-id=\"5513a05c\" data-element_type=\"widget\" data-widget_type=\"button.default\">\n\t\t\t\t\t\t\t\t\t\t<a class=\"elementor-button elementor-button-link elementor-size-sm\" href=\"\/en\/ticket-office\/\">\n\t\t\t\t\t\t<span class=\"elementor-button-content-wrapper\">\n\t\t\t\t\t\t<span class=\"elementor-button-icon\">\n\t\t\t\t<svg aria-hidden=\"true\" class=\"e-font-icon-svg e-fas-arrow-right\" viewbox=\"0 0 448 512\" xmlns=\"http:\/\/www.w3.org\/2000\/svg\"><path d=\"M190.5 66.9l22.2-22.2c9.4-9.4 24.6-9.4 33.9 0L441 239c9.4 9.4 9.4 24.6 0 33.9L246.6 467.3c-9.4 9.4-24.6 9.4-33.9 0l-22.2-22.2c-9.5-9.5-9.3-25 .4-34.3L311.4 296H24c-13.3 0-24-10.7-24-24v-32c0-13.3 10.7-24 24-24h287.4L190.9 101.2c-9.8-9.3-10-24.8-.4-34.3z\"><\/path><\/svg>\t\t\t<\/span>\n\t\t\t\t\t\t\t\t\t<span class=\"elementor-button-text\">TICKETS<\/span>\n\t\t\t\t\t<\/span>\n\t\t\t\t\t<\/a>\n\t\t\t\t\t\t\t\t<\/div>\n\t\t\t\t<div class=\"elementor-element elementor-element-687ca8ce meung-btn meung-btn--white elementor-widget elementor-widget-button\" data-id=\"687ca8ce\" data-element_type=\"widget\" data-widget_type=\"button.default\">\n\t\t\t\t\t\t\t\t\t\t<a class=\"elementor-button elementor-button-link elementor-size-sm\" href=\"\/en\/business-park\/family-visit\/\">\n\t\t\t\t\t\t<span class=\"elementor-button-content-wrapper\">\n\t\t\t\t\t\t<span class=\"elementor-button-icon\">\n\t\t\t\t<svg aria-hidden=\"true\" class=\"e-font-icon-svg e-fas-arrow-right\" viewbox=\"0 0 448 512\" xmlns=\"http:\/\/www.w3.org\/2000\/svg\"><path d=\"M190.5 66.9l22.2-22.2c9.4-9.4 24.6-9.4 33.9 0L441 239c9.4 9.4 9.4 24.6 0 33.9L246.6 467.3c-9.4 9.4-24.6 9.4-33.9 0l-22.2-22.2c-9.5-9.5-9.3-25 .4-34.3L311.4 296H24c-13.3 0-24-10.7-24-24v-32c0-13.3 10.7-24 24-24h287.4L190.9 101.2c-9.8-9.3-10-24.8-.4-34.3z\"><\/path><\/svg>\t\t\t<\/span>\n\t\t\t\t\t\t\t\t\t<span class=\"elementor-button-text\">FAMILY VISIT<\/span>\n\t\t\t\t\t<\/span>\n\t\t\t\t\t<\/a>\n\t\t\t\t\t\t\t\t<\/div>\n\t\t\t\t<\/div>\n\t\t\t\t<\/div>\n\t\t\t\t\t<\/div>\n\t\t\t\t<\/div>\n\t\t<div class=\"elementor-element elementor-element-15ff2ccf box-shadow e-flex e-con-boxed e-con e-parent\" data-id=\"15ff2ccf\" data-element_type=\"container\" data-settings=\"{&quot;background_background&quot;:&quot;classic&quot;}\">\n\t\t\t\t\t<div class=\"e-con-inner\">\n\t\t\t\t<div class=\"elementor-element elementor-element-440f51ec elementor-widget__width-inherit elementor-widget elementor-widget-html\" data-id=\"440f51ec\" data-element_type=\"widget\" data-widget_type=\"html.default\">\n\t\t\t\t\t\n<div class=\"meung-infosbar\" role=\"group\" aria-label=\"Practical information\">\n  <div class=\"meung-infosbar__row\">\n    <div class=\"meung-infosbar__item\">\n      <img decoding=\"async\" class=\"meung-infosbar__icon\" src=\"http:\/\/www.chateau-de-meung.com\/wp-content\/uploads\/2026\/02\/ticketfill.png\" alt=\"\">\n      <span>Included in the ticket<\/span>\n    <\/div>\n\n    <div class=\"meung-infosbar__item\">\n      <img decoding=\"async\" class=\"meung-infosbar__icon\" src=\"http:\/\/www.chateau-de-meung.com\/wp-content\/uploads\/2026\/02\/clockclockwisefill.png\" alt=\"\">\n      <span>During the visit<\/span>\n    <\/div>\n\n    <div class=\"meung-infosbar__item\">\n      <img decoding=\"async\" class=\"meung-infosbar__icon\" src=\"http:\/\/www.chateau-de-meung.com\/wp-content\/uploads\/2026\/02\/userfill-1.png\" alt=\"\">\n      <span>FROM 6 YEARS OF AGE<\/span>\n    <\/div>\n\n    <div class=\"meung-infosbar__item\">\n      <img decoding=\"async\" class=\"meung-infosbar__icon\" src=\"http:\/\/www.chateau-de-meung.com\/wp-content\/uploads\/2026\/02\/castleturretfill.png\" alt=\"\">\n      <span>INSIDE<\/span>\n    <\/div>\n  <\/div>\n<\/div>\t\t\t\t<\/div>\n\t\t\t\t\t<\/div>\n\t\t\t\t<\/div>\n\t\t<div class=\"elementor-element elementor-element-1c082cf0 meung-below e-flex e-con-boxed e-con e-parent\" data-id=\"1c082cf0\" data-element_type=\"container\" data-settings=\"{&quot;background_background&quot;:&quot;classic&quot;}\">\n\t\t\t\t\t<div class=\"e-con-inner\">\n\t\t\t\t<div class=\"elementor-element elementor-element-7000ad74 elementor-widget elementor-widget-text-editor\" data-id=\"7000ad74\" data-element_type=\"widget\" data-widget_type=\"text-editor.default\">\n\t\t\t\t\t\t\t\t\t<p class=\"p1\"><span class=\"s1\">Do you know Walter? No? Walter is a little robot who loves to joke around and cause mischief in the castle.<\/span><\/p><p class=\"p2\"><span class=\"s2\">With its special booklet, young observers must spot the objects Walter has left lying around that don't belong on a castle tour! It's up to you to find them!<\/span><\/p>\t\t\t\t\t\t\t\t<\/div>\n\t\t\t\t\t<\/div>\n\t\t\t\t<\/div>\n\t\t<div class=\"elementor-element elementor-element-231982f6 e-flex e-con-boxed e-con e-parent\" data-id=\"231982f6\" data-element_type=\"container\" id=\"liphard\" data-settings=\"{&quot;background_background&quot;:&quot;classic&quot;}\">\n\t\t\t\t\t<div class=\"e-con-inner\">\n\t\t<div class=\"elementor-element elementor-element-15512331 e-con-full e-flex e-con e-child\" data-id=\"15512331\" data-element_type=\"container\">\n\t\t<div class=\"elementor-element elementor-element-1f2befab e-con-full e-flex e-con e-child\" data-id=\"1f2befab\" data-element_type=\"container\">\n\t\t\t\t<div class=\"elementor-element elementor-element-573de8c elementor-widget elementor-widget-text-editor\" data-id=\"573de8c\" data-element_type=\"widget\" data-widget_type=\"text-editor.default\">\n\t\t\t\t\t\t\t\t\t<p class=\"p1\"><span class=\"s1\">A mediation designed for children<\/span><\/p>\t\t\t\t\t\t\t\t<\/div>\n\t\t\t\t<div class=\"elementor-element elementor-element-4ba717af elementor-widget elementor-widget-heading\" data-id=\"4ba717af\" data-element_type=\"widget\" data-widget_type=\"heading.default\">\n\t\t\t\t\t<h2 class=\"elementor-heading-title elementor-size-default\">When the past meets the present<\/h2>\t\t\t\t<\/div>\n\t\t\t\t<div class=\"elementor-element elementor-element-1429576b elementor-widget elementor-widget-text-editor\" data-id=\"1429576b\" data-element_type=\"widget\" data-widget_type=\"text-editor.default\">\n\t\t\t\t\t\t\t\t\t<p class=\"p1\"><span class=\"s1\">Walter is not at all like a historical figure. And that's precisely what makes him interesting.<\/span><\/p><p class=\"p1\"><span class=\"s1\">Through his visitor booklet, available in the first room of the ch\u00e2teau (the guardroom), Walter highlights certain objects, customs, or anecdotes of the ch\u00e2teau by asking simple and sometimes unexpected questions.<\/span><\/p><p class=\"p3\"><span class=\"s2\">A fun way to approach history without making it static. It accompanies the discovery of the castle by making certain content more accessible, sparking curiosity and making the sites easier to understand.<\/span><\/p>\t\t\t\t\t\t\t\t<\/div>\n\t\t<div class=\"elementor-element elementor-element-2b3dd115 e-con-full e-flex e-con e-child\" data-id=\"2b3dd115\" data-element_type=\"container\">\n\t\t\t\t<div class=\"elementor-element elementor-element-9c4e911 meung-btn meung-btn--sky elementor-align-left elementor-widget elementor-widget-button\" data-id=\"9c4e911\" data-element_type=\"widget\" data-widget_type=\"button.default\">\n\t\t\t\t\t\t\t\t\t\t<a class=\"elementor-button elementor-button-link elementor-size-sm\" href=\"\/en\/business-park\/family-visit\/\">\n\t\t\t\t\t\t<span class=\"elementor-button-content-wrapper\">\n\t\t\t\t\t\t<span class=\"elementor-button-icon\">\n\t\t\t\t<svg aria-hidden=\"true\" class=\"e-font-icon-svg e-fas-arrow-right\" viewbox=\"0 0 448 512\" xmlns=\"http:\/\/www.w3.org\/2000\/svg\"><path d=\"M190.5 66.9l22.2-22.2c9.4-9.4 24.6-9.4 33.9 0L441 239c9.4 9.4 9.4 24.6 0 33.9L246.6 467.3c-9.4 9.4-24.6 9.4-33.9 0l-22.2-22.2c-9.5-9.5-9.3-25 .4-34.3L311.4 296H24c-13.3 0-24-10.7-24-24v-32c0-13.3 10.7-24 24-24h287.4L190.9 101.2c-9.8-9.3-10-24.8-.4-34.3z\"><\/path><\/svg>\t\t\t<\/span>\n\t\t\t\t\t\t\t\t\t<span class=\"elementor-button-text\">FAMILY VISIT<\/span>\n\t\t\t\t\t<\/span>\n\t\t\t\t\t<\/a>\n\t\t\t\t\t\t\t\t<\/div>\n\t\t\t\t<\/div>\n\t\t\t\t<\/div>\n\t\t<div class=\"elementor-element elementor-element-74c7513d e-con-full e-flex e-con e-child\" data-id=\"74c7513d\" data-element_type=\"container\" data-settings=\"{&quot;background_background&quot;:&quot;classic&quot;}\">\n\t\t\t\t<div class=\"elementor-element elementor-element-6465c10a elementor-widget elementor-widget-image\" data-id=\"6465c10a\" data-element_type=\"widget\" data-widget_type=\"image.default\">\n\t\t\t\t\t\t\t\t\t\t\t\t\t\t\t<img fetchpriority=\"high\" decoding=\"async\" width=\"750\" height=\"900\" src=\"https:\/\/chateau-de-meung.com\/wp-content\/uploads\/2026\/03\/12-WALTER-Image1-V2.jpg\" class=\"attachment-full size-full wp-image-970\" alt=\"\" srcset=\"https:\/\/chateau-de-meung.com\/wp-content\/uploads\/2026\/03\/12-WALTER-Image1-V2.jpg 750w, https:\/\/chateau-de-meung.com\/wp-content\/uploads\/2026\/03\/12-WALTER-Image1-V2-250x300.jpg 250w\" sizes=\"(max-width: 750px) 100vw, 750px\" \/>\t\t\t\t\t\t\t\t\t\t\t\t\t\t\t<\/div>\n\t\t\t\t<\/div>\n\t\t\t\t<\/div>\n\t\t\t\t\t<\/div>\n\t\t\t\t<\/div>\n\t\t<div class=\"elementor-element elementor-element-45e01a16 e-flex e-con-boxed e-con e-parent\" data-id=\"45e01a16\" data-element_type=\"container\" data-settings=\"{&quot;background_background&quot;:&quot;classic&quot;}\">\n\t\t\t\t\t<div class=\"e-con-inner\">\n\t\t<div class=\"elementor-element elementor-element-6cbc2ec1 e-con-full e-flex e-con e-child\" data-id=\"6cbc2ec1\" data-element_type=\"container\">\n\t\t<div class=\"elementor-element elementor-element-6911c3b4 e-con-full e-flex e-con e-child\" data-id=\"6911c3b4\" data-element_type=\"container\" data-settings=\"{&quot;background_background&quot;:&quot;classic&quot;}\">\n\t\t<div class=\"elementor-element elementor-element-a23db24 e-con-full e-flex e-con e-child\" data-id=\"a23db24\" data-element_type=\"container\" data-settings=\"{&quot;background_background&quot;:&quot;classic&quot;}\">\n\t\t\t\t<\/div>\n\t\t<div class=\"elementor-element elementor-element-57293bce e-con-full e-flex e-con e-child\" data-id=\"57293bce\" data-element_type=\"container\" data-settings=\"{&quot;background_background&quot;:&quot;classic&quot;}\">\n\t\t\t\t<div class=\"elementor-element elementor-element-1f7cdc3c elementor-widget elementor-widget-text-editor\" data-id=\"1f7cdc3c\" data-element_type=\"widget\" data-widget_type=\"text-editor.default\">\n\t\t\t\t\t\t\t\t\t<p class=\"p1\"><span class=\"s1\">THROUGH THE SEASONS<\/span><\/p>\t\t\t\t\t\t\t\t<\/div>\n\t\t\t\t<div class=\"elementor-element elementor-element-5c8328eb elementor-widget elementor-widget-heading\" data-id=\"5c8328eb\" data-element_type=\"widget\" data-widget_type=\"heading.default\">\n\t\t\t\t\t<h2 class=\"elementor-heading-title elementor-size-default\">A character who evolves with the events<\/h2>\t\t\t\t<\/div>\n\t\t<div class=\"elementor-element elementor-element-1841ca77 e-con-full e-flex e-con e-child\" data-id=\"1841ca77\" data-element_type=\"container\">\n\t\t<div class=\"elementor-element elementor-element-524d1057 e-con-full e-flex e-con e-child\" data-id=\"524d1057\" data-element_type=\"container\">\n\t\t\t\t<div class=\"elementor-element elementor-element-69e53468 elementor-widget elementor-widget-text-editor\" data-id=\"69e53468\" data-element_type=\"widget\" data-widget_type=\"text-editor.default\">\n\t\t\t\t\t\t\t\t\t<p class=\"p1\"><span class=\"s1\">Depending on the time of year and the activities on offer, Walter can participate in the visit in different ways. Walter is funny and endearing\u2026 but very boisterous. During the\u2019<a href=\"\/en\/events\/\">event<\/a> Christmas at the Ch\u00e2teau holds a special place and is featured in a dedicated room for discussions with children.<\/span><\/p><p class=\"p3\"><span class=\"s2\">But the rest of the year, it's stored in the attic and accompanies young visitors with its fun visitor's booklet.<\/span><\/p>\t\t\t\t\t\t\t\t<\/div>\n\t\t\t\t<\/div>\n\t\t<div class=\"elementor-element elementor-element-28d12090 e-con-full e-flex e-con e-child\" data-id=\"28d12090\" data-element_type=\"container\">\n\t\t<div class=\"elementor-element elementor-element-2844a0f8 e-con-full e-flex e-con e-child\" data-id=\"2844a0f8\" data-element_type=\"container\" data-settings=\"{&quot;background_background&quot;:&quot;classic&quot;}\">\n\t\t\t\t<div class=\"elementor-element elementor-element-5f8c361a elementor-widget elementor-widget-image\" data-id=\"5f8c361a\" data-element_type=\"widget\" data-widget_type=\"image.default\">\n\t\t\t\t\t\t\t\t\t\t\t\t\t\t\t<img decoding=\"async\" src=\"https:\/\/chateau-de-meung.com\/wp-content\/uploads\/elementor\/thumbs\/infofill-rlgv6a8q2yqn6vdn9017s8pay9qztqtuobxl1bmt1s.png\" title=\"infofill\" alt=\"infofill\" loading=\"lazy\" \/>\t\t\t\t\t\t\t\t\t\t\t\t\t\t\t<\/div>\n\t\t\t\t<div class=\"elementor-element elementor-element-703cc430 elementor-widget elementor-widget-text-editor\" data-id=\"703cc430\" data-element_type=\"widget\" data-widget_type=\"text-editor.default\">\n\t\t\t\t\t\t\t\t\t<p class=\"p1\"><span class=\"s1\">Walter's visitor guide <\/span><span class=\"s2\">is available in the Guard Room.<\/span><\/p>\t\t\t\t\t\t\t\t<\/div>\n\t\t\t\t<\/div>\n\t\t\t\t<\/div>\n\t\t\t\t<\/div>\n\t\t\t\t<\/div>\n\t\t<div class=\"elementor-element elementor-element-30754d0a e-con-full e-flex e-con e-child\" data-id=\"30754d0a\" data-element_type=\"container\">\n\t\t<div class=\"elementor-element elementor-element-5e1f9ebb e-con-full e-flex e-con e-child\" data-id=\"5e1f9ebb\" data-element_type=\"container\">\n\t\t\t\t<div class=\"elementor-element elementor-element-778febf3 meung-btn meung-btn--red elementor-align-left elementor-widget elementor-widget-button\" data-id=\"778febf3\" data-element_type=\"widget\" data-widget_type=\"button.default\">\n\t\t\t\t\t\t\t\t\t\t<a class=\"elementor-button elementor-button-link elementor-size-sm\" href=\"\/en\/ticket-office\/\">\n\t\t\t\t\t\t<span class=\"elementor-button-content-wrapper\">\n\t\t\t\t\t\t<span class=\"elementor-button-icon\">\n\t\t\t\t<svg aria-hidden=\"true\" class=\"e-font-icon-svg e-fas-arrow-right\" viewbox=\"0 0 448 512\" xmlns=\"http:\/\/www.w3.org\/2000\/svg\"><path d=\"M190.5 66.9l22.2-22.2c9.4-9.4 24.6-9.4 33.9 0L441 239c9.4 9.4 9.4 24.6 0 33.9L246.6 467.3c-9.4 9.4-24.6 9.4-33.9 0l-22.2-22.2c-9.5-9.5-9.3-25 .4-34.3L311.4 296H24c-13.3 0-24-10.7-24-24v-32c0-13.3 10.7-24 24-24h287.4L190.9 101.2c-9.8-9.3-10-24.8-.4-34.3z\"><\/path><\/svg>\t\t\t<\/span>\n\t\t\t\t\t\t\t\t\t<span class=\"elementor-button-text\">TICKETS<\/span>\n\t\t\t\t\t<\/span>\n\t\t\t\t\t<\/a>\n\t\t\t\t\t\t\t\t<\/div>\n\t\t\t\t<\/div>\n\t\t\t\t<\/div>\n\t\t\t\t<\/div>\n\t\t\t\t<\/div>\n\t\t\t\t\t<\/div>\n\t\t\t\t<\/div>\n\t\t<div class=\"elementor-element elementor-element-45986c09 e-flex e-con-boxed e-con e-parent\" data-id=\"45986c09\" data-element_type=\"container\" data-settings=\"{&quot;background_background&quot;:&quot;classic&quot;}\">\n\t\t\t\t\t<div class=\"e-con-inner\">\n\t\t<div class=\"elementor-element elementor-element-1de66c39 e-con-full e-flex e-con e-child\" data-id=\"1de66c39\" data-element_type=\"container\">\n\t\t\t\t<div class=\"elementor-element elementor-element-253636c1 elementor-widget elementor-widget-text-editor\" data-id=\"253636c1\" data-element_type=\"widget\" data-widget_type=\"text-editor.default\">\n\t\t\t\t\t\t\t\t\t<p class=\"p1\"><span class=\"s1\">With Walter, the Ch\u00e2teau de Meung-sur-Loire offers an original approach <\/span><span class=\"s2\">and accessible to History, where the seriousness of heritage mingles with a touch of mischief.<\/span><\/p>\t\t\t\t\t\t\t\t<\/div>\n\t\t\t\t<\/div>\n\t\t<div class=\"elementor-element elementor-element-46f8d21f e-con-full e-flex e-con e-child\" data-id=\"46f8d21f\" data-element_type=\"container\">\n\t\t<div class=\"elementor-element elementor-element-3e4c1c79 e-con-full e-flex e-con e-child\" data-id=\"3e4c1c79\" data-element_type=\"container\" data-settings=\"{&quot;background_background&quot;:&quot;classic&quot;}\">\n\t\t<div class=\"elementor-element elementor-element-52a0d680 e-con-full e-flex e-con e-child\" data-id=\"52a0d680\" data-element_type=\"container\">\n\t\t\t\t<div class=\"elementor-element elementor-element-82d29dc elementor-widget elementor-widget-heading\" data-id=\"82d29dc\" data-element_type=\"widget\" data-widget_type=\"heading.default\">\n\t\t\t\t\t<h2 class=\"elementor-heading-title elementor-size-default\"><a href=\"\/en\/business-park\/knights-trail\/\">The route of the\nknights<\/a><\/h2>\t\t\t\t<\/div>\n\t\t\t\t<div class=\"elementor-element elementor-element-68c3431f meung-btn meung-btn--red meung-btn--round elementor-widget elementor-widget-button\" data-id=\"68c3431f\" data-element_type=\"widget\" data-widget_type=\"button.default\">\n\t\t\t\t\t\t\t\t\t\t<a class=\"elementor-button elementor-button-link elementor-size-sm\" href=\"\/en\/business-park\/knights-trail\/\">\n\t\t\t\t\t\t<span class=\"elementor-button-content-wrapper\">\n\t\t\t\t\t\t<span class=\"elementor-button-icon\">\n\t\t\t\t<svg aria-hidden=\"true\" class=\"e-font-icon-svg e-fas-arrow-right\" viewbox=\"0 0 448 512\" xmlns=\"http:\/\/www.w3.org\/2000\/svg\"><path d=\"M190.5 66.9l22.2-22.2c9.4-9.4 24.6-9.4 33.9 0L441 239c9.4 9.4 9.4 24.6 0 33.9L246.6 467.3c-9.4 9.4-24.6 9.4-33.9 0l-22.2-22.2c-9.5-9.5-9.3-25 .4-34.3L311.4 296H24c-13.3 0-24-10.7-24-24v-32c0-13.3 10.7-24 24-24h287.4L190.9 101.2c-9.8-9.3-10-24.8-.4-34.3z\"><\/path><\/svg>\t\t\t<\/span>\n\t\t\t\t\t\t\t\t\t<span class=\"elementor-button-text\">TICKETS<\/span>\n\t\t\t\t\t<\/span>\n\t\t\t\t\t<\/a>\n\t\t\t\t\t\t\t\t<\/div>\n\t\t\t\t<\/div>\n\t\t\t\t<\/div>\n\t\t<div class=\"elementor-element elementor-element-90a3e2f e-con-full e-flex e-con e-child\" data-id=\"90a3e2f\" data-element_type=\"container\" data-settings=\"{&quot;background_background&quot;:&quot;classic&quot;}\">\n\t\t<div class=\"elementor-element elementor-element-6cc8426 e-con-full e-flex e-con e-child\" data-id=\"6cc8426\" data-element_type=\"container\">\n\t\t\t\t<div class=\"elementor-element elementor-element-7dbc1959 elementor-widget elementor-widget-heading\" data-id=\"7dbc1959\" data-element_type=\"widget\" data-widget_type=\"heading.default\">\n\t\t\t\t\t<h2 class=\"elementor-heading-title elementor-size-default\"><a href=\"\/en\/business-park\/family-visit\/\">Family\nfamily<\/a><\/h2>\t\t\t\t<\/div>\n\t\t\t\t<div class=\"elementor-element elementor-element-477aa5b5 meung-btn meung-btn--red meung-btn--round elementor-widget elementor-widget-button\" data-id=\"477aa5b5\" data-element_type=\"widget\" data-widget_type=\"button.default\">\n\t\t\t\t\t\t\t\t\t\t<a class=\"elementor-button elementor-button-link elementor-size-sm\" href=\"\/en\/business-park\/family-visit\/\">\n\t\t\t\t\t\t<span class=\"elementor-button-content-wrapper\">\n\t\t\t\t\t\t<span class=\"elementor-button-icon\">\n\t\t\t\t<svg aria-hidden=\"true\" class=\"e-font-icon-svg e-fas-arrow-right\" viewbox=\"0 0 448 512\" xmlns=\"http:\/\/www.w3.org\/2000\/svg\"><path d=\"M190.5 66.9l22.2-22.2c9.4-9.4 24.6-9.4 33.9 0L441 239c9.4 9.4 9.4 24.6 0 33.9L246.6 467.3c-9.4 9.4-24.6 9.4-33.9 0l-22.2-22.2c-9.5-9.5-9.3-25 .4-34.3L311.4 296H24c-13.3 0-24-10.7-24-24v-32c0-13.3 10.7-24 24-24h287.4L190.9 101.2c-9.8-9.3-10-24.8-.4-34.3z\"><\/path><\/svg>\t\t\t<\/span>\n\t\t\t\t\t\t\t\t\t<span class=\"elementor-button-text\">TICKETS<\/span>\n\t\t\t\t\t<\/span>\n\t\t\t\t\t<\/a>\n\t\t\t\t\t\t\t\t<\/div>\n\t\t\t\t<\/div>\n\t\t\t\t<\/div>\n\t\t<div class=\"elementor-element elementor-element-489e96a1 e-con-full e-flex e-con e-child\" data-id=\"489e96a1\" data-element_type=\"container\" data-settings=\"{&quot;background_background&quot;:&quot;classic&quot;}\">\n\t\t<div class=\"elementor-element elementor-element-1bc4d174 e-con-full e-flex e-con e-child\" data-id=\"1bc4d174\" data-element_type=\"container\">\n\t\t\t\t<div class=\"elementor-element elementor-element-788bb90d elementor-widget elementor-widget-heading\" data-id=\"788bb90d\" data-element_type=\"widget\" data-widget_type=\"heading.default\">\n\t\t\t\t\t<h2 class=\"elementor-heading-title elementor-size-default\"><a href=\"\/en\/preparing-for-your-visit\/ticket-prices\/\">Prices &amp;\nticket office<\/a><\/h2>\t\t\t\t<\/div>\n\t\t\t\t<div class=\"elementor-element elementor-element-3250dcb6 meung-btn meung-btn--red meung-btn--round elementor-widget elementor-widget-button\" data-id=\"3250dcb6\" data-element_type=\"widget\" data-widget_type=\"button.default\">\n\t\t\t\t\t\t\t\t\t\t<a class=\"elementor-button elementor-button-link elementor-size-sm\" href=\"\/en\/preparing-for-your-visit\/ticket-prices\/\">\n\t\t\t\t\t\t<span class=\"elementor-button-content-wrapper\">\n\t\t\t\t\t\t<span class=\"elementor-button-icon\">\n\t\t\t\t<svg aria-hidden=\"true\" class=\"e-font-icon-svg e-fas-arrow-right\" viewbox=\"0 0 448 512\" xmlns=\"http:\/\/www.w3.org\/2000\/svg\"><path d=\"M190.5 66.9l22.2-22.2c9.4-9.4 24.6-9.4 33.9 0L441 239c9.4 9.4 9.4 24.6 0 33.9L246.6 467.3c-9.4 9.4-24.6 9.4-33.9 0l-22.2-22.2c-9.5-9.5-9.3-25 .4-34.3L311.4 296H24c-13.3 0-24-10.7-24-24v-32c0-13.3 10.7-24 24-24h287.4L190.9 101.2c-9.8-9.3-10-24.8-.4-34.3z\"><\/path><\/svg>\t\t\t<\/span>\n\t\t\t\t\t\t\t\t\t<span class=\"elementor-button-text\">TICKETS<\/span>\n\t\t\t\t\t<\/span>\n\t\t\t\t\t<\/a>\n\t\t\t\t\t\t\t\t<\/div>\n\t\t\t\t<\/div>\n\t\t\t\t<\/div>\n\t\t\t\t<\/div>\n\t\t\t\t\t<\/div>\n\t\t\t\t<\/div>\n\t\t<div class=\"elementor-element elementor-element-6d248541 e-flex e-con-boxed e-con e-parent\" data-id=\"6d248541\" data-element_type=\"container\" data-settings=\"{&quot;background_background&quot;:&quot;classic&quot;}\">\n\t\t\t\t\t<div class=\"e-con-inner\">\n\t\t<div class=\"elementor-element elementor-element-6fa04452 e-con-full e-flex e-con e-child\" data-id=\"6fa04452\" data-element_type=\"container\" data-settings=\"{&quot;background_background&quot;:&quot;classic&quot;}\">\n\t\t\t\t<div class=\"elementor-element elementor-element-6db50663 elementor-widget elementor-widget-heading\" data-id=\"6db50663\" data-element_type=\"widget\" data-widget_type=\"heading.default\">\n\t\t\t\t\t<h2 class=\"elementor-heading-title elementor-size-default\">Book your visit<\/h2>\t\t\t\t<\/div>\n\t\t\t\t<div class=\"elementor-element elementor-element-5566004c elementor-widget elementor-widget-text-editor\" data-id=\"5566004c\" data-element_type=\"widget\" data-widget_type=\"text-editor.default\">\n\t\t\t\t\t\t\t\t\t<p class=\"p1\"><span class=\"s1\">A single ticket giving access to the ch\u00e2teau and outdoor activities.<\/span><\/p>\t\t\t\t\t\t\t\t<\/div>\n\t\t\t\t<div class=\"elementor-element elementor-element-1af8b676 meung-btn meung-btn--red elementor-align-center elementor-widget elementor-widget-button\" data-id=\"1af8b676\" data-element_type=\"widget\" data-widget_type=\"button.default\">\n\t\t\t\t\t\t\t\t\t\t<a class=\"elementor-button elementor-button-link elementor-size-sm\" href=\"\/en\/ticket-office\/\">\n\t\t\t\t\t\t<span class=\"elementor-button-content-wrapper\">\n\t\t\t\t\t\t<span class=\"elementor-button-icon\">\n\t\t\t\t<svg aria-hidden=\"true\" class=\"e-font-icon-svg e-fas-arrow-right\" viewbox=\"0 0 448 512\" xmlns=\"http:\/\/www.w3.org\/2000\/svg\"><path d=\"M190.5 66.9l22.2-22.2c9.4-9.4 24.6-9.4 33.9 0L441 239c9.4 9.4 9.4 24.6 0 33.9L246.6 467.3c-9.4 9.4-24.6 9.4-33.9 0l-22.2-22.2c-9.5-9.5-9.3-25 .4-34.3L311.4 296H24c-13.3 0-24-10.7-24-24v-32c0-13.3 10.7-24 24-24h287.4L190.9 101.2c-9.8-9.3-10-24.8-.4-34.3z\"><\/path><\/svg>\t\t\t<\/span>\n\t\t\t\t\t\t\t\t\t<span class=\"elementor-button-text\">TICKETS<\/span>\n\t\t\t\t\t<\/span>\n\t\t\t\t\t<\/a>\n\t\t\t\t\t\t\t\t<\/div>\n\t\t\t\t<\/div>\n\t\t\t\t\t<\/div>\n\t\t\t\t<\/div>\n\t\t\t\t<\/div>","protected":false},"excerpt":{"rendered":"<p>Walter, le robot du ch\u00e2teau Un compagnon de visite pas comme les autres BILLETTERIE VISITE EN FAMILLE Inclus dans le billet PENDANT LA VISITE D\u00c8S 6 ANS \u00c0 L&rsquo;INT\u00c9RIEUR Connaissez-vous Walter ? Non ? Walter est un petit robot qui adore plaisanter et mettre le bazar dans le ch\u00e2teau. Avec son livret sp\u00e9cial, les petits [&hellip;]<\/p>\n","protected":false},"author":1,"featured_media":0,"parent":805,"menu_order":0,"comment_status":"closed","ping_status":"closed","template":"elementor_header_footer","meta":{"_acf_changed":false,"footnotes":""},"class_list":["post-966","page","type-page","status-publish","hentry"],"acf":[],"_links":{"self":[{"href":"https:\/\/chateau-de-meung.com\/en\/wp-json\/wp\/v2\/pages\/966","targetHints":{"allow":["GET"]}}],"collection":[{"href":"https:\/\/chateau-de-meung.com\/en\/wp-json\/wp\/v2\/pages"}],"about":[{"href":"https:\/\/chateau-de-meung.com\/en\/wp-json\/wp\/v2\/types\/page"}],"author":[{"embeddable":true,"href":"https:\/\/chateau-de-meung.com\/en\/wp-json\/wp\/v2\/users\/1"}],"replies":[{"embeddable":true,"href":"https:\/\/chateau-de-meung.com\/en\/wp-json\/wp\/v2\/comments?post=966"}],"version-history":[{"count":34,"href":"https:\/\/chateau-de-meung.com\/en\/wp-json\/wp\/v2\/pages\/966\/revisions"}],"predecessor-version":[{"id":3013,"href":"https:\/\/chateau-de-meung.com\/en\/wp-json\/wp\/v2\/pages\/966\/revisions\/3013"}],"up":[{"embeddable":true,"href":"https:\/\/chateau-de-meung.com\/en\/wp-json\/wp\/v2\/pages\/805"}],"wp:attachment":[{"href":"https:\/\/chateau-de-meung.com\/en\/wp-json\/wp\/v2\/media?parent=966"}],"curies":[{"name":"wp","href":"https:\/\/api.w.org\/{rel}","templated":true}]}}