{"id":2038,"date":"2026-03-13T16:01:32","date_gmt":"2026-03-13T15:01:32","guid":{"rendered":"https:\/\/meung-sur-loire.agenceparadoxe.com\/?page_id=2038"},"modified":"2026-04-02T18:19:00","modified_gmt":"2026-04-02T16:19:00","slug":"persruimte","status":"publish","type":"page","link":"https:\/\/chateau-de-meung.com\/nl\/espace-presse\/","title":{"rendered":"Persruimte login"},"content":{"rendered":"<div data-elementor-type=\"wp-page\" data-elementor-id=\"2038\" class=\"elementor elementor-2038\" data-elementor-post-type=\"page\">\n\t\t\t\t<div class=\"elementor-element elementor-element-e2cd9f6 e-con-full meung-event-hero e-flex e-con e-child\" data-id=\"e2cd9f6\" data-element_type=\"container\" data-settings=\"{&quot;background_background&quot;:&quot;classic&quot;}\">\n\t\t\t\t<div class=\"elementor-element elementor-element-2ccd53b meung-event-title elementor-widget elementor-widget-heading\" data-id=\"2ccd53b\" data-element_type=\"widget\" data-widget_type=\"heading.default\">\n\t\t\t\t\t<h1 class=\"elementor-heading-title elementor-size-default\">Persruimte<\/h1>\t\t\t\t<\/div>\n\t\t\t\t<div class=\"elementor-element elementor-element-e7738d3 elementor-widget elementor-widget-heading\" data-id=\"e7738d3\" data-element_type=\"widget\" data-widget_type=\"heading.default\">\n\t\t\t\t\t<h2 class=\"elementor-heading-title elementor-size-default\">PERSBRONNEN<\/h2>\t\t\t\t<\/div>\n\t\t\t\t<\/div>\n\t\t<div class=\"elementor-element elementor-element-24714ea e-flex e-con-boxed e-con e-parent\" data-id=\"24714ea\" data-element_type=\"container\" data-settings=\"{&quot;background_background&quot;:&quot;classic&quot;}\">\n\t\t\t\t\t<div class=\"e-con-inner\">\n\t\t\t\t<div class=\"elementor-element elementor-element-3c8ce64 elementor-widget elementor-widget-text-editor\" data-id=\"3c8ce64\" data-element_type=\"widget\" data-widget_type=\"text-editor.default\">\n\t\t\t\t\t\t\t\t\t<p class=\"p1\"><span class=\"s1\">Welkom in de persruimte van het kasteel van Meung-sur-Loire. Deze ruimte is bedoeld voor journalisten, media en partners die offici\u00eble informatie en communicatiemiddelen willen verkrijgen. Persmiddelen (dossiers, persberichten, afbeeldingen, logo's) zijn toegankelijk via een beveiligde ruimte.<\/span><\/p>\t\t\t\t\t\t\t\t<\/div>\n\t\t\t\t\t<\/div>\n\t\t\t\t<\/div>\n\t\t<div class=\"elementor-element elementor-element-406d86b e-flex e-con-boxed e-con e-parent\" data-id=\"406d86b\" data-element_type=\"container\" data-settings=\"{&quot;background_background&quot;:&quot;classic&quot;}\">\n\t\t\t\t\t<div class=\"e-con-inner\">\n\t\t<div class=\"elementor-element elementor-element-0e5435c e-con-full e-flex e-con e-child\" data-id=\"0e5435c\" data-element_type=\"container\" data-settings=\"{&quot;background_background&quot;:&quot;classic&quot;}\">\n\t\t\t\t<div class=\"elementor-element elementor-element-f578863 elementor-widget elementor-widget-heading\" data-id=\"f578863\" data-element_type=\"widget\" data-widget_type=\"heading.default\">\n\t\t\t\t\t<h2 class=\"elementor-heading-title elementor-size-default\">Heeft u toegangscodes?<\/h2>\t\t\t\t<\/div>\n\t\t\t\t<div class=\"elementor-element elementor-element-ddef9fe elementor-widget elementor-widget-shortcode\" data-id=\"ddef9fe\" data-element_type=\"widget\" data-widget_type=\"shortcode.default\">\n\t\t\t\t\t\t\t<div class=\"elementor-shortcode\"><div class=\"meung-ps-login-wrap\"><form name=\"meung-ps-login-form-teachers\" id=\"meung-ps-login-form-teachers\" action=\"https:\/\/chateau-de-meung.com\/nl\/hhgdrfdgr45rdf54ygdf\/\" method=\"post\"><p class=\"login-username\">\n\t\t\t\t<label for=\"user_login_teachers\">Identificatie<\/label>\n\t\t\t\t<input type=\"text\" name=\"log\" id=\"user_login_teachers\" autocomplete=\"username\" class=\"input\" value=\"\" size=\"20\" \/>\n\t\t\t<\/p><p class=\"login-password\">\n\t\t\t\t<label for=\"user_pass_teachers\">Wachtwoord<\/label>\n\t\t\t\t<input type=\"password\" name=\"pwd\" id=\"user_pass_teachers\" autocomplete=\"current-password\" spellcheck=\"false\" class=\"input\" value=\"\" size=\"20\" \/>\n\t\t\t<\/p>\t\t<div id=\"cf-turnstile-2588560861\"\r\n\t\tclass=\"cf-turnstile\" \t\tdata-sitekey=\"0x4AAAAAACzCsPOAgbBF0Fxq\"\r\n\t\tdata-theme=\"light\"\r\n\t\tdata-language=\"auto\"\r\n\t\tdata-size=\"normal\"\r\n\t\tdata-retry=\"auto\" data-retry-interval=\"1000\"\r\n\t\tdata-refresh-expired=\"auto\"\r\n\t\tdata-action=\"wordpress-login\"\r\n\t\t\t\tdata-appearance=\"always\"><\/div>\r\n\t\t\t<script>document.addEventListener(\"DOMContentLoaded\", function() { setTimeout(function(){ var e=document.getElementById(\"cf-turnstile-2588560861\"); e&&!e.innerHTML.trim()&&(turnstile.remove(\"#cf-turnstile-2588560861\"), turnstile.render(\"#cf-turnstile-2588560861\", {sitekey:\"0x4AAAAAACzCsPOAgbBF0Fxq\"})); }, 100); });<\/script>\r\n\t\t\t<br class=\"cf-turnstile-br cf-turnstile-br-2588560861\">\r\n\t\t\t\t<style>#cf-turnstile-2588560861 { margin-left: -15px; }<\/style>\r\n\t\t<p class=\"login-submit\">\n\t\t\t\t<input type=\"submit\" name=\"wp-submit\" id=\"wp-submit_teachers\" class=\"button button-primary\" value=\"Inloggen\" \/>\n\t\t\t\t<input type=\"hidden\" name=\"redirect_to\" value=\"https:\/\/chateau-de-meung.com\/nl\/espace-enseignants\/ressources\/\" \/>\n\t\t\t<\/p><\/form><\/div><\/div>\n\t\t\t\t\t\t<\/div>\n\t\t\t\t<\/div>\n\t\t<div class=\"elementor-element elementor-element-b95b2fe e-con-full e-flex e-con e-child\" data-id=\"b95b2fe\" data-element_type=\"container\" data-settings=\"{&quot;background_background&quot;:&quot;classic&quot;}\">\n\t\t\t\t<div class=\"elementor-element elementor-element-55fcb93 elementor-widget elementor-widget-heading\" data-id=\"55fcb93\" data-element_type=\"widget\" data-widget_type=\"heading.default\">\n\t\t\t\t\t<h2 class=\"elementor-heading-title elementor-size-default\">Heb je nog geen codes?<\/h2>\t\t\t\t<\/div>\n\t\t\t\t<div class=\"elementor-element elementor-element-d634559 elementor-widget elementor-widget-text-editor\" data-id=\"d634559\" data-element_type=\"widget\" data-widget_type=\"text-editor.default\">\n\t\t\t\t\t\t\t\t\t<p class=\"p1\"><span class=\"s1\">Welkom in de persruimte van het kasteel van Meung-sur-Loire. Deze ruimte is bedoeld voor journalisten, media en partners die offici\u00eble informatie en communicatiemiddelen willen verkrijgen. Persmiddelen (dossiers, persberichten, afbeeldingen, logo's) zijn toegankelijk via een beveiligde ruimte.<\/span><\/p>\t\t\t\t\t\t\t\t<\/div>\n\t\t\t\t<div class=\"elementor-element elementor-element-ce866ab elementor-widget elementor-widget-html\" data-id=\"ce866ab\" data-element_type=\"widget\" data-widget_type=\"html.default\">\n\t\t\t\t\t<div class=\"meung-contact-block\">\n  <a href=\"tel:0238443647\" class=\"meung-contact-item meung-contact-phone\">\n    <img decoding=\"async\"\n      src=\"http:\/\/www.chateau-de-meung.com\/wp-content\/uploads\/2026\/03\/phonefill.png\"\n      alt=\"\"\n      class=\"meung-contact-icon\"\n    >\n    <span>02 38 44 36 47<\/span>\n  <\/a>\n\n  <a href=\"mailto:info@chateau-de-meung.com\" class=\"meung-contact-item meung-contact-mail\">\n    <img decoding=\"async\"\n      src=\"http:\/\/www.chateau-de-meung.com\/wp-content\/uploads\/2026\/03\/envelopefill.png\"\n      alt=\"\"\n      class=\"meung-contact-icon\"\n    >\n    <span>info@chateau-de-meung.com<\/span>\n  <\/a>\n<\/div>\t\t\t\t<\/div>\n\t\t\t\t<div class=\"elementor-element elementor-element-454fcd9 meung-btn meung-btn--navy elementor-align-center elementor-widget elementor-widget-button\" data-id=\"454fcd9\" data-element_type=\"widget\" data-widget_type=\"button.default\">\n\t\t\t\t\t\t\t\t\t\t<a class=\"elementor-button elementor-button-link elementor-size-sm\" href=\"#\">\n\t\t\t\t\t\t<span class=\"elementor-button-content-wrapper\">\n\t\t\t\t\t\t<span class=\"elementor-button-icon\">\n\t\t\t\t<svg aria-hidden=\"true\" class=\"e-font-icon-svg e-fas-arrow-right\" viewbox=\"0 0 448 512\" xmlns=\"http:\/\/www.w3.org\/2000\/svg\"><path d=\"M190.5 66.9l22.2-22.2c9.4-9.4 24.6-9.4 33.9 0L441 239c9.4 9.4 9.4 24.6 0 33.9L246.6 467.3c-9.4 9.4-24.6 9.4-33.9 0l-22.2-22.2c-9.5-9.5-9.3-25 .4-34.3L311.4 296H24c-13.3 0-24-10.7-24-24v-32c0-13.3 10.7-24 24-24h287.4L190.9 101.2c-9.8-9.3-10-24.8-.4-34.3z\"><\/path><\/svg>\t\t\t<\/span>\n\t\t\t\t\t\t\t\t\t<span class=\"elementor-button-text\">Neem contact met ons op<\/span>\n\t\t\t\t\t<\/span>\n\t\t\t\t\t<\/a>\n\t\t\t\t\t\t\t\t<\/div>\n\t\t\t\t<\/div>\n\t\t\t\t\t<\/div>\n\t\t\t\t<\/div>\n\t\t\t\t<\/div>","protected":false},"excerpt":{"rendered":"<p>Espace presse RESSOURCES PRESSE Bienvenue dans l\u2019espace presse du ch\u00e2teau de Meung-sur-Loire. Cet espace est destin\u00e9 aux journalistes, m\u00e9dias et partenaires souhaitant obtenir des informations officielles et des ressources de communication. Les ressources presse (dossiers, communiqu\u00e9s, visuels, logos) sont accessibles via un espace s\u00e9curis\u00e9. Vous disposez de codes d&rsquo;acc\u00e8s ? Vous n&rsquo;avez pas encore de [&hellip;]<\/p>\n","protected":false},"author":1,"featured_media":0,"parent":0,"menu_order":0,"comment_status":"closed","ping_status":"closed","template":"","meta":{"_acf_changed":false,"footnotes":""},"class_list":["post-2038","page","type-page","status-publish","hentry"],"acf":[],"_links":{"self":[{"href":"https:\/\/chateau-de-meung.com\/nl\/wp-json\/wp\/v2\/pages\/2038","targetHints":{"allow":["GET"]}}],"collection":[{"href":"https:\/\/chateau-de-meung.com\/nl\/wp-json\/wp\/v2\/pages"}],"about":[{"href":"https:\/\/chateau-de-meung.com\/nl\/wp-json\/wp\/v2\/types\/page"}],"author":[{"embeddable":true,"href":"https:\/\/chateau-de-meung.com\/nl\/wp-json\/wp\/v2\/users\/1"}],"replies":[{"embeddable":true,"href":"https:\/\/chateau-de-meung.com\/nl\/wp-json\/wp\/v2\/comments?post=2038"}],"version-history":[{"count":11,"href":"https:\/\/chateau-de-meung.com\/nl\/wp-json\/wp\/v2\/pages\/2038\/revisions"}],"predecessor-version":[{"id":2653,"href":"https:\/\/chateau-de-meung.com\/nl\/wp-json\/wp\/v2\/pages\/2038\/revisions\/2653"}],"wp:attachment":[{"href":"https:\/\/chateau-de-meung.com\/nl\/wp-json\/wp\/v2\/media?parent=2038"}],"curies":[{"name":"wp","href":"https:\/\/api.w.org\/{rel}","templated":true}]}}