{"id":2142,"date":"2026-03-15T18:05:30","date_gmt":"2026-03-15T17:05:30","guid":{"rendered":"https:\/\/meung-sur-loire.agenceparadoxe.com\/?page_id=2142"},"modified":"2026-03-28T21:03:12","modified_gmt":"2026-03-28T20:03:12","slug":"juridische-vermeldingen","status":"publish","type":"page","link":"https:\/\/chateau-de-meung.com\/nl\/mentions-legales\/","title":{"rendered":"Wettelijke vermeldingen"},"content":{"rendered":"<div data-elementor-type=\"wp-page\" data-elementor-id=\"2142\" class=\"elementor elementor-2142\" data-elementor-post-type=\"page\">\n\t\t\t\t<div class=\"elementor-element elementor-element-09303d8 e-con-full meung-event-hero e-flex e-con e-child\" data-id=\"09303d8\" data-element_type=\"container\" data-settings=\"{&quot;background_background&quot;:&quot;classic&quot;}\">\n\t\t\t\t<div class=\"elementor-element elementor-element-8f752ac meung-event-title elementor-widget elementor-widget-heading\" data-id=\"8f752ac\" data-element_type=\"widget\" data-widget_type=\"heading.default\">\n\t\t\t\t\t<h1 class=\"elementor-heading-title elementor-size-default\">Wettelijke vermeldingen<\/h1>\t\t\t\t<\/div>\n\t\t\t\t<div class=\"elementor-element elementor-element-d3e6963 elementor-widget elementor-widget-image\" data-id=\"d3e6963\" data-element_type=\"widget\" data-widget_type=\"image.default\">\n\t\t\t\t\t\t\t\t\t\t\t\t\t\t\t<img decoding=\"async\" src=\"https:\/\/chateau-de-meung.com\/wp-content\/uploads\/elementor\/thumbs\/dessindragon-copie-1-rluwecpcwwwc4j8zrnjwort2a3tceeccds5opirob4.png\" title=\"dessindragon-kopie (1)\" alt=\"dessindragon-kopie (1)\" loading=\"lazy\" \/>\t\t\t\t\t\t\t\t\t\t\t\t\t\t\t<\/div>\n\t\t\t\t<\/div>\n\t\t<div class=\"elementor-element elementor-element-1d78c9a e-flex e-con-boxed e-con e-parent\" data-id=\"1d78c9a\" data-element_type=\"container\" data-settings=\"{&quot;background_background&quot;:&quot;classic&quot;}\">\n\t\t\t\t\t<div class=\"e-con-inner\">\n\t\t\t\t<div class=\"elementor-element elementor-element-fcc1619 elementor-widget elementor-widget-heading\" data-id=\"fcc1619\" data-element_type=\"widget\" data-widget_type=\"heading.default\">\n\t\t\t\t\t<h2 class=\"elementor-heading-title elementor-size-default\">1. Doel van de website<\/h2>\t\t\t\t<\/div>\n\t\t\t\t<div class=\"elementor-element elementor-element-7b6ef9c elementor-widget elementor-widget-text-editor\" data-id=\"7b6ef9c\" data-element_type=\"widget\" data-widget_type=\"text-editor.default\">\n\t\t\t\t\t\t\t\t\t<p class=\"p1\"><span class=\"s1\">Deze website heeft tot doel het aanbod van bezoeken aan het kasteel van Meung-sur-Loire te presenteren en te promoten, en indien van toepassing, de onlineverkoop van toeristische diensten mogelijk te maken.<\/span><\/p>\t\t\t\t\t\t\t\t<\/div>\n\t\t\t\t<div class=\"elementor-element elementor-element-4451f11 elementor-widget elementor-widget-heading\" data-id=\"4451f11\" data-element_type=\"widget\" data-widget_type=\"heading.default\">\n\t\t\t\t\t<h2 class=\"elementor-heading-title elementor-size-default\">2. Uitgever van de website<\/h2>\t\t\t\t<\/div>\n\t\t\t\t<div class=\"elementor-element elementor-element-3a9818b elementor-widget elementor-widget-text-editor\" data-id=\"3a9818b\" data-element_type=\"widget\" data-widget_type=\"text-editor.default\">\n\t\t\t\t\t\t\t\t\t<p class=\"p1\"><span class=\"s1\">Deze website is eigendom van:<\/span><\/p><p class=\"p1\"><span class=\"s1\">SCI GLCM<\/span><\/p><p class=\"p1\"><span class=\"s1\">Maatschappelijk kapitaal: 1.000 \u20ac<\/span><\/p><p class=\"p1\"><span class=\"s1\">Maatschappelijke zetel: 29 rue du Pont 92200 Neuilly-sur-Seine \u2013 Frankrijk<\/span><\/p><p class=\"p1\"><span class=\"s1\">SIREN: 524 186 723 RCS: Nanterre<\/span><\/p><p class=\"p1\"><span class=\"s1\">Telefoon: 02 38 44 36 47<\/span><\/p><p class=\"p1\"><span class=\"s1\">E-mailadres: info@chateau-de-meung.com<\/span><\/p><p class=\"p1\"><span class=\"s1\">Verantwoordelijk voor de publicatie: Xavier Lelev\u00e9, eigenaar van het kasteel van Meung-sur-Loire.<\/span><\/p>\t\t\t\t\t\t\t\t<\/div>\n\t\t\t\t<div class=\"elementor-element elementor-element-760617d elementor-widget elementor-widget-heading\" data-id=\"760617d\" data-element_type=\"widget\" data-widget_type=\"heading.default\">\n\t\t\t\t\t<h2 class=\"elementor-heading-title elementor-size-default\">4. Intellectueel eigendom<\/h2>\t\t\t\t<\/div>\n\t\t\t\t<div class=\"elementor-element elementor-element-63adc07 elementor-widget elementor-widget-text-editor\" data-id=\"63adc07\" data-element_type=\"widget\" data-widget_type=\"text-editor.default\">\n\t\t\t\t\t\t\t\t\t<p class=\"p1\"><span class=\"s1\">Deze site, uitgegeven door de firma SCI G.L.C.M, valt onder de Franse en internationale wetgeving betreffende auteursrecht en intellectueel eigendom.<\/span><\/p><p class=\"p1\"><span class=\"s1\">Alle inhoud op deze website (teksten, foto's, illustraties, downloadbare documenten, grafische elementen, logo's, etc.) wordt beschermd door de bepalingen inzake intellectuele eigendom.<\/span><\/p><p class=\"p1\"><span class=\"s1\">Alle rechten van reproductie zijn voorbehouden aan SCI G.L.C.M, met inbegrip van downloadbare documenten en de iconografische en fotografische voorstellingen.<\/span><\/p><p class=\"p1\"><span class=\"s1\">Elke reproductie, weergave, wijziging, publicatie, aanpassing of exploitatie, geheel of gedeeltelijk, van de gehele of een deel van de site, door welk proc\u00e9d\u00e9 dan ook, is verboden zonder voorafgaande schriftelijke toestemming van de firma SCI G.L.C.M.<\/span><\/p>\t\t\t\t\t\t\t\t<\/div>\n\t\t\t\t<div class=\"elementor-element elementor-element-5e0484b elementor-widget elementor-widget-heading\" data-id=\"5e0484b\" data-element_type=\"widget\" data-widget_type=\"heading.default\">\n\t\t\t\t\t<h2 class=\"elementor-heading-title elementor-size-default\">5. Foto- en iconografische credits<\/h2>\t\t\t\t<\/div>\n\t\t\t\t<div class=\"elementor-element elementor-element-386de78 elementor-widget elementor-widget-text-editor\" data-id=\"386de78\" data-element_type=\"widget\" data-widget_type=\"text-editor.default\">\n\t\t\t\t\t\t\t\t\t<p class=\"p1\"><span class=\"s1\">De foto's en beelden op deze website zijn beschermd door de bepalingen inzake auteursrecht en intellectuele eigendom.<\/span><\/p><p class=\"p1\"><span class=\"s1\">Fotocredits :<\/span><\/p><p class=\"p1\"><span class=\"s1\">Pierre Holley \/ Ch\u00e2teau de Meung sur Loire<\/span><\/p><p class=\"p1\"><span class=\"s1\">Afbeeldingen en illustraties:<\/span><\/p><p class=\"p1\"><span class=\"s1\">Beeldcredits St Liphard: By Jean Bourdichon \u2013 http:\/\/gallica.bnf.fr\/ark:\/12148\/btv1b52500984v\/f Grandes Heures d\u2019Anne de Bretagne, Public Domain, https:\/\/commons.wikimedia.org\/w\/index.php?curid=36881857<\/span><\/p><p class=\"p1\"><span class=\"s1\">Adobe Firefly &amp; Agence Paradoxe \/ Adobe Stock \/ Phosphor Icons<\/span><\/p>\t\t\t\t\t\t\t\t<\/div>\n\t\t\t\t<div class=\"elementor-element elementor-element-d7aa0b6 elementor-widget elementor-widget-heading\" data-id=\"d7aa0b6\" data-element_type=\"widget\" data-widget_type=\"heading.default\">\n\t\t\t\t\t<h2 class=\"elementor-heading-title elementor-size-default\">7. Persoonsgegevens\n<\/h2>\t\t\t\t<\/div>\n\t\t\t\t<div class=\"elementor-element elementor-element-f87dbbb elementor-widget elementor-widget-text-editor\" data-id=\"f87dbbb\" data-element_type=\"widget\" data-widget_type=\"text-editor.default\">\n\t\t\t\t\t\t\t\t\t<p class=\"p1\"><span class=\"s1\">De site kan bepaalde persoonlijke gegevens verzamelen bij het gebruik van online formulieren (contactformulier, informatieaanvraag, enz.).<\/span><\/p><p class=\"p1\"><span class=\"s1\">De verzamelde informatie is bestemd voor exclusief gebruik door SCI G.L.C.M, die zich ertoe verbindt deze niet aan derden door te geven zonder toestemming van de betrokkenen.<\/span><\/p><p class=\"p1\"><span class=\"s1\">Conform de bepalingen van de wet \u00abInformatique et Libert\u00e9s\u00bb en de Algemene Verordening Gegevensbescherming (AVG), heeft u het recht op inzage, wijziging, rectificatie en verwijdering van gegevens die op u betrekking hebben.<\/span><\/p><p class=\"p1\"><span class=\"s1\">Om dit recht uit te oefenen kunt u contact opnemen met: <a href=\"http:\/\/Le%20site%20peut%20%C3%AAtre%20amen%C3%A9%20%C3%A0%20collecter%20certaines%20donn%C3%A9es%20personnelles%20lors%20de%20l%E2%80%99utilisation%20de%20formulaires%20en%20ligne%20(formulaire%20de%20contact,%20demande%20d%E2%80%99informations,%20etc.).%20Les%20informations%20recueillies%20sont%20destin%C3%A9es%20%C3%A0%20l%E2%80%99usage%20exclusif%20de%20la%20SCI%20G.L.C.M,%20qui%20s%E2%80%99engage%20%C3%A0%20ne%20pas%20les%20transmettre%20%C3%A0%20des%20tiers%20sans%20le%20consentement%20des%20personnes%20concern%C3%A9es.%20Conform%C3%A9ment%20aux%20dispositions%20de%20la%20loi%20%C2%AB%20Informatique%20et%20Libert%C3%A9s%20%C2%BB%20et%20au%20R%C3%A8glement%20G%C3%A9n%C3%A9ral%20sur%20la%20Protection%20des%20Donn%C3%A9es%20(RGPD),%20vous%20disposez%20d%E2%80%99un%20droit%20d%E2%80%99acc%C3%A8s,%20de%20modification,%20de%20rectification%20et%20de%20suppression%20des%20donn%C3%A9es%20vous%20concernant.%20Pour%20exercer%20ce%20droit,%20vous%20pouvez%20contacter%20:%20info@chateau-de-meung.com%20Pour%20plus%20d%E2%80%99informations,%20vous%20pouvez%20consulter%20la%20page%20Politique%20de%20confidentialit%C3%A9%20\/%20RGPD%20du%20site.\"><span class=\"s2\">info@chateau-de-meung.com<\/span><\/a><\/span><\/p><p class=\"p1\"><span class=\"s1\">Voor meer informatie kunt u de pagina raadplegen <\/span><a href=\"\/nl\/privacybeleid\/\"><span class=\"s2\">Privacybeleid<\/span><\/a><span class=\"s1\"> \/ <\/span><a href=\"\/nl\/privacybeleid\/\"><span class=\"s2\">GDPR website<\/span><span class=\"s1\">.<\/span><\/a><\/p>\t\t\t\t\t\t\t\t<\/div>\n\t\t\t\t<div class=\"elementor-element elementor-element-c1b897f elementor-widget elementor-widget-heading\" data-id=\"c1b897f\" data-element_type=\"widget\" data-widget_type=\"heading.default\">\n\t\t\t\t\t<h2 class=\"elementor-heading-title elementor-size-default\">8. Cookies<\/h2>\t\t\t\t<\/div>\n\t\t\t\t<div class=\"elementor-element elementor-element-6939f97 elementor-widget elementor-widget-text-editor\" data-id=\"6939f97\" data-element_type=\"widget\" data-widget_type=\"text-editor.default\">\n\t\t\t\t\t\t\t\t\t<p class=\"p1\"><span class=\"s1\">De website kan gebruikmaken van cookies of traceersessies om de gebruikerservaring te verbeteren, het publiek te meten of bepaalde functionaliteiten mogelijk te maken. De gebruiker kan zijn cookievoorkeuren te allen tijde configureren via de cookiebeheerbanner die op de website aanwezig is.<\/span><\/p><p class=\"p1\"><span class=\"s1\">Om meer te weten te komen, raadpleeg de <\/span><a href=\"\/nl\/privacybeleid\/\"><span class=\"s2\">Cookiebeleid<\/span><span class=\"s1\">.<\/span><\/a><\/p>\t\t\t\t\t\t\t\t<\/div>\n\t\t\t\t<div class=\"elementor-element elementor-element-5228fe5 elementor-widget elementor-widget-heading\" data-id=\"5228fe5\" data-element_type=\"widget\" data-widget_type=\"heading.default\">\n\t\t\t\t\t<h2 class=\"elementor-heading-title elementor-size-default\">9. Aanvullende informatie<\/h2>\t\t\t\t<\/div>\n\t\t\t\t<div class=\"elementor-element elementor-element-7107a9e elementor-widget elementor-widget-text-editor\" data-id=\"7107a9e\" data-element_type=\"widget\" data-widget_type=\"text-editor.default\">\n\t\t\t\t\t\t\t\t\t<p class=\"p1\"><span class=\"s1\">De website kan links bevatten naar andere websites. SCI G.L.C.M is niet verantwoordelijk voor de inhoud of werking van deze externe websites. De op deze website verspreide informatie is louter ter informatie en kan te allen tijde worden gewijzigd.<\/span><\/p>\t\t\t\t\t\t\t\t<\/div>\n\t\t\t\t\t<\/div>\n\t\t\t\t<\/div>\n\t\t\t\t<\/div>","protected":false},"excerpt":{"rendered":"<p>Mentions l\u00e9gales 1. Objet du site Le pr\u00e9sent site internet a pour objectif de pr\u00e9senter et promouvoir l\u2019offre de visite du ch\u00e2teau de Meung-sur-Loire, ainsi que de permettre, le cas \u00e9ch\u00e9ant, la vente en ligne de prestations dans le domaine du tourisme. 2. \u00c9diteur du site Le pr\u00e9sent site est la propri\u00e9t\u00e9 de : SCI [&hellip;]<\/p>\n","protected":false},"author":1,"featured_media":0,"parent":0,"menu_order":0,"comment_status":"closed","ping_status":"closed","template":"","meta":{"_acf_changed":false,"footnotes":""},"class_list":["post-2142","page","type-page","status-publish","hentry"],"acf":[],"_links":{"self":[{"href":"https:\/\/chateau-de-meung.com\/nl\/wp-json\/wp\/v2\/pages\/2142","targetHints":{"allow":["GET"]}}],"collection":[{"href":"https:\/\/chateau-de-meung.com\/nl\/wp-json\/wp\/v2\/pages"}],"about":[{"href":"https:\/\/chateau-de-meung.com\/nl\/wp-json\/wp\/v2\/types\/page"}],"author":[{"embeddable":true,"href":"https:\/\/chateau-de-meung.com\/nl\/wp-json\/wp\/v2\/users\/1"}],"replies":[{"embeddable":true,"href":"https:\/\/chateau-de-meung.com\/nl\/wp-json\/wp\/v2\/comments?post=2142"}],"version-history":[{"count":13,"href":"https:\/\/chateau-de-meung.com\/nl\/wp-json\/wp\/v2\/pages\/2142\/revisions"}],"predecessor-version":[{"id":3058,"href":"https:\/\/chateau-de-meung.com\/nl\/wp-json\/wp\/v2\/pages\/2142\/revisions\/3058"}],"wp:attachment":[{"href":"https:\/\/chateau-de-meung.com\/nl\/wp-json\/wp\/v2\/media?parent=2142"}],"curies":[{"name":"wp","href":"https:\/\/api.w.org\/{rel}","templated":true}]}}