{"id":2460,"date":"2026-03-19T15:41:15","date_gmt":"2026-03-19T14:41:15","guid":{"rendered":"https:\/\/meung-sur-loire.agenceparadoxe.com\/?page_id=2460"},"modified":"2026-04-02T18:22:37","modified_gmt":"2026-04-02T16:22:37","slug":"kassa","status":"publish","type":"page","link":"https:\/\/chateau-de-meung.com\/nl\/billetterie\/","title":{"rendered":"Kaartverkoop"},"content":{"rendered":"<div data-elementor-type=\"wp-page\" data-elementor-id=\"2460\" class=\"elementor elementor-2460\" data-elementor-post-type=\"page\">\n\t\t\t\t<div class=\"elementor-element elementor-element-cae32d6 e-con-full meung-event-hero e-flex e-con e-child\" data-id=\"cae32d6\" data-element_type=\"container\" data-settings=\"{&quot;background_background&quot;:&quot;classic&quot;}\">\n\t\t\t\t<div class=\"elementor-element elementor-element-f4f010d meung-event-title elementor-widget elementor-widget-heading\" data-id=\"f4f010d\" data-element_type=\"widget\" data-widget_type=\"heading.default\">\n\t\t\t\t\t<h1 class=\"elementor-heading-title elementor-size-default\">Online ticketverkoop<\/h1>\t\t\t\t<\/div>\n\t\t\t\t<div class=\"elementor-element elementor-element-a6e6157 elementor-widget elementor-widget-heading\" data-id=\"a6e6157\" data-element_type=\"widget\" data-widget_type=\"heading.default\">\n\t\t\t\t\t<h2 class=\"elementor-heading-title elementor-size-default\">RESERVEER UW BEZOEK AAN HET KASTEEL VAN MEUNG-SUR-LOIRE<\/h2>\t\t\t\t<\/div>\n\t\t\t\t<div class=\"elementor-element elementor-element-dabf6f3 elementor-widget elementor-widget-text-editor\" data-id=\"dabf6f3\" data-element_type=\"widget\" data-widget_type=\"text-editor.default\">\n\t\t\t\t\t\t\t\t\t<p class=\"p1\"><span class=\"s1\">Koop uw tickets online om het kasteel en zijn park te bezoeken of om deel te nemen aan de evenementen van het seizoen.<\/span><\/p><p class=\"p2\"><span class=\"s2\">Reserveren kan direct via onze beveiligde ticketverkoop hieronder.<\/span><\/p>\t\t\t\t\t\t\t\t<\/div>\n\t\t\t\t<\/div>\n\t\t<div class=\"elementor-element elementor-element-020c2c5 e-flex e-con-boxed e-con e-parent\" data-id=\"020c2c5\" data-element_type=\"container\">\n\t\t\t\t\t<div class=\"e-con-inner\">\n\t\t\t\t<div class=\"elementor-element elementor-element-82dd6e7 elementor-widget elementor-widget-shortcode\" data-id=\"82dd6e7\" data-element_type=\"widget\" data-widget_type=\"shortcode.default\">\n\t\t\t\t\t\t\t<div class=\"elementor-shortcode\"><div class=\"meung-ticket-notice\">In april is het kasteel geopend: van 1 tot 3, van 8 tot 10, van 29 tot 30 van 14u tot 18u | het Paasweekend van 10u tot 18u | van 11 tot 26 (elke dag behalve maandag) van 14u tot 18u<\/div><\/div>\n\t\t\t\t\t\t<\/div>\n\t\t\t\t\t<\/div>\n\t\t\t\t<\/div>\n\t\t<div class=\"elementor-element elementor-element-d583ef2 e-flex e-con-boxed e-con e-parent\" data-id=\"d583ef2\" data-element_type=\"container\" data-settings=\"{&quot;background_background&quot;:&quot;classic&quot;}\">\n\t\t\t\t\t<div class=\"e-con-inner\">\n\t\t\t\t<div class=\"elementor-element elementor-element-1c69d99 elementor-widget elementor-widget-shortcode\" data-id=\"1c69d99\" data-element_type=\"widget\" data-widget_type=\"shortcode.default\">\n\t\t\t\t\t\t\t<div class=\"elementor-shortcode\">\t<div class=\"meung-ticketing-widget-wrap\">\n\t\t<div id=\"widget-produit-CF-OPBI-49288\"><\/div>\n\t<\/div>\n\n\t<script type=\"text\/javascript\" src=\"\/\/gadget.open-system.fr\/widgets-libs\/rel\/noyau-1.0.min.js\"><\/script>\n\t<script type=\"text\/javascript\">\n\t(function() {\n\t\tif (typeof AllianceReseaux === 'undefined' || !AllianceReseaux.Widget) {\n\t\t\treturn;\n\t\t}\n\n\t\tvar widgetProduit = AllianceReseaux.Widget.Instance(\"Produit\", {\n\t\t\tidPanier: \"U3RSU1M\",\n\t\t\tidIntegration: 646,\n\t\t\tlangue: \"fr\",\n\t\t\tui: \"CF-OPBI-49288\"\n\t\t});\n\n\t\twidgetProduit.Initialise();\n\t})();\n\t<\/script>\n\t<\/div>\n\t\t\t\t\t\t<\/div>\n\t\t\t\t\t<\/div>\n\t\t\t\t<\/div>\n\t\t<div class=\"elementor-element elementor-element-28a67ac e-flex e-con-boxed e-con e-parent\" data-id=\"28a67ac\" data-element_type=\"container\" data-settings=\"{&quot;background_background&quot;:&quot;classic&quot;}\">\n\t\t\t\t\t<div class=\"e-con-inner\">\n\t\t<div class=\"elementor-element elementor-element-409c07d e-con-full e-flex e-con e-child\" data-id=\"409c07d\" data-element_type=\"container\" data-settings=\"{&quot;background_background&quot;:&quot;classic&quot;}\">\n\t\t\t\t<div class=\"elementor-element elementor-element-9ef33c1 elementor-widget elementor-widget-heading\" data-id=\"9ef33c1\" data-element_type=\"widget\" data-widget_type=\"heading.default\">\n\t\t\t\t\t<h2 class=\"elementor-heading-title elementor-size-default\">Praktische informatie<\/h2>\t\t\t\t<\/div>\n\t\t\t\t<div class=\"elementor-element elementor-element-ed19f2e elementor-widget elementor-widget-text-editor\" data-id=\"ed19f2e\" data-element_type=\"widget\" data-widget_type=\"text-editor.default\">\n\t\t\t\t\t\t\t\t\t<p class=\"p1\"><span class=\"s1\">\u2714\ufe0f Laatste toegang tot het terrein 1 uur voor sluitingstijd<\/span><\/p><p class=\"p1\"><span class=\"s1\">\u2714\ufe0f Laatste toegang tot het kasteel 45 minuten voor sluitingstijd<\/span><\/p><p class=\"p1\"><span class=\"s1\">\u2714\ufe0f Activiteiten sluiten 20 minuten voor sluitingstijd \u2013 alle uitgangen zijn definitief.<\/span><\/p><p class=\"p1\"><span class=\"s1\">Iedere minderjarige dient verplicht vergezeld te zijn van een meerderjarige en verantwoordelijke persoon voor toegang tot de site, zowel binnen als buiten.<\/span><\/p><p class=\"p3\"><span class=\"s2\">Let op, sommige bankinstellingen vragen om een dubbele verificatie om uw betaling te valideren. <b>Houd er rekening mee dat uw reservering pas definitief is wanneer u uw bevestigingsmail hebt ontvangen.<\/b> Controleer uw e-mail goed na het voltooien van de betaling.<\/span><\/p>\t\t\t\t\t\t\t\t<\/div>\n\t\t\t\t<div class=\"elementor-element elementor-element-02a91c6 meung-btn meung-btn--navy elementor-align-center elementor-widget elementor-widget-button\" data-id=\"02a91c6\" data-element_type=\"widget\" data-widget_type=\"button.default\">\n\t\t\t\t\t\t\t\t\t\t<a class=\"elementor-button elementor-button-link elementor-size-sm\" href=\"\/nl\/veelgestelde-vragen\/\">\n\t\t\t\t\t\t<span class=\"elementor-button-content-wrapper\">\n\t\t\t\t\t\t<span class=\"elementor-button-icon\">\n\t\t\t\t<svg aria-hidden=\"true\" class=\"e-font-icon-svg e-fas-arrow-right\" viewbox=\"0 0 448 512\" xmlns=\"http:\/\/www.w3.org\/2000\/svg\"><path d=\"M190.5 66.9l22.2-22.2c9.4-9.4 24.6-9.4 33.9 0L441 239c9.4 9.4 9.4 24.6 0 33.9L246.6 467.3c-9.4 9.4-24.6 9.4-33.9 0l-22.2-22.2c-9.5-9.5-9.3-25 .4-34.3L311.4 296H24c-13.3 0-24-10.7-24-24v-32c0-13.3 10.7-24 24-24h287.4L190.9 101.2c-9.8-9.3-10-24.8-.4-34.3z\"><\/path><\/svg>\t\t\t<\/span>\n\t\t\t\t\t\t\t\t\t<span class=\"elementor-button-text\">Veelgestelde vragen<\/span>\n\t\t\t\t\t<\/span>\n\t\t\t\t\t<\/a>\n\t\t\t\t\t\t\t\t<\/div>\n\t\t\t\t<\/div>\n\t\t\t\t\t<\/div>\n\t\t\t\t<\/div>\n\t\t<div class=\"elementor-element elementor-element-204b3e9 e-flex e-con-boxed e-con e-parent\" data-id=\"204b3e9\" data-element_type=\"container\" data-settings=\"{&quot;background_background&quot;:&quot;classic&quot;}\">\n\t\t\t\t\t<div class=\"e-con-inner\">\n\t\t\t\t<div class=\"elementor-element elementor-element-1b1f30c elementor-widget elementor-widget-heading\" data-id=\"1b1f30c\" data-element_type=\"widget\" data-widget_type=\"heading.default\">\n\t\t\t\t\t<h2 class=\"elementor-heading-title elementor-size-default\">Voor betalingen met vakantiecheques:<\/h2>\t\t\t\t<\/div>\n\t\t\t\t<div class=\"elementor-element elementor-element-828fe5f elementor-widget elementor-widget-text-editor\" data-id=\"828fe5f\" data-element_type=\"widget\" data-widget_type=\"text-editor.default\">\n\t\t\t\t\t\t\t\t\t<p class=\"p1\"><span class=\"s1\">\u2714\ufe0f Vakantiecheque Connect: mogelijk via de online ticketverkoop (geen betaling ter plaatse)<\/span><\/p><p class=\"p2\"><span class=\"s2\">\u2714\ufe0f Papieren vakantiecheque: betaling uitsluitend mogelijk aan de receptie van het kasteel. Om uw tickets te reserveren en met papieren vakantiecheques te betalen: stuur een e-mail naar Marie@Chateau-De-Meung.com met de gewenste datum en tijd + het aantal volwassene tarieven\/reductie tarieven\/kinder tarieven\/gratis toegang, evenals uw contactgegevens. Wij bevestigen de reservering zo spoedig mogelijk per e-mail, evenals de voorwaarden. Bedankt!<\/span><\/p>\t\t\t\t\t\t\t\t<\/div>\n\t\t\t\t\t<\/div>\n\t\t\t\t<\/div>\n\t\t\t\t<\/div>","protected":false},"excerpt":{"rendered":"<p>Billetterie en ligne R\u00c9SERVEZ VOTRE VISITE DU CH\u00c2TEAU DE MEUNG-SUR-LOIRE Achetez vos billets en ligne pour visiter le ch\u00e2teau et son parc ou pour participer aux \u00e9v\u00e9nements de la saison. La r\u00e9servation se fait directement via notre billetterie s\u00e9curis\u00e9e ci-dessous. Informations pratiques \u2714\ufe0f Derni\u00e8re admission sur site 1h avant la fermeture \u2714\ufe0f Derni\u00e8re admission dans [&hellip;]<\/p>\n","protected":false},"author":1,"featured_media":0,"parent":0,"menu_order":0,"comment_status":"closed","ping_status":"closed","template":"","meta":{"_acf_changed":false,"footnotes":""},"class_list":["post-2460","page","type-page","status-publish","hentry"],"acf":[],"_links":{"self":[{"href":"https:\/\/chateau-de-meung.com\/nl\/wp-json\/wp\/v2\/pages\/2460","targetHints":{"allow":["GET"]}}],"collection":[{"href":"https:\/\/chateau-de-meung.com\/nl\/wp-json\/wp\/v2\/pages"}],"about":[{"href":"https:\/\/chateau-de-meung.com\/nl\/wp-json\/wp\/v2\/types\/page"}],"author":[{"embeddable":true,"href":"https:\/\/chateau-de-meung.com\/nl\/wp-json\/wp\/v2\/users\/1"}],"replies":[{"embeddable":true,"href":"https:\/\/chateau-de-meung.com\/nl\/wp-json\/wp\/v2\/comments?post=2460"}],"version-history":[{"count":34,"href":"https:\/\/chateau-de-meung.com\/nl\/wp-json\/wp\/v2\/pages\/2460\/revisions"}],"predecessor-version":[{"id":3111,"href":"https:\/\/chateau-de-meung.com\/nl\/wp-json\/wp\/v2\/pages\/2460\/revisions\/3111"}],"wp:attachment":[{"href":"https:\/\/chateau-de-meung.com\/nl\/wp-json\/wp\/v2\/media?parent=2460"}],"curies":[{"name":"wp","href":"https:\/\/api.w.org\/{rel}","templated":true}]}}