{"id":3,"date":"2026-01-09T11:36:22","date_gmt":"2026-01-09T10:36:22","guid":{"rendered":"https:\/\/meung-sur-loire.agenceparadoxe.com\/?page_id=3"},"modified":"2026-03-28T21:06:31","modified_gmt":"2026-03-28T20:06:31","slug":"privacybeleid","status":"publish","type":"page","link":"https:\/\/chateau-de-meung.com\/nl\/politique-de-confidentialite\/","title":{"rendered":"Privacybeleid"},"content":{"rendered":"<div data-elementor-type=\"wp-page\" data-elementor-id=\"3\" class=\"elementor elementor-3\" data-elementor-post-type=\"page\">\n\t\t\t\t<div class=\"elementor-element elementor-element-3e08e543 e-con-full meung-event-hero e-flex e-con e-child\" data-id=\"3e08e543\" data-element_type=\"container\" data-settings=\"{&quot;background_background&quot;:&quot;classic&quot;}\">\n\t\t\t\t<div class=\"elementor-element elementor-element-5cf7aeec meung-event-title elementor-widget elementor-widget-heading\" data-id=\"5cf7aeec\" data-element_type=\"widget\" data-widget_type=\"heading.default\">\n\t\t\t\t\t<h1 class=\"elementor-heading-title elementor-size-default\">Privacybeleid<\/h1>\t\t\t\t<\/div>\n\t\t\t\t<div class=\"elementor-element elementor-element-639b6506 elementor-widget elementor-widget-image\" data-id=\"639b6506\" data-element_type=\"widget\" data-widget_type=\"image.default\">\n\t\t\t\t\t\t\t\t\t\t\t\t\t\t\t<img decoding=\"async\" src=\"https:\/\/chateau-de-meung.com\/wp-content\/uploads\/elementor\/thumbs\/dessindragon-copie-1-rluwecpcwwwc4j8zrnjwort2a3tceeccds5opirob4.png\" title=\"dessindragon-kopie (1)\" alt=\"dessindragon-kopie (1)\" loading=\"lazy\" \/>\t\t\t\t\t\t\t\t\t\t\t\t\t\t\t<\/div>\n\t\t\t\t<\/div>\n\t\t<div class=\"elementor-element elementor-element-62c60d10 e-flex e-con-boxed e-con e-parent\" data-id=\"62c60d10\" data-element_type=\"container\" data-settings=\"{&quot;background_background&quot;:&quot;classic&quot;}\">\n\t\t\t\t\t<div class=\"e-con-inner\">\n\t\t\t\t<div class=\"elementor-element elementor-element-c4b377d elementor-align-center meung-btn meung-btn--download elementor-widget elementor-widget-button\" data-id=\"c4b377d\" data-element_type=\"widget\" data-widget_type=\"button.default\">\n\t\t\t\t\t\t\t\t\t\t<a class=\"elementor-button elementor-button-link elementor-size-sm\" href=\"http:\/\/www.chateau-de-meung.com\/wp-content\/uploads\/2026\/03\/Politique-protection-des-donnees-personnelles-chateau-de-Meung-sur-Loire.pdf\">\n\t\t\t\t\t\t<span class=\"elementor-button-content-wrapper\">\n\t\t\t\t\t\t<span class=\"elementor-button-icon\">\n\t\t\t\t<svg xmlns=\"http:\/\/www.w3.org\/2000\/svg\" width=\"53.000000pt\" height=\"48.000000pt\" viewbox=\"0 0 53.000000 48.000000\" preserveaspectratio=\"xMidYMid meet\"><g transform=\"translate(0.000000,48.000000) scale(0.100000,-0.100000)\" fill=\"#000000\" stroke=\"none\"><path d=\"M86 414 c-3 -9 -6 -47 -6 -85 l0 -69 185 0 185 0 0 29 c0 23 -13 41 -64 85 l-63 56 -116 0 c-95 0 -116 -3 -121 -16z m277 -59 c20 -20 37 -38 37 -41 0 -3 -19 -4 -42 -2 -42 3 -43 4 -46 41 -2 20 0 37 5 37 4 0 25 -16 46 -35z\"><\/path><path d=\"M87 203 c-11 -11 -8 -111 4 -118 6 -4 16 0 22 8 7 8 24 17 39 21 39 9 49 53 18 78 -22 18 -70 24 -83 11z m69 -34 c8 -14 -21 -43 -35 -35 -19 12 -13 46 8 46 11 0 23 -5 27 -11z\"><\/path><path d=\"M220 145 l0 -65 40 0 c45 0 80 27 80 60 0 34 -44 70 -85 70 l-35 0 0 -65z m81 13 c10 -18 8 -24 -11 -40 -33 -26 -40 -23 -40 22 0 33 3 40 20 40 10 0 25 -10 31 -22z\"><\/path><path d=\"M370 145 c0 -40 4 -65 11 -65 6 0 13 9 16 19 3 11 15 21 27 23 28 4 27 22 -1 26 -32 5 -29 30 4 34 48 6 39 28 -11 28 l-46 0 0 -65z\"><\/path><\/g><\/svg>\t\t\t<\/span>\n\t\t\t\t\t\t\t\t\t<span class=\"elementor-button-text\">Klik hier<\/span>\n\t\t\t\t\t<\/span>\n\t\t\t\t\t<\/a>\n\t\t\t\t\t\t\t\t<\/div>\n\t\t\t\t<div class=\"elementor-element elementor-element-2916ace3 elementor-widget elementor-widget-heading\" data-id=\"2916ace3\" data-element_type=\"widget\" data-widget_type=\"heading.default\">\n\t\t\t\t\t<h2 class=\"elementor-heading-title elementor-size-default\">Preambule<\/h2>\t\t\t\t<\/div>\n\t\t\t\t<div class=\"elementor-element elementor-element-2b587945 elementor-widget elementor-widget-text-editor\" data-id=\"2b587945\" data-element_type=\"widget\" data-widget_type=\"text-editor.default\">\n\t\t\t\t\t\t\t\t\t<p class=\"p1\"><span class=\"s1\">Het Verdrag (EU) 2016\/679 van het Europees Parlement en de Raad van 27 april 2016 betreffende de bescherming van persoonsgegevens (hierna de AVG) bepaalt het wettelijke kader dat van toepassing is op de verwerking van persoonsgegevens. Deze tekst versterkt de rechten en plichten van de verwerkingsverantwoordelijken, de verwerkers, de betrokken personen en de ontvangers van de gegevens. <\/span><\/p><p class=\"p1\"><span class=\"s1\">Vervolgens werd, ter implementatie van de wijzigingen van de AVG, de wet nr. 78-17 van 6 januari 1978, de zogenaamde \"Loi Informatique et Libert\u00e9s\", gewijzigd door wet nr. 2018-493 van 20 juni 2018 en ordonnantie nr. 2018-1125 van 12 december 2018 betreffende gegevensbescherming. <\/span><\/p><p class=\"p1\"><span class=\"s1\">Het huidige beleid wordt ge\u00efmplementeerd door SCI G.L.C.M., wiens belangrijkste activiteiten de promotie en ontwikkeling van het kasteel van Meung sur Loire zijn.<\/span><\/p>\t\t\t\t\t\t\t\t<\/div>\n\t\t\t\t<div class=\"elementor-element elementor-element-1c02fadb elementor-widget elementor-widget-heading\" data-id=\"1c02fadb\" data-element_type=\"widget\" data-widget_type=\"heading.default\">\n\t\t\t\t\t<h2 class=\"elementor-heading-title elementor-size-default\">Voorwerp<\/h2>\t\t\t\t<\/div>\n\t\t\t\t<div class=\"elementor-element elementor-element-655f47fb elementor-widget elementor-widget-text-editor\" data-id=\"655f47fb\" data-element_type=\"widget\" data-widget_type=\"text-editor.default\">\n\t\t\t\t\t\t\t\t\t<p class=\"p1\"><span class=\"s1\">Het doel van dit \u00abbeleid inzake de bescherming van persoonsgegevens\u00bb is u te informeren over de verwerkingen die SCI G.L.C.M. uitvoert op uw verzamelde persoonsgegevens.<\/span><\/p><p class=\"p1\"><span class=\"s1\">Deze behandelingen maken het onder andere mogelijk om bij u de promotie of levering van onze verschillende producten en diensten te waarborgen.<\/span><\/p>\t\t\t\t\t\t\t\t<\/div>\n\t\t\t\t<div class=\"elementor-element elementor-element-4c7ad937 elementor-widget elementor-widget-heading\" data-id=\"4c7ad937\" data-element_type=\"widget\" data-widget_type=\"heading.default\">\n\t\t\t\t\t<h2 class=\"elementor-heading-title elementor-size-default\">Gegevens: oorsprong, doelen en bewaartermijn<\/h2>\t\t\t\t<\/div>\n\t\t\t\t<div class=\"elementor-element elementor-element-1d04dbe0 elementor-widget elementor-widget-text-editor\" data-id=\"1d04dbe0\" data-element_type=\"widget\" data-widget_type=\"text-editor.default\">\n\t\t\t\t\t\t\t\t\t<p class=\"p1\"><span class=\"s1\">De verzamelde persoonsgegevens zijn om verschillende redenen noodzakelijk, met name:<\/span><\/p><p class=\"p1\"><span class=\"s1\">\u2022 Voor de promotie en verspreiding van informatie (verzenden van nieuwsbrieven, communicatie over het programma...)<\/span><\/p><p class=\"p1\"><span class=\"s1\">\u2022 Om te voldoen aan onze wettelijke en administratieve verplichtingen,<\/span><\/p><p class=\"p1\"><span class=\"s1\"> \u2022 Voor klantrelatiebeheer,<\/span><\/p><p class=\"p1\"><span class=\"s1\">Ter verbetering van onze diensten,<\/span><\/p><p class=\"p1\"><span class=\"s1\">\u2022 Voor het opstellen van statistieken.<\/span><\/p><p class=\"p1\"><span class=\"s1\">In deze hoedanigheid kunnen bepaalde verzamelde of verwerkte gegevens wettelijk vereist zijn of noodzakelijk zijn voor communicatie. Uw persoonsgegevens kunnen via verschillende communicatiekanalen worden verzameld. Wij zullen uw persoonsgegevens voornamelijk gebruiken voor de volgende doeleinden: informatie en promotie van onze evenementen en aanbiedingen om het Ch\u00e2teau de Meung sur Loire te promoten en te valoriseren.<\/span><\/p><p class=\"p1\"><span class=\"s1\">Wij bewaren en verwerken uw persoonsgegevens gedurende de periode die nodig is om het nagestreefde doel te bereiken. De maximale bewaartermijn is 3 jaar.<\/span><\/p><p class=\"p1\"><span class=\"s1\">Om aan onze wettelijke verplichtingen te voldoen of te reageren op verzoeken van toezichthouders en bestuursorganen, evenals voor historische, statistische of wetenschappelijke onderzoeksdoeleinden, kunnen wij worden gedwongen uw gegevens te archiveren onder de wettelijke voorwaarden.<\/span><\/p><p class=\"p1\"><span class=\"s1\">Hieronder vindt u gedetailleerde informatie over de verwerkingen die wij op uw persoonsgegevens uitvoeren, met name met betrekking tot:<\/span><\/p><p class=\"p1\"><span class=\"s1\">\u2022 de doeleinden van de verwerkingen,<\/span><\/p><p class=\"p1\"><span class=\"s1\">\u2022 de wettelijke grondslagen die hun verwerking mogelijk maken,<\/span><\/p><p class=\"p1\"><span class=\"s1\">hun houdbaarheid,<\/span><\/p><p class=\"p1\"><span class=\"s1\">\u2022 hun ontvangers,<\/span><\/p><p class=\"p1\"><span class=\"s1\">\u2022 hun herkomst wanneer bepaalde gegevens niet rechtstreeks door SCI G.L.C.M zijn verzameld<\/span><\/p>\t\t\t\t\t\t\t\t<\/div>\n\t\t\t\t<div class=\"elementor-element elementor-element-440ac82e elementor-widget elementor-widget-heading\" data-id=\"440ac82e\" data-element_type=\"widget\" data-widget_type=\"heading.default\">\n\t\t\t\t\t<h2 class=\"elementor-heading-title elementor-size-default\">Toegangsrechten en updates<\/h2>\t\t\t\t<\/div>\n\t\t\t\t<div class=\"elementor-element elementor-element-56077233 elementor-widget elementor-widget-text-editor\" data-id=\"56077233\" data-element_type=\"widget\" data-widget_type=\"text-editor.default\">\n\t\t\t\t\t\t\t\t\t<p class=\"p1\"><span class=\"s1\">U kunt te allen tijde, onder de door de wet bepaalde voorwaarden, toegang krijgen tot uw persoonsgegevens, zich verzetten tegen de verwerking ervan op legitieme gronden, deze laten rectificeren, de verwijdering ervan aanvragen, de beperking van de verwerking ervan, de overdraagbaarheid ervan, of instructies geven over het lot ervan na uw overlijden.<\/span><\/p><p class=\"p1\"><span class=\"s1\">U kunt zich te allen tijde en zonder opgave van redenen verzetten tegen het gebruik van uw gegevens voor commerci\u00eble prospectie door SCI G.L.C.M. U kunt ten slotte, wanneer de rechtsgrondslag voor de verwerking toestemming is, deze toestemming intrekken.<\/span><\/p><p class=\"p1\"><span class=\"s1\">Houd er rekening mee dat de uitoefening van sommige van deze rechten de SCI G.L.C.M kan beletten, afhankelijk van het geval, bepaalde producten of diensten te leveren.<\/span><\/p><p class=\"p1\"><span class=\"s1\">Om dit te doen, hoeft u alleen maar een eenvoudige brief te sturen naar SCI G.L.C.M \u2013 Ch\u00e2teau de Meung sur Loire \u2013 16, place du Martroi \u2013 45 130 Meung sur Loire.<\/span><\/p><p class=\"p1\"><span class=\"s1\">U kunt uw verzoek ook richten aan de Functionaris voor Gegevensbescherming, per e-mail: <a href=\"mailto:info@chateau-de-meung.com\"><span class=\"s2\">info@chateau-de-meung.com<\/span><\/a><\/span><\/p><p class=\"p1\"><span class=\"s1\">In geval van geschil kunt u een klacht indienen bij de CNIL, wiens website toegankelijk is via het volgende adres: <a href=\"http:\/\/www.cnil.fr\/\" target=\"_blank\" rel=\"noopener\"><span class=\"s2\">http:\/\/www.cnil.fr<\/span><\/a> en het hoofdkantoor is gevestigd aan de Place de Fontenoy 3, 75007 Parijs.<\/span><\/p>\t\t\t\t\t\t\t\t<\/div>\n\t\t\t\t<div class=\"elementor-element elementor-element-31b600e2 elementor-widget elementor-widget-heading\" data-id=\"31b600e2\" data-element_type=\"widget\" data-widget_type=\"heading.default\">\n\t\t\t\t\t<h2 class=\"elementor-heading-title elementor-size-default\">Doel 1. Communicatie door SCI G.L.C.M<\/h2>\t\t\t\t<\/div>\n\t\t\t\t<div class=\"elementor-element elementor-element-1692c808 elementor-widget elementor-widget-text-editor\" data-id=\"1692c808\" data-element_type=\"widget\" data-widget_type=\"text-editor.default\">\n\t\t\t\t\t\t\t\t\t<div class=\"rgpd-table-wrap\">\n  <table class=\"rgpd-table\">\n    <thead>\n      <tr>\n        <th>Onder-specificatie<\/th>\n        <th>Wettelijke grondslag voor de verwerking<\/th>\n        <th>Bewaartermijn van gegevens<\/th>\n        <th>Ontvanger van de gegevens<\/th>\n        <th>Gegevens verkregen van derden<\/th>\n        <th>Aanvullende informatie<\/th>\n      <\/tr>\n    <\/thead>\n    <tbody>\n      <tr>\n        <td>Beheer van elektronische communicatie (nieuwsbrief)<\/td>\n        <td>Toestemming*<\/td>\n        <td>Drie (3) jaar vanaf de laatste communicatie<\/td>\n        <td><\/td>\n        <td>Nee<\/td>\n        <td><\/td>\n      <\/tr>\n      <tr>\n        <td>Realisatie van visuele uitingen voor elektronische of fysieke communicatie (posters, flyers, ...).<\/td>\n        <td>Toestemming*<\/td>\n        <td>Drie (3) jaar vanaf de laatste communicatie<\/td>\n        <td><\/td>\n        <td>Nee<\/td>\n        <td><\/td>\n      <\/tr>\n    <\/tbody>\n  <\/table>\n<\/div>\t\t\t\t\t\t\t\t<\/div>\n\t\t\t\t<div class=\"elementor-element elementor-element-b7592b6 elementor-widget elementor-widget-text-editor\" data-id=\"b7592b6\" data-element_type=\"widget\" data-widget_type=\"text-editor.default\">\n\t\t\t\t\t\t\t\t\t<p class=\"p1\"><span class=\"s1\">U heeft de mogelijkheid om uw toestemming voor de verwerking van deze gegevens voor dit subdoel in te trekken.<\/span><\/p>\t\t\t\t\t\t\t\t<\/div>\n\t\t\t\t<div class=\"elementor-element elementor-element-64ff56e5 elementor-widget elementor-widget-heading\" data-id=\"64ff56e5\" data-element_type=\"widget\" data-widget_type=\"heading.default\">\n\t\t\t\t\t<h2 class=\"elementor-heading-title elementor-size-default\">Einddoel 2. Klantenbeheer door de SCI G.L.C.M<\/h2>\t\t\t\t<\/div>\n\t\t\t\t<div class=\"elementor-element elementor-element-b771817 elementor-widget elementor-widget-text-editor\" data-id=\"b771817\" data-element_type=\"widget\" data-widget_type=\"text-editor.default\">\n\t\t\t\t\t\t\t\t\t<p class=\"p1\"><span class=\"s1\">Algemene beschrijving van de doelstelling: productbeheer en beheer van de relatie tussen klanten en de SCI G.L.C.M.<\/span><\/p>\t\t\t\t\t\t\t\t<\/div>\n\t\t\t\t<div class=\"elementor-element elementor-element-5629388 elementor-widget elementor-widget-text-editor\" data-id=\"5629388\" data-element_type=\"widget\" data-widget_type=\"text-editor.default\">\n\t\t\t\t\t\t\t\t\t<div class=\"rgpd-table-wrap\">\n  <table class=\"rgpd-table\">\n    <thead>\n      <tr>\n        <th>Onder-specificatie<\/th>\n        <th>Wettelijke grondslag voor de verwerking<\/th>\n        <th>Bewaartermijn van gegevens<\/th>\n        <th>Ontvanger van de gegevens<\/th>\n        <th>Gegevens verkregen van derden<\/th>\n        <th>Aanvullende informatie<\/th>\n      <\/tr>\n    <\/thead>\n\n    <tbody>\n      <tr>\n        <td>Klantbeheer<\/td>\n        <td>Noodzakelijk voor de transactie<\/td>\n        <td>Drie (3) jaar vanaf de transactie voor gegevens met betrekking tot die transactie<\/td>\n        <td>SCI G.L.C.M<\/td>\n        <td>Ja<\/td>\n        <td>Gebruik van de Regionale Toeristische Marktplaats<\/td>\n      <\/tr>\n\n      <tr>\n        <td>Klantbeheer<\/td>\n        <td>Noodzakelijk voor de transactie<\/td>\n        <td>Drie (3) jaar vanaf de transactie voor gegevens met betrekking tot die transactie<\/td>\n        <td>SCI G.L.C.M<\/td>\n        <td>Ja<\/td>\n        <td>Gebruik van Patrivia tickets<\/td>\n      <\/tr>\n    <\/tbody>\n  <\/table>\n<\/div>\t\t\t\t\t\t\t\t<\/div>\n\t\t\t\t<div class=\"elementor-element elementor-element-abc9577 elementor-widget elementor-widget-text-editor\" data-id=\"abc9577\" data-element_type=\"widget\" data-widget_type=\"text-editor.default\">\n\t\t\t\t\t\t\t\t\t<p class=\"p1\"><span class=\"s1\"><i>Regionaal Toeristisch Marktplein - het reserveringssysteem van SCI G.L.C.M<\/i><i><\/i><\/span><\/p><p class=\"p1\"><span class=\"s2\">Elk element dat online op de website kan worden gereserveerd <a href=\"https:\/\/chateau-de-meung.com\/nl\/\"><span class=\"s3\">www.chateau-de-meung.com<\/span><\/a> komt uit het Regionale Toeristische Marktplaats Systeem (Open System Technology \u2013 Networks Alliance) dat gebruikers rechtstreeks in contact brengt met verkopers die geregistreerd zijn als leden van de Marktplaats. Voor elke boeking die vanaf de website wordt gemaakt <a href=\"https:\/\/chateau-de-meung.com\/nl\/\"><span class=\"s3\">www.chateau-de-meung.com<\/span><\/a> de gebruiker moet akkoord gaan met deze Algemene Gebruiksvoorwaarden naast de <a href=\"https:\/\/chateau-de-meung.com\/nl\/algemene-verkoopsvoorwaarden\/\"><span class=\"s3\">Algemene Verkoopvoorwaarden<\/span><\/a> van de verkoper die betrokken is bij de reservering.<\/span><\/p>\t\t\t\t\t\t\t\t<\/div>\n\t\t\t\t<div class=\"elementor-element elementor-element-6c81df1 elementor-widget elementor-widget-text-editor\" data-id=\"6c81df1\" data-element_type=\"widget\" data-widget_type=\"text-editor.default\">\n\t\t\t\t\t\t\t\t\t<p class=\"p1\"><span class=\"s1\"><i>Andere reserveringssystemen \u2013 Patrivia<\/i><i><\/i><\/span><\/p><p class=\"p1\"><span class=\"s2\">Alle items die online geboekt kunnen worden op andere sites dan <a href=\"https:\/\/chateau-de-meung.com\/nl\/\"><span class=\"s3\">www.chateau-de-meung.com<\/span><\/a> komen uit de systemen die rechtstreeks door hun managers worden beheerd. Voor elke reservering die via andere websites wordt gemaakt, moet de gebruiker de Algemene Gebruiksvoorwaarden accepteren, naast de Algemene Verkoopvoorwaarden van de verkoper die bij de reservering betrokken is.<\/span><\/p>\t\t\t\t\t\t\t\t<\/div>\n\t\t\t\t<div class=\"elementor-element elementor-element-7f865f32 elementor-widget elementor-widget-heading\" data-id=\"7f865f32\" data-element_type=\"widget\" data-widget_type=\"heading.default\">\n\t\t\t\t\t<h2 class=\"elementor-heading-title elementor-size-default\">Doelstelling 3. Prospectie en analyse<\/h2>\t\t\t\t<\/div>\n\t\t\t\t<div class=\"elementor-element elementor-element-7b6bde48 elementor-widget elementor-widget-text-editor\" data-id=\"7b6bde48\" data-element_type=\"widget\" data-widget_type=\"text-editor.default\">\n\t\t\t\t\t\t\t\t\t<p class=\"p1\"><span class=\"s1\">Algemene beschrijving van het doel: Aanbod ontwikkelen, bezoekers kennen en binden.<\/span><\/p>\t\t\t\t\t\t\t\t<\/div>\n\t\t\t\t<div class=\"elementor-element elementor-element-88e1efb elementor-widget elementor-widget-text-editor\" data-id=\"88e1efb\" data-element_type=\"widget\" data-widget_type=\"text-editor.default\">\n\t\t\t\t\t\t\t\t\t<div class=\"rgpd-table-wrap\">\n  <table class=\"rgpd-table\">\n    <thead>\n      <tr>\n        <th>Onder-specificatie<\/th>\n        <th>Wettelijke grondslag voor de verwerking<\/th>\n        <th>Bewaartermijn van gegevens<\/th>\n        <th>Ontvanger van de gegevens<\/th>\n        <th>Gegevens verkregen van derden<\/th>\n        <th>Aanvullende informatie<\/th>\n      <\/tr>\n    <\/thead>\n<tbody>\n  <tr>\n    <td>Bezoekersbeheer<\/td>\n    <td>Gerechtvaardigd belang van SCI G.L.C.M<\/td>\n    <td>Drie (3) jaar vanaf de laatste inlogdatum<\/td>\n    <td>SCI G.L.C.M<\/td>\n    <td>Google Analytics, Facebook-pixel<\/td>\n    <td><\/td>\n  <\/tr>\n\n  <tr>\n    <td>Klanttevredenheidsbeheer<\/td>\n    <td>Toestemming*<\/td>\n    <td>Drie (3) jaar vanaf de laatste inlogdatum<\/td>\n    <td><\/td>\n    <td>Nee<\/td>\n    <td><\/td>\n  <\/tr>\n<\/tbody>\n  <\/table>\n<\/div>\n\t\t\t\t\t\t\t\t<\/div>\n\t\t\t\t<div class=\"elementor-element elementor-element-95de0ac elementor-widget elementor-widget-text-editor\" data-id=\"95de0ac\" data-element_type=\"widget\" data-widget_type=\"text-editor.default\">\n\t\t\t\t\t\t\t\t\t<p class=\"p1\"><span class=\"s1\">U heeft de mogelijkheid om uw toestemming voor de verwerking van deze gegevens voor dit subdoel in te trekken.<\/span><\/p>\t\t\t\t\t\t\t\t<\/div>\n\t\t\t\t\t<\/div>\n\t\t\t\t<\/div>\n\t\t\t\t<\/div>","protected":false},"excerpt":{"rendered":"<p>Politique de confidentialit\u00e9 Cliquez ici Pr\u00e9ambule Le R\u00e8glement (EU) 2016\/679 du Parlement Europ\u00e9en et du Conseil du 27 avril 2016 relatif \u00e0 la protection des donn\u00e9es, (ci-apr\u00e8s RGPD) fixe le cadre juridique applicable aux traitements de donn\u00e9es \u00e0 caract\u00e8re personnel. Ce texte renforce les droits et les obligations des responsables de traitements, des sous-traitants, des [&hellip;]<\/p>\n","protected":false},"author":1,"featured_media":0,"parent":0,"menu_order":0,"comment_status":"closed","ping_status":"open","template":"","meta":{"_acf_changed":false,"footnotes":""},"class_list":["post-3","page","type-page","status-publish","hentry"],"acf":[],"_links":{"self":[{"href":"https:\/\/chateau-de-meung.com\/nl\/wp-json\/wp\/v2\/pages\/3","targetHints":{"allow":["GET"]}}],"collection":[{"href":"https:\/\/chateau-de-meung.com\/nl\/wp-json\/wp\/v2\/pages"}],"about":[{"href":"https:\/\/chateau-de-meung.com\/nl\/wp-json\/wp\/v2\/types\/page"}],"author":[{"embeddable":true,"href":"https:\/\/chateau-de-meung.com\/nl\/wp-json\/wp\/v2\/users\/1"}],"replies":[{"embeddable":true,"href":"https:\/\/chateau-de-meung.com\/nl\/wp-json\/wp\/v2\/comments?post=3"}],"version-history":[{"count":16,"href":"https:\/\/chateau-de-meung.com\/nl\/wp-json\/wp\/v2\/pages\/3\/revisions"}],"predecessor-version":[{"id":3064,"href":"https:\/\/chateau-de-meung.com\/nl\/wp-json\/wp\/v2\/pages\/3\/revisions\/3064"}],"wp:attachment":[{"href":"https:\/\/chateau-de-meung.com\/nl\/wp-json\/wp\/v2\/media?parent=3"}],"curies":[{"name":"wp","href":"https:\/\/api.w.org\/{rel}","templated":true}]}}