{"id":780,"date":"2026-02-24T18:29:55","date_gmt":"2026-02-24T17:29:55","guid":{"rendered":"https:\/\/meung-sur-loire.agenceparadoxe.com\/?page_id=780"},"modified":"2026-04-02T17:56:01","modified_gmt":"2026-04-02T15:56:01","slug":"immersief-bezoek","status":"publish","type":"page","link":"https:\/\/chateau-de-meung.com\/nl\/chateau\/visite-immersive\/","title":{"rendered":"Een meeslepende bezoek aan het hart van het kasteel"},"content":{"rendered":"<div data-elementor-type=\"wp-page\" data-elementor-id=\"780\" class=\"elementor elementor-780\" data-elementor-post-type=\"page\">\n\t\t\t\t<div class=\"elementor-element elementor-element-4059c9af e-flex e-con-boxed e-con e-parent\" data-id=\"4059c9af\" data-element_type=\"container\" data-settings=\"{&quot;background_background&quot;:&quot;classic&quot;}\">\n\t\t\t\t\t<div class=\"e-con-inner\">\n\t\t<div class=\"elementor-element elementor-element-3a03aadf e-con-full e-flex e-con e-child\" data-id=\"3a03aadf\" data-element_type=\"container\">\n\t\t\t\t<div class=\"elementor-element elementor-element-3e8ff0b9 elementor-widget elementor-widget-heading\" data-id=\"3e8ff0b9\" data-element_type=\"widget\" data-widget_type=\"heading.default\">\n\t\t\t\t\t<h1 class=\"elementor-heading-title elementor-size-default\">Een meeslepende bezoek aan het hart van het kasteel\n\n\n<\/h1>\t\t\t\t<\/div>\n\t\t\t\t<div class=\"elementor-element elementor-element-d7071f5 elementor-widget elementor-widget-heading\" data-id=\"d7071f5\" data-element_type=\"widget\" data-widget_type=\"heading.default\">\n\t\t\t\t\t<h2 class=\"elementor-heading-title elementor-size-default\">Wanneer geschiedenis zich onthult door ervaring<\/h2>\t\t\t\t<\/div>\n\t\t<div class=\"elementor-element elementor-element-6148220f e-con-full e-flex e-con e-child\" data-id=\"6148220f\" data-element_type=\"container\">\n\t\t\t\t<div class=\"elementor-element elementor-element-136ed9d meung-btn meung-btn--red elementor-widget elementor-widget-button\" data-id=\"136ed9d\" data-element_type=\"widget\" data-widget_type=\"button.default\">\n\t\t\t\t\t\t\t\t\t\t<a class=\"elementor-button elementor-button-link elementor-size-sm\" href=\"\/nl\/kassa\/\">\n\t\t\t\t\t\t<span class=\"elementor-button-content-wrapper\">\n\t\t\t\t\t\t<span class=\"elementor-button-icon\">\n\t\t\t\t<svg aria-hidden=\"true\" class=\"e-font-icon-svg e-fas-arrow-right\" viewbox=\"0 0 448 512\" xmlns=\"http:\/\/www.w3.org\/2000\/svg\"><path d=\"M190.5 66.9l22.2-22.2c9.4-9.4 24.6-9.4 33.9 0L441 239c9.4 9.4 9.4 24.6 0 33.9L246.6 467.3c-9.4 9.4-24.6 9.4-33.9 0l-22.2-22.2c-9.5-9.5-9.3-25 .4-34.3L311.4 296H24c-13.3 0-24-10.7-24-24v-32c0-13.3 10.7-24 24-24h287.4L190.9 101.2c-9.8-9.3-10-24.8-.4-34.3z\"><\/path><\/svg>\t\t\t<\/span>\n\t\t\t\t\t\t\t\t\t<span class=\"elementor-button-text\">KAARTVERKOOP<\/span>\n\t\t\t\t\t<\/span>\n\t\t\t\t\t<\/a>\n\t\t\t\t\t\t\t\t<\/div>\n\t\t\t\t<div class=\"elementor-element elementor-element-1efa0ed8 meung-btn meung-btn--white elementor-widget elementor-widget-button\" data-id=\"1efa0ed8\" data-element_type=\"widget\" data-widget_type=\"button.default\">\n\t\t\t\t\t\t\t\t\t\t<a class=\"elementor-button elementor-button-link elementor-size-sm\" href=\"\/nl\/contact\/\">\n\t\t\t\t\t\t<span class=\"elementor-button-content-wrapper\">\n\t\t\t\t\t\t<span class=\"elementor-button-icon\">\n\t\t\t\t<svg aria-hidden=\"true\" class=\"e-font-icon-svg e-fas-arrow-right\" viewbox=\"0 0 448 512\" xmlns=\"http:\/\/www.w3.org\/2000\/svg\"><path d=\"M190.5 66.9l22.2-22.2c9.4-9.4 24.6-9.4 33.9 0L441 239c9.4 9.4 9.4 24.6 0 33.9L246.6 467.3c-9.4 9.4-24.6 9.4-33.9 0l-22.2-22.2c-9.5-9.5-9.3-25 .4-34.3L311.4 296H24c-13.3 0-24-10.7-24-24v-32c0-13.3 10.7-24 24-24h287.4L190.9 101.2c-9.8-9.3-10-24.8-.4-34.3z\"><\/path><\/svg>\t\t\t<\/span>\n\t\t\t\t\t\t\t\t\t<span class=\"elementor-button-text\">CONTACT<\/span>\n\t\t\t\t\t<\/span>\n\t\t\t\t\t<\/a>\n\t\t\t\t\t\t\t\t<\/div>\n\t\t\t\t<\/div>\n\t\t\t\t<\/div>\n\t\t\t\t\t<\/div>\n\t\t\t\t<\/div>\n\t\t<div class=\"elementor-element elementor-element-4cd7d9fc e-flex e-con-boxed e-con e-parent\" data-id=\"4cd7d9fc\" data-element_type=\"container\" data-settings=\"{&quot;background_background&quot;:&quot;classic&quot;}\">\n\t\t\t\t\t<div class=\"e-con-inner\">\n\t\t\t\t<div class=\"elementor-element elementor-element-4e60b226 elementor-widget elementor-widget-text-editor\" data-id=\"4e60b226\" data-element_type=\"widget\" data-widget_type=\"text-editor.default\">\n\t\t\t\t\t\t\t\t\t<p class=\"p1\"><span class=\"s1\">In het kasteel van Meung-sur-Loire beperkt het bezoek zich niet tot het aanschouwen van de plek.<\/span><\/p><p class=\"p1\"><span class=\"s1\">Ze wordt verrijkt met discrete meeslepende apparaten, bedoeld om het traject te structureren en andere sleutels tot begrip te bieden, zonder ooit af te doen aan de authenticiteit van het monument.<\/span><\/p><p class=\"p2\"><span class=\"s2\">Deze ervaringen vullen het klassieke bezoek aan en bieden een andere kijk op de geschiedenis, door middel van verhalen, zintuigen en beelden.<\/span><\/p>\t\t\t\t\t\t\t\t<\/div>\n\t\t\t\t\t<\/div>\n\t\t\t\t<\/div>\n\t\t<div class=\"elementor-element elementor-element-324474a3 e-flex e-con-boxed e-con e-parent\" data-id=\"324474a3\" data-element_type=\"container\" id=\"souterrain\" data-settings=\"{&quot;background_background&quot;:&quot;classic&quot;}\">\n\t\t\t\t\t<div class=\"e-con-inner\">\n\t\t<div class=\"elementor-element elementor-element-1bbc31d2 e-con-full e-flex e-con e-child\" data-id=\"1bbc31d2\" data-element_type=\"container\">\n\t\t<div class=\"elementor-element elementor-element-d814e3e e-con-full e-flex e-con e-child\" data-id=\"d814e3e\" data-element_type=\"container\" data-settings=\"{&quot;background_background&quot;:&quot;classic&quot;}\">\n\t\t<div class=\"elementor-element elementor-element-23a72ae e-con-full e-flex e-con e-child\" data-id=\"23a72ae\" data-element_type=\"container\" data-settings=\"{&quot;background_background&quot;:&quot;classic&quot;}\">\n\t\t\t\t<\/div>\n\t\t<div class=\"elementor-element elementor-element-74e2138a e-con-full e-flex e-con e-child\" data-id=\"74e2138a\" data-element_type=\"container\" data-settings=\"{&quot;background_background&quot;:&quot;classic&quot;}\">\n\t\t\t\t<div class=\"elementor-element elementor-element-61952a1e elementor-widget elementor-widget-text-editor\" data-id=\"61952a1e\" data-element_type=\"widget\" data-widget_type=\"text-editor.default\">\n\t\t\t\t\t\t\t\t\t<p class=\"p1\"><span class=\"s1\">LES BOITAKOI<\/span><\/p>\t\t\t\t\t\t\t\t<\/div>\n\t\t\t\t<div class=\"elementor-element elementor-element-7f6db783 elementor-widget elementor-widget-heading\" data-id=\"7f6db783\" data-element_type=\"widget\" data-widget_type=\"heading.default\">\n\t\t\t\t\t<h2 class=\"elementor-heading-title elementor-size-default\">Wanneer voorwerpen het verhaal vertellen<\/h2>\t\t\t\t<\/div>\n\t\t\t\t<div class=\"elementor-element elementor-element-31f2281 elementor-widget elementor-widget-text-editor\" data-id=\"31f2281\" data-element_type=\"widget\" data-widget_type=\"text-editor.default\">\n\t\t\t\t\t\t\t\t\t<p class=\"p1\"><span class=\"s1\">Gedurende de hele tour nodigen de BOITAKOI uit om met een andere blik te kijken naar het <a href=\"\/nl\/kasteel\/\">kasteel<\/a>.<\/span><\/p><p class=\"p1\"><span class=\"s1\">Deze ongebruikelijke of onverwachte objecten maken het mogelijk om het dagelijks leven, het gebruik ervan en anekdotes van de plek op een toegankelijke en levendige manier te benaderen. Gepresenteerd in een bijzondere vitrine, verrassen ze en bieden ze verhalende pauzes tijdens de route.<\/span><\/p><p class=\"p1\"><span class=\"s1\">Ze bieden een eigenzinnige, gevoelige en concretere lezing van de geschiedenis, waardoor de plaatsen in hun oorspronkelijke context kunnen worden ontdekt.<\/span><\/p><p class=\"p3\"><span class=\"s2\">Meer dan 2.000 objecten zijn zo te ontdekken in het kasteel.<\/span><\/p>\t\t\t\t\t\t\t\t<\/div>\n\t\t\t\t<\/div>\n\t\t<div class=\"elementor-element elementor-element-12f3467c e-con-full e-flex e-con e-child\" data-id=\"12f3467c\" data-element_type=\"container\">\n\t\t\t\t<div class=\"elementor-element elementor-element-27ef8c01 meung-btn meung-btn--red elementor-align-center elementor-widget elementor-widget-button\" data-id=\"27ef8c01\" data-element_type=\"widget\" data-widget_type=\"button.default\">\n\t\t\t\t\t\t\t\t\t\t<a class=\"elementor-button elementor-button-link elementor-size-sm\" href=\"\/nl\/kassa\/\">\n\t\t\t\t\t\t<span class=\"elementor-button-content-wrapper\">\n\t\t\t\t\t\t<span class=\"elementor-button-icon\">\n\t\t\t\t<svg aria-hidden=\"true\" class=\"e-font-icon-svg e-fas-arrow-right\" viewbox=\"0 0 448 512\" xmlns=\"http:\/\/www.w3.org\/2000\/svg\"><path d=\"M190.5 66.9l22.2-22.2c9.4-9.4 24.6-9.4 33.9 0L441 239c9.4 9.4 9.4 24.6 0 33.9L246.6 467.3c-9.4 9.4-24.6 9.4-33.9 0l-22.2-22.2c-9.5-9.5-9.3-25 .4-34.3L311.4 296H24c-13.3 0-24-10.7-24-24v-32c0-13.3 10.7-24 24-24h287.4L190.9 101.2c-9.8-9.3-10-24.8-.4-34.3z\"><\/path><\/svg>\t\t\t<\/span>\n\t\t\t\t\t\t\t\t\t<span class=\"elementor-button-text\">KAARTVERKOOP<\/span>\n\t\t\t\t\t<\/span>\n\t\t\t\t\t<\/a>\n\t\t\t\t\t\t\t\t<\/div>\n\t\t\t\t<\/div>\n\t\t\t\t<\/div>\n\t\t\t\t<\/div>\n\t\t\t\t\t<\/div>\n\t\t\t\t<\/div>\n\t\t<div class=\"elementor-element elementor-element-651aba9f e-flex e-con-boxed e-con e-parent\" data-id=\"651aba9f\" data-element_type=\"container\" id=\"liphard\" data-settings=\"{&quot;background_background&quot;:&quot;classic&quot;}\">\n\t\t\t\t\t<div class=\"e-con-inner\">\n\t\t<div class=\"elementor-element elementor-element-6b8353af e-con-full e-flex e-con e-child\" data-id=\"6b8353af\" data-element_type=\"container\">\n\t\t<div class=\"elementor-element elementor-element-6a02871d e-con-full e-flex e-con e-child\" data-id=\"6a02871d\" data-element_type=\"container\">\n\t\t\t\t<div class=\"elementor-element elementor-element-787791d1 elementor-widget elementor-widget-text-editor\" data-id=\"787791d1\" data-element_type=\"widget\" data-widget_type=\"text-editor.default\">\n\t\t\t\t\t\t\t\t\t<p class=\"p1\">GEURWAARNEMING<\/p>\t\t\t\t\t\t\t\t<\/div>\n\t\t\t\t<div class=\"elementor-element elementor-element-d370cda elementor-widget elementor-widget-heading\" data-id=\"d370cda\" data-element_type=\"widget\" data-widget_type=\"heading.default\">\n\t\t\t\t\t<h2 class=\"elementor-heading-title elementor-size-default\">Het leven in het kasteel voelen<\/h2>\t\t\t\t<\/div>\n\t\t\t\t<div class=\"elementor-element elementor-element-324ba6a4 elementor-widget elementor-widget-text-editor\" data-id=\"324ba6a4\" data-element_type=\"widget\" data-widget_type=\"text-editor.default\">\n\t\t\t\t\t\t\t\t\t<p class=\"p1\"><span class=\"s1\">Sommige zalen van het binnengebied zijn verrijkt met een odorama-route en geluidsomgevingen.<\/span><\/p><p class=\"p1\"><span class=\"s1\">Met deze zintuiglijke apparaten kunnen de alledaagse taferelen in het kasteel uit verschillende periodes worden opgeroepen: geuren, geluiden en sferen vullen de ontdekking van de gemeubileerde vertrekken aan.<\/span><\/p><p class=\"p1\"><span class=\"s1\">Een meeslepende, discrete en respectvolle benadering van het monument, die een andere dimensie aan het bezoek geeft.<\/span><\/p><p class=\"p3\"><span class=\"s2\">Afhankelijk van de programmering en de animatieperiodes kunnen bepaalde voorzieningen tijdelijk worden aangepast.<\/span><\/p>\t\t\t\t\t\t\t\t<\/div>\n\t\t\t\t<div class=\"elementor-element elementor-element-61be6c77 meung-btn meung-btn--navy elementor-align-left elementor-widget elementor-widget-button\" data-id=\"61be6c77\" data-element_type=\"widget\" data-widget_type=\"button.default\">\n\t\t\t\t\t\t\t\t\t\t<a class=\"elementor-button elementor-button-link elementor-size-sm\" href=\"\/nl\/kasteel\/\">\n\t\t\t\t\t\t<span class=\"elementor-button-content-wrapper\">\n\t\t\t\t\t\t<span class=\"elementor-button-icon\">\n\t\t\t\t<svg aria-hidden=\"true\" class=\"e-font-icon-svg e-fas-arrow-right\" viewbox=\"0 0 448 512\" xmlns=\"http:\/\/www.w3.org\/2000\/svg\"><path d=\"M190.5 66.9l22.2-22.2c9.4-9.4 24.6-9.4 33.9 0L441 239c9.4 9.4 9.4 24.6 0 33.9L246.6 467.3c-9.4 9.4-24.6 9.4-33.9 0l-22.2-22.2c-9.5-9.5-9.3-25 .4-34.3L311.4 296H24c-13.3 0-24-10.7-24-24v-32c0-13.3 10.7-24 24-24h287.4L190.9 101.2c-9.8-9.3-10-24.8-.4-34.3z\"><\/path><\/svg>\t\t\t<\/span>\n\t\t\t\t\t\t\t\t\t<span class=\"elementor-button-text\">BEZOEK AAN het Kasteel<\/span>\n\t\t\t\t\t<\/span>\n\t\t\t\t\t<\/a>\n\t\t\t\t\t\t\t\t<\/div>\n\t\t\t\t<\/div>\n\t\t<div class=\"elementor-element elementor-element-7adc81f0 e-con-full e-flex e-con e-child\" data-id=\"7adc81f0\" data-element_type=\"container\" data-settings=\"{&quot;background_background&quot;:&quot;classic&quot;}\">\n\t\t\t\t<div class=\"elementor-element elementor-element-24ff9706 elementor-widget elementor-widget-image\" data-id=\"24ff9706\" data-element_type=\"widget\" data-widget_type=\"image.default\">\n\t\t\t\t\t\t\t\t\t\t\t\t\t\t\t<img fetchpriority=\"high\" decoding=\"async\" width=\"750\" height=\"900\" src=\"https:\/\/chateau-de-meung.com\/wp-content\/uploads\/2026\/02\/6-Autrement-Image2.jpg\" class=\"attachment-full size-full wp-image-792\" alt=\"\" srcset=\"https:\/\/chateau-de-meung.com\/wp-content\/uploads\/2026\/02\/6-Autrement-Image2.jpg 750w, https:\/\/chateau-de-meung.com\/wp-content\/uploads\/2026\/02\/6-Autrement-Image2-250x300.jpg 250w\" sizes=\"(max-width: 750px) 100vw, 750px\" \/>\t\t\t\t\t\t\t\t\t\t\t\t\t\t\t<\/div>\n\t\t\t\t<\/div>\n\t\t\t\t<\/div>\n\t\t\t\t\t<\/div>\n\t\t\t\t<\/div>\n\t\t<div class=\"elementor-element elementor-element-1b407a42 e-flex e-con-boxed e-con e-parent\" data-id=\"1b407a42\" data-element_type=\"container\" id=\"famille\" data-settings=\"{&quot;background_background&quot;:&quot;classic&quot;}\">\n\t\t\t\t\t<div class=\"e-con-inner\">\n\t\t<div class=\"elementor-element elementor-element-788d2503 e-con-full e-flex e-con e-child\" data-id=\"788d2503\" data-element_type=\"container\" data-settings=\"{&quot;background_background&quot;:&quot;classic&quot;}\">\n\t\t\t\t<div class=\"elementor-element elementor-element-290ecb52 elementor-widget elementor-widget-text-editor\" data-id=\"290ecb52\" data-element_type=\"widget\" data-widget_type=\"text-editor.default\">\n\t\t\t\t\t\t\t\t\t<p class=\"p1\"><span class=\"s1\">KAARTEN<\/span><\/p>\t\t\t\t\t\t\t\t<\/div>\n\t\t\t\t<div class=\"elementor-element elementor-element-1847106d elementor-widget elementor-widget-heading\" data-id=\"1847106d\" data-element_type=\"widget\" data-widget_type=\"heading.default\">\n\t\t\t\t\t<h2 class=\"elementor-heading-title elementor-size-default\">De tijd in beelden<\/h2>\t\t\t\t<\/div>\n\t\t\t\t<div class=\"elementor-element elementor-element-3dbd92a5 elementor-widget elementor-widget-text-editor\" data-id=\"3dbd92a5\" data-element_type=\"widget\" data-widget_type=\"text-editor.default\">\n\t\t\t\t\t\t\t\t\t<p class=\"p1\"><span class=\"s1\">Twee videoprojecties verfraaien het bezoek.<\/span><\/p><p class=\"p1\"><span class=\"s1\">Ontdek vanaf de eerste zaal de galerij van illustere figuren die de geschiedenis van het kasteel hebben getekend, geprojecteerd in de Gardezaal.<\/span><\/p><p class=\"p1\"><span class=\"s1\">Verderop, in de Zaal van de Tijd, maken beelden en projecties het mogelijk om de belangrijke data en de sleutelmomenten in de evolutie van het kasteel te visualiseren.<\/span><\/p><p class=\"p3\"><span class=\"s2\">Deze sequenties bieden een adempauze in de reis en leveren een synthetische en levendige lezing van de geschiedenis ervan.<\/span><\/p>\t\t\t\t\t\t\t\t<\/div>\n\t\t\t\t<\/div>\n\t\t<div class=\"elementor-element elementor-element-1fafb2eb e-con-full e-flex e-con e-child\" data-id=\"1fafb2eb\" data-element_type=\"container\" data-settings=\"{&quot;background_background&quot;:&quot;classic&quot;}\">\n\t\t\t\t<div class=\"elementor-element elementor-element-72daec71 meung-btn meung-btn--sky elementor-align-left elementor-widget elementor-widget-button\" data-id=\"72daec71\" data-element_type=\"widget\" data-widget_type=\"button.default\">\n\t\t\t\t\t\t\t\t\t\t<a class=\"elementor-button elementor-button-link elementor-size-sm\" href=\"\/nl\/activiteitenpark\/familiebezoek\/\">\n\t\t\t\t\t\t<span class=\"elementor-button-content-wrapper\">\n\t\t\t\t\t\t<span class=\"elementor-button-icon\">\n\t\t\t\t<svg aria-hidden=\"true\" class=\"e-font-icon-svg e-fas-arrow-right\" viewbox=\"0 0 448 512\" xmlns=\"http:\/\/www.w3.org\/2000\/svg\"><path d=\"M190.5 66.9l22.2-22.2c9.4-9.4 24.6-9.4 33.9 0L441 239c9.4 9.4 9.4 24.6 0 33.9L246.6 467.3c-9.4 9.4-24.6 9.4-33.9 0l-22.2-22.2c-9.5-9.5-9.3-25 .4-34.3L311.4 296H24c-13.3 0-24-10.7-24-24v-32c0-13.3 10.7-24 24-24h287.4L190.9 101.2c-9.8-9.3-10-24.8-.4-34.3z\"><\/path><\/svg>\t\t\t<\/span>\n\t\t\t\t\t\t\t\t\t<span class=\"elementor-button-text\">FAMILIEBEZOEK<\/span>\n\t\t\t\t\t<\/span>\n\t\t\t\t\t<\/a>\n\t\t\t\t\t\t\t\t<\/div>\n\t\t\t\t<\/div>\n\t\t\t\t\t<\/div>\n\t\t\t\t<\/div>\n\t\t<div class=\"elementor-element elementor-element-39f1fcc e-flex e-con-boxed e-con e-parent\" data-id=\"39f1fcc\" data-element_type=\"container\" data-settings=\"{&quot;background_background&quot;:&quot;classic&quot;}\">\n\t\t\t\t\t<div class=\"e-con-inner\">\n\t\t<div class=\"elementor-element elementor-element-65cd183c e-con-full e-flex e-con e-child\" data-id=\"65cd183c\" data-element_type=\"container\">\n\t\t\t\t<div class=\"elementor-element elementor-element-621a356b elementor-widget elementor-widget-text-editor\" data-id=\"621a356b\" data-element_type=\"widget\" data-widget_type=\"text-editor.default\">\n\t\t\t\t\t\t\t\t\t<p class=\"p1\"><span class=\"s1\">Deze meeslepende apparaten vervangen het bezoek aan het kasteel niet; ze begeleiden het. <\/span><span class=\"s2\">Ze bieden andere manieren om de Geschiedenis binnen te gaan, plekken beter te begrijpen en het verloop te markeren, voor een levendigere en toegankelijkere bezoekerservaring.<\/span><\/p>\t\t\t\t\t\t\t\t<\/div>\n\t\t\t\t<\/div>\n\t\t<div class=\"elementor-element elementor-element-762027e3 e-con-full e-flex e-con e-child\" data-id=\"762027e3\" data-element_type=\"container\">\n\t\t<div class=\"elementor-element elementor-element-15768697 e-con-full e-flex e-con e-child\" data-id=\"15768697\" data-element_type=\"container\" data-settings=\"{&quot;background_background&quot;:&quot;classic&quot;}\">\n\t\t<div class=\"elementor-element elementor-element-3316226e e-con-full e-flex e-con e-child\" data-id=\"3316226e\" data-element_type=\"container\">\n\t\t\t\t<div class=\"elementor-element elementor-element-11b3a409 elementor-widget elementor-widget-heading\" data-id=\"11b3a409\" data-element_type=\"widget\" data-widget_type=\"heading.default\">\n\t\t\t\t\t<h2 class=\"elementor-heading-title elementor-size-default\"><a href=\"\/nl\/activiteitenpark\/familiebezoek\/\">Familiebezoek<\/a><\/h2>\t\t\t\t<\/div>\n\t\t\t\t<div class=\"elementor-element elementor-element-5880489a meung-btn meung-btn--red meung-btn--round elementor-widget elementor-widget-button\" data-id=\"5880489a\" data-element_type=\"widget\" data-widget_type=\"button.default\">\n\t\t\t\t\t\t\t\t\t\t<a class=\"elementor-button elementor-button-link elementor-size-sm\" href=\"\/nl\/activiteitenpark\/familiebezoek\/\">\n\t\t\t\t\t\t<span class=\"elementor-button-content-wrapper\">\n\t\t\t\t\t\t<span class=\"elementor-button-icon\">\n\t\t\t\t<svg aria-hidden=\"true\" class=\"e-font-icon-svg e-fas-arrow-right\" viewbox=\"0 0 448 512\" xmlns=\"http:\/\/www.w3.org\/2000\/svg\"><path d=\"M190.5 66.9l22.2-22.2c9.4-9.4 24.6-9.4 33.9 0L441 239c9.4 9.4 9.4 24.6 0 33.9L246.6 467.3c-9.4 9.4-24.6 9.4-33.9 0l-22.2-22.2c-9.5-9.5-9.3-25 .4-34.3L311.4 296H24c-13.3 0-24-10.7-24-24v-32c0-13.3 10.7-24 24-24h287.4L190.9 101.2c-9.8-9.3-10-24.8-.4-34.3z\"><\/path><\/svg>\t\t\t<\/span>\n\t\t\t\t\t\t\t\t\t<span class=\"elementor-button-text\">KAARTVERKOOP<\/span>\n\t\t\t\t\t<\/span>\n\t\t\t\t\t<\/a>\n\t\t\t\t\t\t\t\t<\/div>\n\t\t\t\t<\/div>\n\t\t\t\t<\/div>\n\t\t<div class=\"elementor-element elementor-element-336bdf6e e-con-full e-flex e-con e-child\" data-id=\"336bdf6e\" data-element_type=\"container\" data-settings=\"{&quot;background_background&quot;:&quot;classic&quot;}\">\n\t\t<div class=\"elementor-element elementor-element-66496122 e-con-full e-flex e-con e-child\" data-id=\"66496122\" data-element_type=\"container\">\n\t\t\t\t<div class=\"elementor-element elementor-element-347fae02 elementor-widget elementor-widget-heading\" data-id=\"347fae02\" data-element_type=\"widget\" data-widget_type=\"heading.default\">\n\t\t\t\t\t<h2 class=\"elementor-heading-title elementor-size-default\"><a href=\"\/nl\/kasteel\/\">Het kasteel ontdekken<\/a><\/h2>\t\t\t\t<\/div>\n\t\t\t\t<div class=\"elementor-element elementor-element-4aae2907 meung-btn meung-btn--red meung-btn--round elementor-widget elementor-widget-button\" data-id=\"4aae2907\" data-element_type=\"widget\" data-widget_type=\"button.default\">\n\t\t\t\t\t\t\t\t\t\t<a class=\"elementor-button elementor-button-link elementor-size-sm\" href=\"\/nl\/kasteel\/\">\n\t\t\t\t\t\t<span class=\"elementor-button-content-wrapper\">\n\t\t\t\t\t\t<span class=\"elementor-button-icon\">\n\t\t\t\t<svg aria-hidden=\"true\" class=\"e-font-icon-svg e-fas-arrow-right\" viewbox=\"0 0 448 512\" xmlns=\"http:\/\/www.w3.org\/2000\/svg\"><path d=\"M190.5 66.9l22.2-22.2c9.4-9.4 24.6-9.4 33.9 0L441 239c9.4 9.4 9.4 24.6 0 33.9L246.6 467.3c-9.4 9.4-24.6 9.4-33.9 0l-22.2-22.2c-9.5-9.5-9.3-25 .4-34.3L311.4 296H24c-13.3 0-24-10.7-24-24v-32c0-13.3 10.7-24 24-24h287.4L190.9 101.2c-9.8-9.3-10-24.8-.4-34.3z\"><\/path><\/svg>\t\t\t<\/span>\n\t\t\t\t\t\t\t\t\t<span class=\"elementor-button-text\">KAARTVERKOOP<\/span>\n\t\t\t\t\t<\/span>\n\t\t\t\t\t<\/a>\n\t\t\t\t\t\t\t\t<\/div>\n\t\t\t\t<\/div>\n\t\t\t\t<\/div>\n\t\t<div class=\"elementor-element elementor-element-28a8ea8 e-con-full e-flex e-con e-child\" data-id=\"28a8ea8\" data-element_type=\"container\" data-settings=\"{&quot;background_background&quot;:&quot;classic&quot;}\">\n\t\t<div class=\"elementor-element elementor-element-31c25f03 e-con-full e-flex e-con e-child\" data-id=\"31c25f03\" data-element_type=\"container\">\n\t\t\t\t<div class=\"elementor-element elementor-element-231517f0 elementor-widget elementor-widget-heading\" data-id=\"231517f0\" data-element_type=\"widget\" data-widget_type=\"heading.default\">\n\t\t\t\t\t<h2 class=\"elementor-heading-title elementor-size-default\"><a href=\"\/nl\/bereid-uw-bezoek-voor\/ticketprijzen\/\">Prijzen &amp;\nkaarten<\/a><\/h2>\t\t\t\t<\/div>\n\t\t\t\t<div class=\"elementor-element elementor-element-3308e0bc meung-btn meung-btn--red meung-btn--round elementor-widget elementor-widget-button\" data-id=\"3308e0bc\" data-element_type=\"widget\" data-widget_type=\"button.default\">\n\t\t\t\t\t\t\t\t\t\t<a class=\"elementor-button elementor-button-link elementor-size-sm\" href=\"\/nl\/bereid-uw-bezoek-voor\/ticketprijzen\/\">\n\t\t\t\t\t\t<span class=\"elementor-button-content-wrapper\">\n\t\t\t\t\t\t<span class=\"elementor-button-icon\">\n\t\t\t\t<svg aria-hidden=\"true\" class=\"e-font-icon-svg e-fas-arrow-right\" viewbox=\"0 0 448 512\" xmlns=\"http:\/\/www.w3.org\/2000\/svg\"><path d=\"M190.5 66.9l22.2-22.2c9.4-9.4 24.6-9.4 33.9 0L441 239c9.4 9.4 9.4 24.6 0 33.9L246.6 467.3c-9.4 9.4-24.6 9.4-33.9 0l-22.2-22.2c-9.5-9.5-9.3-25 .4-34.3L311.4 296H24c-13.3 0-24-10.7-24-24v-32c0-13.3 10.7-24 24-24h287.4L190.9 101.2c-9.8-9.3-10-24.8-.4-34.3z\"><\/path><\/svg>\t\t\t<\/span>\n\t\t\t\t\t\t\t\t\t<span class=\"elementor-button-text\">KAARTVERKOOP<\/span>\n\t\t\t\t\t<\/span>\n\t\t\t\t\t<\/a>\n\t\t\t\t\t\t\t\t<\/div>\n\t\t\t\t<\/div>\n\t\t\t\t<\/div>\n\t\t\t\t<\/div>\n\t\t\t\t\t<\/div>\n\t\t\t\t<\/div>\n\t\t<div class=\"elementor-element elementor-element-6d714fdf e-flex e-con-boxed e-con e-parent\" data-id=\"6d714fdf\" data-element_type=\"container\" data-settings=\"{&quot;background_background&quot;:&quot;classic&quot;}\">\n\t\t\t\t\t<div class=\"e-con-inner\">\n\t\t<div class=\"elementor-element elementor-element-55ed59ec e-con-full e-flex e-con e-child\" data-id=\"55ed59ec\" data-element_type=\"container\" data-settings=\"{&quot;background_background&quot;:&quot;classic&quot;}\">\n\t\t\t\t<div class=\"elementor-element elementor-element-5030edda elementor-widget elementor-widget-heading\" data-id=\"5030edda\" data-element_type=\"widget\" data-widget_type=\"heading.default\">\n\t\t\t\t\t<h2 class=\"elementor-heading-title elementor-size-default\">Boek uw bezoek<\/h2>\t\t\t\t<\/div>\n\t\t\t\t<div class=\"elementor-element elementor-element-4e7544bd elementor-widget elementor-widget-text-editor\" data-id=\"4e7544bd\" data-element_type=\"widget\" data-widget_type=\"text-editor.default\">\n\t\t\t\t\t\t\t\t\t<p class=\"p1\"><span class=\"s1\">Enkel ticket dat toegang geeft tot het kasteel en de buitenactiviteiten.<\/span><\/p>\t\t\t\t\t\t\t\t<\/div>\n\t\t\t\t<div class=\"elementor-element elementor-element-5e0a6d79 meung-btn meung-btn--red elementor-align-center elementor-widget elementor-widget-button\" data-id=\"5e0a6d79\" data-element_type=\"widget\" data-widget_type=\"button.default\">\n\t\t\t\t\t\t\t\t\t\t<a class=\"elementor-button elementor-button-link elementor-size-sm\" href=\"\/nl\/kassa\/\">\n\t\t\t\t\t\t<span class=\"elementor-button-content-wrapper\">\n\t\t\t\t\t\t<span class=\"elementor-button-icon\">\n\t\t\t\t<svg aria-hidden=\"true\" class=\"e-font-icon-svg e-fas-arrow-right\" viewbox=\"0 0 448 512\" xmlns=\"http:\/\/www.w3.org\/2000\/svg\"><path d=\"M190.5 66.9l22.2-22.2c9.4-9.4 24.6-9.4 33.9 0L441 239c9.4 9.4 9.4 24.6 0 33.9L246.6 467.3c-9.4 9.4-24.6 9.4-33.9 0l-22.2-22.2c-9.5-9.5-9.3-25 .4-34.3L311.4 296H24c-13.3 0-24-10.7-24-24v-32c0-13.3 10.7-24 24-24h287.4L190.9 101.2c-9.8-9.3-10-24.8-.4-34.3z\"><\/path><\/svg>\t\t\t<\/span>\n\t\t\t\t\t\t\t\t\t<span class=\"elementor-button-text\">KAARTVERKOOP<\/span>\n\t\t\t\t\t<\/span>\n\t\t\t\t\t<\/a>\n\t\t\t\t\t\t\t\t<\/div>\n\t\t\t\t<\/div>\n\t\t\t\t\t<\/div>\n\t\t\t\t<\/div>\n\t\t\t\t<\/div>","protected":false},"excerpt":{"rendered":"<p>Une visite immersive au coeur du ch\u00e2teau Quand l\u2019Histoire se d\u00e9couvre par l\u2019exp\u00e9rience BILLETTERIE CONTACT Au ch\u00e2teau de Meung-sur-Loire, la visite ne se limite pas \u00e0 la contemplation des lieux. Elle s\u2019enrichit de dispositifs immersifs discrets, pens\u00e9s pour rythmer le parcours et offrir d\u2019autres cl\u00e9s de compr\u00e9hension, sans jamais rompre avec l\u2019authenticit\u00e9 du monument. Ces [&hellip;]<\/p>\n","protected":false},"author":1,"featured_media":0,"parent":392,"menu_order":0,"comment_status":"closed","ping_status":"closed","template":"elementor_header_footer","meta":{"_acf_changed":false,"footnotes":""},"class_list":["post-780","page","type-page","status-publish","hentry"],"acf":[],"_links":{"self":[{"href":"https:\/\/chateau-de-meung.com\/nl\/wp-json\/wp\/v2\/pages\/780","targetHints":{"allow":["GET"]}}],"collection":[{"href":"https:\/\/chateau-de-meung.com\/nl\/wp-json\/wp\/v2\/pages"}],"about":[{"href":"https:\/\/chateau-de-meung.com\/nl\/wp-json\/wp\/v2\/types\/page"}],"author":[{"embeddable":true,"href":"https:\/\/chateau-de-meung.com\/nl\/wp-json\/wp\/v2\/users\/1"}],"replies":[{"embeddable":true,"href":"https:\/\/chateau-de-meung.com\/nl\/wp-json\/wp\/v2\/comments?post=780"}],"version-history":[{"count":22,"href":"https:\/\/chateau-de-meung.com\/nl\/wp-json\/wp\/v2\/pages\/780\/revisions"}],"predecessor-version":[{"id":2489,"href":"https:\/\/chateau-de-meung.com\/nl\/wp-json\/wp\/v2\/pages\/780\/revisions\/2489"}],"up":[{"embeddable":true,"href":"https:\/\/chateau-de-meung.com\/nl\/wp-json\/wp\/v2\/pages\/392"}],"wp:attachment":[{"href":"https:\/\/chateau-de-meung.com\/nl\/wp-json\/wp\/v2\/media?parent=780"}],"curies":[{"name":"wp","href":"https:\/\/api.w.org\/{rel}","templated":true}]}}