{"id":882,"date":"2026-02-27T19:06:14","date_gmt":"2026-02-27T18:06:14","guid":{"rendered":"https:\/\/meung-sur-loire.agenceparadoxe.com\/?page_id=882"},"modified":"2026-04-02T17:59:26","modified_gmt":"2026-04-02T15:59:26","slug":"drakenhol","status":"publish","type":"page","link":"https:\/\/chateau-de-meung.com\/nl\/parc-activites\/antre-du-dragon\/","title":{"rendered":"De grot van de draak"},"content":{"rendered":"<div data-elementor-type=\"wp-page\" data-elementor-id=\"882\" class=\"elementor elementor-882\" data-elementor-post-type=\"page\">\n\t\t\t\t<div class=\"elementor-element elementor-element-3e7615e3 e-flex e-con-boxed e-con e-parent\" data-id=\"3e7615e3\" data-element_type=\"container\" data-settings=\"{&quot;background_background&quot;:&quot;classic&quot;}\">\n\t\t\t\t\t<div class=\"e-con-inner\">\n\t\t<div class=\"elementor-element elementor-element-391d9f24 e-con-full e-flex e-con e-child\" data-id=\"391d9f24\" data-element_type=\"container\">\n\t\t\t\t<div class=\"elementor-element elementor-element-7bc8b1a8 elementor-widget elementor-widget-heading\" data-id=\"7bc8b1a8\" data-element_type=\"widget\" data-widget_type=\"heading.default\">\n\t\t\t\t\t<h1 class=\"elementor-heading-title elementor-size-default\">De grot van de draak\n\n\n<\/h1>\t\t\t\t<\/div>\n\t\t\t\t<div class=\"elementor-element elementor-element-2f644a6c elementor-widget elementor-widget-heading\" data-id=\"2f644a6c\" data-element_type=\"widget\" data-widget_type=\"heading.default\">\n\t\t\t\t\t<h2 class=\"elementor-heading-title elementor-size-default\">In de diepten van het kasteel, waakt de legende ...<\/h2>\t\t\t\t<\/div>\n\t\t<div class=\"elementor-element elementor-element-770ffcff e-con-full e-flex e-con e-child\" data-id=\"770ffcff\" data-element_type=\"container\">\n\t\t\t\t<div class=\"elementor-element elementor-element-2a71d433 meung-btn meung-btn--red elementor-widget elementor-widget-button\" data-id=\"2a71d433\" data-element_type=\"widget\" data-widget_type=\"button.default\">\n\t\t\t\t\t\t\t\t\t\t<a class=\"elementor-button elementor-button-link elementor-size-sm\" href=\"\/nl\/kassa\/\">\n\t\t\t\t\t\t<span class=\"elementor-button-content-wrapper\">\n\t\t\t\t\t\t<span class=\"elementor-button-icon\">\n\t\t\t\t<svg aria-hidden=\"true\" class=\"e-font-icon-svg e-fas-arrow-right\" viewbox=\"0 0 448 512\" xmlns=\"http:\/\/www.w3.org\/2000\/svg\"><path d=\"M190.5 66.9l22.2-22.2c9.4-9.4 24.6-9.4 33.9 0L441 239c9.4 9.4 9.4 24.6 0 33.9L246.6 467.3c-9.4 9.4-24.6 9.4-33.9 0l-22.2-22.2c-9.5-9.5-9.3-25 .4-34.3L311.4 296H24c-13.3 0-24-10.7-24-24v-32c0-13.3 10.7-24 24-24h287.4L190.9 101.2c-9.8-9.3-10-24.8-.4-34.3z\"><\/path><\/svg>\t\t\t<\/span>\n\t\t\t\t\t\t\t\t\t<span class=\"elementor-button-text\">KAARTVERKOOP<\/span>\n\t\t\t\t\t<\/span>\n\t\t\t\t\t<\/a>\n\t\t\t\t\t\t\t\t<\/div>\n\t\t\t\t<div class=\"elementor-element elementor-element-3960e6b7 meung-btn meung-btn--white elementor-widget elementor-widget-button\" data-id=\"3960e6b7\" data-element_type=\"widget\" data-widget_type=\"button.default\">\n\t\t\t\t\t\t\t\t\t\t<a class=\"elementor-button elementor-button-link elementor-size-sm\" href=\"\/nl\/activiteitenpark\/familiebezoek\/\">\n\t\t\t\t\t\t<span class=\"elementor-button-content-wrapper\">\n\t\t\t\t\t\t<span class=\"elementor-button-icon\">\n\t\t\t\t<svg aria-hidden=\"true\" class=\"e-font-icon-svg e-fas-arrow-right\" viewbox=\"0 0 448 512\" xmlns=\"http:\/\/www.w3.org\/2000\/svg\"><path d=\"M190.5 66.9l22.2-22.2c9.4-9.4 24.6-9.4 33.9 0L441 239c9.4 9.4 9.4 24.6 0 33.9L246.6 467.3c-9.4 9.4-24.6 9.4-33.9 0l-22.2-22.2c-9.5-9.5-9.3-25 .4-34.3L311.4 296H24c-13.3 0-24-10.7-24-24v-32c0-13.3 10.7-24 24-24h287.4L190.9 101.2c-9.8-9.3-10-24.8-.4-34.3z\"><\/path><\/svg>\t\t\t<\/span>\n\t\t\t\t\t\t\t\t\t<span class=\"elementor-button-text\">FAMILIEBEZOEK<\/span>\n\t\t\t\t\t<\/span>\n\t\t\t\t\t<\/a>\n\t\t\t\t\t\t\t\t<\/div>\n\t\t\t\t<\/div>\n\t\t\t\t<\/div>\n\t\t\t\t\t<\/div>\n\t\t\t\t<\/div>\n\t\t<div class=\"elementor-element elementor-element-b0fdd3a box-shadow e-flex e-con-boxed e-con e-parent\" data-id=\"b0fdd3a\" data-element_type=\"container\" data-settings=\"{&quot;background_background&quot;:&quot;classic&quot;}\">\n\t\t\t\t\t<div class=\"e-con-inner\">\n\t\t\t\t<div class=\"elementor-element elementor-element-7d5714f elementor-widget__width-inherit elementor-widget elementor-widget-html\" data-id=\"7d5714f\" data-element_type=\"widget\" data-widget_type=\"html.default\">\n\t\t\t\t\t\n<div class=\"meung-infosbar\" role=\"group\" aria-label=\"Praktische informatie\">\n  <div class=\"meung-infosbar__row\">\n    <div class=\"meung-infosbar__item\">\n      <img decoding=\"async\" class=\"meung-infosbar__icon\" src=\"http:\/\/www.chateau-de-meung.com\/wp-content\/uploads\/2026\/02\/ticketfill.png\" alt=\"\">\n      <span>Inbegrepen in het ticket<\/span>\n    <\/div>\n\n    <div class=\"meung-infosbar__item\">\n      <img decoding=\"async\" class=\"meung-infosbar__icon\" src=\"http:\/\/www.chateau-de-meung.com\/wp-content\/uploads\/2026\/02\/clockclockwisefill.png\" alt=\"\">\n      <span>Ongeveer 15 minuten<\/span>\n    <\/div>\n\n    <div class=\"meung-infosbar__item\">\n      <img decoding=\"async\" class=\"meung-infosbar__icon\" src=\"http:\/\/www.chateau-de-meung.com\/wp-content\/uploads\/2026\/02\/userfill-1.png\" alt=\"\">\n      <span>Alle leeftijden<\/span>\n    <\/div>\n\n    <div class=\"meung-infosbar__item\">\n      <img decoding=\"async\" class=\"meung-infosbar__icon\" src=\"http:\/\/www.chateau-de-meung.com\/wp-content\/uploads\/2026\/02\/castleturretfill.png\" alt=\"\">\n      <span>Binnen<\/span>\n    <\/div>\n  <\/div>\n<\/div>\t\t\t\t<\/div>\n\t\t\t\t\t<\/div>\n\t\t\t\t<\/div>\n\t\t<div class=\"elementor-element elementor-element-4acbb95 e-flex e-con-boxed e-con e-parent\" data-id=\"4acbb95\" data-element_type=\"container\" data-settings=\"{&quot;background_background&quot;:&quot;classic&quot;}\">\n\t\t\t\t\t<div class=\"e-con-inner\">\n\t\t\t\t<div class=\"elementor-element elementor-element-6cad8633 elementor-widget elementor-widget-text-editor\" data-id=\"6cad8633\" data-element_type=\"widget\" data-widget_type=\"text-editor.default\">\n\t\t\t\t\t\t\t\t\t<p class=\"p1\"><span class=\"s1\">Onder het kasteel van Meung-sur-Loire, in de duisternis van de ondergrondse gangen, wacht de legendarische draak.<\/span><\/p>\n<p class=\"p2\"><span class=\"s2\">Een indrukwekkende ontmoeting, in het hart van een plek vol geschiedenis en mysterie.<\/span><\/p>\t\t\t\t\t\t\t\t<\/div>\n\t\t\t\t\t<\/div>\n\t\t\t\t<\/div>\n\t\t<div class=\"elementor-element elementor-element-79ba8bb1 e-flex e-con-boxed e-con e-parent\" data-id=\"79ba8bb1\" data-element_type=\"container\" id=\"souterrain\" data-settings=\"{&quot;background_background&quot;:&quot;classic&quot;}\">\n\t\t\t\t\t<div class=\"e-con-inner\">\n\t\t<div class=\"elementor-element elementor-element-69a0303c e-con-full e-flex e-con e-child\" data-id=\"69a0303c\" data-element_type=\"container\">\n\t\t<div class=\"elementor-element elementor-element-4603ce00 e-con-full e-flex e-con e-child\" data-id=\"4603ce00\" data-element_type=\"container\" data-settings=\"{&quot;background_background&quot;:&quot;classic&quot;}\">\n\t\t<div class=\"elementor-element elementor-element-21654c82 e-con-full e-flex e-con e-child\" data-id=\"21654c82\" data-element_type=\"container\" data-settings=\"{&quot;background_background&quot;:&quot;classic&quot;}\">\n\t\t\t\t<\/div>\n\t\t<div class=\"elementor-element elementor-element-2ba81cb6 e-con-full e-flex e-con e-child\" data-id=\"2ba81cb6\" data-element_type=\"container\" data-settings=\"{&quot;background_background&quot;:&quot;classic&quot;}\">\n\t\t\t\t<div class=\"elementor-element elementor-element-68121de0 elementor-widget elementor-widget-text-editor\" data-id=\"68121de0\" data-element_type=\"widget\" data-widget_type=\"text-editor.default\">\n\t\t\t\t\t\t\t\t\t<p class=\"p1\"><span class=\"s1\">EEN HOOGTEPUNT VAN HET BEZOEK<\/span><\/p>\t\t\t\t\t\t\t\t<\/div>\n\t\t\t\t<div class=\"elementor-element elementor-element-215191ca elementor-widget elementor-widget-heading\" data-id=\"215191ca\" data-element_type=\"widget\" data-widget_type=\"heading.default\">\n\t\t\t\t\t<h2 class=\"elementor-heading-title elementor-size-default\">Op ontmoeting met de draak<\/h2>\t\t\t\t<\/div>\n\t\t\t\t<div class=\"elementor-element elementor-element-3fc6b3a6 elementor-widget elementor-widget-text-editor\" data-id=\"3fc6b3a6\" data-element_type=\"widget\" data-widget_type=\"text-editor.default\">\n\t\t\t\t\t\t\t\t\t<p class=\"p1\"><span class=\"s1\">In de catacomben sluit het Drakenhol de rondleiding af van <a href=\"\/nl\/kasteel\/\">kasteel<\/a> op verrassende wijze.<\/span><\/p><p class=\"p1\"><span class=\"s1\">In een aangrijpende sfeer, tussen eeuwenoude stenen en duistere galerijen, het <a href=\"\/nl\/kasteel\/drakenlegende\/\">draak van Saint Liphard<\/a> verschijnt, wat doet denken aan de legende die Meung-sur-Loire verbindt met deze mythische wezens.<\/span><\/p><p class=\"p3\"><span class=\"s2\">De enscenering, bewust meeslepend, integreert volledig met de historische site en verlengt de ontdekking van de kerkers en ondergrondse ruimtes. Deze ervaring markeert een sterk pauzemoment tijdens het bezoek, tussen fascinatie en gecontroleerde huivering.<\/span><\/p>\t\t\t\t\t\t\t\t<\/div>\n\t\t<div class=\"elementor-element elementor-element-3370531 e-con-full e-flex e-con e-child\" data-id=\"3370531\" data-element_type=\"container\">\n\t\t<div class=\"elementor-element elementor-element-e7baf6f e-con-full e-flex e-con e-child\" data-id=\"e7baf6f\" data-element_type=\"container\" data-settings=\"{&quot;background_background&quot;:&quot;classic&quot;}\">\n\t\t\t\t<div class=\"elementor-element elementor-element-472de08 elementor-widget elementor-widget-image\" data-id=\"472de08\" data-element_type=\"widget\" data-widget_type=\"image.default\">\n\t\t\t\t\t\t\t\t\t\t\t\t\t\t\t<img decoding=\"async\" src=\"https:\/\/chateau-de-meung.com\/wp-content\/uploads\/elementor\/thumbs\/thermometercoldfill-rlgv6b6ke6nkoa5njeiykcclne1iwm95ln1l4qn4vo.png\" title=\"thermometerkoudevulling\" alt=\"thermometerkoudevulling\" loading=\"lazy\" \/>\t\t\t\t\t\t\t\t\t\t\t\t\t\t\t<\/div>\n\t\t\t\t<div class=\"elementor-element elementor-element-9dabe28 elementor-widget elementor-widget-text-editor\" data-id=\"9dabe28\" data-element_type=\"widget\" data-widget_type=\"text-editor.default\">\n\t\t\t\t\t\t\t\t\t<p class=\"p1\"><span class=\"s1\"><b>Constante temperatuur van 12\u00b0C: <\/b><\/span><\/p><p class=\"p1\"><span class=\"s1\">Denk eraan om een warm kledingstuk mee te nemen.<\/span><\/p>\t\t\t\t\t\t\t\t<\/div>\n\t\t\t\t<\/div>\n\t\t\t\t<\/div>\n\t\t\t\t<\/div>\n\t\t<div class=\"elementor-element elementor-element-5d0db49f e-con-full e-flex e-con e-child\" data-id=\"5d0db49f\" data-element_type=\"container\">\n\t\t\t\t<div class=\"elementor-element elementor-element-19b9f6df meung-btn meung-btn--red elementor-align-center elementor-widget elementor-widget-button\" data-id=\"19b9f6df\" data-element_type=\"widget\" data-widget_type=\"button.default\">\n\t\t\t\t\t\t\t\t\t\t<a class=\"elementor-button elementor-button-link elementor-size-sm\" href=\"\/nl\/kassa\/\">\n\t\t\t\t\t\t<span class=\"elementor-button-content-wrapper\">\n\t\t\t\t\t\t<span class=\"elementor-button-icon\">\n\t\t\t\t<svg aria-hidden=\"true\" class=\"e-font-icon-svg e-fas-arrow-right\" viewbox=\"0 0 448 512\" xmlns=\"http:\/\/www.w3.org\/2000\/svg\"><path d=\"M190.5 66.9l22.2-22.2c9.4-9.4 24.6-9.4 33.9 0L441 239c9.4 9.4 9.4 24.6 0 33.9L246.6 467.3c-9.4 9.4-24.6 9.4-33.9 0l-22.2-22.2c-9.5-9.5-9.3-25 .4-34.3L311.4 296H24c-13.3 0-24-10.7-24-24v-32c0-13.3 10.7-24 24-24h287.4L190.9 101.2c-9.8-9.3-10-24.8-.4-34.3z\"><\/path><\/svg>\t\t\t<\/span>\n\t\t\t\t\t\t\t\t\t<span class=\"elementor-button-text\">KAARTVERKOOP<\/span>\n\t\t\t\t\t<\/span>\n\t\t\t\t\t<\/a>\n\t\t\t\t\t\t\t\t<\/div>\n\t\t\t\t<\/div>\n\t\t\t\t<\/div>\n\t\t\t\t<\/div>\n\t\t\t\t\t<\/div>\n\t\t\t\t<\/div>\n\t\t<div class=\"elementor-element elementor-element-f06273a e-flex e-con-boxed e-con e-parent\" data-id=\"f06273a\" data-element_type=\"container\" id=\"famille\" data-settings=\"{&quot;background_background&quot;:&quot;classic&quot;}\">\n\t\t\t\t\t<div class=\"e-con-inner\">\n\t\t<div class=\"elementor-element elementor-element-68e20604 e-con-full e-flex e-con e-child\" data-id=\"68e20604\" data-element_type=\"container\" data-settings=\"{&quot;background_background&quot;:&quot;classic&quot;}\">\n\t\t\t\t<div class=\"elementor-element elementor-element-33e79536 elementor-widget elementor-widget-text-editor\" data-id=\"33e79536\" data-element_type=\"widget\" data-widget_type=\"text-editor.default\">\n\t\t\t\t\t\t\t\t\t<p class=\"p1\"><span class=\"s1\">VOOR HET HELE GEZIN<\/span><\/p>\t\t\t\t\t\t\t\t<\/div>\n\t\t\t\t<div class=\"elementor-element elementor-element-2016d989 elementor-widget elementor-widget-heading\" data-id=\"2016d989\" data-element_type=\"widget\" data-widget_type=\"heading.default\">\n\t\t\t\t\t<h2 class=\"elementor-heading-title elementor-size-default\">Een ervaring om te delen\n<\/h2>\t\t\t\t<\/div>\n\t\t\t\t<div class=\"elementor-element elementor-element-53275fd5 elementor-widget elementor-widget-text-editor\" data-id=\"53275fd5\" data-element_type=\"widget\" data-widget_type=\"text-editor.default\">\n\t\t\t\t\t\t\t\t\t<p class=\"p1\"><span class=\"s1\">Ontworpen om toegankelijk te zijn voor zoveel mogelijk mensen, de Drakenhol maakt indruk zonder angstaanjagend te zijn.<\/span><\/p>\n<p class=\"p1\"><span class=\"s1\">De jongsten ontdekken de legende in een veilige omgeving, terwijl de volwassenen genieten van de sfeer en de band met de geschiedenis van het kasteel.<\/span><\/p>\n<p class=\"p3\"><span class=\"s2\">Iedereen beleeft de ontmoeting op zijn eigen manier, naar zijn eigen gevoeligheid.<\/span><\/p>\t\t\t\t\t\t\t\t<\/div>\n\t\t\t\t<div class=\"elementor-element elementor-element-7471c560 meung-btn meung-btn--sky elementor-align-left elementor-widget elementor-widget-button\" data-id=\"7471c560\" data-element_type=\"widget\" data-widget_type=\"button.default\">\n\t\t\t\t\t\t\t\t\t\t<a class=\"elementor-button elementor-button-link elementor-size-sm\" href=\"\/nl\/activiteitenpark\/familiebezoek\/\">\n\t\t\t\t\t\t<span class=\"elementor-button-content-wrapper\">\n\t\t\t\t\t\t<span class=\"elementor-button-icon\">\n\t\t\t\t<svg aria-hidden=\"true\" class=\"e-font-icon-svg e-fas-arrow-right\" viewbox=\"0 0 448 512\" xmlns=\"http:\/\/www.w3.org\/2000\/svg\"><path d=\"M190.5 66.9l22.2-22.2c9.4-9.4 24.6-9.4 33.9 0L441 239c9.4 9.4 9.4 24.6 0 33.9L246.6 467.3c-9.4 9.4-24.6 9.4-33.9 0l-22.2-22.2c-9.5-9.5-9.3-25 .4-34.3L311.4 296H24c-13.3 0-24-10.7-24-24v-32c0-13.3 10.7-24 24-24h287.4L190.9 101.2c-9.8-9.3-10-24.8-.4-34.3z\"><\/path><\/svg>\t\t\t<\/span>\n\t\t\t\t\t\t\t\t\t<span class=\"elementor-button-text\">FAMILIEBEZOEK<\/span>\n\t\t\t\t\t<\/span>\n\t\t\t\t\t<\/a>\n\t\t\t\t\t\t\t\t<\/div>\n\t\t\t\t<\/div>\n\t\t\t\t\t<\/div>\n\t\t\t\t<\/div>\n\t\t<div class=\"elementor-element elementor-element-69949c13 e-flex e-con-boxed e-con e-parent\" data-id=\"69949c13\" data-element_type=\"container\" data-settings=\"{&quot;background_background&quot;:&quot;classic&quot;}\">\n\t\t\t\t\t<div class=\"e-con-inner\">\n\t\t<div class=\"elementor-element elementor-element-7b4c49db e-con-full e-flex e-con e-child\" data-id=\"7b4c49db\" data-element_type=\"container\">\n\t\t\t\t<div class=\"elementor-element elementor-element-2c9326de elementor-widget elementor-widget-text-editor\" data-id=\"2c9326de\" data-element_type=\"widget\" data-widget_type=\"text-editor.default\">\n\t\t\t\t\t\t\t\t\t<p class=\"p1\"><span class=\"s1\">In het hart van de catacomben wordt \"L'Antre du Dragon\" (De Drakenhol) de belichaming van de legende van Meung-sur-Loire en verlengt het bezoek in een unieke sfeer.<\/span><\/p>\t\t\t\t\t\t\t\t<\/div>\n\t\t\t\t<\/div>\n\t\t<div class=\"elementor-element elementor-element-10bd0a7e e-con-full e-flex e-con e-child\" data-id=\"10bd0a7e\" data-element_type=\"container\">\n\t\t<div class=\"elementor-element elementor-element-543720f2 e-con-full e-flex e-con e-child\" data-id=\"543720f2\" data-element_type=\"container\" data-settings=\"{&quot;background_background&quot;:&quot;classic&quot;}\">\n\t\t<div class=\"elementor-element elementor-element-9f91bd9 e-con-full e-flex e-con e-child\" data-id=\"9f91bd9\" data-element_type=\"container\">\n\t\t\t\t<div class=\"elementor-element elementor-element-31628d0c elementor-widget elementor-widget-heading\" data-id=\"31628d0c\" data-element_type=\"widget\" data-widget_type=\"heading.default\">\n\t\t\t\t\t<h2 class=\"elementor-heading-title elementor-size-default\"><a href=\"\/nl\/activiteitenpark\/ridderroute\/\">De weg van de ridders<\/a><\/h2>\t\t\t\t<\/div>\n\t\t\t\t<div class=\"elementor-element elementor-element-5db30e89 meung-btn meung-btn--red meung-btn--round elementor-widget elementor-widget-button\" data-id=\"5db30e89\" data-element_type=\"widget\" data-widget_type=\"button.default\">\n\t\t\t\t\t\t\t\t\t\t<a class=\"elementor-button elementor-button-link elementor-size-sm\" href=\"\/nl\/activiteitenpark\/ridderroute\/\">\n\t\t\t\t\t\t<span class=\"elementor-button-content-wrapper\">\n\t\t\t\t\t\t<span class=\"elementor-button-icon\">\n\t\t\t\t<svg aria-hidden=\"true\" class=\"e-font-icon-svg e-fas-arrow-right\" viewbox=\"0 0 448 512\" xmlns=\"http:\/\/www.w3.org\/2000\/svg\"><path d=\"M190.5 66.9l22.2-22.2c9.4-9.4 24.6-9.4 33.9 0L441 239c9.4 9.4 9.4 24.6 0 33.9L246.6 467.3c-9.4 9.4-24.6 9.4-33.9 0l-22.2-22.2c-9.5-9.5-9.3-25 .4-34.3L311.4 296H24c-13.3 0-24-10.7-24-24v-32c0-13.3 10.7-24 24-24h287.4L190.9 101.2c-9.8-9.3-10-24.8-.4-34.3z\"><\/path><\/svg>\t\t\t<\/span>\n\t\t\t\t\t\t\t\t\t<span class=\"elementor-button-text\">KAARTVERKOOP<\/span>\n\t\t\t\t\t<\/span>\n\t\t\t\t\t<\/a>\n\t\t\t\t\t\t\t\t<\/div>\n\t\t\t\t<\/div>\n\t\t\t\t<\/div>\n\t\t<div class=\"elementor-element elementor-element-401689f6 e-con-full e-flex e-con e-child\" data-id=\"401689f6\" data-element_type=\"container\" data-settings=\"{&quot;background_background&quot;:&quot;classic&quot;}\">\n\t\t<div class=\"elementor-element elementor-element-7a543486 e-con-full e-flex e-con e-child\" data-id=\"7a543486\" data-element_type=\"container\">\n\t\t\t\t<div class=\"elementor-element elementor-element-480399d1 elementor-widget elementor-widget-heading\" data-id=\"480399d1\" data-element_type=\"widget\" data-widget_type=\"heading.default\">\n\t\t\t\t\t<h2 class=\"elementor-heading-title elementor-size-default\"><a href=\"\/nl\/activiteitenpark\/land-van-draken\/\">Het land van\nde draken<\/a><\/h2>\t\t\t\t<\/div>\n\t\t\t\t<div class=\"elementor-element elementor-element-612cc6a1 meung-btn meung-btn--red meung-btn--round elementor-widget elementor-widget-button\" data-id=\"612cc6a1\" data-element_type=\"widget\" data-widget_type=\"button.default\">\n\t\t\t\t\t\t\t\t\t\t<a class=\"elementor-button elementor-button-link elementor-size-sm\" href=\"\/nl\/activiteitenpark\/land-van-draken\/\">\n\t\t\t\t\t\t<span class=\"elementor-button-content-wrapper\">\n\t\t\t\t\t\t<span class=\"elementor-button-icon\">\n\t\t\t\t<svg aria-hidden=\"true\" class=\"e-font-icon-svg e-fas-arrow-right\" viewbox=\"0 0 448 512\" xmlns=\"http:\/\/www.w3.org\/2000\/svg\"><path d=\"M190.5 66.9l22.2-22.2c9.4-9.4 24.6-9.4 33.9 0L441 239c9.4 9.4 9.4 24.6 0 33.9L246.6 467.3c-9.4 9.4-24.6 9.4-33.9 0l-22.2-22.2c-9.5-9.5-9.3-25 .4-34.3L311.4 296H24c-13.3 0-24-10.7-24-24v-32c0-13.3 10.7-24 24-24h287.4L190.9 101.2c-9.8-9.3-10-24.8-.4-34.3z\"><\/path><\/svg>\t\t\t<\/span>\n\t\t\t\t\t\t\t\t\t<span class=\"elementor-button-text\">KAARTVERKOOP<\/span>\n\t\t\t\t\t<\/span>\n\t\t\t\t\t<\/a>\n\t\t\t\t\t\t\t\t<\/div>\n\t\t\t\t<\/div>\n\t\t\t\t<\/div>\n\t\t<div class=\"elementor-element elementor-element-766d682 e-con-full e-flex e-con e-child\" data-id=\"766d682\" data-element_type=\"container\" data-settings=\"{&quot;background_background&quot;:&quot;classic&quot;}\">\n\t\t<div class=\"elementor-element elementor-element-5d024a6c e-con-full e-flex e-con e-child\" data-id=\"5d024a6c\" data-element_type=\"container\">\n\t\t\t\t<div class=\"elementor-element elementor-element-7441aa7e elementor-widget elementor-widget-heading\" data-id=\"7441aa7e\" data-element_type=\"widget\" data-widget_type=\"heading.default\">\n\t\t\t\t\t<h2 class=\"elementor-heading-title elementor-size-default\"><a href=\"\/nl\/bereid-uw-bezoek-voor\/ticketprijzen\/\">Prijzen &amp;\nkaarten<\/a><\/h2>\t\t\t\t<\/div>\n\t\t\t\t<div class=\"elementor-element elementor-element-3f3e3bc8 meung-btn meung-btn--red meung-btn--round elementor-widget elementor-widget-button\" data-id=\"3f3e3bc8\" data-element_type=\"widget\" data-widget_type=\"button.default\">\n\t\t\t\t\t\t\t\t\t\t<a class=\"elementor-button elementor-button-link elementor-size-sm\" href=\"\/nl\/bereid-uw-bezoek-voor\/ticketprijzen\/\">\n\t\t\t\t\t\t<span class=\"elementor-button-content-wrapper\">\n\t\t\t\t\t\t<span class=\"elementor-button-icon\">\n\t\t\t\t<svg aria-hidden=\"true\" class=\"e-font-icon-svg e-fas-arrow-right\" viewbox=\"0 0 448 512\" xmlns=\"http:\/\/www.w3.org\/2000\/svg\"><path d=\"M190.5 66.9l22.2-22.2c9.4-9.4 24.6-9.4 33.9 0L441 239c9.4 9.4 9.4 24.6 0 33.9L246.6 467.3c-9.4 9.4-24.6 9.4-33.9 0l-22.2-22.2c-9.5-9.5-9.3-25 .4-34.3L311.4 296H24c-13.3 0-24-10.7-24-24v-32c0-13.3 10.7-24 24-24h287.4L190.9 101.2c-9.8-9.3-10-24.8-.4-34.3z\"><\/path><\/svg>\t\t\t<\/span>\n\t\t\t\t\t\t\t\t\t<span class=\"elementor-button-text\">KAARTVERKOOP<\/span>\n\t\t\t\t\t<\/span>\n\t\t\t\t\t<\/a>\n\t\t\t\t\t\t\t\t<\/div>\n\t\t\t\t<\/div>\n\t\t\t\t<\/div>\n\t\t\t\t<\/div>\n\t\t\t\t\t<\/div>\n\t\t\t\t<\/div>\n\t\t<div class=\"elementor-element elementor-element-72f688fb e-flex e-con-boxed e-con e-parent\" data-id=\"72f688fb\" data-element_type=\"container\" data-settings=\"{&quot;background_background&quot;:&quot;classic&quot;}\">\n\t\t\t\t\t<div class=\"e-con-inner\">\n\t\t<div class=\"elementor-element elementor-element-60b43d6a e-con-full e-flex e-con e-child\" data-id=\"60b43d6a\" data-element_type=\"container\" data-settings=\"{&quot;background_background&quot;:&quot;classic&quot;}\">\n\t\t\t\t<div class=\"elementor-element elementor-element-624596ed elementor-widget elementor-widget-heading\" data-id=\"624596ed\" data-element_type=\"widget\" data-widget_type=\"heading.default\">\n\t\t\t\t\t<h2 class=\"elementor-heading-title elementor-size-default\">Boek uw bezoek<\/h2>\t\t\t\t<\/div>\n\t\t\t\t<div class=\"elementor-element elementor-element-3978d1c1 elementor-widget elementor-widget-text-editor\" data-id=\"3978d1c1\" data-element_type=\"widget\" data-widget_type=\"text-editor.default\">\n\t\t\t\t\t\t\t\t\t<p class=\"p1\"><span class=\"s1\">Enkel ticket dat toegang geeft tot het kasteel en de buitenactiviteiten.<\/span><\/p>\t\t\t\t\t\t\t\t<\/div>\n\t\t\t\t<div class=\"elementor-element elementor-element-2a3a8596 meung-btn meung-btn--red elementor-align-center elementor-widget elementor-widget-button\" data-id=\"2a3a8596\" data-element_type=\"widget\" data-widget_type=\"button.default\">\n\t\t\t\t\t\t\t\t\t\t<a class=\"elementor-button elementor-button-link elementor-size-sm\" href=\"\/nl\/kassa\/\">\n\t\t\t\t\t\t<span class=\"elementor-button-content-wrapper\">\n\t\t\t\t\t\t<span class=\"elementor-button-icon\">\n\t\t\t\t<svg aria-hidden=\"true\" class=\"e-font-icon-svg e-fas-arrow-right\" viewbox=\"0 0 448 512\" xmlns=\"http:\/\/www.w3.org\/2000\/svg\"><path d=\"M190.5 66.9l22.2-22.2c9.4-9.4 24.6-9.4 33.9 0L441 239c9.4 9.4 9.4 24.6 0 33.9L246.6 467.3c-9.4 9.4-24.6 9.4-33.9 0l-22.2-22.2c-9.5-9.5-9.3-25 .4-34.3L311.4 296H24c-13.3 0-24-10.7-24-24v-32c0-13.3 10.7-24 24-24h287.4L190.9 101.2c-9.8-9.3-10-24.8-.4-34.3z\"><\/path><\/svg>\t\t\t<\/span>\n\t\t\t\t\t\t\t\t\t<span class=\"elementor-button-text\">KAARTVERKOOP<\/span>\n\t\t\t\t\t<\/span>\n\t\t\t\t\t<\/a>\n\t\t\t\t\t\t\t\t<\/div>\n\t\t\t\t<\/div>\n\t\t\t\t\t<\/div>\n\t\t\t\t<\/div>\n\t\t\t\t<\/div>","protected":false},"excerpt":{"rendered":"<p>L&rsquo;antre du dragon Dans les profondeurs du ch\u00e2teau, la l\u00e9gende veille &#8230; BILLETTERIE VISITE EN FAMILLE Inclus dans le billet Env. 15 minutes Tous publics \u00c0 L&rsquo;INT\u00c9RIEUR Sous le ch\u00e2teau de Meung-sur-Loire, dans l\u2019obscurit\u00e9 des souterrains, le dragon de la l\u00e9gende attend. Une rencontre impressionnante, au c\u0153ur d\u2019un lieu charg\u00e9 d\u2019Histoire et de myst\u00e8re. UN [&hellip;]<\/p>\n","protected":false},"author":1,"featured_media":0,"parent":805,"menu_order":0,"comment_status":"closed","ping_status":"closed","template":"elementor_header_footer","meta":{"_acf_changed":false,"footnotes":""},"class_list":["post-882","page","type-page","status-publish","hentry"],"acf":[],"_links":{"self":[{"href":"https:\/\/chateau-de-meung.com\/nl\/wp-json\/wp\/v2\/pages\/882","targetHints":{"allow":["GET"]}}],"collection":[{"href":"https:\/\/chateau-de-meung.com\/nl\/wp-json\/wp\/v2\/pages"}],"about":[{"href":"https:\/\/chateau-de-meung.com\/nl\/wp-json\/wp\/v2\/types\/page"}],"author":[{"embeddable":true,"href":"https:\/\/chateau-de-meung.com\/nl\/wp-json\/wp\/v2\/users\/1"}],"replies":[{"embeddable":true,"href":"https:\/\/chateau-de-meung.com\/nl\/wp-json\/wp\/v2\/comments?post=882"}],"version-history":[{"count":40,"href":"https:\/\/chateau-de-meung.com\/nl\/wp-json\/wp\/v2\/pages\/882\/revisions"}],"predecessor-version":[{"id":2495,"href":"https:\/\/chateau-de-meung.com\/nl\/wp-json\/wp\/v2\/pages\/882\/revisions\/2495"}],"up":[{"embeddable":true,"href":"https:\/\/chateau-de-meung.com\/nl\/wp-json\/wp\/v2\/pages\/805"}],"wp:attachment":[{"href":"https:\/\/chateau-de-meung.com\/nl\/wp-json\/wp\/v2\/media?parent=882"}],"curies":[{"name":"wp","href":"https:\/\/api.w.org\/{rel}","templated":true}]}}